{"id":356,"date":"2021-07-30T16:38:31","date_gmt":"2021-07-30T15:38:31","guid":{"rendered":"https:\/\/research.reading.ac.uk\/ancient-dance\/?page_id=356"},"modified":"2021-07-30T21:30:18","modified_gmt":"2021-07-30T20:30:18","slug":"kretike","status":"publish","type":"page","link":"https:\/\/research.reading.ac.uk\/ancient-dance\/ancient-greek-dance\/what-we-know\/popular-dances\/kretike\/","title":{"rendered":"Kr\u0113tik\u0113"},"content":{"rendered":"<p><em>Kr<\/em><em>\u0113tik\u0113<\/em>, meaning the Cretan dance\/style, is one of the most ancient dance steps known.<em> <a href=\"#_ftn1\" name=\"_ftnref1\"><strong>[1]<\/strong><\/a><\/em> As suggested by its name, it originated in the great island, where artistic and written evidence can be traced back to Homeric times. The iconography of the <em>kr\u0113tik\u0113 <\/em>is identified by the outstretched position of the arms and the forward-moving legs. The dancers\u2019 torsos are shown frontally, while their heads are frequently turned back in profile.<\/p>\n<p>The so-called <em>geranos<\/em> dance (crane-dance) is clearly inspired in the <em>kr\u0113tik\u0113, <\/em>at least in its basic steps. In the Thesean tradition, <em>kr\u0113tik\u0113 <\/em>dancers perform the impression of a labyrinth by circulating around the horned altar of Aphrodite, stepping uniformly to the beats of the aulos music. The <em>kr\u0113tik\u0113 <\/em>became the conventional iconography to represent dance, either by men or women \u2013 or both, especially linked to the Dionysian thiasos.<\/p>\n<p>In 5<sup>th<\/sup> century\u2019s Athens (BC) the image of \u00a0<em>kr\u0113tik\u0113 <\/em>female solo-dancers started to decorate small funerary pots and drinking vases, carrying cups, vine branches, clappers and torches, a trace of their previous Dionysian association. The presence of these objects can also be understood in the context of a cultic procession: when paired with Eros, these parades became linked to nuptial ceremonies.<\/p>\n<p>The formulaic combination of Eros\/<em> kr\u0113tik\u0113 <\/em>performer was adopted synchronically by the Greek colonies in southern Italy and Sicily. These variations include a <em>kr\u0113tik\u0113 <\/em>dancer accompanied by a nude youth and a maiden, all performing the dance and carrying attributes already mentioned, to which flower baskets and tympanon were added.<\/p>\n<p><img loading=\"lazy\" decoding=\"async\" class=\"wp-image-357 aligncenter\" src=\"https:\/\/research.reading.ac.uk\/ancient-dance\/wp-content\/uploads\/sites\/208\/2021\/07\/2003.95.0073-225x300.jpg\" alt=\"\" width=\"287\" height=\"383\" srcset=\"https:\/\/research.reading.ac.uk\/ancient-dance\/wp-content\/uploads\/sites\/208\/2021\/07\/2003.95.0073-225x300.jpg 225w, https:\/\/research.reading.ac.uk\/ancient-dance\/wp-content\/uploads\/sites\/208\/2021\/07\/2003.95.0073.jpg 750w\" sizes=\"auto, (max-width: 287px) 100vw, 287px\" \/><\/p>\n<p style=\"text-align: center\">Apulian bell krater displaying a <em>kr\u0113tik\u0113<\/em> dancer, <a href=\"https:\/\/uremuseum.org\/cgi-bin\/ure\/uredb.cgi?rec=REDMG:1951.161.1\">Ure Museum of Greek Archaeology\u00a0<\/a><\/p>\n<p style=\"text-align: left\"><a href=\"#_ftnref1\" name=\"_ftn1\">[1]<\/a> This text is inspired in the research poster presented by Nathalie Choubineh in 2019.<\/p>\n","protected":false},"excerpt":{"rendered":"<p>Kr\u0113tik\u0113, meaning the Cretan dance\/style, is one of the most ancient dance steps known. [1] As suggested by its name, it originated in the great island, where artistic and written&#8230;<a class=\"read-more\" href=\"&#104;&#116;&#116;&#112;&#115;&#58;&#47;&#47;&#114;&#101;&#115;&#101;&#97;&#114;&#99;&#104;&#46;&#114;&#101;&#97;&#100;&#105;&#110;&#103;&#46;&#97;&#99;&#46;&#117;&#107;&#47;&#97;&#110;&#99;&#105;&#101;&#110;&#116;&#45;&#100;&#97;&#110;&#99;&#101;&#47;&#97;&#110;&#99;&#105;&#101;&#110;&#116;&#45;&#103;&#114;&#101;&#101;&#107;&#45;&#100;&#97;&#110;&#99;&#101;&#47;&#119;&#104;&#97;&#116;&#45;&#119;&#101;&#45;&#107;&#110;&#111;&#119;&#47;&#112;&#111;&#112;&#117;&#108;&#97;&#114;&#45;&#100;&#97;&#110;&#99;&#101;&#115;&#47;&#107;&#114;&#101;&#116;&#105;&#107;&#101;&#47;\">Read More ><\/a><\/p>\n","protected":false},"author":105,"featured_media":222,"parent":349,"menu_order":1,"comment_status":"closed","ping_status":"closed","template":"","meta":{"_acf_changed":false,"_monsterinsights_skip_tracking":false,"_monsterinsights_sitenote_active":false,"_monsterinsights_sitenote_note":"","_monsterinsights_sitenote_category":0,"__cvm_playback_settings":[],"__cvm_video_id":"","footnotes":""},"coauthors":[11],"class_list":["post-356","page","type-page","status-publish","has-post-thumbnail","hentry"],"acf":[],"yoast_head":"<!-- This site is optimized with the Yoast SEO plugin v21.8.1 - https:\/\/yoast.com\/wordpress\/plugins\/seo\/ -->\n<title>Kr\u0113tik\u0113 - Ancient Greek Dance<\/title>\n<meta name=\"robots\" content=\"noindex, follow, max-snippet:-1, max-image-preview:large, max-video-preview:-1\" \/>\n<meta property=\"og:locale\" content=\"en_GB\" \/>\n<meta property=\"og:type\" content=\"article\" \/>\n<meta property=\"og:title\" content=\"Kr\u0113tik\u0113 - Ancient Greek Dance\" \/>\n<meta property=\"og:description\" content=\"Kr\u0113tik\u0113, meaning the Cretan dance\/style, is one of the most ancient dance steps known. [1] As suggested by its name, it originated in the great island, where artistic and written...Read More &gt;\" \/>\n<meta property=\"og:url\" content=\"https:\/\/research.reading.ac.uk\/ancient-dance\/ancient-greek-dance\/what-we-know\/popular-dances\/kretike\/\" \/>\n<meta property=\"og:site_name\" content=\"Ancient Greek Dance\" \/>\n<meta property=\"article:modified_time\" content=\"2021-07-30T20:30:18+00:00\" \/>\n<meta property=\"og:image\" content=\"https:\/\/research.reading.ac.uk\/ancient-dance\/wp-content\/uploads\/sites\/208\/2021\/07\/2004.99.0729.jpg\" \/>\n\t<meta property=\"og:image:width\" content=\"1000\" \/>\n\t<meta property=\"og:image:height\" content=\"656\" \/>\n\t<meta property=\"og:image:type\" content=\"image\/jpeg\" \/>\n<meta name=\"twitter:card\" content=\"summary_large_image\" \/>\n<meta name=\"twitter:label1\" content=\"Estimated reading time\" \/>\n\t<meta name=\"twitter:data1\" content=\"2 minutes\" \/>\n\t<meta name=\"twitter:label2\" content=\"Written by\" \/>\n\t<meta name=\"twitter:data2\" content=\"Claudina Romero Mayorga\" \/>\n<script type=\"application\/ld+json\" class=\"yoast-schema-graph\">{\"@context\":\"https:\/\/schema.org\",\"@graph\":[{\"@type\":\"WebPage\",\"@id\":\"https:\/\/research.reading.ac.uk\/ancient-dance\/ancient-greek-dance\/what-we-know\/popular-dances\/kretike\/\",\"url\":\"https:\/\/research.reading.ac.uk\/ancient-dance\/ancient-greek-dance\/what-we-know\/popular-dances\/kretike\/\",\"name\":\"Kr\u0113tik\u0113 - Ancient Greek Dance\",\"isPartOf\":{\"@id\":\"https:\/\/research.reading.ac.uk\/ancient-dance\/#website\"},\"datePublished\":\"2021-07-30T15:38:31+00:00\",\"dateModified\":\"2021-07-30T20:30:18+00:00\",\"breadcrumb\":{\"@id\":\"https:\/\/research.reading.ac.uk\/ancient-dance\/ancient-greek-dance\/what-we-know\/popular-dances\/kretike\/#breadcrumb\"},\"inLanguage\":\"en-GB\",\"potentialAction\":[{\"@type\":\"ReadAction\",\"target\":[\"https:\/\/research.reading.ac.uk\/ancient-dance\/ancient-greek-dance\/what-we-know\/popular-dances\/kretike\/\"]}]},{\"@type\":\"BreadcrumbList\",\"@id\":\"https:\/\/research.reading.ac.uk\/ancient-dance\/ancient-greek-dance\/what-we-know\/popular-dances\/kretike\/#breadcrumb\",\"itemListElement\":[{\"@type\":\"ListItem\",\"position\":1,\"name\":\"Home\",\"item\":\"https:\/\/research.reading.ac.uk\/ancient-dance\/\"},{\"@type\":\"ListItem\",\"position\":2,\"name\":\"Ancient Greek Dance\",\"item\":\"https:\/\/research.reading.ac.uk\/ancient-dance\/ancient-greek-dance\/\"},{\"@type\":\"ListItem\",\"position\":3,\"name\":\"Ancient Greek Dance: What we know\",\"item\":\"https:\/\/research.reading.ac.uk\/ancient-dance\/ancient-greek-dance\/what-we-know\/\"},{\"@type\":\"ListItem\",\"position\":4,\"name\":\"Popular dances\",\"item\":\"https:\/\/research.reading.ac.uk\/ancient-dance\/ancient-greek-dance\/what-we-know\/popular-dances\/\"},{\"@type\":\"ListItem\",\"position\":5,\"name\":\"Kr\u0113tik\u0113\"}]},{\"@type\":\"WebSite\",\"@id\":\"https:\/\/research.reading.ac.uk\/ancient-dance\/#website\",\"url\":\"https:\/\/research.reading.ac.uk\/ancient-dance\/\",\"name\":\"Ancient Greek Dance\",\"description\":\"\",\"potentialAction\":[{\"@type\":\"SearchAction\",\"target\":{\"@type\":\"EntryPoint\",\"urlTemplate\":\"https:\/\/research.reading.ac.uk\/ancient-dance\/?s={search_term_string}\"},\"query-input\":\"required name=search_term_string\"}],\"inLanguage\":\"en-GB\"}]}<\/script>\n<!-- \/ Yoast SEO plugin. -->","yoast_head_json":{"title":"Kr\u0113tik\u0113 - Ancient Greek Dance","robots":{"index":"noindex","follow":"follow","max-snippet":"max-snippet:-1","max-image-preview":"max-image-preview:large","max-video-preview":"max-video-preview:-1"},"og_locale":"en_GB","og_type":"article","og_title":"Kr\u0113tik\u0113 - Ancient Greek Dance","og_description":"Kr\u0113tik\u0113, meaning the Cretan dance\/style, is one of the most ancient dance steps known. [1] As suggested by its name, it originated in the great island, where artistic and written...Read More >","og_url":"https:\/\/research.reading.ac.uk\/ancient-dance\/ancient-greek-dance\/what-we-know\/popular-dances\/kretike\/","og_site_name":"Ancient Greek Dance","article_modified_time":"2021-07-30T20:30:18+00:00","og_image":[{"width":1000,"height":656,"url":"https:\/\/research.reading.ac.uk\/ancient-dance\/wp-content\/uploads\/sites\/208\/2021\/07\/2004.99.0729.jpg","type":"image\/jpeg"}],"twitter_card":"summary_large_image","twitter_misc":{"Estimated reading time":"2 minutes","Written by":"Claudina Romero Mayorga"},"schema":{"@context":"https:\/\/schema.org","@graph":[{"@type":"WebPage","@id":"https:\/\/research.reading.ac.uk\/ancient-dance\/ancient-greek-dance\/what-we-know\/popular-dances\/kretike\/","url":"https:\/\/research.reading.ac.uk\/ancient-dance\/ancient-greek-dance\/what-we-know\/popular-dances\/kretike\/","name":"Kr\u0113tik\u0113 - Ancient Greek Dance","isPartOf":{"@id":"https:\/\/research.reading.ac.uk\/ancient-dance\/#website"},"datePublished":"2021-07-30T15:38:31+00:00","dateModified":"2021-07-30T20:30:18+00:00","breadcrumb":{"@id":"https:\/\/research.reading.ac.uk\/ancient-dance\/ancient-greek-dance\/what-we-know\/popular-dances\/kretike\/#breadcrumb"},"inLanguage":"en-GB","potentialAction":[{"@type":"ReadAction","target":["https:\/\/research.reading.ac.uk\/ancient-dance\/ancient-greek-dance\/what-we-know\/popular-dances\/kretike\/"]}]},{"@type":"BreadcrumbList","@id":"https:\/\/research.reading.ac.uk\/ancient-dance\/ancient-greek-dance\/what-we-know\/popular-dances\/kretike\/#breadcrumb","itemListElement":[{"@type":"ListItem","position":1,"name":"Home","item":"https:\/\/research.reading.ac.uk\/ancient-dance\/"},{"@type":"ListItem","position":2,"name":"Ancient Greek Dance","item":"https:\/\/research.reading.ac.uk\/ancient-dance\/ancient-greek-dance\/"},{"@type":"ListItem","position":3,"name":"Ancient Greek Dance: What we know","item":"https:\/\/research.reading.ac.uk\/ancient-dance\/ancient-greek-dance\/what-we-know\/"},{"@type":"ListItem","position":4,"name":"Popular dances","item":"https:\/\/research.reading.ac.uk\/ancient-dance\/ancient-greek-dance\/what-we-know\/popular-dances\/"},{"@type":"ListItem","position":5,"name":"Kr\u0113tik\u0113"}]},{"@type":"WebSite","@id":"https:\/\/research.reading.ac.uk\/ancient-dance\/#website","url":"https:\/\/research.reading.ac.uk\/ancient-dance\/","name":"Ancient Greek Dance","description":"","potentialAction":[{"@type":"SearchAction","target":{"@type":"EntryPoint","urlTemplate":"https:\/\/research.reading.ac.uk\/ancient-dance\/?s={search_term_string}"},"query-input":"required name=search_term_string"}],"inLanguage":"en-GB"}]}},"_links":{"self":[{"href":"https:\/\/research.reading.ac.uk\/ancient-dance\/wp-json\/wp\/v2\/pages\/356","targetHints":{"allow":["GET"]}}],"collection":[{"href":"https:\/\/research.reading.ac.uk\/ancient-dance\/wp-json\/wp\/v2\/pages"}],"about":[{"href":"https:\/\/research.reading.ac.uk\/ancient-dance\/wp-json\/wp\/v2\/types\/page"}],"author":[{"embeddable":true,"href":"https:\/\/research.reading.ac.uk\/ancient-dance\/wp-json\/wp\/v2\/users\/105"}],"replies":[{"embeddable":true,"href":"https:\/\/research.reading.ac.uk\/ancient-dance\/wp-json\/wp\/v2\/comments?post=356"}],"version-history":[{"count":3,"href":"https:\/\/research.reading.ac.uk\/ancient-dance\/wp-json\/wp\/v2\/pages\/356\/revisions"}],"predecessor-version":[{"id":360,"href":"https:\/\/research.reading.ac.uk\/ancient-dance\/wp-json\/wp\/v2\/pages\/356\/revisions\/360"}],"up":[{"embeddable":true,"href":"https:\/\/research.reading.ac.uk\/ancient-dance\/wp-json\/wp\/v2\/pages\/349"}],"wp:featuredmedia":[{"embeddable":true,"href":"https:\/\/research.reading.ac.uk\/ancient-dance\/wp-json\/wp\/v2\/media\/222"}],"wp:attachment":[{"href":"https:\/\/research.reading.ac.uk\/ancient-dance\/wp-json\/wp\/v2\/media?parent=356"}],"wp:term":[{"taxonomy":"author","embeddable":true,"href":"https:\/\/research.reading.ac.uk\/ancient-dance\/wp-json\/wp\/v2\/coauthors?post=356"}],"curies":[{"name":"wp","href":"https:\/\/api.w.org\/{rel}","templated":true}]}}