{"id":1865,"date":"2022-02-22T08:30:59","date_gmt":"2022-02-22T08:30:59","guid":{"rendered":"https:\/\/research.reading.ac.uk\/christos-lab\/?page_id=1865"},"modified":"2024-11-20T06:17:52","modified_gmt":"2024-11-20T06:17:52","slug":"students","status":"publish","type":"page","link":"https:\/\/research.reading.ac.uk\/christos-lab\/students\/","title":{"rendered":"Students &amp; Alumni"},"content":{"rendered":"<header class=\"entry-header\">\n<h1 class=\"entry-title\"><em style=\"font-size: 16px;letter-spacing: 0.08px\">If you are interested in pursuing a PhD in our lab, feel free to email at c.pliatsikas[at]reading.ac.uk<\/em><\/h1>\n<\/header>\n<div class=\"entry-content\">\n<p><strong><span style=\"text-decoration: underline\">PhD Supervision<\/span><\/strong><\/p>\n<p><strong>Current PhD student:<\/strong><\/p>\n<p><strong>Xinyu Liu<\/strong>. 2024-present. Project: &#8220;<em>The long-term effects of bilingualism on the ageing brain<\/em>&#8221;<\/p>\n<p><strong>Alumni (with links to current academic positions when available):<\/strong><\/p>\n<p><a href=\"https:\/\/research.reading.ac.uk\/cinn\/alex-sheehan\/\"><strong>Alex Sheehan<\/strong>.<\/a> 2021-2024. Project \u201c<em>There is no \u2018off\u2019 switch: exploring bilingualism\u2019s impact on brain function and cognition as a continuously experienced cognitive challenge<\/em>\u201d. Funded by an ESRC South East Network for Social Sciences PhD Studentship<\/p>\n<p><strong>Dr Jia\u2019en Yee<\/strong>. 2018-2022 . Project: \u201c<em>Effects of Orthographic transparency on brain connectivity, structure and language processing<\/em>\u201d. Funded by the European Union\u2019s Horizon 2020 research and innovation programme<\/p>\n<p><a href=\"https:\/\/faculty.ksu.edu.sa\/en\/nalrwaita\"><strong>Dr Najla Alrwaita<\/strong><\/a>. 2018-2021. Project: \u201c<em>The Effects of Diglossia on Cognition: Evidence from Executive Functions<\/em>\u201d<\/p>\n<p><a href=\"https:\/\/www.uva.nl\/profiel\/k\/o\/m.korenar\/m.korenar.html\"><strong>Dr Michal Ko\u0159en\u00e1\u0159<\/strong><\/a>. 2018-2021 . Project: \u201c<em>Bilingualism sculpts the core of the brain: an investigation of experience-dependent neuroplasticity induced by the variable use of two languages<\/em>\u201d. Funded by the European Union\u2019s Horizon 2020 research and innovation programme<\/p>\n<p><a href=\"https:\/\/personalpages.manchester.ac.uk\/advanced.php?dn=cn%3DVarun+Arunachalam+chandran%2Bumanroleid%3D1233770%2Cou%3DDivision+of+Psychology+%26+Mental+Health%2Cou%3DSchool+of+Health+Sciences%2Cou%3DFaculty+of+Biology%5C%2C+Medicine+and+Health%2Cou%3DPeople%2Co%3DUniversity+of+Manchester%2Cc%3DGB&amp;employeeType=STAFF&amp;action=read&amp;form_input=Submit\"><strong>Dr Varun Arunachalam Chandran<\/strong><\/a>. 2017-2021. Project :\u00a0<em>\u201cInvestigating the neural correlates of autistic traits using a dimensional approach<\/em>\u201c. Funded by a Felix Scholarship<\/p>\n<p><a href=\"https:\/\/tvoits.com\/\"><strong>Dr Toms Voits<\/strong><\/a>. 2017-2020. Project:\u00a0<em>\u201cBilingualism as a neuroprotective factor in ageing: Insights from healthy and clinical populations\u201d.\u00a0<\/em>Funded by\u00a0a University of Reading Anniversary PhD studentship<\/p>\n<p><strong>Dr Eleanor Luckock<\/strong>. 2015-2020. Project:\u00a0<em>\u201cThe influence of a multilingual environment on word learning in children and adults\u201d<\/em><\/p>\n<p><a href=\"https:\/\/en.uit.no\/ansatte\/vincent.f.deluca\"><strong>Dr Vincent DeLuca<\/strong><\/a>. 2015-2018. Project: \u201c<em>Bilingualism Effects in Brain Structure and Language Processing: An (f)MRI methodology\u201d.\u00a0<\/em>Funded by a University of Reading International PhD studentship<\/p>\n<p><span style=\"text-decoration: underline\"><strong>Undergraduate and postgraduate project supervision<\/strong><\/span><\/p>\n<p><strong>2023\/2024<\/strong><\/p>\n<p><span style=\"text-decoration: underline\">MSc dissertations:<\/span><\/p>\n<p>Jessica McGUire (tbc)<\/p>\n<p>Emily Dawson<\/p>\n<p>Lauen Hill<\/p>\n<p><strong style=\"letter-spacing: 0.08px\">2022\/2023<\/strong><\/p>\n<\/div>\n<p><span style=\"text-decoration: underline\">MSc dissertations:<\/span><\/p>\n<p>Shruti Gupta: Bilingualism and Language Processing- Exploring the effects of bilingualism on language-specific areas in the brain<\/p>\n<p>Jahavni Bajaj: A systematic review on the cognitive and neural implications of being a bimodal bilingual<\/p>\n<p><span style=\"text-decoration: underline\">Student on research placement:<\/span><\/p>\n<p>Shruti Gupta<\/p>\n<div class=\"entry-content\">\n<p><strong>2021\/2022<\/strong><\/p>\n<p><span style=\"text-decoration: underline\">MSc dissertations:<\/span><\/p>\n<p>Emma Northover: <em>&#8220;Does the quantified bilingual experience predict creativity as measures of divergent and convergent thinking?&#8221;<\/em><\/p>\n<p>Eden Rendell: &#8220;<em>Bilingualism and creativity. Does an advantage only occur in thosw who code-switch frequently?<\/em>&#8221;<\/p>\n<p><strong>2020\/2021<\/strong><\/p>\n<p><span style=\"text-decoration: underline\">MSc dissertations:<\/span><\/p>\n<p>Pauline Kaplicz: &#8220;<em>The effects of bilingualsm on the volumes of the hippocampus and the amygdala in ageing bilinguals<\/em>&#8221;<\/p>\n<p>Lian Hawkins: &#8220;<em>Bilingual experience and the ageing brain-An investigation into the effects of frequency of use of a second language on the volumes of the caudate nucleus. globus pallidus and putamen<\/em>&#8221;<\/p>\n<p>Fatima Shab: &#8220;<em>Perspective Taking Task-The Effect of Diglossia in Children on Task Accuracy<\/em>&#8221;<\/p>\n<p>Evangelos Nikiforos Kyrmizakis: &#8220;<em>The impact of bilingualism and use of the second language in episodic and working memory in older adults<\/em>&#8221;<\/p>\n<p><span style=\"text-decoration: underline\">BSc dissertations:<\/span><\/p>\n<p>Sophie Aubrey: <em>&#8220;An investigation into the effects of bilingualism on the volume of the thalamus in the ageing brain&#8221;<\/em><\/p>\n<p>Rachael Scott:<em> &#8220;The effects of bilingualism on the structure of the nucleus accumbens in ageing bilinguals&#8221;<\/em><\/p>\n<p>Anna Czoch:\u00a0<em>&#8220;Effects of the bilingual experience on volumes of amygdalae in older adults&#8221;<\/em><\/p>\n<p>Nia Lloyd Jones: <em>&#8220;The effect of bilignualism on executive function&#8221;<\/em><\/p>\n<p>Rebecca Rushton:\u00a0<em>&#8220;The effect of bilingualism on executive function using age, duration and frequency of use of a second language as modulating factors&#8221;<\/em><\/p>\n<p><strong>2019\/2020<\/strong><\/p>\n<p><span style=\"text-decoration: underline\">BSc dissertations:<\/span><\/p>\n<p>Queenie Lam &amp; Ho Kwok: \u201c<em>Will the experience and the number of languages spoken affect creativity?\u201d<\/em><\/p>\n<p>Rachel Monnin:\u00a0<em>\u201cThe effect of bilingualism on executive functioning with age, frequency and duration of use of a second language as predictors\u201d<\/em><\/p>\n<p>Laura Lomax:\u00a0<em>\u201cEffect of language experience on visuo-spatial cognitive abilities\u201d<\/em><\/p>\n<p><span style=\"text-decoration: underline\">MSc dissertations:<\/span><\/p>\n<p>Rachel Sanders:\u00a0<em>\u201cThe effects of bilingual experience on executive control\u201d<\/em><\/p>\n<p>Alex Sheehan: \u201c<em>The effect of bilingualism on white matter integrity and executive function performance\u201d<\/em><\/p>\n<p><span style=\"text-decoration: underline\">Student on research placement:<\/span><\/p>\n<p>Sarah Jad (MSc)<\/p>\n<p><strong>2018\/2019<\/strong><\/p>\n<p><span style=\"text-decoration: underline\">MSc dissertations:<\/span><\/p>\n<p>James Philip:\u00a0<em>\u201cAn investigation of source code as a second language that restructures the brain. A voxel-based morphometry study\u201d<\/em><\/p>\n<p>Ninette O\u2019Mara:\u00a0<em>\u201cThe structural effects of bilingualism on the putamen of lifelong elderly bilinguals: an MRI study\u201d<\/em><\/p>\n<p>Sindhu Menon Rajan:\u00a0<em>\u201cThe effects of bilingualism on the volume of caudate nucleus in the healthy ageing brain\u201d<\/em><\/p>\n<p><span style=\"text-decoration: underline\">BSc dissertations:<\/span><\/p>\n<p>Sheikha Al Hamdani\u00a0 &amp; Lubna Zulkifli:\u00a0<em>\u201cSuppression of first language when encounter second language in non-native English speakers\u201d<\/em><\/p>\n<p>Tahmina Aktar:\u00a0<em>\u201cThe effects of the degree of bilignualism (or bilingual experiences) on executive functions and attention\u201d<\/em><\/p>\n<p><span style=\"text-decoration: underline\">Student on research placement:<\/span><\/p>\n<p>Chelsea Sporle (BSc)<\/p>\n<p><strong>2017\/2018<\/strong><\/p>\n<p><span style=\"text-decoration: underline\">MSc dissertation:<\/span><\/p>\n<p>Holly Davies:\u00a0<em>\u201cThe comparative effects of bilingualism and trilingualism on grey matter density in language-associated cortex\u201d<\/em><\/p>\n<p><span style=\"text-decoration: underline\">BSc dissertations:<\/span><\/p>\n<p>Corinne Cheah &amp; Cheryl Gan: \u201c<em>Processing of morphologically complex words in English-Mandarin bilinguals\u201d<\/em><\/p>\n<p>Louise Carter &amp; Emma Samson: \u201c<em>The effects of bilingualism during cognitive testing\u201d<\/em><\/p>\n<p><span style=\"text-decoration: underline\">Students on research placement:<\/span><\/p>\n<p>Einas Alharbi (MSc), Lilia Adamou (BSc)<\/p>\n<p><strong>2016\/2017<\/strong><\/p>\n<p><span style=\"text-decoration: underline\">MSc dissertations:<\/span><\/p>\n<p>Deena Husain Saleh Marshad Falah Alomari.\u00a0<em>\u201cBilingualism advantage on inhibitory control in Arabic\/English bilinguals as compared to English monolinguals in the Global-Local task\u201d<\/em><\/p>\n<p><span style=\"text-decoration: underline\">BSc dissertations:<\/span><\/p>\n<p>Bethan Taylor &amp;\u00a0Rachel Willis:\u00a0<em>\u201cThe Cognitive Advantage of Bilingualism on Inhibition in the Global-Local Executive Function Task for Welsh-English and English Individuals.\u201d<\/em><\/p>\n<p>Abigail Morley:\u00a0<em>\u201cThe effects of bilingualism and socioeconomic status on perspective-taking abilities\u201d.<\/em><\/p>\n<p>Amy Clarke:\u00a0<em>\u201cUsing the NIH Toolbox to investigate cognition in Epilepsy: a case-control design\u201d<\/em><\/p>\n<p><span style=\"text-decoration: underline\">Students on research placement:<\/span><\/p>\n<p>Nanette Naude (MSc),\u00a0Cheryl Shu Wern Gan (BSc),\u00a0Wafa Islam (BSc).<\/p>\n<p><strong>2015\/2016<\/strong><\/p>\n<p><span style=\"text-decoration: underline\">MSc dissertations:<\/span><\/p>\n<p>Eleni Konstandopoulou.\u00a0<em>\u201cBilingualism: Its effects on brain structure and cognition\u201d<\/em>. Project funded by a Franklin Grant from the American Philosophical Society.<\/p>\n<p>Candice Harry.\u00a0<em>\u201cComparing native English processing of inflection and derivation\u201d<\/em><\/p>\n<p><strong>2014\/2015<\/strong><\/p>\n<p><span style=\"text-decoration: underline\">MSc dissertation:<\/span><\/p>\n<p>Jennifer Lau.\u00a0<em>\u201cInvestigating the differences between abstract, emotion, and action-related verbs: A transcranial magnetic stimulation study\u201d<\/em><\/p>\n<p><span style=\"text-decoration: underline\">BSc dissertations:<\/span><\/p>\n<p>Luke Pascoe.\u00a0<em>\u201cResearching the abstractness of English verbs: A behavioural analysis\u201d<\/em><\/p>\n<p>Tiffany Jackson:\u00a0<em>\u201cImpact of Working Memory Capacity on Syntactic Preferences in Non-Native English Speakers\u201d<\/em><\/p>\n<p>Canhan Hua:\u00a0<em>\u201cThe effects of speed on syntactic preferences in native speakers\u201d<\/em><\/p>\n<p>Adam Foord:\u00a0<em>\u201cHidden Syntactic Dependencies within Language\u201d<\/em><\/p>\n<p>Jared Checketts:\u00a0<em>\u201cName that object: A psycholinguistic experiment\u201d<\/em><\/p>\n<p><strong>2013\/2014<\/strong><\/p>\n<p><span style=\"text-decoration: underline\">BSc dissertations:<\/span><\/p>\n<p>Leanne Kirkwoood:\u00a0<em>\u201cEffects of Regularity and Priming on Inflected Verb Type Forms: An Interaction\u201d<\/em><\/p>\n<p>Ishita Chowdhury:\u00a0<em>\u201cMorphological Processing of Regular and Irregular Past<\/em><br \/>\n<em>Tense in L2 learners of English\u201d<\/em><\/p>\n<p>Rowena Bicknell:\u00a0<em>\u201cIs the ERP correlate of familiarity under voluntary control?\u201d<\/em><\/p>\n<p>Josh Cable:\u00a0<em>\u201cActive Suppression of Memory Recollection\u201d<\/em><\/p>\n<p>Declan Greenhalgh:\u00a0<em>\u201cERP Evidence for Trained Recollection Avoidance\u201d<\/em><\/p>\n<p>Ben Steward:\u00a0<em>\u201cAn Event-Related Potential Study of Memory Intrusions\u201d<\/em><\/p>\n<p><strong>2012\/2013<\/strong><\/p>\n<p><span style=\"text-decoration: underline\">MSc\u00a0dissertation:<\/span><\/p>\n<p>Elisavet Moschopoulou.\u00a0<em>\u201cThe effects of naturalistic exposure to a second language on the structure of the brain\u201d<\/em><\/p>\n<p><span style=\"text-decoration: underline\">Student on placement:<\/span><\/p>\n<p>Francesca Allerton (BSc)<\/p>\n<\/div>\n","protected":false},"excerpt":{"rendered":"<p>If you are interested in pursuing a PhD in our lab, feel free to email at c.pliatsikas[at]reading.ac.uk PhD Supervision Current PhD student: Xinyu Liu. 2024-present. Project: &#8220;The long-term effects of&#8230;<a class=\"read-more\" href=\"&#104;&#116;&#116;&#112;&#115;&#58;&#47;&#47;&#114;&#101;&#115;&#101;&#97;&#114;&#99;&#104;&#46;&#114;&#101;&#97;&#100;&#105;&#110;&#103;&#46;&#97;&#99;&#46;&#117;&#107;&#47;&#99;&#104;&#114;&#105;&#115;&#116;&#111;&#115;&#45;&#108;&#97;&#98;&#47;&#115;&#116;&#117;&#100;&#101;&#110;&#116;&#115;&#47;\">Read More ><\/a><\/p>\n","protected":false},"author":615,"featured_media":1887,"parent":0,"menu_order":0,"comment_status":"closed","ping_status":"closed","template":"","meta":{"_acf_changed":false,"_monsterinsights_skip_tracking":false,"_monsterinsights_sitenote_active":false,"_monsterinsights_sitenote_note":"","_monsterinsights_sitenote_category":0,"__cvm_playback_settings":[],"__cvm_video_id":"","footnotes":""},"coauthors":[14],"class_list":["post-1865","page","type-page","status-publish","has-post-thumbnail","hentry"],"acf":[],"yoast_head":"<!-- This site is optimized with the Yoast SEO plugin v21.8.1 - https:\/\/yoast.com\/wordpress\/plugins\/seo\/ -->\n<title>Students &amp; Alumni - Bilingualism in The Brain<\/title>\n<meta name=\"robots\" content=\"index, follow, max-snippet:-1, max-image-preview:large, max-video-preview:-1\" \/>\n<link rel=\"canonical\" href=\"https:\/\/research.reading.ac.uk\/christos-lab\/students\/\" \/>\n<meta property=\"og:locale\" content=\"en_GB\" \/>\n<meta property=\"og:type\" content=\"article\" \/>\n<meta property=\"og:title\" content=\"Students &amp; Alumni - Bilingualism in The Brain\" \/>\n<meta property=\"og:description\" content=\"If you are interested in pursuing a PhD in our lab, feel free to email at c.pliatsikas[at]reading.ac.uk PhD Supervision Current PhD student: Xinyu Liu. 2024-present. Project: &#8220;The long-term effects of...Read More &gt;\" \/>\n<meta property=\"og:url\" content=\"https:\/\/research.reading.ac.uk\/christos-lab\/students\/\" \/>\n<meta property=\"og:site_name\" content=\"Bilingualism in The Brain\" \/>\n<meta property=\"article:modified_time\" content=\"2024-11-20T06:17:52+00:00\" \/>\n<meta property=\"og:image\" content=\"https:\/\/research.reading.ac.uk\/christos-lab\/wp-content\/uploads\/sites\/269\/2022\/02\/Lab-photo-Jan-2019-scaled.jpeg\" \/>\n\t<meta property=\"og:image:width\" content=\"2560\" \/>\n\t<meta property=\"og:image:height\" content=\"1920\" \/>\n\t<meta property=\"og:image:type\" content=\"image\/jpeg\" \/>\n<meta name=\"twitter:card\" content=\"summary_large_image\" \/>\n<meta name=\"twitter:label1\" content=\"Estimated reading time\" \/>\n\t<meta name=\"twitter:data1\" content=\"5 minutes\" \/>\n\t<meta name=\"twitter:label2\" content=\"Written by\" \/>\n\t<meta name=\"twitter:data2\" content=\"Christos Pliatsikas\" \/>\n<script type=\"application\/ld+json\" class=\"yoast-schema-graph\">{\"@context\":\"https:\/\/schema.org\",\"@graph\":[{\"@type\":\"WebPage\",\"@id\":\"https:\/\/research.reading.ac.uk\/christos-lab\/students\/\",\"url\":\"https:\/\/research.reading.ac.uk\/christos-lab\/students\/\",\"name\":\"Students &amp; Alumni - Bilingualism in The Brain\",\"isPartOf\":{\"@id\":\"https:\/\/research.reading.ac.uk\/christos-lab\/#website\"},\"datePublished\":\"2022-02-22T08:30:59+00:00\",\"dateModified\":\"2024-11-20T06:17:52+00:00\",\"breadcrumb\":{\"@id\":\"https:\/\/research.reading.ac.uk\/christos-lab\/students\/#breadcrumb\"},\"inLanguage\":\"en-GB\",\"potentialAction\":[{\"@type\":\"ReadAction\",\"target\":[\"https:\/\/research.reading.ac.uk\/christos-lab\/students\/\"]}]},{\"@type\":\"BreadcrumbList\",\"@id\":\"https:\/\/research.reading.ac.uk\/christos-lab\/students\/#breadcrumb\",\"itemListElement\":[{\"@type\":\"ListItem\",\"position\":1,\"name\":\"Home\",\"item\":\"https:\/\/research.reading.ac.uk\/christos-lab\/\"},{\"@type\":\"ListItem\",\"position\":2,\"name\":\"Students &amp; Alumni\"}]},{\"@type\":\"WebSite\",\"@id\":\"https:\/\/research.reading.ac.uk\/christos-lab\/#website\",\"url\":\"https:\/\/research.reading.ac.uk\/christos-lab\/\",\"name\":\"Bilingualism in The Brain\",\"description\":\"Christos Pliatsikas&#039;s lab at the University of Reading\",\"potentialAction\":[{\"@type\":\"SearchAction\",\"target\":{\"@type\":\"EntryPoint\",\"urlTemplate\":\"https:\/\/research.reading.ac.uk\/christos-lab\/?s={search_term_string}\"},\"query-input\":\"required name=search_term_string\"}],\"inLanguage\":\"en-GB\"}]}<\/script>\n<!-- \/ Yoast SEO plugin. -->","yoast_head_json":{"title":"Students &amp; Alumni - Bilingualism in The Brain","robots":{"index":"index","follow":"follow","max-snippet":"max-snippet:-1","max-image-preview":"max-image-preview:large","max-video-preview":"max-video-preview:-1"},"canonical":"https:\/\/research.reading.ac.uk\/christos-lab\/students\/","og_locale":"en_GB","og_type":"article","og_title":"Students &amp; Alumni - Bilingualism in The Brain","og_description":"If you are interested in pursuing a PhD in our lab, feel free to email at c.pliatsikas[at]reading.ac.uk PhD Supervision Current PhD student: Xinyu Liu. 2024-present. Project: &#8220;The long-term effects of...Read More >","og_url":"https:\/\/research.reading.ac.uk\/christos-lab\/students\/","og_site_name":"Bilingualism in The Brain","article_modified_time":"2024-11-20T06:17:52+00:00","og_image":[{"width":2560,"height":1920,"url":"https:\/\/research.reading.ac.uk\/christos-lab\/wp-content\/uploads\/sites\/269\/2022\/02\/Lab-photo-Jan-2019-scaled.jpeg","type":"image\/jpeg"}],"twitter_card":"summary_large_image","twitter_misc":{"Estimated reading time":"5 minutes","Written by":"Christos Pliatsikas"},"schema":{"@context":"https:\/\/schema.org","@graph":[{"@type":"WebPage","@id":"https:\/\/research.reading.ac.uk\/christos-lab\/students\/","url":"https:\/\/research.reading.ac.uk\/christos-lab\/students\/","name":"Students &amp; Alumni - Bilingualism in The Brain","isPartOf":{"@id":"https:\/\/research.reading.ac.uk\/christos-lab\/#website"},"datePublished":"2022-02-22T08:30:59+00:00","dateModified":"2024-11-20T06:17:52+00:00","breadcrumb":{"@id":"https:\/\/research.reading.ac.uk\/christos-lab\/students\/#breadcrumb"},"inLanguage":"en-GB","potentialAction":[{"@type":"ReadAction","target":["https:\/\/research.reading.ac.uk\/christos-lab\/students\/"]}]},{"@type":"BreadcrumbList","@id":"https:\/\/research.reading.ac.uk\/christos-lab\/students\/#breadcrumb","itemListElement":[{"@type":"ListItem","position":1,"name":"Home","item":"https:\/\/research.reading.ac.uk\/christos-lab\/"},{"@type":"ListItem","position":2,"name":"Students &amp; Alumni"}]},{"@type":"WebSite","@id":"https:\/\/research.reading.ac.uk\/christos-lab\/#website","url":"https:\/\/research.reading.ac.uk\/christos-lab\/","name":"Bilingualism in The Brain","description":"Christos Pliatsikas&#039;s lab at the University of Reading","potentialAction":[{"@type":"SearchAction","target":{"@type":"EntryPoint","urlTemplate":"https:\/\/research.reading.ac.uk\/christos-lab\/?s={search_term_string}"},"query-input":"required name=search_term_string"}],"inLanguage":"en-GB"}]}},"_links":{"self":[{"href":"https:\/\/research.reading.ac.uk\/christos-lab\/wp-json\/wp\/v2\/pages\/1865","targetHints":{"allow":["GET"]}}],"collection":[{"href":"https:\/\/research.reading.ac.uk\/christos-lab\/wp-json\/wp\/v2\/pages"}],"about":[{"href":"https:\/\/research.reading.ac.uk\/christos-lab\/wp-json\/wp\/v2\/types\/page"}],"author":[{"embeddable":true,"href":"https:\/\/research.reading.ac.uk\/christos-lab\/wp-json\/wp\/v2\/users\/615"}],"replies":[{"embeddable":true,"href":"https:\/\/research.reading.ac.uk\/christos-lab\/wp-json\/wp\/v2\/comments?post=1865"}],"version-history":[{"count":10,"href":"https:\/\/research.reading.ac.uk\/christos-lab\/wp-json\/wp\/v2\/pages\/1865\/revisions"}],"predecessor-version":[{"id":2180,"href":"https:\/\/research.reading.ac.uk\/christos-lab\/wp-json\/wp\/v2\/pages\/1865\/revisions\/2180"}],"wp:featuredmedia":[{"embeddable":true,"href":"https:\/\/research.reading.ac.uk\/christos-lab\/wp-json\/wp\/v2\/media\/1887"}],"wp:attachment":[{"href":"https:\/\/research.reading.ac.uk\/christos-lab\/wp-json\/wp\/v2\/media?parent=1865"}],"wp:term":[{"taxonomy":"author","embeddable":true,"href":"https:\/\/research.reading.ac.uk\/christos-lab\/wp-json\/wp\/v2\/coauthors?post=1865"}],"curies":[{"name":"wp","href":"https:\/\/api.w.org\/{rel}","templated":true}]}}