{"id":674,"date":"2026-01-26T15:02:06","date_gmt":"2026-01-26T15:02:06","guid":{"rendered":"https:\/\/research.reading.ac.uk\/coexist\/?page_id=674"},"modified":"2026-03-05T10:34:56","modified_gmt":"2026-03-05T10:34:56","slug":"workshop","status":"publish","type":"page","link":"https:\/\/research.reading.ac.uk\/coexist\/workshop\/","title":{"rendered":"Workshop"},"content":{"rendered":"<p>We are organising an online workshop on Tuesday March 10th 2026 on <strong>Maximising data from Palaeolithic bone: <\/strong><strong>methods, integration and application<\/strong>.<\/p>\n<p>Bone from Palaeolithic excavations is often very fragmented, limiting its interpretive value. However, recent\u00a0<b>methodological advances in archaeological science, proteomics and genetics<\/b>\u00a0can now help maximise the biological, environmental and behavioural data that can be extracted from these non-diagnostic bones and teeth. This\u00a0<b>free workshop<\/b>\u00a0will explore strategies for extracting maximal information from Palaeolithic bone collections. It will include\u00a0<b>short talks and open discussion sessions<\/b>.<\/p>\n<p>This event is open to all and free to attend. Registration has now closed and registered participants will receive the Teams link the week before the event.<\/p>\n<p>We have a great line up of speakers, covering a range of topics, including chronology and dating, taphonomy and human behaviour, methodological advances, and subsistence and environment. <a href=\"https:\/\/research.reading.ac.uk\/coexist\/wp-content\/uploads\/sites\/331\/2026\/02\/COEXIST-workshop-programme.pdf\">The full programme can be downloaded here<\/a>. Please note all times are UK times (GMT).<\/p>\n<p>The <a href=\"https:\/\/research.reading.ac.uk\/coexist\/wp-content\/uploads\/sites\/331\/2026\/02\/Booklet-Maximising-Data-from-Palaeolithic-Bone-workshop-2026.pdf\">abstract booklet<\/a> is now available for <a href=\"https:\/\/research.reading.ac.uk\/coexist\/wp-content\/uploads\/sites\/331\/2026\/02\/Booklet-Maximising-Data-from-Palaeolithic-Bone-workshop-2026.pdf\">download<\/a>.<\/p>\n<table style=\"width: 95.544%;height: 525px\" width=\"482\">\n<tbody>\n<tr style=\"height: 47px\">\n<td style=\"height: 47px;width: 9.86133%\" width=\"31\"><b>Time (GMT)<\/b><\/td>\n<td style=\"height: 47px;width: 27.235%\" width=\"98\"><b>Speaker<\/b><\/td>\n<td style=\"height: 47px;width: 64.1718%\" width=\"353\"><b>Title<\/b><\/td>\n<\/tr>\n<tr style=\"height: 10px\">\n<td style=\"height: 10px;width: 9.86133%\" width=\"31\">09:20<\/td>\n<td style=\"height: 10px;width: 27.235%\" width=\"98\">Ruebens, Karen<\/td>\n<td style=\"height: 10px;width: 64.1718%\" width=\"353\">Introduction<\/td>\n<\/tr>\n<tr style=\"height: 48px\">\n<td style=\"height: 48px;width: 37.0963%\" colspan=\"2\" width=\"129\"><b>Chronology and dating<\/b><\/td>\n<td style=\"height: 48px;width: 64.1718%\" width=\"353\"><b>Chair: Karen Ruebens<\/b><\/td>\n<\/tr>\n<tr style=\"height: 10px\">\n<td style=\"height: 10px;width: 9.86133%\" width=\"31\">09:30<\/td>\n<td style=\"height: 10px;width: 27.235%\" width=\"98\">Adams, Neil<\/td>\n<td style=\"height: 10px;width: 64.1718%\" width=\"353\">Dating historically collected material in museums: the case of the Upnor elephant<\/td>\n<\/tr>\n<tr style=\"height: 10px\">\n<td style=\"height: 10px;width: 9.86133%\" width=\"31\">09:40<\/td>\n<td style=\"height: 10px;width: 27.235%\" width=\"98\">Talamo, Sahra<\/td>\n<td style=\"height: 10px;width: 64.1718%\" width=\"353\">Back to Zero: Where do we stand with the Ch\u00e2telperronian?<\/td>\n<\/tr>\n<tr style=\"height: 57px\">\n<td style=\"height: 57px;width: 9.86133%\" width=\"31\">09:50<\/td>\n<td style=\"height: 57px;width: 27.235%\" width=\"98\">Casaccia, Nicole<\/td>\n<td style=\"height: 57px;width: 64.1718%\" width=\"353\">A multidisciplinary approach redefining Central Europe\u2019s earliest complex toolmaking: the case of the ivory boomerang from Ob\u0142azowa Cave (Poland)<\/td>\n<\/tr>\n<tr style=\"height: 16px\">\n<td style=\"height: 16px;width: 9.86133%\" width=\"31\">10:00<\/td>\n<td style=\"height: 16px;width: 27.235%\" width=\"98\">Discussion<\/td>\n<td style=\"height: 16px;width: 64.1718%\" width=\"353\"><\/td>\n<\/tr>\n<tr style=\"height: 12px\">\n<td style=\"height: 12px;width: 9.86133%\" width=\"31\">10:30<\/td>\n<td style=\"height: 12px;width: 27.235%\" width=\"98\">Coffee break (20 mins)<\/td>\n<td style=\"height: 12px;width: 64.1718%\" width=\"353\"><\/td>\n<\/tr>\n<tr style=\"height: 10px\">\n<td style=\"height: 10px;width: 37.0963%\" colspan=\"2\" width=\"129\"><b>Taphonomy and human behaviour<\/b><\/td>\n<td style=\"height: 10px;width: 64.1718%\" width=\"353\"><b>Chair: Anna Wagner<\/b><\/td>\n<\/tr>\n<tr style=\"height: 10px\">\n<td style=\"height: 10px;width: 9.86133%\" width=\"31\">10:50<\/td>\n<td style=\"height: 10px;width: 27.235%\" width=\"98\">Raymond, Pauline<\/td>\n<td style=\"height: 10px;width: 64.1718%\" width=\"353\">Integrating ZooMS and taphonomy further highlights differential butchery strategies and Neandertal cannibalism in the Quina Mousterian of Les Pradelles (southwest France)<\/td>\n<\/tr>\n<tr style=\"height: 11px\">\n<td style=\"height: 11px;width: 9.86133%\" width=\"31\">11:00<\/td>\n<td style=\"height: 11px;width: 27.235%\" width=\"98\">Jallon, Anaelle<\/td>\n<td style=\"height: 11px;width: 64.1718%\" width=\"353\">Don\u2019t judge a bone by its color! A taphonomical investigation of bone faunal material from Amud Cave (Israel)<\/td>\n<\/tr>\n<tr style=\"height: 10px\">\n<td style=\"height: 10px;width: 9.86133%\" width=\"31\">11:10<\/td>\n<td style=\"height: 10px;width: 27.235%\" width=\"98\">Peters, Carli<\/td>\n<td style=\"height: 10px;width: 64.1718%\" width=\"353\">The impact of heating on bone protein preservation and its implications for palaeoproteomics<\/td>\n<\/tr>\n<tr style=\"height: 10px\">\n<td style=\"height: 10px;width: 9.86133%\" width=\"31\">11:20<\/td>\n<td style=\"height: 10px;width: 27.235%\" width=\"98\">Brotons, Lisa<\/td>\n<td style=\"height: 10px;width: 64.1718%\" width=\"353\">Applying palaeoproteomics to Middle Palaeolithic faunal assemblage from the Adriatic Region<\/td>\n<\/tr>\n<tr style=\"height: 10px\">\n<td style=\"height: 10px;width: 9.86133%\" width=\"31\">11:30<\/td>\n<td style=\"height: 10px;width: 27.235%\" width=\"98\">Discussion<\/td>\n<td style=\"height: 10px;width: 64.1718%\" width=\"353\"><\/td>\n<\/tr>\n<tr style=\"height: 10px\">\n<td style=\"height: 10px;width: 9.86133%\" width=\"31\">12:00<\/td>\n<td style=\"height: 10px;width: 27.235%\" width=\"98\">Lunch break (50 mins)<\/td>\n<td style=\"height: 10px;width: 64.1718%\" width=\"353\"><\/td>\n<\/tr>\n<tr style=\"height: 10px\">\n<td style=\"height: 10px;width: 37.0963%\" colspan=\"2\" width=\"129\"><b>Method advancements<\/b><\/td>\n<td style=\"height: 10px;width: 64.1718%\" width=\"353\"><b>Chair: Frankie Tait<\/b><\/td>\n<\/tr>\n<tr style=\"height: 19px\">\n<td style=\"height: 19px;width: 9.86133%\" width=\"31\">12:50<\/td>\n<td style=\"height: 19px;width: 27.235%\" width=\"98\">Collins, Matthew<\/td>\n<td style=\"height: 19px;width: 64.1718%\" width=\"353\">A High-Fidelity Language for Mapping the Modified Proteome in Ancient Bone<\/td>\n<\/tr>\n<tr style=\"height: 11px\">\n<td style=\"height: 11px;width: 9.86133%\" width=\"31\">13:00<\/td>\n<td style=\"height: 11px;width: 27.235%\" width=\"98\">Tait, Frankie<\/td>\n<td style=\"height: 11px;width: 64.1718%\" width=\"353\">Assessing the effect of NaOH for humic acid removal in palaeoproteomic analyses of archaeological bone<\/td>\n<\/tr>\n<tr style=\"height: 10px\">\n<td style=\"height: 10px;width: 9.86133%\" width=\"31\">13:10<\/td>\n<td style=\"height: 10px;width: 27.235%\" width=\"98\">Rimon, Oded<\/td>\n<td style=\"height: 10px;width: 64.1718%\" width=\"353\">Optimising methods for maximising evolutionary information content in palaeoproteomics<\/td>\n<\/tr>\n<tr style=\"height: 10px\">\n<td style=\"height: 10px;width: 9.86133%\" width=\"31\">13:20<\/td>\n<td style=\"height: 10px;width: 27.235%\" width=\"98\">Discussion<\/td>\n<td style=\"height: 10px;width: 64.1718%\" width=\"353\"><\/td>\n<\/tr>\n<tr style=\"height: 34px\">\n<td style=\"height: 34px;width: 9.86133%\" width=\"31\">13:50<\/td>\n<td style=\"height: 34px;width: 27.235%\" width=\"98\">Coffee break (20 mins)<\/td>\n<td style=\"height: 34px;width: 64.1718%\" width=\"353\"><\/td>\n<\/tr>\n<tr style=\"height: 28px\">\n<td style=\"height: 28px;width: 37.0963%\" colspan=\"2\" width=\"129\"><b>Subsistence and environment<\/b><\/td>\n<td style=\"height: 28px;width: 64.1718%\" width=\"353\"><b>Chair: Geoff M Smith<\/b><\/td>\n<\/tr>\n<tr style=\"height: 55px\">\n<td style=\"height: 55px;width: 9.86133%\" width=\"31\">14:10<\/td>\n<td style=\"height: 55px;width: 27.235%\" width=\"98\">Wagner, Anna<\/td>\n<td style=\"height: 55px;width: 64.1718%\" width=\"353\">Refining Taxonomic Resolution in an Upper Palaeolithic Faunal Assemblage at Korman\u2019 9 (Ukraine): An Integrated ZooMS Approach<\/td>\n<\/tr>\n<tr style=\"height: 10px\">\n<td style=\"height: 10px;width: 9.86133%\" width=\"31\">14:20<\/td>\n<td style=\"height: 10px;width: 27.235%\" width=\"98\">Agras, Kenan<\/td>\n<td style=\"height: 10px;width: 64.1718%\" width=\"353\">A Geometric Morphometric Approach to Assessing Morphological Variation in Fallow Deer Astragali from \u00dc\u00e7a\u011f\u0131zl\u0131 I and \u00dc\u00e7a\u011f\u0131zl\u0131 II Caves<\/td>\n<\/tr>\n<tr style=\"height: 21px\">\n<td style=\"height: 21px;width: 9.86133%\" width=\"31\">14:30<\/td>\n<td style=\"height: 21px;width: 27.235%\" width=\"98\">Briatico, Giuseppe<\/td>\n<td style=\"height: 21px;width: 64.1718%\" width=\"353\">From fossil teeth to environments and climate: implications for the Pleistocene archaeological records of the Ethiopian highlands<\/td>\n<\/tr>\n<tr style=\"height: 10px\">\n<td style=\"height: 10px;width: 9.86133%\" width=\"31\">14:40<\/td>\n<td style=\"height: 10px;width: 27.235%\" width=\"98\">McCartin, Madison<\/td>\n<td style=\"height: 10px;width: 64.1718%\" width=\"353\">Early human subsistence in northeast Asia: Preliminary results from Tolbor-17 and Tarvagataiin Am (Mongolia)<\/td>\n<\/tr>\n<tr style=\"height: 16px\">\n<td style=\"height: 16px;width: 9.86133%\" width=\"31\">14:50<\/td>\n<td style=\"height: 16px;width: 27.235%\" width=\"98\">Discussion<\/td>\n<td style=\"height: 16px;width: 64.1718%\" width=\"353\"><\/td>\n<\/tr>\n<tr style=\"height: 10px\">\n<td style=\"height: 10px;width: 9.86133%\" width=\"31\">15:15<\/td>\n<td style=\"height: 10px;width: 27.235%\" width=\"98\">Conclusion<\/td>\n<td style=\"height: 10px;width: 64.1718%\" width=\"353\">End 15:45<\/td>\n<\/tr>\n<\/tbody>\n<\/table>\n<p>&nbsp;<\/p>\n<p>&nbsp;<\/p>\n","protected":false},"excerpt":{"rendered":"<p>We are organising an online workshop on Tuesday March 10th 2026 on Maximising data from Palaeolithic bone: methods, integration and application. Bone from Palaeolithic excavations is often very fragmented, limiting&#8230;<a class=\"read-more\" href=\"&#104;&#116;&#116;&#112;&#115;&#58;&#47;&#47;&#114;&#101;&#115;&#101;&#97;&#114;&#99;&#104;&#46;&#114;&#101;&#97;&#100;&#105;&#110;&#103;&#46;&#97;&#99;&#46;&#117;&#107;&#47;&#99;&#111;&#101;&#120;&#105;&#115;&#116;&#47;&#119;&#111;&#114;&#107;&#115;&#104;&#111;&#112;&#47;\">Read More ><\/a><\/p>\n","protected":false},"author":939,"featured_media":0,"parent":0,"menu_order":0,"comment_status":"closed","ping_status":"closed","template":"","meta":{"_acf_changed":false,"_monsterinsights_skip_tracking":false,"_monsterinsights_sitenote_active":false,"_monsterinsights_sitenote_note":"","_monsterinsights_sitenote_category":0,"__cvm_playback_settings":[],"__cvm_video_id":"","footnotes":""},"coauthors":[16],"class_list":["post-674","page","type-page","status-publish","hentry"],"acf":[],"yoast_head":"<!-- This site is optimized with the Yoast SEO plugin v21.8.1 - https:\/\/yoast.com\/wordpress\/plugins\/seo\/ -->\n<title>Workshop - COEXIST<\/title>\n<meta name=\"robots\" content=\"noindex, follow, max-snippet:-1, max-image-preview:large, max-video-preview:-1\" \/>\n<meta property=\"og:locale\" content=\"en_GB\" \/>\n<meta property=\"og:type\" content=\"article\" \/>\n<meta property=\"og:title\" content=\"Workshop - COEXIST\" \/>\n<meta property=\"og:description\" content=\"We are organising an online workshop on Tuesday March 10th 2026 on Maximising data from Palaeolithic bone: methods, integration and application. Bone from Palaeolithic excavations is often very fragmented, limiting...Read More &gt;\" \/>\n<meta property=\"og:url\" content=\"https:\/\/research.reading.ac.uk\/coexist\/workshop\/\" \/>\n<meta property=\"og:site_name\" content=\"COEXIST\" \/>\n<meta property=\"article:modified_time\" content=\"2026-03-05T10:34:56+00:00\" \/>\n<meta name=\"twitter:card\" content=\"summary_large_image\" \/>\n<meta name=\"twitter:label1\" content=\"Estimated reading time\" \/>\n\t<meta name=\"twitter:data1\" content=\"3 minutes\" \/>\n\t<meta name=\"twitter:label2\" content=\"Written by\" \/>\n\t<meta name=\"twitter:data2\" content=\"Karen Ruebens\" \/>\n<script type=\"application\/ld+json\" class=\"yoast-schema-graph\">{\"@context\":\"https:\/\/schema.org\",\"@graph\":[{\"@type\":\"WebPage\",\"@id\":\"https:\/\/research.reading.ac.uk\/coexist\/workshop\/\",\"url\":\"https:\/\/research.reading.ac.uk\/coexist\/workshop\/\",\"name\":\"Workshop - COEXIST\",\"isPartOf\":{\"@id\":\"https:\/\/research.reading.ac.uk\/coexist\/#website\"},\"datePublished\":\"2026-01-26T15:02:06+00:00\",\"dateModified\":\"2026-03-05T10:34:56+00:00\",\"breadcrumb\":{\"@id\":\"https:\/\/research.reading.ac.uk\/coexist\/workshop\/#breadcrumb\"},\"inLanguage\":\"en-GB\",\"potentialAction\":[{\"@type\":\"ReadAction\",\"target\":[\"https:\/\/research.reading.ac.uk\/coexist\/workshop\/\"]}]},{\"@type\":\"BreadcrumbList\",\"@id\":\"https:\/\/research.reading.ac.uk\/coexist\/workshop\/#breadcrumb\",\"itemListElement\":[{\"@type\":\"ListItem\",\"position\":1,\"name\":\"Home\",\"item\":\"https:\/\/research.reading.ac.uk\/coexist\/\"},{\"@type\":\"ListItem\",\"position\":2,\"name\":\"Workshop\"}]},{\"@type\":\"WebSite\",\"@id\":\"https:\/\/research.reading.ac.uk\/coexist\/#website\",\"url\":\"https:\/\/research.reading.ac.uk\/coexist\/\",\"name\":\"COEXIST\",\"description\":\"Neanderthal-Homo sapiens coexistence in central &amp; southeast Europe\",\"potentialAction\":[{\"@type\":\"SearchAction\",\"target\":{\"@type\":\"EntryPoint\",\"urlTemplate\":\"https:\/\/research.reading.ac.uk\/coexist\/?s={search_term_string}\"},\"query-input\":\"required name=search_term_string\"}],\"inLanguage\":\"en-GB\"}]}<\/script>\n<!-- \/ Yoast SEO plugin. -->","yoast_head_json":{"title":"Workshop - COEXIST","robots":{"index":"noindex","follow":"follow","max-snippet":"max-snippet:-1","max-image-preview":"max-image-preview:large","max-video-preview":"max-video-preview:-1"},"og_locale":"en_GB","og_type":"article","og_title":"Workshop - COEXIST","og_description":"We are organising an online workshop on Tuesday March 10th 2026 on Maximising data from Palaeolithic bone: methods, integration and application. Bone from Palaeolithic excavations is often very fragmented, limiting...Read More >","og_url":"https:\/\/research.reading.ac.uk\/coexist\/workshop\/","og_site_name":"COEXIST","article_modified_time":"2026-03-05T10:34:56+00:00","twitter_card":"summary_large_image","twitter_misc":{"Estimated reading time":"3 minutes","Written by":"Karen Ruebens"},"schema":{"@context":"https:\/\/schema.org","@graph":[{"@type":"WebPage","@id":"https:\/\/research.reading.ac.uk\/coexist\/workshop\/","url":"https:\/\/research.reading.ac.uk\/coexist\/workshop\/","name":"Workshop - COEXIST","isPartOf":{"@id":"https:\/\/research.reading.ac.uk\/coexist\/#website"},"datePublished":"2026-01-26T15:02:06+00:00","dateModified":"2026-03-05T10:34:56+00:00","breadcrumb":{"@id":"https:\/\/research.reading.ac.uk\/coexist\/workshop\/#breadcrumb"},"inLanguage":"en-GB","potentialAction":[{"@type":"ReadAction","target":["https:\/\/research.reading.ac.uk\/coexist\/workshop\/"]}]},{"@type":"BreadcrumbList","@id":"https:\/\/research.reading.ac.uk\/coexist\/workshop\/#breadcrumb","itemListElement":[{"@type":"ListItem","position":1,"name":"Home","item":"https:\/\/research.reading.ac.uk\/coexist\/"},{"@type":"ListItem","position":2,"name":"Workshop"}]},{"@type":"WebSite","@id":"https:\/\/research.reading.ac.uk\/coexist\/#website","url":"https:\/\/research.reading.ac.uk\/coexist\/","name":"COEXIST","description":"Neanderthal-Homo sapiens coexistence in central &amp; southeast Europe","potentialAction":[{"@type":"SearchAction","target":{"@type":"EntryPoint","urlTemplate":"https:\/\/research.reading.ac.uk\/coexist\/?s={search_term_string}"},"query-input":"required name=search_term_string"}],"inLanguage":"en-GB"}]}},"_links":{"self":[{"href":"https:\/\/research.reading.ac.uk\/coexist\/wp-json\/wp\/v2\/pages\/674","targetHints":{"allow":["GET"]}}],"collection":[{"href":"https:\/\/research.reading.ac.uk\/coexist\/wp-json\/wp\/v2\/pages"}],"about":[{"href":"https:\/\/research.reading.ac.uk\/coexist\/wp-json\/wp\/v2\/types\/page"}],"author":[{"embeddable":true,"href":"https:\/\/research.reading.ac.uk\/coexist\/wp-json\/wp\/v2\/users\/939"}],"replies":[{"embeddable":true,"href":"https:\/\/research.reading.ac.uk\/coexist\/wp-json\/wp\/v2\/comments?post=674"}],"version-history":[{"count":10,"href":"https:\/\/research.reading.ac.uk\/coexist\/wp-json\/wp\/v2\/pages\/674\/revisions"}],"predecessor-version":[{"id":708,"href":"https:\/\/research.reading.ac.uk\/coexist\/wp-json\/wp\/v2\/pages\/674\/revisions\/708"}],"wp:attachment":[{"href":"https:\/\/research.reading.ac.uk\/coexist\/wp-json\/wp\/v2\/media?parent=674"}],"wp:term":[{"taxonomy":"author","embeddable":true,"href":"https:\/\/research.reading.ac.uk\/coexist\/wp-json\/wp\/v2\/coauthors?post=674"}],"curies":[{"name":"wp","href":"https:\/\/api.w.org\/{rel}","templated":true}]}}