{"id":189,"date":"2018-06-13T11:16:58","date_gmt":"2018-06-13T10:16:58","guid":{"rendered":"https:\/\/research.reading.ac.uk\/conscientious-objection-in-health-care-declaration\/?page_id=189"},"modified":"2018-06-13T16:06:22","modified_gmt":"2018-06-13T15:06:22","slug":"preambulo","status":"publish","type":"page","link":"https:\/\/research.reading.ac.uk\/conscientious-objection-in-health-care-declaration\/preambulo\/","title":{"rendered":"Pre\u00e1mbulo"},"content":{"rendered":"<p><img loading=\"lazy\" decoding=\"async\" class=\"alignnone size-full wp-image-203\" src=\"https:\/\/research.reading.ac.uk\/conscientious-objection-in-health-care-declaration\/wp-content\/uploads\/sites\/44\/icons\/british-flag-icon.png\" alt=\"Union Jack flag\" width=\"32\" height=\"19\" \/>\u00a0<strong><a href=\"https:\/\/research.reading.ac.uk\/conscientious-objection-in-health-care-declaration\/preamble\/\">English version<\/a><\/strong><\/p>\n<p>Quienes firmamos este documento, tanto ciudadanos preocupados como profesionales de la medicina, el derecho y la \u00e9tica, afirmamos que la protecci\u00f3n de la libertad de conciencia y de religi\u00f3n es esencial para una sociedad liberal, plural y tolerante.<\/p>\n<p>En las \u00faltimas d\u00e9cadas, la libertad de conciencia, en general, y de religi\u00f3n, en particular, han sido objeto de ataques permanentes y crecientes en muchas sociedades que profesan ser liberales, plurales y tolerantes. Esto se ve con mayor claridad en el \u00e1mbito de la asistencia sanitaria. Entre estos ataques se encuentran: la sanci\u00f3n o el despido de m\u00e9dicos, enfermeros y otros profesionales de la salud; la sanci\u00f3n financiera a instituciones como residencias geri\u00e1tricas; la obligaci\u00f3n a los empleadores de proveer cobertura m\u00e9dica en asuntos contrarios a la conciencia; pr\u00e1cticas de empleo discriminativas contra los objetores de conciencia en diversas formas de tratamiento m\u00e9dico.<\/p>\n<p>En consecuencia, convocamos a nuestros colegas profesionales y a todos los ciudadanos de las sociedades liberales a a\u00f1adir sus nombres y unirse en apoyo de esta declaraci\u00f3n.<\/p>\n<h2>Firme la declaraci\u00f3n en apoyo de la objeci\u00f3n de conciencia en la asistencia sanitaria<\/h2>\n<p>Manifieste su apoyo con la <strong><a href=\"https:\/\/research.reading.ac.uk\/conscientious-objection-in-health-care-declaration\/firme-la-declaracion\/\">firma de la Declaraci\u00f3n<\/a><\/strong>.<\/p>\n","protected":false},"excerpt":{"rendered":"<p>\u00a0English version Quienes firmamos este documento, tanto ciudadanos preocupados como profesionales de la medicina, el derecho y la \u00e9tica, afirmamos que la protecci\u00f3n de la libertad de conciencia y de&#8230;<a class=\"read-more\" href=\"&#104;&#116;&#116;&#112;&#115;&#58;&#47;&#47;&#114;&#101;&#115;&#101;&#97;&#114;&#99;&#104;&#46;&#114;&#101;&#97;&#100;&#105;&#110;&#103;&#46;&#97;&#99;&#46;&#117;&#107;&#47;&#99;&#111;&#110;&#115;&#99;&#105;&#101;&#110;&#116;&#105;&#111;&#117;&#115;&#45;&#111;&#98;&#106;&#101;&#99;&#116;&#105;&#111;&#110;&#45;&#105;&#110;&#45;&#104;&#101;&#97;&#108;&#116;&#104;&#45;&#99;&#97;&#114;&#101;&#45;&#100;&#101;&#99;&#108;&#97;&#114;&#97;&#116;&#105;&#111;&#110;&#47;&#112;&#114;&#101;&#97;&#109;&#98;&#117;&#108;&#111;&#47;\">Read More ><\/a><\/p>\n","protected":false},"author":8,"featured_media":0,"parent":0,"menu_order":0,"comment_status":"closed","ping_status":"closed","template":"","meta":{"_acf_changed":false,"_monsterinsights_skip_tracking":false,"_monsterinsights_sitenote_active":false,"_monsterinsights_sitenote_note":"","_monsterinsights_sitenote_category":0,"__cvm_playback_settings":[],"__cvm_video_id":"","footnotes":"","_links_to":"","_links_to_target":""},"class_list":["post-189","page","type-page","status-publish","hentry"],"acf":[],"yoast_head":"<!-- This site is optimized with the Yoast SEO plugin v21.8.1 - https:\/\/yoast.com\/wordpress\/plugins\/seo\/ -->\n<title>Pre\u00e1mbulo - Declaration in Support of Conscientious Objection in Health Care<\/title>\n<meta name=\"robots\" content=\"index, follow, max-snippet:-1, max-image-preview:large, max-video-preview:-1\" \/>\n<link rel=\"canonical\" href=\"https:\/\/research.reading.ac.uk\/conscientious-objection-in-health-care-declaration\/preambulo\/\" \/>\n<meta property=\"og:locale\" content=\"en_GB\" \/>\n<meta property=\"og:type\" content=\"article\" \/>\n<meta property=\"og:title\" content=\"Pre\u00e1mbulo - Declaration in Support of Conscientious Objection in Health Care\" \/>\n<meta property=\"og:description\" content=\"\u00a0English version Quienes firmamos este documento, tanto ciudadanos preocupados como profesionales de la medicina, el derecho y la \u00e9tica, afirmamos que la protecci\u00f3n de la libertad de conciencia y de...Read More &gt;\" \/>\n<meta property=\"og:url\" content=\"https:\/\/research.reading.ac.uk\/conscientious-objection-in-health-care-declaration\/preambulo\/\" \/>\n<meta property=\"og:site_name\" content=\"Declaration in Support of Conscientious Objection in Health Care\" \/>\n<meta property=\"article:modified_time\" content=\"2018-06-13T15:06:22+00:00\" \/>\n<meta property=\"og:image\" content=\"https:\/\/research.reading.ac.uk\/conscientious-objection-in-health-care-declaration\/wp-content\/uploads\/sites\/44\/icons\/british-flag-icon.png\" \/>\n<meta name=\"twitter:card\" content=\"summary_large_image\" \/>\n<meta name=\"twitter:label1\" content=\"Estimated reading time\" \/>\n\t<meta name=\"twitter:data1\" content=\"1 minute\" \/>\n<script type=\"application\/ld+json\" class=\"yoast-schema-graph\">{\"@context\":\"https:\/\/schema.org\",\"@graph\":[{\"@type\":\"WebPage\",\"@id\":\"https:\/\/research.reading.ac.uk\/conscientious-objection-in-health-care-declaration\/preambulo\/\",\"url\":\"https:\/\/research.reading.ac.uk\/conscientious-objection-in-health-care-declaration\/preambulo\/\",\"name\":\"Pre\u00e1mbulo - Declaration in Support of Conscientious Objection in Health Care\",\"isPartOf\":{\"@id\":\"https:\/\/research.reading.ac.uk\/conscientious-objection-in-health-care-declaration\/#website\"},\"datePublished\":\"2018-06-13T10:16:58+00:00\",\"dateModified\":\"2018-06-13T15:06:22+00:00\",\"breadcrumb\":{\"@id\":\"https:\/\/research.reading.ac.uk\/conscientious-objection-in-health-care-declaration\/preambulo\/#breadcrumb\"},\"inLanguage\":\"en-GB\",\"potentialAction\":[{\"@type\":\"ReadAction\",\"target\":[\"https:\/\/research.reading.ac.uk\/conscientious-objection-in-health-care-declaration\/preambulo\/\"]}]},{\"@type\":\"BreadcrumbList\",\"@id\":\"https:\/\/research.reading.ac.uk\/conscientious-objection-in-health-care-declaration\/preambulo\/#breadcrumb\",\"itemListElement\":[{\"@type\":\"ListItem\",\"position\":1,\"name\":\"Home\",\"item\":\"https:\/\/research.reading.ac.uk\/conscientious-objection-in-health-care-declaration\/\"},{\"@type\":\"ListItem\",\"position\":2,\"name\":\"Pre\u00e1mbulo\"}]},{\"@type\":\"WebSite\",\"@id\":\"https:\/\/research.reading.ac.uk\/conscientious-objection-in-health-care-declaration\/#website\",\"url\":\"https:\/\/research.reading.ac.uk\/conscientious-objection-in-health-care-declaration\/\",\"name\":\"Declaration in Support of Conscientious Objection in Health Care\",\"description\":\"\",\"potentialAction\":[{\"@type\":\"SearchAction\",\"target\":{\"@type\":\"EntryPoint\",\"urlTemplate\":\"https:\/\/research.reading.ac.uk\/conscientious-objection-in-health-care-declaration\/?s={search_term_string}\"},\"query-input\":\"required name=search_term_string\"}],\"inLanguage\":\"en-GB\"}]}<\/script>\n<!-- \/ Yoast SEO plugin. -->","yoast_head_json":{"title":"Pre\u00e1mbulo - Declaration in Support of Conscientious Objection in Health Care","robots":{"index":"index","follow":"follow","max-snippet":"max-snippet:-1","max-image-preview":"max-image-preview:large","max-video-preview":"max-video-preview:-1"},"canonical":"https:\/\/research.reading.ac.uk\/conscientious-objection-in-health-care-declaration\/preambulo\/","og_locale":"en_GB","og_type":"article","og_title":"Pre\u00e1mbulo - Declaration in Support of Conscientious Objection in Health Care","og_description":"\u00a0English version Quienes firmamos este documento, tanto ciudadanos preocupados como profesionales de la medicina, el derecho y la \u00e9tica, afirmamos que la protecci\u00f3n de la libertad de conciencia y de...Read More >","og_url":"https:\/\/research.reading.ac.uk\/conscientious-objection-in-health-care-declaration\/preambulo\/","og_site_name":"Declaration in Support of Conscientious Objection in Health Care","article_modified_time":"2018-06-13T15:06:22+00:00","og_image":[{"url":"https:\/\/research.reading.ac.uk\/conscientious-objection-in-health-care-declaration\/wp-content\/uploads\/sites\/44\/icons\/british-flag-icon.png"}],"twitter_card":"summary_large_image","twitter_misc":{"Estimated reading time":"1 minute"},"schema":{"@context":"https:\/\/schema.org","@graph":[{"@type":"WebPage","@id":"https:\/\/research.reading.ac.uk\/conscientious-objection-in-health-care-declaration\/preambulo\/","url":"https:\/\/research.reading.ac.uk\/conscientious-objection-in-health-care-declaration\/preambulo\/","name":"Pre\u00e1mbulo - Declaration in Support of Conscientious Objection in Health Care","isPartOf":{"@id":"https:\/\/research.reading.ac.uk\/conscientious-objection-in-health-care-declaration\/#website"},"datePublished":"2018-06-13T10:16:58+00:00","dateModified":"2018-06-13T15:06:22+00:00","breadcrumb":{"@id":"https:\/\/research.reading.ac.uk\/conscientious-objection-in-health-care-declaration\/preambulo\/#breadcrumb"},"inLanguage":"en-GB","potentialAction":[{"@type":"ReadAction","target":["https:\/\/research.reading.ac.uk\/conscientious-objection-in-health-care-declaration\/preambulo\/"]}]},{"@type":"BreadcrumbList","@id":"https:\/\/research.reading.ac.uk\/conscientious-objection-in-health-care-declaration\/preambulo\/#breadcrumb","itemListElement":[{"@type":"ListItem","position":1,"name":"Home","item":"https:\/\/research.reading.ac.uk\/conscientious-objection-in-health-care-declaration\/"},{"@type":"ListItem","position":2,"name":"Pre\u00e1mbulo"}]},{"@type":"WebSite","@id":"https:\/\/research.reading.ac.uk\/conscientious-objection-in-health-care-declaration\/#website","url":"https:\/\/research.reading.ac.uk\/conscientious-objection-in-health-care-declaration\/","name":"Declaration in Support of Conscientious Objection in Health Care","description":"","potentialAction":[{"@type":"SearchAction","target":{"@type":"EntryPoint","urlTemplate":"https:\/\/research.reading.ac.uk\/conscientious-objection-in-health-care-declaration\/?s={search_term_string}"},"query-input":"required name=search_term_string"}],"inLanguage":"en-GB"}]}},"_links":{"self":[{"href":"https:\/\/research.reading.ac.uk\/conscientious-objection-in-health-care-declaration\/wp-json\/wp\/v2\/pages\/189","targetHints":{"allow":["GET"]}}],"collection":[{"href":"https:\/\/research.reading.ac.uk\/conscientious-objection-in-health-care-declaration\/wp-json\/wp\/v2\/pages"}],"about":[{"href":"https:\/\/research.reading.ac.uk\/conscientious-objection-in-health-care-declaration\/wp-json\/wp\/v2\/types\/page"}],"author":[{"embeddable":true,"href":"https:\/\/research.reading.ac.uk\/conscientious-objection-in-health-care-declaration\/wp-json\/wp\/v2\/users\/8"}],"replies":[{"embeddable":true,"href":"https:\/\/research.reading.ac.uk\/conscientious-objection-in-health-care-declaration\/wp-json\/wp\/v2\/comments?post=189"}],"version-history":[{"count":6,"href":"https:\/\/research.reading.ac.uk\/conscientious-objection-in-health-care-declaration\/wp-json\/wp\/v2\/pages\/189\/revisions"}],"predecessor-version":[{"id":244,"href":"https:\/\/research.reading.ac.uk\/conscientious-objection-in-health-care-declaration\/wp-json\/wp\/v2\/pages\/189\/revisions\/244"}],"wp:attachment":[{"href":"https:\/\/research.reading.ac.uk\/conscientious-objection-in-health-care-declaration\/wp-json\/wp\/v2\/media?parent=189"}],"curies":[{"name":"wp","href":"https:\/\/api.w.org\/{rel}","templated":true}]}}