{"id":196,"date":"2018-06-13T10:52:29","date_gmt":"2018-06-13T09:52:29","guid":{"rendered":"https:\/\/research.reading.ac.uk\/conscientious-objection-in-health-care-declaration\/?page_id=196"},"modified":"2018-06-13T16:05:19","modified_gmt":"2018-06-13T15:05:19","slug":"firme-la-declaracion","status":"publish","type":"page","link":"https:\/\/research.reading.ac.uk\/conscientious-objection-in-health-care-declaration\/firme-la-declaracion\/","title":{"rendered":"Firme la Declaraci\u00f3n"},"content":{"rendered":"<p><img loading=\"lazy\" decoding=\"async\" class=\"alignnone size-full wp-image-203\" src=\"https:\/\/research.reading.ac.uk\/conscientious-objection-in-health-care-declaration\/wp-content\/uploads\/sites\/44\/icons\/british-flag-icon.png\" alt=\"Union Jack flag\" width=\"32\" height=\"19\" \/>\u00a0<strong><a href=\"https:\/\/research.reading.ac.uk\/conscientious-objection-in-health-care-declaration\/sign\/\">English version<\/a><\/strong><\/p>\n<p>Al presentar este formulario, la informaci\u00f3n que ingrese en los campos de t\u00edtulo, nombre y afiliaci\u00f3n ser\u00e1n visibles al p\u00fablico en la <a href=\"https:\/\/research.reading.ac.uk\/conscientious-objection-in-health-care-declaration\/signatories-list\/\">p\u00e1gina de la lista de firmantes<\/a>. El campo de informaci\u00f3n profesional es opcional, pero toda informaci\u00f3n que ingrese en \u00e9l tambi\u00e9n se publicar\u00e1 en la misma lista.<\/p>\n<p>La informaci\u00f3n de correo electr\u00f3nico no ser\u00e1 publicada. Sin embargo, quiz\u00e1s utilice su correo electr\u00f3nico para enviarle informaci\u00f3n sobre la Declaraci\u00f3n, como la cobertura medi\u00e1tica que reciba. Al ingresar su direcci\u00f3n de correo electr\u00f3nico y presentar el formulario, aceptar\u00e1 estas condiciones.<\/p>\n<p>La informaci\u00f3n sobre su pa\u00eds de residencia no ser\u00e1 publicada. El prop\u00f3sito de recabar esta informaci\u00f3n es demostrar apoyo a la protecci\u00f3n de la libertad de conciencia en la asistencia sanitaria, con el objetivo de atraer la atenci\u00f3n de los legisladores y pol\u00edticos del Reino Unido, la Uni\u00f3n Europea, Estados Unidos de Am\u00e9rica, Canad\u00e1 y otros pa\u00edses.<\/p>\n<p>Si desea actualizar sus detalles o ser retirado de la lista, por favor contacte a David S. Oderberg (<a href=\"mailto:d.s.oderberg@reading.ac.uk\">d.s.oderberg@reading.ac.uk<\/a>).<\/p>\n<p>Firme la declaraci\u00f3n en apoyo de la objeci\u00f3n de conciencia en la asistencia sanitaria<\/p>\n<p>Si no posee t\u00edtulo ni\/o afiliaci\u00f3n profesional, escriba \u00abninguno\u00bb en estos campos.<\/p>\n<ul>\n<li><strong>[First Name]<\/strong> Nombre<\/li>\n<li><strong>[Last Name]<\/strong> Apellido<\/li>\n<li><strong>[Title]<\/strong> T\u00edtulo<\/li>\n<li><strong>[Professional affiliation]<\/strong> Afiliaci\u00f3n profesional<\/li>\n<li><strong>[Further professional info (optional)]<\/strong> Otra informaci\u00f3n profesional (opcional)<\/li>\n<li><strong>[Email]<\/strong> Correo electr\u00f3nico<\/li>\n<li><strong>[Country]<\/strong> Pa\u00eds<\/li>\n<li><strong>[Sign Up]<\/strong> Firmar<\/li>\n<\/ul>\n<div class=\"wrap pdb-signup pdb-instance-2\" >\n\n    <form method=\"post\" enctype=\"multipart\/form-data\"  autocomplete=\"off\" action=\"\/conscientious-objection-in-health-care-declaration\/wp-json\/wp\/v2\/pages\/196\" ><input name=\"action\" type=\"hidden\" value=\"signup\" \/>\n\n<input name=\"subsource\" type=\"hidden\" value=\"participants-database\" \/>\n\n<input name=\"shortcode_page\" type=\"hidden\" value=\"\/conscientious-objection-in-health-care-declaration\/wp-json\/wp\/v2\/pages\/196\" \/>\n\n<input name=\"thanks_page\" type=\"hidden\" value=\"https:\/\/research.reading.ac.uk\/conscientious-objection-in-health-care-declaration\/confirmation\/\" \/>\n\n<input name=\"instance_index\" type=\"hidden\" value=\"2\" \/>\n\n<input name=\"pdb_data_keys\" type=\"hidden\" value=\"1.2.20.21.22.9.6\" \/>\n\n<input name=\"session_hash\" type=\"hidden\" value=\"2e62838da1\" \/>\n\n    <table class=\"form-table pdb-signup\">\n\n      \n      <tbody class=\"field-group field-group-main\">\n        \n                \n        \n        <tr class=\"text-line first_name-input-group\">\n\n          <th for=\"pdb-first_name-2\">First Name<\/th>\n\n          <td>\n\n            <input name=\"first_name\" id=\"pdb-first_name-2\" class=\"required-field regular-text\" type=\"text\" value=\"\" \/>\n\n                        \n          <\/td>\n\n        <\/tr>\n  \n        \n        <tr class=\"text-line last_name-input-group\">\n\n          <th for=\"pdb-last_name-2\">Last Name<\/th>\n\n          <td>\n\n            <input name=\"last_name\" id=\"pdb-last_name-2\" class=\"required-field regular-text\" type=\"text\" value=\"\" \/>\n\n                        \n          <\/td>\n\n        <\/tr>\n  \n        \n        <tr class=\"text-line title-input-group\">\n\n          <th for=\"pdb-title-2\">Title<\/th>\n\n          <td>\n\n            <input name=\"title\" id=\"pdb-title-2\" class=\"required-field regular-text\" type=\"text\" value=\"\" \/>\n\n                        \n          <\/td>\n\n        <\/tr>\n  \n        \n        <tr class=\"text-area professional_affiliation-input-group\">\n\n          <th for=\"pdb-professional_affiliation-2\">Professional affiliation<\/th>\n\n          <td>\n\n            <textarea name=\"professional_affiliation\" rows=\"2\" cols=\"40\" id=\"pdb-professional_affiliation-2\" class=\"required-field\"><\/textarea>\n\n                        \n          <\/td>\n\n        <\/tr>\n  \n        \n        <tr class=\"text-area further_professional_info_optional-input-group\">\n\n          <th for=\"pdb-further_professional_info_optional-2\">Further professional info (optional)<\/th>\n\n          <td>\n\n            <textarea name=\"further_professional_info_optional\" rows=\"2\" cols=\"40\" id=\"pdb-further_professional_info_optional-2\"><\/textarea>\n\n                        \n          <\/td>\n\n        <\/tr>\n  \n        \n        <tr class=\"text-line email-input-group\">\n\n          <th for=\"pdb-email-2\">Email<\/th>\n\n          <td>\n\n            <input name=\"email\" id=\"pdb-email-2\" class=\"required-field regular-text\" type=\"text\" value=\"\" \/>\n\n                        \n          <\/td>\n\n        <\/tr>\n  \n        \n        <tr class=\"text-line country-input-group\">\n\n          <th for=\"pdb-country-2\">Country<\/th>\n\n          <td>\n\n            <input name=\"country\" id=\"pdb-country-2\" class=\"required-field regular-text\" type=\"text\" value=\"\" \/>\n\n                        \n          <\/td>\n\n        <\/tr>\n  \n                \n        <\/tbody>\n\n            \n        <tbody class=\"field-group field-group-submit\">\n      \n        <tr>\n          <td class=\"submit-buttons\">\n            \n           <input name=\"submit_button\" class=\"button-primary pdb-submit\" type=\"submit\" value=\"Sign Up\" \/>\n            \n          <\/td>\n          <td class=\"submit-buttons\">\n            \n                      \n          <\/td>\n        <\/tr>\n        \n      <\/tbody>\n      \n    <\/table>\n    \n  <\/form>  \n<\/div>\n","protected":false},"excerpt":{"rendered":"<p>\u00a0English version Al presentar este formulario, la informaci\u00f3n que ingrese en los campos de t\u00edtulo, nombre y afiliaci\u00f3n ser\u00e1n visibles al p\u00fablico en la p\u00e1gina de la lista de firmantes&#8230;.<a class=\"read-more\" href=\"&#104;&#116;&#116;&#112;&#115;&#58;&#47;&#47;&#114;&#101;&#115;&#101;&#97;&#114;&#99;&#104;&#46;&#114;&#101;&#97;&#100;&#105;&#110;&#103;&#46;&#97;&#99;&#46;&#117;&#107;&#47;&#99;&#111;&#110;&#115;&#99;&#105;&#101;&#110;&#116;&#105;&#111;&#117;&#115;&#45;&#111;&#98;&#106;&#101;&#99;&#116;&#105;&#111;&#110;&#45;&#105;&#110;&#45;&#104;&#101;&#97;&#108;&#116;&#104;&#45;&#99;&#97;&#114;&#101;&#45;&#100;&#101;&#99;&#108;&#97;&#114;&#97;&#116;&#105;&#111;&#110;&#47;&#102;&#105;&#114;&#109;&#101;&#45;&#108;&#97;&#45;&#100;&#101;&#99;&#108;&#97;&#114;&#97;&#99;&#105;&#111;&#110;&#47;\">Read More ><\/a><\/p>\n","protected":false},"author":8,"featured_media":0,"parent":0,"menu_order":0,"comment_status":"closed","ping_status":"closed","template":"","meta":{"_acf_changed":false,"_monsterinsights_skip_tracking":false,"_monsterinsights_sitenote_active":false,"_monsterinsights_sitenote_note":"","_monsterinsights_sitenote_category":0,"__cvm_playback_settings":[],"__cvm_video_id":"","footnotes":"","_links_to":"","_links_to_target":""},"class_list":["post-196","page","type-page","status-publish","hentry"],"acf":[],"yoast_head":"<!-- This site is optimized with the Yoast SEO plugin v21.8.1 - https:\/\/yoast.com\/wordpress\/plugins\/seo\/ -->\n<title>Firme la Declaraci\u00f3n - Declaration in Support of Conscientious Objection in Health Care<\/title>\n<meta name=\"robots\" content=\"index, follow, max-snippet:-1, max-image-preview:large, max-video-preview:-1\" \/>\n<link rel=\"canonical\" href=\"https:\/\/research.reading.ac.uk\/conscientious-objection-in-health-care-declaration\/firme-la-declaracion\/\" \/>\n<meta property=\"og:locale\" content=\"en_GB\" \/>\n<meta property=\"og:type\" content=\"article\" \/>\n<meta property=\"og:title\" content=\"Firme la Declaraci\u00f3n - Declaration in Support of Conscientious Objection in Health Care\" \/>\n<meta property=\"og:description\" content=\"\u00a0English version Al presentar este formulario, la informaci\u00f3n que ingrese en los campos de t\u00edtulo, nombre y afiliaci\u00f3n ser\u00e1n visibles al p\u00fablico en la p\u00e1gina de la lista de firmantes....Read More &gt;\" \/>\n<meta property=\"og:url\" content=\"https:\/\/research.reading.ac.uk\/conscientious-objection-in-health-care-declaration\/firme-la-declaracion\/\" \/>\n<meta property=\"og:site_name\" content=\"Declaration in Support of Conscientious Objection in Health Care\" \/>\n<meta property=\"article:modified_time\" content=\"2018-06-13T15:05:19+00:00\" \/>\n<meta property=\"og:image\" content=\"https:\/\/research.reading.ac.uk\/conscientious-objection-in-health-care-declaration\/wp-content\/uploads\/sites\/44\/icons\/british-flag-icon.png\" \/>\n<meta name=\"twitter:card\" content=\"summary_large_image\" \/>\n<meta name=\"twitter:label1\" content=\"Estimated reading time\" \/>\n\t<meta name=\"twitter:data1\" content=\"1 minute\" \/>\n<script type=\"application\/ld+json\" class=\"yoast-schema-graph\">{\"@context\":\"https:\/\/schema.org\",\"@graph\":[{\"@type\":\"WebPage\",\"@id\":\"https:\/\/research.reading.ac.uk\/conscientious-objection-in-health-care-declaration\/firme-la-declaracion\/\",\"url\":\"https:\/\/research.reading.ac.uk\/conscientious-objection-in-health-care-declaration\/firme-la-declaracion\/\",\"name\":\"Firme la Declaraci\u00f3n - Declaration in Support of Conscientious Objection in Health Care\",\"isPartOf\":{\"@id\":\"https:\/\/research.reading.ac.uk\/conscientious-objection-in-health-care-declaration\/#website\"},\"datePublished\":\"2018-06-13T09:52:29+00:00\",\"dateModified\":\"2018-06-13T15:05:19+00:00\",\"breadcrumb\":{\"@id\":\"https:\/\/research.reading.ac.uk\/conscientious-objection-in-health-care-declaration\/firme-la-declaracion\/#breadcrumb\"},\"inLanguage\":\"en-GB\",\"potentialAction\":[{\"@type\":\"ReadAction\",\"target\":[\"https:\/\/research.reading.ac.uk\/conscientious-objection-in-health-care-declaration\/firme-la-declaracion\/\"]}]},{\"@type\":\"BreadcrumbList\",\"@id\":\"https:\/\/research.reading.ac.uk\/conscientious-objection-in-health-care-declaration\/firme-la-declaracion\/#breadcrumb\",\"itemListElement\":[{\"@type\":\"ListItem\",\"position\":1,\"name\":\"Home\",\"item\":\"https:\/\/research.reading.ac.uk\/conscientious-objection-in-health-care-declaration\/\"},{\"@type\":\"ListItem\",\"position\":2,\"name\":\"Firme la Declaraci\u00f3n\"}]},{\"@type\":\"WebSite\",\"@id\":\"https:\/\/research.reading.ac.uk\/conscientious-objection-in-health-care-declaration\/#website\",\"url\":\"https:\/\/research.reading.ac.uk\/conscientious-objection-in-health-care-declaration\/\",\"name\":\"Declaration in Support of Conscientious Objection in Health Care\",\"description\":\"\",\"potentialAction\":[{\"@type\":\"SearchAction\",\"target\":{\"@type\":\"EntryPoint\",\"urlTemplate\":\"https:\/\/research.reading.ac.uk\/conscientious-objection-in-health-care-declaration\/?s={search_term_string}\"},\"query-input\":\"required name=search_term_string\"}],\"inLanguage\":\"en-GB\"}]}<\/script>\n<!-- \/ Yoast SEO plugin. -->","yoast_head_json":{"title":"Firme la Declaraci\u00f3n - Declaration in Support of Conscientious Objection in Health Care","robots":{"index":"index","follow":"follow","max-snippet":"max-snippet:-1","max-image-preview":"max-image-preview:large","max-video-preview":"max-video-preview:-1"},"canonical":"https:\/\/research.reading.ac.uk\/conscientious-objection-in-health-care-declaration\/firme-la-declaracion\/","og_locale":"en_GB","og_type":"article","og_title":"Firme la Declaraci\u00f3n - Declaration in Support of Conscientious Objection in Health Care","og_description":"\u00a0English version Al presentar este formulario, la informaci\u00f3n que ingrese en los campos de t\u00edtulo, nombre y afiliaci\u00f3n ser\u00e1n visibles al p\u00fablico en la p\u00e1gina de la lista de firmantes....Read More >","og_url":"https:\/\/research.reading.ac.uk\/conscientious-objection-in-health-care-declaration\/firme-la-declaracion\/","og_site_name":"Declaration in Support of Conscientious Objection in Health Care","article_modified_time":"2018-06-13T15:05:19+00:00","og_image":[{"url":"https:\/\/research.reading.ac.uk\/conscientious-objection-in-health-care-declaration\/wp-content\/uploads\/sites\/44\/icons\/british-flag-icon.png"}],"twitter_card":"summary_large_image","twitter_misc":{"Estimated reading time":"1 minute"},"schema":{"@context":"https:\/\/schema.org","@graph":[{"@type":"WebPage","@id":"https:\/\/research.reading.ac.uk\/conscientious-objection-in-health-care-declaration\/firme-la-declaracion\/","url":"https:\/\/research.reading.ac.uk\/conscientious-objection-in-health-care-declaration\/firme-la-declaracion\/","name":"Firme la Declaraci\u00f3n - Declaration in Support of Conscientious Objection in Health Care","isPartOf":{"@id":"https:\/\/research.reading.ac.uk\/conscientious-objection-in-health-care-declaration\/#website"},"datePublished":"2018-06-13T09:52:29+00:00","dateModified":"2018-06-13T15:05:19+00:00","breadcrumb":{"@id":"https:\/\/research.reading.ac.uk\/conscientious-objection-in-health-care-declaration\/firme-la-declaracion\/#breadcrumb"},"inLanguage":"en-GB","potentialAction":[{"@type":"ReadAction","target":["https:\/\/research.reading.ac.uk\/conscientious-objection-in-health-care-declaration\/firme-la-declaracion\/"]}]},{"@type":"BreadcrumbList","@id":"https:\/\/research.reading.ac.uk\/conscientious-objection-in-health-care-declaration\/firme-la-declaracion\/#breadcrumb","itemListElement":[{"@type":"ListItem","position":1,"name":"Home","item":"https:\/\/research.reading.ac.uk\/conscientious-objection-in-health-care-declaration\/"},{"@type":"ListItem","position":2,"name":"Firme la Declaraci\u00f3n"}]},{"@type":"WebSite","@id":"https:\/\/research.reading.ac.uk\/conscientious-objection-in-health-care-declaration\/#website","url":"https:\/\/research.reading.ac.uk\/conscientious-objection-in-health-care-declaration\/","name":"Declaration in Support of Conscientious Objection in Health Care","description":"","potentialAction":[{"@type":"SearchAction","target":{"@type":"EntryPoint","urlTemplate":"https:\/\/research.reading.ac.uk\/conscientious-objection-in-health-care-declaration\/?s={search_term_string}"},"query-input":"required name=search_term_string"}],"inLanguage":"en-GB"}]}},"_links":{"self":[{"href":"https:\/\/research.reading.ac.uk\/conscientious-objection-in-health-care-declaration\/wp-json\/wp\/v2\/pages\/196","targetHints":{"allow":["GET"]}}],"collection":[{"href":"https:\/\/research.reading.ac.uk\/conscientious-objection-in-health-care-declaration\/wp-json\/wp\/v2\/pages"}],"about":[{"href":"https:\/\/research.reading.ac.uk\/conscientious-objection-in-health-care-declaration\/wp-json\/wp\/v2\/types\/page"}],"author":[{"embeddable":true,"href":"https:\/\/research.reading.ac.uk\/conscientious-objection-in-health-care-declaration\/wp-json\/wp\/v2\/users\/8"}],"replies":[{"embeddable":true,"href":"https:\/\/research.reading.ac.uk\/conscientious-objection-in-health-care-declaration\/wp-json\/wp\/v2\/comments?post=196"}],"version-history":[{"count":6,"href":"https:\/\/research.reading.ac.uk\/conscientious-objection-in-health-care-declaration\/wp-json\/wp\/v2\/pages\/196\/revisions"}],"predecessor-version":[{"id":239,"href":"https:\/\/research.reading.ac.uk\/conscientious-objection-in-health-care-declaration\/wp-json\/wp\/v2\/pages\/196\/revisions\/239"}],"wp:attachment":[{"href":"https:\/\/research.reading.ac.uk\/conscientious-objection-in-health-care-declaration\/wp-json\/wp\/v2\/media?parent=196"}],"curies":[{"name":"wp","href":"https:\/\/api.w.org\/{rel}","templated":true}]}}