{"id":200,"date":"2018-06-13T11:12:51","date_gmt":"2018-06-13T10:12:51","guid":{"rendered":"https:\/\/research.reading.ac.uk\/conscientious-objection-in-health-care-declaration\/?page_id=200"},"modified":"2018-06-13T16:06:29","modified_gmt":"2018-06-13T15:06:29","slug":"preguntas-frecuentes","status":"publish","type":"page","link":"https:\/\/research.reading.ac.uk\/conscientious-objection-in-health-care-declaration\/preguntas-frecuentes\/","title":{"rendered":"Preguntas frecuentes"},"content":{"rendered":"<p><img loading=\"lazy\" decoding=\"async\" class=\"alignnone size-full wp-image-203\" src=\"https:\/\/research.reading.ac.uk\/conscientious-objection-in-health-care-declaration\/wp-content\/uploads\/sites\/44\/icons\/british-flag-icon.png\" alt=\"Union Jack flag\" width=\"32\" height=\"19\" \/>\u00a0<strong><a href=\"https:\/\/research.reading.ac.uk\/conscientious-objection-in-health-care-declaration\/faqs\/\">English version<\/a><\/strong><\/p>\n<p><strong>P. \u00bfSupone la libertad de conciencia tener la libertad de discriminar de manera injusta a una persona o grupo?<\/strong><\/p>\n<p>R. No. Se debe distinguir entre objetar a la realizaci\u00f3n de cierta <em>actividad<\/em> o pr\u00e1ctica por cuestiones morales o religiosas y la discriminaci\u00f3n directa contra las <em>personas<\/em>, ya sea de manera individual o grupal, en base a su identidad, antecedentes o creencias personales.<\/p>\n<p><strong>P. \u00bfSupone la libertad de conciencia tener la libertad de no participar en actividades o pr\u00e1cticas que contribuyan de manera manifiesta y bajo cualquier interpretaci\u00f3n razonable a la salud individual o p\u00fablica?<\/strong><\/p>\n<p>R. No. Tal como negarse a pagar impuestos o contribuir a la seguridad nacional es inconsistente con el deber ciudadano, negarse a realizar un acto que claramente contribuye a la salud es inconsistente con los deberes propios de un profesional de la salud.<\/p>\n<p><strong>P. \u00bfSupone la libertad de conciencia tener el derecho a <em>hacer<\/em> ciertas cosas, como realizar procedimientos a pacientes, incluso contra su voluntad?<\/strong><\/p>\n<p>R. La libertad de conciencia y de religi\u00f3n en la asistencia sanitaria se trata principalmente del derecho a <em>no realizar o no participar<\/em> en cierta actividad o pr\u00e1ctica. No suele tratarse (o seg\u00fan algunos, no se trata en absoluto) del derecho a <em>realizar<\/em> cierto acto o hacer algo a un paciente por razones de conciencia, sin perjuicio de que el paciente acepte el tratamiento o no. <em>Podr\u00edan<\/em> darse casos en los que tambi\u00e9n exista un derecho de hacer algo, pero ser\u00edan excepcionales y estar\u00edan sujetos por su propia naturaleza a una presunci\u00f3n mucho m\u00e1s <em>d\u00e9bil<\/em> en favor de los derechos de conciencia.<\/p>\n<p><strong>P. \u00bfSupone la libertad de conciencia tener el derecho a hacer algo para <em>evitar<\/em> que un paciente reciba de manos de otro profesional el tratamiento o procedimiento que el objetor se niega a realizar?<\/strong><\/p>\n<p>R. No. Solo supone el derecho a <em>omitir<\/em> la participaci\u00f3n o la asistencia, incluyendo las derivaciones, ya que se trata de un acto de cooperaci\u00f3n con el que discrepan la mayor\u00eda de los objetores de conciencia.<\/p>\n<h2>Firme la declaraci\u00f3n en apoyo de la objeci\u00f3n de conciencia en la asistencia sanitaria<\/h2>\n<p>Manifieste su apoyo con la <strong><a href=\"https:\/\/research.reading.ac.uk\/conscientious-objection-in-health-care-declaration\/firme-la-declaracion\/\">firma de la declaraci\u00f3n<\/a><\/strong>.<\/p>\n","protected":false},"excerpt":{"rendered":"<p>\u00a0English version P. \u00bfSupone la libertad de conciencia tener la libertad de discriminar de manera injusta a una persona o grupo? R. No. Se debe distinguir entre objetar a la&#8230;<a class=\"read-more\" href=\"&#104;&#116;&#116;&#112;&#115;&#58;&#47;&#47;&#114;&#101;&#115;&#101;&#97;&#114;&#99;&#104;&#46;&#114;&#101;&#97;&#100;&#105;&#110;&#103;&#46;&#97;&#99;&#46;&#117;&#107;&#47;&#99;&#111;&#110;&#115;&#99;&#105;&#101;&#110;&#116;&#105;&#111;&#117;&#115;&#45;&#111;&#98;&#106;&#101;&#99;&#116;&#105;&#111;&#110;&#45;&#105;&#110;&#45;&#104;&#101;&#97;&#108;&#116;&#104;&#45;&#99;&#97;&#114;&#101;&#45;&#100;&#101;&#99;&#108;&#97;&#114;&#97;&#116;&#105;&#111;&#110;&#47;&#112;&#114;&#101;&#103;&#117;&#110;&#116;&#97;&#115;&#45;&#102;&#114;&#101;&#99;&#117;&#101;&#110;&#116;&#101;&#115;&#47;\">Read More ><\/a><\/p>\n","protected":false},"author":8,"featured_media":0,"parent":0,"menu_order":0,"comment_status":"closed","ping_status":"closed","template":"","meta":{"_acf_changed":false,"_monsterinsights_skip_tracking":false,"_monsterinsights_sitenote_active":false,"_monsterinsights_sitenote_note":"","_monsterinsights_sitenote_category":0,"__cvm_playback_settings":[],"__cvm_video_id":"","footnotes":"","_links_to":"","_links_to_target":""},"class_list":["post-200","page","type-page","status-publish","hentry"],"acf":[],"yoast_head":"<!-- This site is optimized with the Yoast SEO plugin v21.8.1 - https:\/\/yoast.com\/wordpress\/plugins\/seo\/ -->\n<title>Preguntas frecuentes - Declaration in Support of Conscientious Objection in Health Care<\/title>\n<meta name=\"robots\" content=\"index, follow, max-snippet:-1, max-image-preview:large, max-video-preview:-1\" \/>\n<link rel=\"canonical\" href=\"https:\/\/research.reading.ac.uk\/conscientious-objection-in-health-care-declaration\/preguntas-frecuentes\/\" \/>\n<meta property=\"og:locale\" content=\"en_GB\" \/>\n<meta property=\"og:type\" content=\"article\" \/>\n<meta property=\"og:title\" content=\"Preguntas frecuentes - Declaration in Support of Conscientious Objection in Health Care\" \/>\n<meta property=\"og:description\" content=\"\u00a0English version P. \u00bfSupone la libertad de conciencia tener la libertad de discriminar de manera injusta a una persona o grupo? R. No. Se debe distinguir entre objetar a la...Read More &gt;\" \/>\n<meta property=\"og:url\" content=\"https:\/\/research.reading.ac.uk\/conscientious-objection-in-health-care-declaration\/preguntas-frecuentes\/\" \/>\n<meta property=\"og:site_name\" content=\"Declaration in Support of Conscientious Objection in Health Care\" \/>\n<meta property=\"article:modified_time\" content=\"2018-06-13T15:06:29+00:00\" \/>\n<meta property=\"og:image\" content=\"https:\/\/research.reading.ac.uk\/conscientious-objection-in-health-care-declaration\/wp-content\/uploads\/sites\/44\/icons\/british-flag-icon.png\" \/>\n<meta name=\"twitter:card\" content=\"summary_large_image\" \/>\n<meta name=\"twitter:label1\" content=\"Estimated reading time\" \/>\n\t<meta name=\"twitter:data1\" content=\"2 minutes\" \/>\n<script type=\"application\/ld+json\" class=\"yoast-schema-graph\">{\"@context\":\"https:\/\/schema.org\",\"@graph\":[{\"@type\":\"WebPage\",\"@id\":\"https:\/\/research.reading.ac.uk\/conscientious-objection-in-health-care-declaration\/preguntas-frecuentes\/\",\"url\":\"https:\/\/research.reading.ac.uk\/conscientious-objection-in-health-care-declaration\/preguntas-frecuentes\/\",\"name\":\"Preguntas frecuentes - Declaration in Support of Conscientious Objection in Health Care\",\"isPartOf\":{\"@id\":\"https:\/\/research.reading.ac.uk\/conscientious-objection-in-health-care-declaration\/#website\"},\"datePublished\":\"2018-06-13T10:12:51+00:00\",\"dateModified\":\"2018-06-13T15:06:29+00:00\",\"breadcrumb\":{\"@id\":\"https:\/\/research.reading.ac.uk\/conscientious-objection-in-health-care-declaration\/preguntas-frecuentes\/#breadcrumb\"},\"inLanguage\":\"en-GB\",\"potentialAction\":[{\"@type\":\"ReadAction\",\"target\":[\"https:\/\/research.reading.ac.uk\/conscientious-objection-in-health-care-declaration\/preguntas-frecuentes\/\"]}]},{\"@type\":\"BreadcrumbList\",\"@id\":\"https:\/\/research.reading.ac.uk\/conscientious-objection-in-health-care-declaration\/preguntas-frecuentes\/#breadcrumb\",\"itemListElement\":[{\"@type\":\"ListItem\",\"position\":1,\"name\":\"Home\",\"item\":\"https:\/\/research.reading.ac.uk\/conscientious-objection-in-health-care-declaration\/\"},{\"@type\":\"ListItem\",\"position\":2,\"name\":\"Preguntas frecuentes\"}]},{\"@type\":\"WebSite\",\"@id\":\"https:\/\/research.reading.ac.uk\/conscientious-objection-in-health-care-declaration\/#website\",\"url\":\"https:\/\/research.reading.ac.uk\/conscientious-objection-in-health-care-declaration\/\",\"name\":\"Declaration in Support of Conscientious Objection in Health Care\",\"description\":\"\",\"potentialAction\":[{\"@type\":\"SearchAction\",\"target\":{\"@type\":\"EntryPoint\",\"urlTemplate\":\"https:\/\/research.reading.ac.uk\/conscientious-objection-in-health-care-declaration\/?s={search_term_string}\"},\"query-input\":\"required name=search_term_string\"}],\"inLanguage\":\"en-GB\"}]}<\/script>\n<!-- \/ Yoast SEO plugin. -->","yoast_head_json":{"title":"Preguntas frecuentes - Declaration in Support of Conscientious Objection in Health Care","robots":{"index":"index","follow":"follow","max-snippet":"max-snippet:-1","max-image-preview":"max-image-preview:large","max-video-preview":"max-video-preview:-1"},"canonical":"https:\/\/research.reading.ac.uk\/conscientious-objection-in-health-care-declaration\/preguntas-frecuentes\/","og_locale":"en_GB","og_type":"article","og_title":"Preguntas frecuentes - Declaration in Support of Conscientious Objection in Health Care","og_description":"\u00a0English version P. \u00bfSupone la libertad de conciencia tener la libertad de discriminar de manera injusta a una persona o grupo? R. No. Se debe distinguir entre objetar a la...Read More >","og_url":"https:\/\/research.reading.ac.uk\/conscientious-objection-in-health-care-declaration\/preguntas-frecuentes\/","og_site_name":"Declaration in Support of Conscientious Objection in Health Care","article_modified_time":"2018-06-13T15:06:29+00:00","og_image":[{"url":"https:\/\/research.reading.ac.uk\/conscientious-objection-in-health-care-declaration\/wp-content\/uploads\/sites\/44\/icons\/british-flag-icon.png"}],"twitter_card":"summary_large_image","twitter_misc":{"Estimated reading time":"2 minutes"},"schema":{"@context":"https:\/\/schema.org","@graph":[{"@type":"WebPage","@id":"https:\/\/research.reading.ac.uk\/conscientious-objection-in-health-care-declaration\/preguntas-frecuentes\/","url":"https:\/\/research.reading.ac.uk\/conscientious-objection-in-health-care-declaration\/preguntas-frecuentes\/","name":"Preguntas frecuentes - Declaration in Support of Conscientious Objection in Health Care","isPartOf":{"@id":"https:\/\/research.reading.ac.uk\/conscientious-objection-in-health-care-declaration\/#website"},"datePublished":"2018-06-13T10:12:51+00:00","dateModified":"2018-06-13T15:06:29+00:00","breadcrumb":{"@id":"https:\/\/research.reading.ac.uk\/conscientious-objection-in-health-care-declaration\/preguntas-frecuentes\/#breadcrumb"},"inLanguage":"en-GB","potentialAction":[{"@type":"ReadAction","target":["https:\/\/research.reading.ac.uk\/conscientious-objection-in-health-care-declaration\/preguntas-frecuentes\/"]}]},{"@type":"BreadcrumbList","@id":"https:\/\/research.reading.ac.uk\/conscientious-objection-in-health-care-declaration\/preguntas-frecuentes\/#breadcrumb","itemListElement":[{"@type":"ListItem","position":1,"name":"Home","item":"https:\/\/research.reading.ac.uk\/conscientious-objection-in-health-care-declaration\/"},{"@type":"ListItem","position":2,"name":"Preguntas frecuentes"}]},{"@type":"WebSite","@id":"https:\/\/research.reading.ac.uk\/conscientious-objection-in-health-care-declaration\/#website","url":"https:\/\/research.reading.ac.uk\/conscientious-objection-in-health-care-declaration\/","name":"Declaration in Support of Conscientious Objection in Health Care","description":"","potentialAction":[{"@type":"SearchAction","target":{"@type":"EntryPoint","urlTemplate":"https:\/\/research.reading.ac.uk\/conscientious-objection-in-health-care-declaration\/?s={search_term_string}"},"query-input":"required name=search_term_string"}],"inLanguage":"en-GB"}]}},"_links":{"self":[{"href":"https:\/\/research.reading.ac.uk\/conscientious-objection-in-health-care-declaration\/wp-json\/wp\/v2\/pages\/200","targetHints":{"allow":["GET"]}}],"collection":[{"href":"https:\/\/research.reading.ac.uk\/conscientious-objection-in-health-care-declaration\/wp-json\/wp\/v2\/pages"}],"about":[{"href":"https:\/\/research.reading.ac.uk\/conscientious-objection-in-health-care-declaration\/wp-json\/wp\/v2\/types\/page"}],"author":[{"embeddable":true,"href":"https:\/\/research.reading.ac.uk\/conscientious-objection-in-health-care-declaration\/wp-json\/wp\/v2\/users\/8"}],"replies":[{"embeddable":true,"href":"https:\/\/research.reading.ac.uk\/conscientious-objection-in-health-care-declaration\/wp-json\/wp\/v2\/comments?post=200"}],"version-history":[{"count":7,"href":"https:\/\/research.reading.ac.uk\/conscientious-objection-in-health-care-declaration\/wp-json\/wp\/v2\/pages\/200\/revisions"}],"predecessor-version":[{"id":245,"href":"https:\/\/research.reading.ac.uk\/conscientious-objection-in-health-care-declaration\/wp-json\/wp\/v2\/pages\/200\/revisions\/245"}],"wp:attachment":[{"href":"https:\/\/research.reading.ac.uk\/conscientious-objection-in-health-care-declaration\/wp-json\/wp\/v2\/media?parent=200"}],"curies":[{"name":"wp","href":"https:\/\/api.w.org\/{rel}","templated":true}]}}