{"id":258,"date":"2019-03-05T14:15:52","date_gmt":"2019-03-05T14:15:52","guid":{"rendered":"https:\/\/research.reading.ac.uk\/conscientious-objection-in-health-care-declaration\/?page_id=258"},"modified":"2019-03-06T09:59:55","modified_gmt":"2019-03-06T09:59:55","slug":"preambule","status":"publish","type":"page","link":"https:\/\/research.reading.ac.uk\/conscientious-objection-in-health-care-declaration\/preambule\/","title":{"rendered":"Pr\u00e9ambule"},"content":{"rendered":"<div id=\"pl-258\"  class=\"panel-layout\" ><div id=\"pg-258-0\"  class=\"panel-grid panel-no-style\" ><div id=\"pgc-258-0-0\"  class=\"panel-grid-cell\" ><div id=\"panel-258-0-0-0\" class=\"so-panel widget widget_sow-editor panel-first-child panel-last-child\" data-index=\"0\" ><div\n\t\t\t\n\t\t\tclass=\"so-widget-sow-editor so-widget-sow-editor-base\"\n\t\t\t\n\t\t>\n<div class=\"siteorigin-widget-tinymce textwidget\">\n\t<p><img loading=\"lazy\" decoding=\"async\" class=\"alignnone size-full wp-image-203\" src=\"https:\/\/research.reading.ac.uk\/conscientious-objection-in-health-care-declaration\/wp-content\/uploads\/sites\/44\/icons\/british-flag-icon.png\" alt=\"Union Jack flag\" width=\"32\" height=\"19\" \/>\u00a0\u00a0<a href=\"https:\/\/research.reading.ac.uk\/conscientious-objection-in-health-care-declaration\/preamble\/\"><strong>English version<\/strong><\/a><\/p>\n<p>Nous, les soussign\u00e9s, agissant en tant que citoyens inquiets et comme professionnels de la m\u00e9decine, du droit et de l\u2019\u00e9thique, affirmons que la protection de la libert\u00e9 de conscience et de religion est essentielle \u00e0 toute soci\u00e9t\u00e9 libre, pluraliste et tol\u00e9rante.<\/p>\n<p>La libert\u00e9 de conscience en g\u00e9n\u00e9ral, et celle de religion en particulier, ont fait l\u2019objet ces derni\u00e8res ann\u00e9es d\u2019attaques soutenues et croissantes dans de nombreuses soci\u00e9t\u00e9s\u00a0s\u2019affirmant lib\u00e9rales, pluralistes et tol\u00e9rantes. Cela n\u2019est nulle part plus vrai que dans le domaine de la sant\u00e9. Ces attaques ont notamment pris les formes suivantes\u00a0: sanctions disciplinaires ou renvoi de m\u00e9decins, infirmi\u00e8res et autres personnels soignants\u00a0; p\u00e9nalisation financi\u00e8re d\u2019\u00e9tablissements de sant\u00e9\u00a0; recours \u00e0 la loi pour obliger des employeurs \u00e0 fournir des assurances de sant\u00e9 pour des actes contraires \u00e0 leur conscience\u00a0; et pratiques de recrutement discriminatoires \u00e0 l\u2019encontre des objecteurs de conscience refusant diverses formes de traitement m\u00e9dical.<\/p>\n<p>Nous appelons donc nos coll\u00e8gues et tous les citoyens des soci\u00e9t\u00e9s libres \u00e0 nous soutenir en ajoutant leur nom \u00e0 la pr\u00e9sente d\u00e9claration.<\/p>\n<h2>Signer la D\u00e9claration de soutien \u00e0 l\u2019objection de conscience dans les professions de sant\u00e9<\/h2>\n<p>Manifester votre soutien en <a href=\"https:\/\/research.reading.ac.uk\/conscientious-objection-in-health-care-declaration\/signer-la-declaration\/\">signant la D\u00e9claration<\/a>.<\/p>\n<\/div>\n<\/div><\/div><\/div><div id=\"pgc-258-0-1\"  class=\"panel-grid-cell\" ><div id=\"panel-258-0-1-0\" class=\"so-panel widget widget_sow-button panel-first-child\" data-index=\"1\" ><div\n\t\t\t\n\t\t\tclass=\"so-widget-sow-button so-widget-sow-button-atom-a43491865cc3-258\"\n\t\t\t\n\t\t><div class=\"ow-button-base ow-button-align-right\">\n\t<a\n\thref=\"https:\/\/research.reading.ac.uk\/conscientious-objection-in-health-care-declaration\/introduction-francais\/\"\n\t\tclass=\"ow-icon-placement-left ow-button-hover\" \t>\n\t\t<span>\n\t\t\t\n\t\t\tIntroduction\t\t<\/span>\n\t<\/a>\n<\/div>\n<\/div><\/div><div id=\"panel-258-0-1-1\" class=\"so-panel widget widget_sow-button\" data-index=\"2\" ><div\n\t\t\t\n\t\t\tclass=\"so-widget-sow-button so-widget-sow-button-atom-a43491865cc3-258\"\n\t\t\t\n\t\t><div class=\"ow-button-base ow-button-align-right\">\n\t<a\n\thref=\"https:\/\/research.reading.ac.uk\/conscientious-objection-in-health-care-declaration\/preambule\/\"\n\t\tclass=\"ow-icon-placement-left ow-button-hover\" \t>\n\t\t<span>\n\t\t\t\n\t\t\tPr\u00e9ambule\t\t<\/span>\n\t<\/a>\n<\/div>\n<\/div><\/div><div id=\"panel-258-0-1-2\" class=\"so-panel widget widget_sow-button\" data-index=\"3\" ><div\n\t\t\t\n\t\t\tclass=\"so-widget-sow-button so-widget-sow-button-atom-a43491865cc3-258\"\n\t\t\t\n\t\t><div class=\"ow-button-base ow-button-align-right\">\n\t<a\n\thref=\"https:\/\/research.reading.ac.uk\/conscientious-objection-in-health-care-declaration\/declaration-2\/\"\n\t\tclass=\"ow-icon-placement-left ow-button-hover\" \t>\n\t\t<span>\n\t\t\t\n\t\t\tD\u00e9claration\t\t<\/span>\n\t<\/a>\n<\/div>\n<\/div><\/div><div id=\"panel-258-0-1-3\" class=\"so-panel widget widget_sow-button\" data-index=\"4\" ><div\n\t\t\t\n\t\t\tclass=\"so-widget-sow-button so-widget-sow-button-atom-a43491865cc3-258\"\n\t\t\t\n\t\t><div class=\"ow-button-base ow-button-align-right\">\n\t<a\n\thref=\"https:\/\/research.reading.ac.uk\/conscientious-objection-in-health-care-declaration\/signer-la-declaration\/\"\n\t\tclass=\"ow-icon-placement-left ow-button-hover\" \t>\n\t\t<span>\n\t\t\t\n\t\t\tSigner la D\u00e9claration\t\t<\/span>\n\t<\/a>\n<\/div>\n<\/div><\/div><div id=\"panel-258-0-1-4\" class=\"so-panel widget widget_sow-button\" data-index=\"5\" ><div\n\t\t\t\n\t\t\tclass=\"so-widget-sow-button so-widget-sow-button-atom-a43491865cc3-258\"\n\t\t\t\n\t\t><div class=\"ow-button-base ow-button-align-right\">\n\t<a\n\thref=\"https:\/\/research.reading.ac.uk\/conscientious-objection-in-health-care-declaration\/signatories-list\/\"\n\t\tclass=\"ow-icon-placement-left ow-button-hover\" \t>\n\t\t<span>\n\t\t\t\n\t\t\tListe des signataires\t\t<\/span>\n\t<\/a>\n<\/div>\n<\/div><\/div><div id=\"panel-258-0-1-5\" class=\"so-panel widget widget_sow-button\" data-index=\"6\" ><div\n\t\t\t\n\t\t\tclass=\"so-widget-sow-button so-widget-sow-button-atom-a43491865cc3-258\"\n\t\t\t\n\t\t><div class=\"ow-button-base ow-button-align-right\">\n\t<a\n\thref=\"https:\/\/research.reading.ac.uk\/conscientious-objection-in-health-care-declaration\/preconisations-politiques\/\"\n\t\tclass=\"ow-icon-placement-left ow-button-hover\" \t>\n\t\t<span>\n\t\t\t\n\t\t\tPr\u00e9conisations politiques\t\t<\/span>\n\t<\/a>\n<\/div>\n<\/div><\/div><div id=\"panel-258-0-1-6\" class=\"so-panel widget widget_sow-button panel-last-child\" data-index=\"7\" ><div\n\t\t\t\n\t\t\tclass=\"so-widget-sow-button so-widget-sow-button-atom-a43491865cc3-258\"\n\t\t\t\n\t\t><div class=\"ow-button-base ow-button-align-right\">\n\t<a\n\thref=\"https:\/\/research.reading.ac.uk\/conscientious-objection-in-health-care-declaration\/questions-frequentes\/\"\n\t\tclass=\"ow-icon-placement-left ow-button-hover\" \t>\n\t\t<span>\n\t\t\t\n\t\t\tQuestions fr\u00e9quentes\t\t<\/span>\n\t<\/a>\n<\/div>\n<\/div><\/div><\/div><\/div><\/div>","protected":false},"excerpt":{"rendered":"<p>\u00a0\u00a0English version Nous, les soussign\u00e9s, agissant en tant que citoyens inquiets et comme professionnels de la m\u00e9decine, du droit et de l\u2019\u00e9thique, affirmons que la protection de la libert\u00e9 de&#8230;<a class=\"read-more\" href=\"&#104;&#116;&#116;&#112;&#115;&#58;&#47;&#47;&#114;&#101;&#115;&#101;&#97;&#114;&#99;&#104;&#46;&#114;&#101;&#97;&#100;&#105;&#110;&#103;&#46;&#97;&#99;&#46;&#117;&#107;&#47;&#99;&#111;&#110;&#115;&#99;&#105;&#101;&#110;&#116;&#105;&#111;&#117;&#115;&#45;&#111;&#98;&#106;&#101;&#99;&#116;&#105;&#111;&#110;&#45;&#105;&#110;&#45;&#104;&#101;&#97;&#108;&#116;&#104;&#45;&#99;&#97;&#114;&#101;&#45;&#100;&#101;&#99;&#108;&#97;&#114;&#97;&#116;&#105;&#111;&#110;&#47;&#112;&#114;&#101;&#97;&#109;&#98;&#117;&#108;&#101;&#47;\">Read More ><\/a><\/p>\n","protected":false},"author":219,"featured_media":0,"parent":0,"menu_order":0,"comment_status":"closed","ping_status":"closed","template":"","meta":{"_acf_changed":false,"_monsterinsights_skip_tracking":false,"_monsterinsights_sitenote_active":false,"_monsterinsights_sitenote_note":"","_monsterinsights_sitenote_category":0,"__cvm_playback_settings":[],"__cvm_video_id":"","footnotes":"","_links_to":"","_links_to_target":""},"class_list":["post-258","page","type-page","status-publish","hentry"],"acf":[],"yoast_head":"<!-- This site is optimized with the Yoast SEO plugin v21.8.1 - https:\/\/yoast.com\/wordpress\/plugins\/seo\/ -->\n<title>Pr\u00e9ambule - Declaration in Support of Conscientious Objection in Health Care<\/title>\n<meta name=\"robots\" content=\"index, follow, max-snippet:-1, max-image-preview:large, max-video-preview:-1\" \/>\n<link rel=\"canonical\" href=\"https:\/\/research.reading.ac.uk\/conscientious-objection-in-health-care-declaration\/preambule\/\" \/>\n<meta property=\"og:locale\" content=\"en_GB\" \/>\n<meta property=\"og:type\" content=\"article\" \/>\n<meta property=\"og:title\" content=\"Pr\u00e9ambule - Declaration in Support of Conscientious Objection in Health Care\" \/>\n<meta property=\"og:description\" content=\"\u00a0\u00a0English version Nous, les soussign\u00e9s, agissant en tant que citoyens inquiets et comme professionnels de la m\u00e9decine, du droit et de l\u2019\u00e9thique, affirmons que la protection de la libert\u00e9 de...Read More &gt;\" \/>\n<meta property=\"og:url\" content=\"https:\/\/research.reading.ac.uk\/conscientious-objection-in-health-care-declaration\/preambule\/\" \/>\n<meta property=\"og:site_name\" content=\"Declaration in Support of Conscientious Objection in Health Care\" \/>\n<meta property=\"article:modified_time\" content=\"2019-03-06T09:59:55+00:00\" \/>\n<meta property=\"og:image\" content=\"https:\/\/research.reading.ac.uk\/conscientious-objection-in-health-care-declaration\/wp-content\/uploads\/sites\/44\/icons\/british-flag-icon.png\" \/>\n<meta name=\"twitter:card\" content=\"summary_large_image\" \/>\n<meta name=\"twitter:label1\" content=\"Estimated reading time\" \/>\n\t<meta name=\"twitter:data1\" content=\"1 minute\" \/>\n<script type=\"application\/ld+json\" class=\"yoast-schema-graph\">{\"@context\":\"https:\/\/schema.org\",\"@graph\":[{\"@type\":\"WebPage\",\"@id\":\"https:\/\/research.reading.ac.uk\/conscientious-objection-in-health-care-declaration\/preambule\/\",\"url\":\"https:\/\/research.reading.ac.uk\/conscientious-objection-in-health-care-declaration\/preambule\/\",\"name\":\"Pr\u00e9ambule - Declaration in Support of Conscientious Objection in Health Care\",\"isPartOf\":{\"@id\":\"https:\/\/research.reading.ac.uk\/conscientious-objection-in-health-care-declaration\/#website\"},\"datePublished\":\"2019-03-05T14:15:52+00:00\",\"dateModified\":\"2019-03-06T09:59:55+00:00\",\"breadcrumb\":{\"@id\":\"https:\/\/research.reading.ac.uk\/conscientious-objection-in-health-care-declaration\/preambule\/#breadcrumb\"},\"inLanguage\":\"en-GB\",\"potentialAction\":[{\"@type\":\"ReadAction\",\"target\":[\"https:\/\/research.reading.ac.uk\/conscientious-objection-in-health-care-declaration\/preambule\/\"]}]},{\"@type\":\"BreadcrumbList\",\"@id\":\"https:\/\/research.reading.ac.uk\/conscientious-objection-in-health-care-declaration\/preambule\/#breadcrumb\",\"itemListElement\":[{\"@type\":\"ListItem\",\"position\":1,\"name\":\"Home\",\"item\":\"https:\/\/research.reading.ac.uk\/conscientious-objection-in-health-care-declaration\/\"},{\"@type\":\"ListItem\",\"position\":2,\"name\":\"Pr\u00e9ambule\"}]},{\"@type\":\"WebSite\",\"@id\":\"https:\/\/research.reading.ac.uk\/conscientious-objection-in-health-care-declaration\/#website\",\"url\":\"https:\/\/research.reading.ac.uk\/conscientious-objection-in-health-care-declaration\/\",\"name\":\"Declaration in Support of Conscientious Objection in Health Care\",\"description\":\"\",\"potentialAction\":[{\"@type\":\"SearchAction\",\"target\":{\"@type\":\"EntryPoint\",\"urlTemplate\":\"https:\/\/research.reading.ac.uk\/conscientious-objection-in-health-care-declaration\/?s={search_term_string}\"},\"query-input\":\"required name=search_term_string\"}],\"inLanguage\":\"en-GB\"}]}<\/script>\n<!-- \/ Yoast SEO plugin. -->","yoast_head_json":{"title":"Pr\u00e9ambule - Declaration in Support of Conscientious Objection in Health Care","robots":{"index":"index","follow":"follow","max-snippet":"max-snippet:-1","max-image-preview":"max-image-preview:large","max-video-preview":"max-video-preview:-1"},"canonical":"https:\/\/research.reading.ac.uk\/conscientious-objection-in-health-care-declaration\/preambule\/","og_locale":"en_GB","og_type":"article","og_title":"Pr\u00e9ambule - Declaration in Support of Conscientious Objection in Health Care","og_description":"\u00a0\u00a0English version Nous, les soussign\u00e9s, agissant en tant que citoyens inquiets et comme professionnels de la m\u00e9decine, du droit et de l\u2019\u00e9thique, affirmons que la protection de la libert\u00e9 de...Read More >","og_url":"https:\/\/research.reading.ac.uk\/conscientious-objection-in-health-care-declaration\/preambule\/","og_site_name":"Declaration in Support of Conscientious Objection in Health Care","article_modified_time":"2019-03-06T09:59:55+00:00","og_image":[{"url":"https:\/\/research.reading.ac.uk\/conscientious-objection-in-health-care-declaration\/wp-content\/uploads\/sites\/44\/icons\/british-flag-icon.png"}],"twitter_card":"summary_large_image","twitter_misc":{"Estimated reading time":"1 minute"},"schema":{"@context":"https:\/\/schema.org","@graph":[{"@type":"WebPage","@id":"https:\/\/research.reading.ac.uk\/conscientious-objection-in-health-care-declaration\/preambule\/","url":"https:\/\/research.reading.ac.uk\/conscientious-objection-in-health-care-declaration\/preambule\/","name":"Pr\u00e9ambule - Declaration in Support of Conscientious Objection in Health Care","isPartOf":{"@id":"https:\/\/research.reading.ac.uk\/conscientious-objection-in-health-care-declaration\/#website"},"datePublished":"2019-03-05T14:15:52+00:00","dateModified":"2019-03-06T09:59:55+00:00","breadcrumb":{"@id":"https:\/\/research.reading.ac.uk\/conscientious-objection-in-health-care-declaration\/preambule\/#breadcrumb"},"inLanguage":"en-GB","potentialAction":[{"@type":"ReadAction","target":["https:\/\/research.reading.ac.uk\/conscientious-objection-in-health-care-declaration\/preambule\/"]}]},{"@type":"BreadcrumbList","@id":"https:\/\/research.reading.ac.uk\/conscientious-objection-in-health-care-declaration\/preambule\/#breadcrumb","itemListElement":[{"@type":"ListItem","position":1,"name":"Home","item":"https:\/\/research.reading.ac.uk\/conscientious-objection-in-health-care-declaration\/"},{"@type":"ListItem","position":2,"name":"Pr\u00e9ambule"}]},{"@type":"WebSite","@id":"https:\/\/research.reading.ac.uk\/conscientious-objection-in-health-care-declaration\/#website","url":"https:\/\/research.reading.ac.uk\/conscientious-objection-in-health-care-declaration\/","name":"Declaration in Support of Conscientious Objection in Health Care","description":"","potentialAction":[{"@type":"SearchAction","target":{"@type":"EntryPoint","urlTemplate":"https:\/\/research.reading.ac.uk\/conscientious-objection-in-health-care-declaration\/?s={search_term_string}"},"query-input":"required name=search_term_string"}],"inLanguage":"en-GB"}]}},"_links":{"self":[{"href":"https:\/\/research.reading.ac.uk\/conscientious-objection-in-health-care-declaration\/wp-json\/wp\/v2\/pages\/258","targetHints":{"allow":["GET"]}}],"collection":[{"href":"https:\/\/research.reading.ac.uk\/conscientious-objection-in-health-care-declaration\/wp-json\/wp\/v2\/pages"}],"about":[{"href":"https:\/\/research.reading.ac.uk\/conscientious-objection-in-health-care-declaration\/wp-json\/wp\/v2\/types\/page"}],"author":[{"embeddable":true,"href":"https:\/\/research.reading.ac.uk\/conscientious-objection-in-health-care-declaration\/wp-json\/wp\/v2\/users\/219"}],"replies":[{"embeddable":true,"href":"https:\/\/research.reading.ac.uk\/conscientious-objection-in-health-care-declaration\/wp-json\/wp\/v2\/comments?post=258"}],"version-history":[{"count":5,"href":"https:\/\/research.reading.ac.uk\/conscientious-objection-in-health-care-declaration\/wp-json\/wp\/v2\/pages\/258\/revisions"}],"predecessor-version":[{"id":353,"href":"https:\/\/research.reading.ac.uk\/conscientious-objection-in-health-care-declaration\/wp-json\/wp\/v2\/pages\/258\/revisions\/353"}],"wp:attachment":[{"href":"https:\/\/research.reading.ac.uk\/conscientious-objection-in-health-care-declaration\/wp-json\/wp\/v2\/media?parent=258"}],"curies":[{"name":"wp","href":"https:\/\/api.w.org\/{rel}","templated":true}]}}