{"id":262,"date":"2019-03-05T14:42:12","date_gmt":"2019-03-05T14:42:12","guid":{"rendered":"https:\/\/research.reading.ac.uk\/conscientious-objection-in-health-care-declaration\/?page_id=262"},"modified":"2019-03-06T10:02:38","modified_gmt":"2019-03-06T10:02:38","slug":"signer-la-declaration","status":"publish","type":"page","link":"https:\/\/research.reading.ac.uk\/conscientious-objection-in-health-care-declaration\/signer-la-declaration\/","title":{"rendered":"Signer la D\u00e9claration"},"content":{"rendered":"<div id=\"pl-262\"  class=\"panel-layout\" ><div id=\"pg-262-0\"  class=\"panel-grid panel-no-style\" ><div id=\"pgc-262-0-0\"  class=\"panel-grid-cell\" ><div id=\"panel-262-0-0-0\" class=\"so-panel widget widget_sow-editor panel-first-child panel-last-child\" data-index=\"0\" ><div\n\t\t\t\n\t\t\tclass=\"so-widget-sow-editor so-widget-sow-editor-base\"\n\t\t\t\n\t\t>\n<div class=\"siteorigin-widget-tinymce textwidget\">\n\t<p><img loading=\"lazy\" decoding=\"async\" class=\"alignnone size-full wp-image-203\" src=\"https:\/\/research.reading.ac.uk\/conscientious-objection-in-health-care-declaration\/wp-content\/uploads\/sites\/44\/icons\/british-flag-icon.png\" alt=\"Union Jack flag\" width=\"32\" height=\"19\" \/>\u00a0\u00a0<strong><a href=\"https:\/\/research.reading.ac.uk\/conscientious-objection-in-health-care-declaration\/sign\/\">English version<\/a><\/strong><\/p>\n<p>En validant ce formulaire, vous rendez visibles, dans <a href=\"https:\/\/research.reading.ac.uk\/conscientious-objection-in-health-care-declaration\/signatories-list\/\">la liste des signataires<\/a>, le titre, le nom et l\u2019institution de rattachement que vous avez renseign\u00e9s dans les champs correspondants. Les autres informations professionnelles sont facultatives, mais celles que vous fournissez seront \u00e9galement visibles dans la m\u00eame liste.<\/p>\n<p>Votre adresse \u00e9lectronique ne sera pas publi\u00e9e. Nous pourrons n\u00e9anmoins l\u2019utiliser pour vous transmettre de nouvelles informations concernant la D\u00e9claration (par exemple, son \u00e9cho dans les m\u00e9dias). En fournissant votre adresse \u00e9lectronique et en validant le formulaire, vous consentez \u00e0 cet usage.<\/p>\n<p>Votre pays de r\u00e9sidence ne sera pas rendu public. La collecte de ces informations a pour but de manifester l\u2019\u00e9tendue du soutien \u00e0 la libert\u00e9 de conscience dans les professions de sant\u00e9, et d\u2019attirer l\u2019attention des l\u00e9gislateurs et des responsables politiques du Royaume-Uni, de l\u2019Union europ\u00e9enne, des \u00c9tats-Unis, de Canada et d\u2019ailleurs.<\/p>\n<p>Si vous d\u00e9sirez mettre \u00e0 jour ces informations ou \u00eatre retir\u00e9 de la liste, veuillez contacter David S. Oderberg (<a href=\"mailto:d.s.orderberg@reading.ac.uk\">d.s.orderberg@reading.ac.uk<\/a>).<\/p>\n<p>Signer la D\u00e9claration de soutien \u00e0 l\u2019objection de conscience dans les professions de sant\u00e9.<\/p>\n<p>Si vous ne poss\u00e9dez pas de titre universitaire et\/ou d\u2019institution de rattachement, entrez \u00ab\u00a0Aucun\u00a0\u00bb dans les champs correspondants.<\/p>\n<ul>\n<li><strong>[First Name]<\/strong><strong>Pr\u00e9nom<\/strong><\/li>\n<li><strong>[Last Name]<\/strong> Nom<\/li>\n<li><strong>[Title]<\/strong> T\u00edtre<\/li>\n<li><strong>[Professional affiliation]<\/strong> Institution de rattachement<\/li>\n<li><strong>[Further professional info (optional)]<\/strong> Autres informations professionnelles (facultatif)<\/li>\n<li><strong>[Email]<\/strong> Email<\/li>\n<li><strong>[Country]<\/strong> Pays<\/li>\n<li><strong>[Sign Up]\u00a0<\/strong>Signer<\/li>\n<\/ul>\n<div class=\"wrap pdb-signup pdb-instance-2\" >\n\n    <form method=\"post\" enctype=\"multipart\/form-data\"  autocomplete=\"off\" action=\"\/conscientious-objection-in-health-care-declaration\/wp-json\/wp\/v2\/pages\/262\" ><input name=\"action\" type=\"hidden\" value=\"signup\" \/>\n\n<input name=\"subsource\" type=\"hidden\" value=\"participants-database\" \/>\n\n<input name=\"shortcode_page\" type=\"hidden\" value=\"\/conscientious-objection-in-health-care-declaration\/wp-json\/wp\/v2\/pages\/262\" \/>\n\n<input name=\"thanks_page\" type=\"hidden\" value=\"https:\/\/research.reading.ac.uk\/conscientious-objection-in-health-care-declaration\/confirmation\/\" \/>\n\n<input name=\"instance_index\" type=\"hidden\" value=\"2\" \/>\n\n<input name=\"pdb_data_keys\" type=\"hidden\" value=\"1.2.20.21.22.9.6\" \/>\n\n<input name=\"session_hash\" type=\"hidden\" value=\"2e62838da1\" \/>\n\n    <table class=\"form-table pdb-signup\">\n\n      \n      <tbody class=\"field-group field-group-main\">\n        \n                \n        \n        <tr class=\"text-line first_name-input-group\">\n\n          <th for=\"pdb-first_name-2\">First Name<\/th>\n\n          <td>\n\n            <input name=\"first_name\" id=\"pdb-first_name-2\" class=\"required-field regular-text\" type=\"text\" value=\"\" \/>\n\n                        \n          <\/td>\n\n        <\/tr>\n  \n        \n        <tr class=\"text-line last_name-input-group\">\n\n          <th for=\"pdb-last_name-2\">Last Name<\/th>\n\n          <td>\n\n            <input name=\"last_name\" id=\"pdb-last_name-2\" class=\"required-field regular-text\" type=\"text\" value=\"\" \/>\n\n                        \n          <\/td>\n\n        <\/tr>\n  \n        \n        <tr class=\"text-line title-input-group\">\n\n          <th for=\"pdb-title-2\">Title<\/th>\n\n          <td>\n\n            <input name=\"title\" id=\"pdb-title-2\" class=\"required-field regular-text\" type=\"text\" value=\"\" \/>\n\n                        \n          <\/td>\n\n        <\/tr>\n  \n        \n        <tr class=\"text-area professional_affiliation-input-group\">\n\n          <th for=\"pdb-professional_affiliation-2\">Professional affiliation<\/th>\n\n          <td>\n\n            <textarea name=\"professional_affiliation\" rows=\"2\" cols=\"40\" id=\"pdb-professional_affiliation-2\" class=\"required-field\"><\/textarea>\n\n                        \n          <\/td>\n\n        <\/tr>\n  \n        \n        <tr class=\"text-area further_professional_info_optional-input-group\">\n\n          <th for=\"pdb-further_professional_info_optional-2\">Further professional info (optional)<\/th>\n\n          <td>\n\n            <textarea name=\"further_professional_info_optional\" rows=\"2\" cols=\"40\" id=\"pdb-further_professional_info_optional-2\"><\/textarea>\n\n                        \n          <\/td>\n\n        <\/tr>\n  \n        \n        <tr class=\"text-line email-input-group\">\n\n          <th for=\"pdb-email-2\">Email<\/th>\n\n          <td>\n\n            <input name=\"email\" id=\"pdb-email-2\" class=\"required-field regular-text\" type=\"text\" value=\"\" \/>\n\n                        \n          <\/td>\n\n        <\/tr>\n  \n        \n        <tr class=\"text-line country-input-group\">\n\n          <th for=\"pdb-country-2\">Country<\/th>\n\n          <td>\n\n            <input name=\"country\" id=\"pdb-country-2\" class=\"required-field regular-text\" type=\"text\" value=\"\" \/>\n\n                        \n          <\/td>\n\n        <\/tr>\n  \n                \n        <\/tbody>\n\n            \n        <tbody class=\"field-group field-group-submit\">\n      \n        <tr>\n          <td class=\"submit-buttons\">\n            \n           <input name=\"submit_button\" class=\"button-primary pdb-submit\" type=\"submit\" value=\"Sign Up\" \/>\n            \n          <\/td>\n          <td class=\"submit-buttons\">\n            \n                      \n          <\/td>\n        <\/tr>\n        \n      <\/tbody>\n      \n    <\/table>\n    \n  <\/form>  \n<\/div>\n<p>&nbsp;<\/p>\n<\/div>\n<\/div><\/div><\/div><div id=\"pgc-262-0-1\"  class=\"panel-grid-cell\" ><div id=\"panel-262-0-1-0\" class=\"so-panel widget widget_sow-button panel-first-child\" data-index=\"1\" ><div\n\t\t\t\n\t\t\tclass=\"so-widget-sow-button so-widget-sow-button-atom-a43491865cc3-262\"\n\t\t\t\n\t\t><div class=\"ow-button-base ow-button-align-right\">\n\t<a\n\thref=\"https:\/\/research.reading.ac.uk\/conscientious-objection-in-health-care-declaration\/introduction-francais\/\"\n\t\tclass=\"ow-icon-placement-left ow-button-hover\" \t>\n\t\t<span>\n\t\t\t\n\t\t\tIntroduction\t\t<\/span>\n\t<\/a>\n<\/div>\n<\/div><\/div><div id=\"panel-262-0-1-1\" class=\"so-panel widget widget_sow-button\" data-index=\"2\" ><div\n\t\t\t\n\t\t\tclass=\"so-widget-sow-button so-widget-sow-button-atom-a43491865cc3-262\"\n\t\t\t\n\t\t><div class=\"ow-button-base ow-button-align-right\">\n\t<a\n\thref=\"https:\/\/research.reading.ac.uk\/conscientious-objection-in-health-care-declaration\/preambule\/\"\n\t\tclass=\"ow-icon-placement-left ow-button-hover\" \t>\n\t\t<span>\n\t\t\t\n\t\t\tPr\u00e9ambule\t\t<\/span>\n\t<\/a>\n<\/div>\n<\/div><\/div><div id=\"panel-262-0-1-2\" class=\"so-panel widget widget_sow-button\" data-index=\"3\" ><div\n\t\t\t\n\t\t\tclass=\"so-widget-sow-button so-widget-sow-button-atom-a43491865cc3-262\"\n\t\t\t\n\t\t><div class=\"ow-button-base ow-button-align-right\">\n\t<a\n\thref=\"https:\/\/research.reading.ac.uk\/conscientious-objection-in-health-care-declaration\/declaration-2\/\"\n\t\tclass=\"ow-icon-placement-left ow-button-hover\" \t>\n\t\t<span>\n\t\t\t\n\t\t\tD\u00e9claration\t\t<\/span>\n\t<\/a>\n<\/div>\n<\/div><\/div><div id=\"panel-262-0-1-3\" class=\"so-panel widget widget_sow-button\" data-index=\"4\" ><div\n\t\t\t\n\t\t\tclass=\"so-widget-sow-button so-widget-sow-button-atom-a43491865cc3-262\"\n\t\t\t\n\t\t><div class=\"ow-button-base ow-button-align-right\">\n\t<a\n\thref=\"https:\/\/research.reading.ac.uk\/conscientious-objection-in-health-care-declaration\/signer-la-declaration\/\"\n\t\tclass=\"ow-icon-placement-left ow-button-hover\" \t>\n\t\t<span>\n\t\t\t\n\t\t\tSigner la D\u00e9claration\t\t<\/span>\n\t<\/a>\n<\/div>\n<\/div><\/div><div id=\"panel-262-0-1-4\" class=\"so-panel widget widget_sow-button\" data-index=\"5\" ><div\n\t\t\t\n\t\t\tclass=\"so-widget-sow-button so-widget-sow-button-atom-a43491865cc3-262\"\n\t\t\t\n\t\t><div class=\"ow-button-base ow-button-align-right\">\n\t<a\n\thref=\"https:\/\/research.reading.ac.uk\/conscientious-objection-in-health-care-declaration\/signatories-list\/\"\n\t\tclass=\"ow-icon-placement-left ow-button-hover\" \t>\n\t\t<span>\n\t\t\t\n\t\t\tListe des signataires\t\t<\/span>\n\t<\/a>\n<\/div>\n<\/div><\/div><div id=\"panel-262-0-1-5\" class=\"so-panel widget widget_sow-button\" data-index=\"6\" ><div\n\t\t\t\n\t\t\tclass=\"so-widget-sow-button so-widget-sow-button-atom-a43491865cc3-262\"\n\t\t\t\n\t\t><div class=\"ow-button-base ow-button-align-right\">\n\t<a\n\thref=\"https:\/\/research.reading.ac.uk\/conscientious-objection-in-health-care-declaration\/preconisations-politiques\/\"\n\t\tclass=\"ow-icon-placement-left ow-button-hover\" \t>\n\t\t<span>\n\t\t\t\n\t\t\tPr\u00e9conisations politiques\t\t<\/span>\n\t<\/a>\n<\/div>\n<\/div><\/div><div id=\"panel-262-0-1-6\" class=\"so-panel widget widget_sow-button panel-last-child\" data-index=\"7\" ><div\n\t\t\t\n\t\t\tclass=\"so-widget-sow-button so-widget-sow-button-atom-a43491865cc3-262\"\n\t\t\t\n\t\t><div class=\"ow-button-base ow-button-align-right\">\n\t<a\n\thref=\"https:\/\/research.reading.ac.uk\/conscientious-objection-in-health-care-declaration\/questions-frequentes\/\"\n\t\tclass=\"ow-icon-placement-left ow-button-hover\" \t>\n\t\t<span>\n\t\t\t\n\t\t\tQuestions fr\u00e9quentes\t\t<\/span>\n\t<\/a>\n<\/div>\n<\/div><\/div><\/div><\/div><\/div>","protected":false},"excerpt":{"rendered":"<p>\u00a0\u00a0English version En validant ce formulaire, vous rendez visibles, dans la liste des signataires, le titre, le nom et l\u2019institution de rattachement que vous avez renseign\u00e9s dans les champs correspondants&#8230;.<a class=\"read-more\" href=\"&#104;&#116;&#116;&#112;&#115;&#58;&#47;&#47;&#114;&#101;&#115;&#101;&#97;&#114;&#99;&#104;&#46;&#114;&#101;&#97;&#100;&#105;&#110;&#103;&#46;&#97;&#99;&#46;&#117;&#107;&#47;&#99;&#111;&#110;&#115;&#99;&#105;&#101;&#110;&#116;&#105;&#111;&#117;&#115;&#45;&#111;&#98;&#106;&#101;&#99;&#116;&#105;&#111;&#110;&#45;&#105;&#110;&#45;&#104;&#101;&#97;&#108;&#116;&#104;&#45;&#99;&#97;&#114;&#101;&#45;&#100;&#101;&#99;&#108;&#97;&#114;&#97;&#116;&#105;&#111;&#110;&#47;&#115;&#105;&#103;&#110;&#101;&#114;&#45;&#108;&#97;&#45;&#100;&#101;&#99;&#108;&#97;&#114;&#97;&#116;&#105;&#111;&#110;&#47;\">Read More ><\/a><\/p>\n","protected":false},"author":219,"featured_media":0,"parent":0,"menu_order":0,"comment_status":"closed","ping_status":"closed","template":"","meta":{"_acf_changed":false,"_monsterinsights_skip_tracking":false,"_monsterinsights_sitenote_active":false,"_monsterinsights_sitenote_note":"","_monsterinsights_sitenote_category":0,"__cvm_playback_settings":[],"__cvm_video_id":"","footnotes":"","_links_to":"","_links_to_target":""},"class_list":["post-262","page","type-page","status-publish","hentry"],"acf":[],"yoast_head":"<!-- This site is optimized with the Yoast SEO plugin v21.8.1 - https:\/\/yoast.com\/wordpress\/plugins\/seo\/ -->\n<title>Signer la D\u00e9claration - Declaration in Support of Conscientious Objection in Health Care<\/title>\n<meta name=\"robots\" content=\"index, follow, max-snippet:-1, max-image-preview:large, max-video-preview:-1\" \/>\n<link rel=\"canonical\" href=\"https:\/\/research.reading.ac.uk\/conscientious-objection-in-health-care-declaration\/signer-la-declaration\/\" \/>\n<meta property=\"og:locale\" content=\"en_GB\" \/>\n<meta property=\"og:type\" content=\"article\" \/>\n<meta property=\"og:title\" content=\"Signer la D\u00e9claration - Declaration in Support of Conscientious Objection in Health Care\" \/>\n<meta property=\"og:description\" content=\"\u00a0\u00a0English version En validant ce formulaire, vous rendez visibles, dans la liste des signataires, le titre, le nom et l\u2019institution de rattachement que vous avez renseign\u00e9s dans les champs correspondants....Read More &gt;\" \/>\n<meta property=\"og:url\" content=\"https:\/\/research.reading.ac.uk\/conscientious-objection-in-health-care-declaration\/signer-la-declaration\/\" \/>\n<meta property=\"og:site_name\" content=\"Declaration in Support of Conscientious Objection in Health Care\" \/>\n<meta property=\"article:modified_time\" content=\"2019-03-06T10:02:38+00:00\" \/>\n<meta property=\"og:image\" content=\"https:\/\/research.reading.ac.uk\/conscientious-objection-in-health-care-declaration\/wp-content\/uploads\/sites\/44\/icons\/british-flag-icon.png\" \/>\n<meta name=\"twitter:card\" content=\"summary_large_image\" \/>\n<meta name=\"twitter:label1\" content=\"Estimated reading time\" \/>\n\t<meta name=\"twitter:data1\" content=\"2 minutes\" \/>\n<script type=\"application\/ld+json\" class=\"yoast-schema-graph\">{\"@context\":\"https:\/\/schema.org\",\"@graph\":[{\"@type\":\"WebPage\",\"@id\":\"https:\/\/research.reading.ac.uk\/conscientious-objection-in-health-care-declaration\/signer-la-declaration\/\",\"url\":\"https:\/\/research.reading.ac.uk\/conscientious-objection-in-health-care-declaration\/signer-la-declaration\/\",\"name\":\"Signer la D\u00e9claration - Declaration in Support of Conscientious Objection in Health Care\",\"isPartOf\":{\"@id\":\"https:\/\/research.reading.ac.uk\/conscientious-objection-in-health-care-declaration\/#website\"},\"datePublished\":\"2019-03-05T14:42:12+00:00\",\"dateModified\":\"2019-03-06T10:02:38+00:00\",\"breadcrumb\":{\"@id\":\"https:\/\/research.reading.ac.uk\/conscientious-objection-in-health-care-declaration\/signer-la-declaration\/#breadcrumb\"},\"inLanguage\":\"en-GB\",\"potentialAction\":[{\"@type\":\"ReadAction\",\"target\":[\"https:\/\/research.reading.ac.uk\/conscientious-objection-in-health-care-declaration\/signer-la-declaration\/\"]}]},{\"@type\":\"BreadcrumbList\",\"@id\":\"https:\/\/research.reading.ac.uk\/conscientious-objection-in-health-care-declaration\/signer-la-declaration\/#breadcrumb\",\"itemListElement\":[{\"@type\":\"ListItem\",\"position\":1,\"name\":\"Home\",\"item\":\"https:\/\/research.reading.ac.uk\/conscientious-objection-in-health-care-declaration\/\"},{\"@type\":\"ListItem\",\"position\":2,\"name\":\"Signer la D\u00e9claration\"}]},{\"@type\":\"WebSite\",\"@id\":\"https:\/\/research.reading.ac.uk\/conscientious-objection-in-health-care-declaration\/#website\",\"url\":\"https:\/\/research.reading.ac.uk\/conscientious-objection-in-health-care-declaration\/\",\"name\":\"Declaration in Support of Conscientious Objection in Health Care\",\"description\":\"\",\"potentialAction\":[{\"@type\":\"SearchAction\",\"target\":{\"@type\":\"EntryPoint\",\"urlTemplate\":\"https:\/\/research.reading.ac.uk\/conscientious-objection-in-health-care-declaration\/?s={search_term_string}\"},\"query-input\":\"required name=search_term_string\"}],\"inLanguage\":\"en-GB\"}]}<\/script>\n<!-- \/ Yoast SEO plugin. -->","yoast_head_json":{"title":"Signer la D\u00e9claration - Declaration in Support of Conscientious Objection in Health Care","robots":{"index":"index","follow":"follow","max-snippet":"max-snippet:-1","max-image-preview":"max-image-preview:large","max-video-preview":"max-video-preview:-1"},"canonical":"https:\/\/research.reading.ac.uk\/conscientious-objection-in-health-care-declaration\/signer-la-declaration\/","og_locale":"en_GB","og_type":"article","og_title":"Signer la D\u00e9claration - Declaration in Support of Conscientious Objection in Health Care","og_description":"\u00a0\u00a0English version En validant ce formulaire, vous rendez visibles, dans la liste des signataires, le titre, le nom et l\u2019institution de rattachement que vous avez renseign\u00e9s dans les champs correspondants....Read More >","og_url":"https:\/\/research.reading.ac.uk\/conscientious-objection-in-health-care-declaration\/signer-la-declaration\/","og_site_name":"Declaration in Support of Conscientious Objection in Health Care","article_modified_time":"2019-03-06T10:02:38+00:00","og_image":[{"url":"https:\/\/research.reading.ac.uk\/conscientious-objection-in-health-care-declaration\/wp-content\/uploads\/sites\/44\/icons\/british-flag-icon.png"}],"twitter_card":"summary_large_image","twitter_misc":{"Estimated reading time":"2 minutes"},"schema":{"@context":"https:\/\/schema.org","@graph":[{"@type":"WebPage","@id":"https:\/\/research.reading.ac.uk\/conscientious-objection-in-health-care-declaration\/signer-la-declaration\/","url":"https:\/\/research.reading.ac.uk\/conscientious-objection-in-health-care-declaration\/signer-la-declaration\/","name":"Signer la D\u00e9claration - Declaration in Support of Conscientious Objection in Health Care","isPartOf":{"@id":"https:\/\/research.reading.ac.uk\/conscientious-objection-in-health-care-declaration\/#website"},"datePublished":"2019-03-05T14:42:12+00:00","dateModified":"2019-03-06T10:02:38+00:00","breadcrumb":{"@id":"https:\/\/research.reading.ac.uk\/conscientious-objection-in-health-care-declaration\/signer-la-declaration\/#breadcrumb"},"inLanguage":"en-GB","potentialAction":[{"@type":"ReadAction","target":["https:\/\/research.reading.ac.uk\/conscientious-objection-in-health-care-declaration\/signer-la-declaration\/"]}]},{"@type":"BreadcrumbList","@id":"https:\/\/research.reading.ac.uk\/conscientious-objection-in-health-care-declaration\/signer-la-declaration\/#breadcrumb","itemListElement":[{"@type":"ListItem","position":1,"name":"Home","item":"https:\/\/research.reading.ac.uk\/conscientious-objection-in-health-care-declaration\/"},{"@type":"ListItem","position":2,"name":"Signer la D\u00e9claration"}]},{"@type":"WebSite","@id":"https:\/\/research.reading.ac.uk\/conscientious-objection-in-health-care-declaration\/#website","url":"https:\/\/research.reading.ac.uk\/conscientious-objection-in-health-care-declaration\/","name":"Declaration in Support of Conscientious Objection in Health Care","description":"","potentialAction":[{"@type":"SearchAction","target":{"@type":"EntryPoint","urlTemplate":"https:\/\/research.reading.ac.uk\/conscientious-objection-in-health-care-declaration\/?s={search_term_string}"},"query-input":"required name=search_term_string"}],"inLanguage":"en-GB"}]}},"_links":{"self":[{"href":"https:\/\/research.reading.ac.uk\/conscientious-objection-in-health-care-declaration\/wp-json\/wp\/v2\/pages\/262","targetHints":{"allow":["GET"]}}],"collection":[{"href":"https:\/\/research.reading.ac.uk\/conscientious-objection-in-health-care-declaration\/wp-json\/wp\/v2\/pages"}],"about":[{"href":"https:\/\/research.reading.ac.uk\/conscientious-objection-in-health-care-declaration\/wp-json\/wp\/v2\/types\/page"}],"author":[{"embeddable":true,"href":"https:\/\/research.reading.ac.uk\/conscientious-objection-in-health-care-declaration\/wp-json\/wp\/v2\/users\/219"}],"replies":[{"embeddable":true,"href":"https:\/\/research.reading.ac.uk\/conscientious-objection-in-health-care-declaration\/wp-json\/wp\/v2\/comments?post=262"}],"version-history":[{"count":5,"href":"https:\/\/research.reading.ac.uk\/conscientious-objection-in-health-care-declaration\/wp-json\/wp\/v2\/pages\/262\/revisions"}],"predecessor-version":[{"id":358,"href":"https:\/\/research.reading.ac.uk\/conscientious-objection-in-health-care-declaration\/wp-json\/wp\/v2\/pages\/262\/revisions\/358"}],"wp:attachment":[{"href":"https:\/\/research.reading.ac.uk\/conscientious-objection-in-health-care-declaration\/wp-json\/wp\/v2\/media?parent=262"}],"curies":[{"name":"wp","href":"https:\/\/api.w.org\/{rel}","templated":true}]}}