{"id":626,"date":"2012-04-10T08:23:10","date_gmt":"2012-04-10T08:23:10","guid":{"rendered":"http:\/\/www.diasporicarchives.com\/?page_id=626"},"modified":"2023-08-18T19:47:21","modified_gmt":"2023-08-18T18:47:21","slug":"imec","status":"publish","type":"page","link":"https:\/\/research.reading.ac.uk\/diasporicarchives\/partners\/imec\/","title":{"rendered":"l&#8217;Institut M\u00e9moires de l&#8217;\u00e9dition contemporaine (IMEC)"},"content":{"rendered":"<p><span style=\"font-family: 'trebuchet ms',sans-serif\"><a href=\"http:\/\/www.imec-archives.com\/\" target=\"_blank\" rel=\"noopener noreferrer\"><img loading=\"lazy\" decoding=\"async\" class=\"alignleft size-full wp-image-627\" title=\"IMEC Website\" src=\"https:\/\/research.reading.ac.uk\/diasporicarchives\/wp-content\/uploads\/2012\/04\/imeclogorouge.gif\" alt=\"IMEC\" width=\"94\" height=\"46\" \/><\/a><\/span><\/p>\n<p>The\u00a0IMEC\u00a0was established in 1988 by a group of publishers and academic researchers. \u00a0In collaboration with the French Ministry of Culture and the Regional Council of Basse-Normandie, its mission is to preserve modern literary archives, create a modern literary heritage, and mediate between scholars, authors, and publishing houses. \u00a0The collection encompasses a wide variety of literary and artistic production. Notable holdings include the papers of the foremost publishers in France, Hachette, Le Seuil, Albin Michel\u00a0\u00a0and Flammarion, and renowned French and Francophone authors such as Marguerite Duras, Jacques Derrida, and Kateb Yacine, as well as material relating to the playwrights literary agents, graphic designers, printers, etc.<\/p>\n<h2>Andr\u00e9 Derval<\/h2>\n<p><span style=\"font-family: 'trebuchet ms',sans-serif\">Andr\u00e9 Derval est Directeur des Collections \u00e0 l\u2019Institut M\u00e9moires de l&#8217;\u00e9dition contemporaine (IMEC), \u00e0 Paris\/Caen, o\u00f9 il fut auparavant responsable des fonds d&#8217;\u00e9dition et des r\u00e9seaux documentaires depuis sa fondation en 1989. Dipl\u00f4m\u00e9 d&#8217;un Doctorat de Lettres modernes, sp\u00e9cialiste de Louis-Ferdinand C\u00e9line et de Samuel Becket, Andr\u00e9 Derval est l\u2019auteur de plusieurs monographies ainsi que de traductions et d&#8217;\u00e9ditions critiques; il dirige \u00e9galement la revue <em>\u00c9tudes c\u00e9liniennes<\/em> au sein de la Soci\u00e9t\u00e9 d\u2019\u00e9tudes c\u00e9liniennes. Il a enfin assur\u00e9 le commissariat de pluseurs expositions en France et aux \u00c9tats-Unis sur des maisons d\u2019\u00e9dition et des \u00e9crivains contemporains.<br \/>\n<\/span><\/p>\n","protected":false},"excerpt":{"rendered":"<p>The\u00a0IMEC\u00a0was established in 1988 by a group of publishers and academic researchers. \u00a0In collaboration with the French Ministry of Culture and the Regional Council of Basse-Normandie, its mission is to&#8230;<a class=\"read-more\" href=\"&#104;&#116;&#116;&#112;&#115;&#58;&#47;&#47;&#114;&#101;&#115;&#101;&#97;&#114;&#99;&#104;&#46;&#114;&#101;&#97;&#100;&#105;&#110;&#103;&#46;&#97;&#99;&#46;&#117;&#107;&#47;&#100;&#105;&#97;&#115;&#112;&#111;&#114;&#105;&#99;&#97;&#114;&#99;&#104;&#105;&#118;&#101;&#115;&#47;&#112;&#97;&#114;&#116;&#110;&#101;&#114;&#115;&#47;&#105;&#109;&#101;&#99;&#47;\">Read More ><\/a><\/p>\n","protected":false},"author":219,"featured_media":0,"parent":485,"menu_order":0,"comment_status":"closed","ping_status":"closed","template":"","meta":{"_acf_changed":false,"_monsterinsights_skip_tracking":false,"_monsterinsights_sitenote_active":false,"_monsterinsights_sitenote_note":"","_monsterinsights_sitenote_category":0,"__cvm_playback_settings":[],"__cvm_video_id":"","footnotes":""},"coauthors":[],"class_list":["post-626","page","type-page","status-publish","hentry"],"acf":[],"yoast_head":"<!-- This site is optimized with the Yoast SEO plugin v21.8.1 - https:\/\/yoast.com\/wordpress\/plugins\/seo\/ -->\n<title>l&#039;Institut M\u00e9moires de l&#039;\u00e9dition contemporaine (IMEC) - Diasporic Literary Archives<\/title>\n<meta name=\"robots\" content=\"index, follow, max-snippet:-1, max-image-preview:large, max-video-preview:-1\" \/>\n<link rel=\"canonical\" href=\"https:\/\/research.reading.ac.uk\/diasporicarchives\/partners\/imec\/\" \/>\n<meta property=\"og:locale\" content=\"en_GB\" \/>\n<meta property=\"og:type\" content=\"article\" \/>\n<meta property=\"og:title\" content=\"l&#039;Institut M\u00e9moires de l&#039;\u00e9dition contemporaine (IMEC) - Diasporic Literary Archives\" \/>\n<meta property=\"og:description\" content=\"The\u00a0IMEC\u00a0was established in 1988 by a group of publishers and academic researchers. \u00a0In collaboration with the French Ministry of Culture and the Regional Council of Basse-Normandie, its mission is to...Read More &gt;\" \/>\n<meta property=\"og:url\" content=\"https:\/\/research.reading.ac.uk\/diasporicarchives\/partners\/imec\/\" \/>\n<meta property=\"og:site_name\" content=\"Diasporic Literary Archives\" \/>\n<meta property=\"article:modified_time\" content=\"2023-08-18T18:47:21+00:00\" \/>\n<meta property=\"og:image\" content=\"https:\/\/research.reading.ac.uk\/diasporicarchives\/wp-content\/uploads\/2012\/04\/imeclogorouge.gif\" \/>\n<meta name=\"twitter:card\" content=\"summary_large_image\" \/>\n<meta name=\"twitter:label1\" content=\"Written by\" \/>\n\t<meta name=\"twitter:data1\" content=\"Alex Daykin\" \/>\n<script type=\"application\/ld+json\" class=\"yoast-schema-graph\">{\"@context\":\"https:\/\/schema.org\",\"@graph\":[{\"@type\":\"WebPage\",\"@id\":\"https:\/\/research.reading.ac.uk\/diasporicarchives\/partners\/imec\/\",\"url\":\"https:\/\/research.reading.ac.uk\/diasporicarchives\/partners\/imec\/\",\"name\":\"l'Institut M\u00e9moires de l'\u00e9dition contemporaine (IMEC) - Diasporic Literary Archives\",\"isPartOf\":{\"@id\":\"https:\/\/research.reading.ac.uk\/diasporicarchives\/#website\"},\"datePublished\":\"2012-04-10T08:23:10+00:00\",\"dateModified\":\"2023-08-18T18:47:21+00:00\",\"breadcrumb\":{\"@id\":\"https:\/\/research.reading.ac.uk\/diasporicarchives\/partners\/imec\/#breadcrumb\"},\"inLanguage\":\"en-GB\",\"potentialAction\":[{\"@type\":\"ReadAction\",\"target\":[\"https:\/\/research.reading.ac.uk\/diasporicarchives\/partners\/imec\/\"]}]},{\"@type\":\"BreadcrumbList\",\"@id\":\"https:\/\/research.reading.ac.uk\/diasporicarchives\/partners\/imec\/#breadcrumb\",\"itemListElement\":[{\"@type\":\"ListItem\",\"position\":1,\"name\":\"Home\",\"item\":\"https:\/\/research.reading.ac.uk\/diasporicarchives\/\"},{\"@type\":\"ListItem\",\"position\":2,\"name\":\"Partners\",\"item\":\"https:\/\/research.reading.ac.uk\/diasporicarchives\/partners\/\"},{\"@type\":\"ListItem\",\"position\":3,\"name\":\"l&#8217;Institut M\u00e9moires de l&#8217;\u00e9dition contemporaine (IMEC)\"}]},{\"@type\":\"WebSite\",\"@id\":\"https:\/\/research.reading.ac.uk\/diasporicarchives\/#website\",\"url\":\"https:\/\/research.reading.ac.uk\/diasporicarchives\/\",\"name\":\"Diasporic Literary Archives\",\"description\":\"international research project\",\"potentialAction\":[{\"@type\":\"SearchAction\",\"target\":{\"@type\":\"EntryPoint\",\"urlTemplate\":\"https:\/\/research.reading.ac.uk\/diasporicarchives\/?s={search_term_string}\"},\"query-input\":\"required name=search_term_string\"}],\"inLanguage\":\"en-GB\"}]}<\/script>\n<!-- \/ Yoast SEO plugin. -->","yoast_head_json":{"title":"l'Institut M\u00e9moires de l'\u00e9dition contemporaine (IMEC) - Diasporic Literary Archives","robots":{"index":"index","follow":"follow","max-snippet":"max-snippet:-1","max-image-preview":"max-image-preview:large","max-video-preview":"max-video-preview:-1"},"canonical":"https:\/\/research.reading.ac.uk\/diasporicarchives\/partners\/imec\/","og_locale":"en_GB","og_type":"article","og_title":"l'Institut M\u00e9moires de l'\u00e9dition contemporaine (IMEC) - Diasporic Literary Archives","og_description":"The\u00a0IMEC\u00a0was established in 1988 by a group of publishers and academic researchers. \u00a0In collaboration with the French Ministry of Culture and the Regional Council of Basse-Normandie, its mission is to...Read More >","og_url":"https:\/\/research.reading.ac.uk\/diasporicarchives\/partners\/imec\/","og_site_name":"Diasporic Literary Archives","article_modified_time":"2023-08-18T18:47:21+00:00","og_image":[{"url":"https:\/\/research.reading.ac.uk\/diasporicarchives\/wp-content\/uploads\/2012\/04\/imeclogorouge.gif"}],"twitter_card":"summary_large_image","twitter_misc":{"Written by":"Alex Daykin"},"schema":{"@context":"https:\/\/schema.org","@graph":[{"@type":"WebPage","@id":"https:\/\/research.reading.ac.uk\/diasporicarchives\/partners\/imec\/","url":"https:\/\/research.reading.ac.uk\/diasporicarchives\/partners\/imec\/","name":"l'Institut M\u00e9moires de l'\u00e9dition contemporaine (IMEC) - Diasporic Literary Archives","isPartOf":{"@id":"https:\/\/research.reading.ac.uk\/diasporicarchives\/#website"},"datePublished":"2012-04-10T08:23:10+00:00","dateModified":"2023-08-18T18:47:21+00:00","breadcrumb":{"@id":"https:\/\/research.reading.ac.uk\/diasporicarchives\/partners\/imec\/#breadcrumb"},"inLanguage":"en-GB","potentialAction":[{"@type":"ReadAction","target":["https:\/\/research.reading.ac.uk\/diasporicarchives\/partners\/imec\/"]}]},{"@type":"BreadcrumbList","@id":"https:\/\/research.reading.ac.uk\/diasporicarchives\/partners\/imec\/#breadcrumb","itemListElement":[{"@type":"ListItem","position":1,"name":"Home","item":"https:\/\/research.reading.ac.uk\/diasporicarchives\/"},{"@type":"ListItem","position":2,"name":"Partners","item":"https:\/\/research.reading.ac.uk\/diasporicarchives\/partners\/"},{"@type":"ListItem","position":3,"name":"l&#8217;Institut M\u00e9moires de l&#8217;\u00e9dition contemporaine (IMEC)"}]},{"@type":"WebSite","@id":"https:\/\/research.reading.ac.uk\/diasporicarchives\/#website","url":"https:\/\/research.reading.ac.uk\/diasporicarchives\/","name":"Diasporic Literary Archives","description":"international research project","potentialAction":[{"@type":"SearchAction","target":{"@type":"EntryPoint","urlTemplate":"https:\/\/research.reading.ac.uk\/diasporicarchives\/?s={search_term_string}"},"query-input":"required name=search_term_string"}],"inLanguage":"en-GB"}]}},"_links":{"self":[{"href":"https:\/\/research.reading.ac.uk\/diasporicarchives\/wp-json\/wp\/v2\/pages\/626","targetHints":{"allow":["GET"]}}],"collection":[{"href":"https:\/\/research.reading.ac.uk\/diasporicarchives\/wp-json\/wp\/v2\/pages"}],"about":[{"href":"https:\/\/research.reading.ac.uk\/diasporicarchives\/wp-json\/wp\/v2\/types\/page"}],"author":[{"embeddable":true,"href":"https:\/\/research.reading.ac.uk\/diasporicarchives\/wp-json\/wp\/v2\/users\/219"}],"replies":[{"embeddable":true,"href":"https:\/\/research.reading.ac.uk\/diasporicarchives\/wp-json\/wp\/v2\/comments?post=626"}],"version-history":[{"count":2,"href":"https:\/\/research.reading.ac.uk\/diasporicarchives\/wp-json\/wp\/v2\/pages\/626\/revisions"}],"predecessor-version":[{"id":2791,"href":"https:\/\/research.reading.ac.uk\/diasporicarchives\/wp-json\/wp\/v2\/pages\/626\/revisions\/2791"}],"up":[{"embeddable":true,"href":"https:\/\/research.reading.ac.uk\/diasporicarchives\/wp-json\/wp\/v2\/pages\/485"}],"wp:attachment":[{"href":"https:\/\/research.reading.ac.uk\/diasporicarchives\/wp-json\/wp\/v2\/media?parent=626"}],"wp:term":[{"taxonomy":"author","embeddable":true,"href":"https:\/\/research.reading.ac.uk\/diasporicarchives\/wp-json\/wp\/v2\/coauthors?post=626"}],"curies":[{"name":"wp","href":"https:\/\/api.w.org\/{rel}","templated":true}]}}