{"id":56,"date":"2018-01-03T15:06:23","date_gmt":"2018-01-03T15:06:23","guid":{"rendered":"https:\/\/research.reading.ac.uk\/ecologyofcrusading\/?page_id=56"},"modified":"2020-05-13T16:21:46","modified_gmt":"2020-05-13T15:21:46","slug":"plants","status":"publish","type":"page","link":"https:\/\/research.reading.ac.uk\/ecologyofcrusading\/plants\/","title":{"rendered":"Plants"},"content":{"rendered":"<p>Changing patterns of local vegetation on either side of the crusading period have provided an essential barometer of human activity in the landscapes of the eastern Baltic. Plant remains vary in size from whole seeds through to microscopic phytoliths (silica structures within plants) in archaeological contexts, and pollen preserved in cores taken from lakes and peat deposits. A total of fifty cores were taken in north Poland, Latvia and Estonia, with the aim of recovering deposits representative of the likely range of landscape settings and patterns of land-use, both in proximity to castles, urban and rural sites, and from areas more remote from settlements, including cases where remnant woodland is argued to have been maintained as a managed resource through the medieval period. The analysis of the pollen in these cores provided key data on changes in vegetation environment and land-use, indicating that intensive cultivation was already present in parts of the eastern Baltic before the Crusades. Elsewhere it intensified in the later medieval period following population growth and an influx of migrants. Plant macrofossils, the charred remains of seeds and fruits obtained from archaeological deposits, highlighted plants which were economically important in diet and medicine, as well as reflecting traces of harvesting, storage and trade. Fragments of wood and charcoal, as well as timbers preserved in buildings which could be dated with dendrochronology, also contributed to an understanding of the exploitation of woodland resources.<\/p>\n<div class=\"carousel-slider-outer carousel-slider-outer-image-carousel carousel-slider-outer-129\" style=\"--carousel-slider-nav-color:#f1f1f1;--carousel-slider-active-nav-color:#00d1b2;--carousel-slider-arrow-size:48px;--carousel-slider-bullet-size:10px\">\n<div id=\"&#039;id-129\" class=\"carousel-slider carousel-slider-129 arrows-visibility-hover dots-visibility-never arrows-outside dots-center dots-square owl-carousel\" data-slide-type=\"image-carousel\" data-owl-settings='{\"nav\":true,\"dots\":false,\"slideBy\":1,\"stagePadding\":0,\"margin\":10,\"loop\":true,\"lazyLoad\":false,\"autoplay\":true,\"autoplayTimeout\":5000,\"autoplaySpeed\":500,\"autoplayHoverPause\":false,\"autoWidth\":false,\"responsive\":{\"300\":{\"items\":1},\"576\":{\"items\":2},\"768\":{\"items\":2},\"1024\":{\"items\":3},\"1280\":{\"items\":4},\"1536\":{\"items\":5}}}'>\n<div class=\"carousel-slider__item\">\n\t<a class=\"magnific-popup\" href=\"https:\/\/research.reading.ac.uk\/ecologyofcrusading\/wp-content\/uploads\/sites\/21\/DSC0580.jpg\" data-width=\"1029\" data-height=\"683\"><img loading=\"lazy\" decoding=\"async\" width=\"1029\" height=\"683\" src=\"https:\/\/research.reading.ac.uk\/ecologyofcrusading\/wp-content\/uploads\/sites\/21\/DSC0580.jpg\" class=\"attachment-full size-full\" alt=\"\" srcset=\"https:\/\/research.reading.ac.uk\/ecologyofcrusading\/wp-content\/uploads\/sites\/21\/DSC0580.jpg 1029w, https:\/\/research.reading.ac.uk\/ecologyofcrusading\/wp-content\/uploads\/sites\/21\/DSC0580-300x199.jpg 300w, https:\/\/research.reading.ac.uk\/ecologyofcrusading\/wp-content\/uploads\/sites\/21\/DSC0580-768x510.jpg 768w, https:\/\/research.reading.ac.uk\/ecologyofcrusading\/wp-content\/uploads\/sites\/21\/DSC0580-1024x680.jpg 1024w\" sizes=\"auto, (max-width: 1029px) 100vw, 1029px\" \/><\/a><\/div>\n\n<div class=\"carousel-slider__item\">\n\t<a class=\"magnific-popup\" href=\"https:\/\/research.reading.ac.uk\/ecologyofcrusading\/wp-content\/uploads\/sites\/21\/DSC8488.jpg\" data-width=\"1029\" data-height=\"683\"><img loading=\"lazy\" decoding=\"async\" width=\"1029\" height=\"683\" src=\"https:\/\/research.reading.ac.uk\/ecologyofcrusading\/wp-content\/uploads\/sites\/21\/DSC8488.jpg\" class=\"attachment-full size-full\" alt=\"\" srcset=\"https:\/\/research.reading.ac.uk\/ecologyofcrusading\/wp-content\/uploads\/sites\/21\/DSC8488.jpg 1029w, https:\/\/research.reading.ac.uk\/ecologyofcrusading\/wp-content\/uploads\/sites\/21\/DSC8488-300x199.jpg 300w, https:\/\/research.reading.ac.uk\/ecologyofcrusading\/wp-content\/uploads\/sites\/21\/DSC8488-768x510.jpg 768w, https:\/\/research.reading.ac.uk\/ecologyofcrusading\/wp-content\/uploads\/sites\/21\/DSC8488-1024x680.jpg 1024w\" sizes=\"auto, (max-width: 1029px) 100vw, 1029px\" \/><\/a><\/div>\n\n<div class=\"carousel-slider__item\">\n\t<a class=\"magnific-popup\" href=\"https:\/\/research.reading.ac.uk\/ecologyofcrusading\/wp-content\/uploads\/sites\/21\/DSC0820.jpg\" data-width=\"1029\" data-height=\"683\"><img loading=\"lazy\" decoding=\"async\" width=\"1029\" height=\"683\" src=\"https:\/\/research.reading.ac.uk\/ecologyofcrusading\/wp-content\/uploads\/sites\/21\/DSC0820.jpg\" class=\"attachment-full size-full\" alt=\"\" srcset=\"https:\/\/research.reading.ac.uk\/ecologyofcrusading\/wp-content\/uploads\/sites\/21\/DSC0820.jpg 1029w, https:\/\/research.reading.ac.uk\/ecologyofcrusading\/wp-content\/uploads\/sites\/21\/DSC0820-300x199.jpg 300w, https:\/\/research.reading.ac.uk\/ecologyofcrusading\/wp-content\/uploads\/sites\/21\/DSC0820-768x510.jpg 768w, https:\/\/research.reading.ac.uk\/ecologyofcrusading\/wp-content\/uploads\/sites\/21\/DSC0820-1024x680.jpg 1024w\" sizes=\"auto, (max-width: 1029px) 100vw, 1029px\" \/><\/a><\/div>\n\n<div class=\"carousel-slider__item\">\n\t<a class=\"magnific-popup\" href=\"https:\/\/research.reading.ac.uk\/ecologyofcrusading\/wp-content\/uploads\/sites\/21\/DSC0929.jpg\" data-width=\"1029\" data-height=\"683\"><img loading=\"lazy\" decoding=\"async\" width=\"1029\" height=\"683\" src=\"https:\/\/research.reading.ac.uk\/ecologyofcrusading\/wp-content\/uploads\/sites\/21\/DSC0929.jpg\" class=\"attachment-full size-full\" alt=\"\" srcset=\"https:\/\/research.reading.ac.uk\/ecologyofcrusading\/wp-content\/uploads\/sites\/21\/DSC0929.jpg 1029w, https:\/\/research.reading.ac.uk\/ecologyofcrusading\/wp-content\/uploads\/sites\/21\/DSC0929-300x199.jpg 300w, https:\/\/research.reading.ac.uk\/ecologyofcrusading\/wp-content\/uploads\/sites\/21\/DSC0929-768x510.jpg 768w, https:\/\/research.reading.ac.uk\/ecologyofcrusading\/wp-content\/uploads\/sites\/21\/DSC0929-1024x680.jpg 1024w\" sizes=\"auto, (max-width: 1029px) 100vw, 1029px\" \/><\/a><\/div>\n\n<div class=\"carousel-slider__item\">\n\t<a class=\"magnific-popup\" href=\"https:\/\/research.reading.ac.uk\/ecologyofcrusading\/wp-content\/uploads\/sites\/21\/DSC0749.jpg\" data-width=\"1029\" data-height=\"683\"><img loading=\"lazy\" decoding=\"async\" width=\"1029\" height=\"683\" src=\"https:\/\/research.reading.ac.uk\/ecologyofcrusading\/wp-content\/uploads\/sites\/21\/DSC0749.jpg\" class=\"attachment-full size-full\" alt=\"\" srcset=\"https:\/\/research.reading.ac.uk\/ecologyofcrusading\/wp-content\/uploads\/sites\/21\/DSC0749.jpg 1029w, https:\/\/research.reading.ac.uk\/ecologyofcrusading\/wp-content\/uploads\/sites\/21\/DSC0749-300x199.jpg 300w, https:\/\/research.reading.ac.uk\/ecologyofcrusading\/wp-content\/uploads\/sites\/21\/DSC0749-768x510.jpg 768w, https:\/\/research.reading.ac.uk\/ecologyofcrusading\/wp-content\/uploads\/sites\/21\/DSC0749-1024x680.jpg 1024w\" sizes=\"auto, (max-width: 1029px) 100vw, 1029px\" \/><\/a><\/div>\n\n<div class=\"carousel-slider__item\">\n\t<a class=\"magnific-popup\" href=\"https:\/\/research.reading.ac.uk\/ecologyofcrusading\/wp-content\/uploads\/sites\/21\/DSC0783.jpg\" data-width=\"1029\" data-height=\"683\"><img loading=\"lazy\" decoding=\"async\" width=\"1029\" height=\"683\" src=\"https:\/\/research.reading.ac.uk\/ecologyofcrusading\/wp-content\/uploads\/sites\/21\/DSC0783.jpg\" class=\"attachment-full size-full\" alt=\"\" srcset=\"https:\/\/research.reading.ac.uk\/ecologyofcrusading\/wp-content\/uploads\/sites\/21\/DSC0783.jpg 1029w, https:\/\/research.reading.ac.uk\/ecologyofcrusading\/wp-content\/uploads\/sites\/21\/DSC0783-300x199.jpg 300w, https:\/\/research.reading.ac.uk\/ecologyofcrusading\/wp-content\/uploads\/sites\/21\/DSC0783-768x510.jpg 768w, https:\/\/research.reading.ac.uk\/ecologyofcrusading\/wp-content\/uploads\/sites\/21\/DSC0783-1024x680.jpg 1024w\" sizes=\"auto, (max-width: 1029px) 100vw, 1029px\" \/><\/a><\/div>\n\n<div class=\"carousel-slider__item\">\n\t<a class=\"magnific-popup\" href=\"https:\/\/research.reading.ac.uk\/ecologyofcrusading\/wp-content\/uploads\/sites\/21\/DSC1424.jpg\" data-width=\"1029\" data-height=\"683\"><img loading=\"lazy\" decoding=\"async\" width=\"1029\" height=\"683\" src=\"https:\/\/research.reading.ac.uk\/ecologyofcrusading\/wp-content\/uploads\/sites\/21\/DSC1424.jpg\" class=\"attachment-full size-full\" alt=\"\" srcset=\"https:\/\/research.reading.ac.uk\/ecologyofcrusading\/wp-content\/uploads\/sites\/21\/DSC1424.jpg 1029w, https:\/\/research.reading.ac.uk\/ecologyofcrusading\/wp-content\/uploads\/sites\/21\/DSC1424-300x199.jpg 300w, https:\/\/research.reading.ac.uk\/ecologyofcrusading\/wp-content\/uploads\/sites\/21\/DSC1424-768x510.jpg 768w, https:\/\/research.reading.ac.uk\/ecologyofcrusading\/wp-content\/uploads\/sites\/21\/DSC1424-1024x680.jpg 1024w\" sizes=\"auto, (max-width: 1029px) 100vw, 1029px\" \/><\/a><\/div>\n\n<div class=\"carousel-slider__item\">\n\t<a class=\"magnific-popup\" href=\"https:\/\/research.reading.ac.uk\/ecologyofcrusading\/wp-content\/uploads\/sites\/21\/DSC1703.jpg\" data-width=\"1200\" data-height=\"800\"><img loading=\"lazy\" decoding=\"async\" width=\"1200\" height=\"800\" src=\"https:\/\/research.reading.ac.uk\/ecologyofcrusading\/wp-content\/uploads\/sites\/21\/DSC1703.jpg\" class=\"attachment-full size-full\" alt=\"\" srcset=\"https:\/\/research.reading.ac.uk\/ecologyofcrusading\/wp-content\/uploads\/sites\/21\/DSC1703.jpg 1200w, https:\/\/research.reading.ac.uk\/ecologyofcrusading\/wp-content\/uploads\/sites\/21\/DSC1703-300x200.jpg 300w, https:\/\/research.reading.ac.uk\/ecologyofcrusading\/wp-content\/uploads\/sites\/21\/DSC1703-768x512.jpg 768w, https:\/\/research.reading.ac.uk\/ecologyofcrusading\/wp-content\/uploads\/sites\/21\/DSC1703-1024x683.jpg 1024w\" sizes=\"auto, (max-width: 1200px) 100vw, 1200px\" \/><\/a><\/div>\n\n<div class=\"carousel-slider__item\">\n\t<a class=\"magnific-popup\" href=\"https:\/\/research.reading.ac.uk\/ecologyofcrusading\/wp-content\/uploads\/sites\/21\/DSC6795.jpg\" data-width=\"1029\" data-height=\"683\"><img loading=\"lazy\" decoding=\"async\" width=\"1029\" height=\"683\" src=\"https:\/\/research.reading.ac.uk\/ecologyofcrusading\/wp-content\/uploads\/sites\/21\/DSC6795.jpg\" class=\"attachment-full size-full\" alt=\"\" srcset=\"https:\/\/research.reading.ac.uk\/ecologyofcrusading\/wp-content\/uploads\/sites\/21\/DSC6795.jpg 1029w, https:\/\/research.reading.ac.uk\/ecologyofcrusading\/wp-content\/uploads\/sites\/21\/DSC6795-300x199.jpg 300w, https:\/\/research.reading.ac.uk\/ecologyofcrusading\/wp-content\/uploads\/sites\/21\/DSC6795-768x510.jpg 768w, https:\/\/research.reading.ac.uk\/ecologyofcrusading\/wp-content\/uploads\/sites\/21\/DSC6795-1024x680.jpg 1024w\" sizes=\"auto, (max-width: 1029px) 100vw, 1029px\" \/><\/a><\/div>\n\n<div class=\"carousel-slider__item\">\n\t<a class=\"magnific-popup\" href=\"https:\/\/research.reading.ac.uk\/ecologyofcrusading\/wp-content\/uploads\/sites\/21\/DSC0952.jpg\" data-width=\"1029\" data-height=\"683\"><img loading=\"lazy\" decoding=\"async\" width=\"1029\" height=\"683\" src=\"https:\/\/research.reading.ac.uk\/ecologyofcrusading\/wp-content\/uploads\/sites\/21\/DSC0952.jpg\" class=\"attachment-full size-full\" alt=\"\" srcset=\"https:\/\/research.reading.ac.uk\/ecologyofcrusading\/wp-content\/uploads\/sites\/21\/DSC0952.jpg 1029w, https:\/\/research.reading.ac.uk\/ecologyofcrusading\/wp-content\/uploads\/sites\/21\/DSC0952-300x199.jpg 300w, https:\/\/research.reading.ac.uk\/ecologyofcrusading\/wp-content\/uploads\/sites\/21\/DSC0952-768x510.jpg 768w, https:\/\/research.reading.ac.uk\/ecologyofcrusading\/wp-content\/uploads\/sites\/21\/DSC0952-1024x680.jpg 1024w\" sizes=\"auto, (max-width: 1029px) 100vw, 1029px\" \/><\/a><\/div>\n\n<div class=\"carousel-slider__item\">\n\t<a class=\"magnific-popup\" href=\"https:\/\/research.reading.ac.uk\/ecologyofcrusading\/wp-content\/uploads\/sites\/21\/DSC1399.jpg\" data-width=\"1029\" data-height=\"683\"><img loading=\"lazy\" decoding=\"async\" width=\"1029\" height=\"683\" src=\"https:\/\/research.reading.ac.uk\/ecologyofcrusading\/wp-content\/uploads\/sites\/21\/DSC1399.jpg\" class=\"attachment-full size-full\" alt=\"\" srcset=\"https:\/\/research.reading.ac.uk\/ecologyofcrusading\/wp-content\/uploads\/sites\/21\/DSC1399.jpg 1029w, https:\/\/research.reading.ac.uk\/ecologyofcrusading\/wp-content\/uploads\/sites\/21\/DSC1399-300x199.jpg 300w, https:\/\/research.reading.ac.uk\/ecologyofcrusading\/wp-content\/uploads\/sites\/21\/DSC1399-768x510.jpg 768w, https:\/\/research.reading.ac.uk\/ecologyofcrusading\/wp-content\/uploads\/sites\/21\/DSC1399-1024x680.jpg 1024w\" sizes=\"auto, (max-width: 1029px) 100vw, 1029px\" \/><\/a><\/div>\n\n<\/div><!-- .carousel-slider-129 -->\n<\/div><!-- .carousel-slider-outer-129 -->\n\n<p>&nbsp;<\/p>\n<h2>Publications produced by the team<\/h2>\n<p>Brown, A. Poska, A and Pluskowski, A. G. 2019. \u2018<a href=\"https:\/\/www.sciencedirect.com\/science\/article\/abs\/pii\/S1040618219302241?via%3Dihub\">The environmental impact of cultural change: Palynological and quantitative land cover reconstructions for the last two millennia in northern Poland\u2019<\/a>, <em>Quaternary International<\/em> 522: 38-54.<\/p>\n<p>Brown, A., Badura, M., King, G., Gos, K., Cerina, A., Kalnina, L. and Pluskowski, A. G. 2017. \u2018<a href=\"https:\/\/doi.org\/10.1016\/j.jasrep.2017.01.016\">Plant macrofossil, pollen and invertebrate analysis of a mid-14th century cesspit from medieval Riga, Latvia (the eastern Baltic): Taphonomy and indicators of human diet<\/a>\u2019, <em>Journal of Archaeological Science<\/em> 11: 674-682.<\/p>\n<p>Stivri\u0146\u0161, N., Brown, A., Veski, S., Ratniece, V., Heinsalu, A., Austin, J., Liiv, M and Ceri\u0146a, A. 2016. \u2018<a href=\"https:\/\/journals.sagepub.com\/doi\/10.1177\/0959683615596821\">Palaeoenvironmental evidence for the impact of the crusades on the local and regional environment of medieval (13<sup>th<\/sup>-16<sup>th<\/sup> century) northern Latvia, eastern Baltic\u2019<\/a>, <em>The Holocene<\/em> 26\/1: 61-69.<\/p>\n<p>Brown, A. D., Banerjea, R., Dawn-Wynne, A., Stivrins, N., Jarzebowski, M., Shillito, L-M., and Pluskowski, A. G., 2015. \u2018<a href=\"http:\/\/onlinelibrary.wiley.com\/doi\/10.1002\/gea.21525\/abstract\">The ecological impact of conquest and colonization on a medieval frontier landscape: combined palynological and geochemical analysis of lake sediments from Radzy\u0144 Che\u0142mi\u0144ski, northern Poland<\/a>\u2019, <em>Geoarchaeology<\/em> 30\/6: 511-527.<\/p>\n<p>Stivri\u0146\u0161, N., Brown, A., Reitalu, T., Veski, S., Heinsalu, A., Banerjea, R. Y., and Elmi, K. 2015. \u2018<a href=\"https:\/\/link.springer.com\/article\/10.1007%2Fs00334-014-0502-y\">Landscape change in central Latvia since the Iron Age: Multiproxy analysis of the vegetation impact of conflict, colonization and economic expansion during the last 2,000 years<\/a>\u2019, <em>Vegetation History and Archaeobotany<\/em> 24: 377-91.<\/p>\n<p>Brown, A. and Pluskowski, A. G. 2014. \u2018<a href=\"http:\/\/briai.ku.lt\/en\/publications\/archaeologia-baltica\/volumes\/volume-20\/\">Medieval landscape transformation in the south-eastern and eastern Baltic: palaeoenvironmental perspectives on the colonization of frontier landscapes<\/a>\u2019, <em>Archaeologia Baltica<\/em>, 20: 24-46.<\/p>\n<p>Brown, A. D. and Pluskowski, A.G. 2011. &#8216;<a href=\"https:\/\/doi.org\/10.1016\/j.jas.2011.04.010\">Detecting the environmental impact of the Baltic Crusades on a late medieval (13th-15th century) frontier landscape: palynological analysis from Malbork castle and hinterland, northern Poland<\/a>&#8216;, <em>Journal of Archaeological Science,<\/em> 38: 1957-1966.<\/p>\n<p>&nbsp;<\/p>\n","protected":false},"excerpt":{"rendered":"<p>Changing patterns of local vegetation on either side of the crusading period have provided an essential barometer of human activity in the landscapes of the eastern Baltic. Plant remains vary&#8230;<a class=\"read-more\" href=\"&#104;&#116;&#116;&#112;&#115;&#58;&#47;&#47;&#114;&#101;&#115;&#101;&#97;&#114;&#99;&#104;&#46;&#114;&#101;&#97;&#100;&#105;&#110;&#103;&#46;&#97;&#99;&#46;&#117;&#107;&#47;&#101;&#99;&#111;&#108;&#111;&#103;&#121;&#111;&#102;&#99;&#114;&#117;&#115;&#97;&#100;&#105;&#110;&#103;&#47;&#112;&#108;&#97;&#110;&#116;&#115;&#47;\">Read More ><\/a><\/p>\n","protected":false},"author":8,"featured_media":139,"parent":0,"menu_order":0,"comment_status":"closed","ping_status":"closed","template":"","meta":{"_acf_changed":false,"_monsterinsights_skip_tracking":false,"_monsterinsights_sitenote_active":false,"_monsterinsights_sitenote_note":"","_monsterinsights_sitenote_category":0,"__cvm_playback_settings":[],"__cvm_video_id":"","footnotes":"","_links_to":"","_links_to_target":""},"class_list":["post-56","page","type-page","status-publish","has-post-thumbnail","hentry"],"acf":[],"yoast_head":"<!-- This site is optimized with the Yoast SEO plugin v21.8.1 - https:\/\/yoast.com\/wordpress\/plugins\/seo\/ -->\n<title>Plants - Ecology of Crusading<\/title>\n<meta name=\"robots\" content=\"index, follow, max-snippet:-1, max-image-preview:large, max-video-preview:-1\" \/>\n<link rel=\"canonical\" href=\"https:\/\/research.reading.ac.uk\/ecologyofcrusading\/plants\/\" \/>\n<meta property=\"og:locale\" content=\"en_GB\" \/>\n<meta property=\"og:type\" content=\"article\" \/>\n<meta property=\"og:title\" content=\"Plants - Ecology of Crusading\" \/>\n<meta property=\"og:description\" content=\"Changing patterns of local vegetation on either side of the crusading period have provided an essential barometer of human activity in the landscapes of the eastern Baltic. Plant remains vary...Read More &gt;\" \/>\n<meta property=\"og:url\" content=\"https:\/\/research.reading.ac.uk\/ecologyofcrusading\/plants\/\" \/>\n<meta property=\"og:site_name\" content=\"Ecology of Crusading\" \/>\n<meta property=\"article:modified_time\" content=\"2020-05-13T15:21:46+00:00\" \/>\n<meta property=\"og:image\" content=\"https:\/\/research.reading.ac.uk\/ecologyofcrusading\/wp-content\/uploads\/sites\/21\/DSC6795.jpg\" \/>\n\t<meta property=\"og:image:width\" content=\"1029\" \/>\n\t<meta property=\"og:image:height\" content=\"683\" \/>\n\t<meta property=\"og:image:type\" content=\"image\/jpeg\" \/>\n<meta name=\"twitter:card\" content=\"summary_large_image\" \/>\n<meta name=\"twitter:label1\" content=\"Estimated reading time\" \/>\n\t<meta name=\"twitter:data1\" content=\"3 minutes\" \/>\n<script type=\"application\/ld+json\" class=\"yoast-schema-graph\">{\"@context\":\"https:\/\/schema.org\",\"@graph\":[{\"@type\":\"WebPage\",\"@id\":\"https:\/\/research.reading.ac.uk\/ecologyofcrusading\/plants\/\",\"url\":\"https:\/\/research.reading.ac.uk\/ecologyofcrusading\/plants\/\",\"name\":\"Plants - Ecology of Crusading\",\"isPartOf\":{\"@id\":\"https:\/\/research.reading.ac.uk\/ecologyofcrusading\/#website\"},\"datePublished\":\"2018-01-03T15:06:23+00:00\",\"dateModified\":\"2020-05-13T15:21:46+00:00\",\"breadcrumb\":{\"@id\":\"https:\/\/research.reading.ac.uk\/ecologyofcrusading\/plants\/#breadcrumb\"},\"inLanguage\":\"en-GB\",\"potentialAction\":[{\"@type\":\"ReadAction\",\"target\":[\"https:\/\/research.reading.ac.uk\/ecologyofcrusading\/plants\/\"]}]},{\"@type\":\"BreadcrumbList\",\"@id\":\"https:\/\/research.reading.ac.uk\/ecologyofcrusading\/plants\/#breadcrumb\",\"itemListElement\":[{\"@type\":\"ListItem\",\"position\":1,\"name\":\"Home\",\"item\":\"https:\/\/research.reading.ac.uk\/ecologyofcrusading\/\"},{\"@type\":\"ListItem\",\"position\":2,\"name\":\"Plants\"}]},{\"@type\":\"WebSite\",\"@id\":\"https:\/\/research.reading.ac.uk\/ecologyofcrusading\/#website\",\"url\":\"https:\/\/research.reading.ac.uk\/ecologyofcrusading\/\",\"name\":\"Ecology of Crusading\",\"description\":\"\",\"potentialAction\":[{\"@type\":\"SearchAction\",\"target\":{\"@type\":\"EntryPoint\",\"urlTemplate\":\"https:\/\/research.reading.ac.uk\/ecologyofcrusading\/?s={search_term_string}\"},\"query-input\":\"required name=search_term_string\"}],\"inLanguage\":\"en-GB\"}]}<\/script>\n<!-- \/ Yoast SEO plugin. -->","yoast_head_json":{"title":"Plants - Ecology of Crusading","robots":{"index":"index","follow":"follow","max-snippet":"max-snippet:-1","max-image-preview":"max-image-preview:large","max-video-preview":"max-video-preview:-1"},"canonical":"https:\/\/research.reading.ac.uk\/ecologyofcrusading\/plants\/","og_locale":"en_GB","og_type":"article","og_title":"Plants - Ecology of Crusading","og_description":"Changing patterns of local vegetation on either side of the crusading period have provided an essential barometer of human activity in the landscapes of the eastern Baltic. Plant remains vary...Read More >","og_url":"https:\/\/research.reading.ac.uk\/ecologyofcrusading\/plants\/","og_site_name":"Ecology of Crusading","article_modified_time":"2020-05-13T15:21:46+00:00","og_image":[{"width":1029,"height":683,"url":"https:\/\/research.reading.ac.uk\/ecologyofcrusading\/wp-content\/uploads\/sites\/21\/DSC6795.jpg","type":"image\/jpeg"}],"twitter_card":"summary_large_image","twitter_misc":{"Estimated reading time":"3 minutes"},"schema":{"@context":"https:\/\/schema.org","@graph":[{"@type":"WebPage","@id":"https:\/\/research.reading.ac.uk\/ecologyofcrusading\/plants\/","url":"https:\/\/research.reading.ac.uk\/ecologyofcrusading\/plants\/","name":"Plants - Ecology of Crusading","isPartOf":{"@id":"https:\/\/research.reading.ac.uk\/ecologyofcrusading\/#website"},"datePublished":"2018-01-03T15:06:23+00:00","dateModified":"2020-05-13T15:21:46+00:00","breadcrumb":{"@id":"https:\/\/research.reading.ac.uk\/ecologyofcrusading\/plants\/#breadcrumb"},"inLanguage":"en-GB","potentialAction":[{"@type":"ReadAction","target":["https:\/\/research.reading.ac.uk\/ecologyofcrusading\/plants\/"]}]},{"@type":"BreadcrumbList","@id":"https:\/\/research.reading.ac.uk\/ecologyofcrusading\/plants\/#breadcrumb","itemListElement":[{"@type":"ListItem","position":1,"name":"Home","item":"https:\/\/research.reading.ac.uk\/ecologyofcrusading\/"},{"@type":"ListItem","position":2,"name":"Plants"}]},{"@type":"WebSite","@id":"https:\/\/research.reading.ac.uk\/ecologyofcrusading\/#website","url":"https:\/\/research.reading.ac.uk\/ecologyofcrusading\/","name":"Ecology of Crusading","description":"","potentialAction":[{"@type":"SearchAction","target":{"@type":"EntryPoint","urlTemplate":"https:\/\/research.reading.ac.uk\/ecologyofcrusading\/?s={search_term_string}"},"query-input":"required name=search_term_string"}],"inLanguage":"en-GB"}]}},"_links":{"self":[{"href":"https:\/\/research.reading.ac.uk\/ecologyofcrusading\/wp-json\/wp\/v2\/pages\/56","targetHints":{"allow":["GET"]}}],"collection":[{"href":"https:\/\/research.reading.ac.uk\/ecologyofcrusading\/wp-json\/wp\/v2\/pages"}],"about":[{"href":"https:\/\/research.reading.ac.uk\/ecologyofcrusading\/wp-json\/wp\/v2\/types\/page"}],"author":[{"embeddable":true,"href":"https:\/\/research.reading.ac.uk\/ecologyofcrusading\/wp-json\/wp\/v2\/users\/8"}],"replies":[{"embeddable":true,"href":"https:\/\/research.reading.ac.uk\/ecologyofcrusading\/wp-json\/wp\/v2\/comments?post=56"}],"version-history":[{"count":6,"href":"https:\/\/research.reading.ac.uk\/ecologyofcrusading\/wp-json\/wp\/v2\/pages\/56\/revisions"}],"predecessor-version":[{"id":246,"href":"https:\/\/research.reading.ac.uk\/ecologyofcrusading\/wp-json\/wp\/v2\/pages\/56\/revisions\/246"}],"wp:featuredmedia":[{"embeddable":true,"href":"https:\/\/research.reading.ac.uk\/ecologyofcrusading\/wp-json\/wp\/v2\/media\/139"}],"wp:attachment":[{"href":"https:\/\/research.reading.ac.uk\/ecologyofcrusading\/wp-json\/wp\/v2\/media?parent=56"}],"curies":[{"name":"wp","href":"https:\/\/api.w.org\/{rel}","templated":true}]}}