{"id":58,"date":"2018-01-03T15:06:31","date_gmt":"2018-01-03T15:06:31","guid":{"rendered":"https:\/\/research.reading.ac.uk\/ecologyofcrusading\/?page_id=58"},"modified":"2020-05-13T16:19:16","modified_gmt":"2020-05-13T15:19:16","slug":"animals","status":"publish","type":"page","link":"https:\/\/research.reading.ac.uk\/ecologyofcrusading\/animals\/","title":{"rendered":"Animals"},"content":{"rendered":"<p>Animal bone fragments, deriving from mammals, birds and fish, represent one of the most substantial archaeological datasets from sites in the eastern Baltic on either side of the crusading period. In rare instances the remains of insects have also survived. Mammals, the most important category of species exploited by people, were essential to all aspects of daily life, providing a range of primary and secondary products from food through to clothing and traction. Their selective exploitation also reflected the management of the landscape and the character of provisioning networks which connected the countryside with major population centres, whilst the remains of wild species reflect to some extent degrees of biodiversity. At the same time, when found in archaeological contexts they typically represent human choices in exploitation. Along with habitat fragmentation and an expansion in cultivation, it is evident that relative levels of biodiversity decreased after the crusades, although this process had already begun in the Late Iron Age, during the consolidation of a native elite class ruling from strongholds. After the crusades, the new regime largely appropriated existing forms of animal husbandry and provisioning, with noticeable changes including the introduction of new stock, improved fodder and butchery technology by incoming migrants in parts of Prussia.<\/p>\n<div class=\"carousel-slider-outer carousel-slider-outer-image-carousel carousel-slider-outer-113\" style=\"--carousel-slider-nav-color:#f1f1f1;--carousel-slider-active-nav-color:#00d1b2;--carousel-slider-arrow-size:48px;--carousel-slider-bullet-size:10px\">\n<div id=\"&#039;id-113\" class=\"carousel-slider carousel-slider-113 arrows-visibility-hover dots-visibility-never arrows-outside dots-center dots-square owl-carousel\" data-slide-type=\"image-carousel\" data-owl-settings='{\"nav\":true,\"dots\":false,\"slideBy\":1,\"stagePadding\":0,\"margin\":10,\"loop\":true,\"lazyLoad\":false,\"autoplay\":true,\"autoplayTimeout\":5000,\"autoplaySpeed\":500,\"autoplayHoverPause\":true,\"autoWidth\":false,\"responsive\":{\"300\":{\"items\":1},\"576\":{\"items\":2},\"768\":{\"items\":2},\"1024\":{\"items\":3},\"1280\":{\"items\":4},\"1536\":{\"items\":5}}}'>\n<div class=\"carousel-slider__item\">\n\t<a class=\"magnific-popup\" href=\"https:\/\/research.reading.ac.uk\/ecologyofcrusading\/wp-content\/uploads\/sites\/21\/DSC0681.jpg\" data-width=\"1029\" data-height=\"683\"><img loading=\"lazy\" decoding=\"async\" width=\"1029\" height=\"683\" src=\"https:\/\/research.reading.ac.uk\/ecologyofcrusading\/wp-content\/uploads\/sites\/21\/DSC0681.jpg\" class=\"attachment-full size-full\" alt=\"\" srcset=\"https:\/\/research.reading.ac.uk\/ecologyofcrusading\/wp-content\/uploads\/sites\/21\/DSC0681.jpg 1029w, https:\/\/research.reading.ac.uk\/ecologyofcrusading\/wp-content\/uploads\/sites\/21\/DSC0681-300x199.jpg 300w, https:\/\/research.reading.ac.uk\/ecologyofcrusading\/wp-content\/uploads\/sites\/21\/DSC0681-768x510.jpg 768w, https:\/\/research.reading.ac.uk\/ecologyofcrusading\/wp-content\/uploads\/sites\/21\/DSC0681-1024x680.jpg 1024w\" sizes=\"auto, (max-width: 1029px) 100vw, 1029px\" \/><\/a><\/div>\n\n<div class=\"carousel-slider__item\">\n\t<a class=\"magnific-popup\" href=\"https:\/\/research.reading.ac.uk\/ecologyofcrusading\/wp-content\/uploads\/sites\/21\/DSC0662.jpg\" data-width=\"1029\" data-height=\"683\"><img loading=\"lazy\" decoding=\"async\" width=\"1029\" height=\"683\" src=\"https:\/\/research.reading.ac.uk\/ecologyofcrusading\/wp-content\/uploads\/sites\/21\/DSC0662.jpg\" class=\"attachment-full size-full\" alt=\"\" srcset=\"https:\/\/research.reading.ac.uk\/ecologyofcrusading\/wp-content\/uploads\/sites\/21\/DSC0662.jpg 1029w, https:\/\/research.reading.ac.uk\/ecologyofcrusading\/wp-content\/uploads\/sites\/21\/DSC0662-300x199.jpg 300w, https:\/\/research.reading.ac.uk\/ecologyofcrusading\/wp-content\/uploads\/sites\/21\/DSC0662-768x510.jpg 768w, https:\/\/research.reading.ac.uk\/ecologyofcrusading\/wp-content\/uploads\/sites\/21\/DSC0662-1024x680.jpg 1024w\" sizes=\"auto, (max-width: 1029px) 100vw, 1029px\" \/><\/a><\/div>\n\n<div class=\"carousel-slider__item\">\n\t<a class=\"magnific-popup\" href=\"https:\/\/research.reading.ac.uk\/ecologyofcrusading\/wp-content\/uploads\/sites\/21\/DSC7690.jpg\" data-width=\"1029\" data-height=\"683\"><img loading=\"lazy\" decoding=\"async\" width=\"1029\" height=\"683\" src=\"https:\/\/research.reading.ac.uk\/ecologyofcrusading\/wp-content\/uploads\/sites\/21\/DSC7690.jpg\" class=\"attachment-full size-full\" alt=\"\" srcset=\"https:\/\/research.reading.ac.uk\/ecologyofcrusading\/wp-content\/uploads\/sites\/21\/DSC7690.jpg 1029w, https:\/\/research.reading.ac.uk\/ecologyofcrusading\/wp-content\/uploads\/sites\/21\/DSC7690-300x199.jpg 300w, https:\/\/research.reading.ac.uk\/ecologyofcrusading\/wp-content\/uploads\/sites\/21\/DSC7690-768x510.jpg 768w, https:\/\/research.reading.ac.uk\/ecologyofcrusading\/wp-content\/uploads\/sites\/21\/DSC7690-1024x680.jpg 1024w\" sizes=\"auto, (max-width: 1029px) 100vw, 1029px\" \/><\/a><\/div>\n\n<div class=\"carousel-slider__item\">\n\t<a class=\"magnific-popup\" href=\"https:\/\/research.reading.ac.uk\/ecologyofcrusading\/wp-content\/uploads\/sites\/21\/DSC7949.jpg\" data-width=\"1021\" data-height=\"680\"><img loading=\"lazy\" decoding=\"async\" width=\"1021\" height=\"680\" src=\"https:\/\/research.reading.ac.uk\/ecologyofcrusading\/wp-content\/uploads\/sites\/21\/DSC7949.jpg\" class=\"attachment-full size-full\" alt=\"\" srcset=\"https:\/\/research.reading.ac.uk\/ecologyofcrusading\/wp-content\/uploads\/sites\/21\/DSC7949.jpg 1021w, https:\/\/research.reading.ac.uk\/ecologyofcrusading\/wp-content\/uploads\/sites\/21\/DSC7949-300x200.jpg 300w, https:\/\/research.reading.ac.uk\/ecologyofcrusading\/wp-content\/uploads\/sites\/21\/DSC7949-768x511.jpg 768w\" sizes=\"auto, (max-width: 1021px) 100vw, 1021px\" \/><\/a><\/div>\n\n<div class=\"carousel-slider__item\">\n\t<a class=\"magnific-popup\" href=\"https:\/\/research.reading.ac.uk\/ecologyofcrusading\/wp-content\/uploads\/sites\/21\/DSC7133a.jpg\" data-width=\"1029\" data-height=\"683\"><img loading=\"lazy\" decoding=\"async\" width=\"1029\" height=\"683\" src=\"https:\/\/research.reading.ac.uk\/ecologyofcrusading\/wp-content\/uploads\/sites\/21\/DSC7133a.jpg\" class=\"attachment-full size-full\" alt=\"\" srcset=\"https:\/\/research.reading.ac.uk\/ecologyofcrusading\/wp-content\/uploads\/sites\/21\/DSC7133a.jpg 1029w, https:\/\/research.reading.ac.uk\/ecologyofcrusading\/wp-content\/uploads\/sites\/21\/DSC7133a-300x199.jpg 300w, https:\/\/research.reading.ac.uk\/ecologyofcrusading\/wp-content\/uploads\/sites\/21\/DSC7133a-768x510.jpg 768w, https:\/\/research.reading.ac.uk\/ecologyofcrusading\/wp-content\/uploads\/sites\/21\/DSC7133a-1024x680.jpg 1024w\" sizes=\"auto, (max-width: 1029px) 100vw, 1029px\" \/><\/a><\/div>\n\n<div class=\"carousel-slider__item\">\n\t<a class=\"magnific-popup\" href=\"https:\/\/research.reading.ac.uk\/ecologyofcrusading\/wp-content\/uploads\/sites\/21\/DSC7146a.jpg\" data-width=\"1029\" data-height=\"683\"><img loading=\"lazy\" decoding=\"async\" width=\"1029\" height=\"683\" src=\"https:\/\/research.reading.ac.uk\/ecologyofcrusading\/wp-content\/uploads\/sites\/21\/DSC7146a.jpg\" class=\"attachment-full size-full\" alt=\"\" srcset=\"https:\/\/research.reading.ac.uk\/ecologyofcrusading\/wp-content\/uploads\/sites\/21\/DSC7146a.jpg 1029w, https:\/\/research.reading.ac.uk\/ecologyofcrusading\/wp-content\/uploads\/sites\/21\/DSC7146a-300x199.jpg 300w, https:\/\/research.reading.ac.uk\/ecologyofcrusading\/wp-content\/uploads\/sites\/21\/DSC7146a-768x510.jpg 768w, https:\/\/research.reading.ac.uk\/ecologyofcrusading\/wp-content\/uploads\/sites\/21\/DSC7146a-1024x680.jpg 1024w\" sizes=\"auto, (max-width: 1029px) 100vw, 1029px\" \/><\/a><\/div>\n\n<div class=\"carousel-slider__item\">\n\t<a class=\"magnific-popup\" href=\"https:\/\/research.reading.ac.uk\/ecologyofcrusading\/wp-content\/uploads\/sites\/21\/DSC7342.jpg\" data-width=\"1029\" data-height=\"683\"><img loading=\"lazy\" decoding=\"async\" width=\"1029\" height=\"683\" src=\"https:\/\/research.reading.ac.uk\/ecologyofcrusading\/wp-content\/uploads\/sites\/21\/DSC7342.jpg\" class=\"attachment-full size-full\" alt=\"\" srcset=\"https:\/\/research.reading.ac.uk\/ecologyofcrusading\/wp-content\/uploads\/sites\/21\/DSC7342.jpg 1029w, https:\/\/research.reading.ac.uk\/ecologyofcrusading\/wp-content\/uploads\/sites\/21\/DSC7342-300x199.jpg 300w, https:\/\/research.reading.ac.uk\/ecologyofcrusading\/wp-content\/uploads\/sites\/21\/DSC7342-768x510.jpg 768w, https:\/\/research.reading.ac.uk\/ecologyofcrusading\/wp-content\/uploads\/sites\/21\/DSC7342-1024x680.jpg 1024w\" sizes=\"auto, (max-width: 1029px) 100vw, 1029px\" \/><\/a><\/div>\n\n<div class=\"carousel-slider__item\">\n\t<a class=\"magnific-popup\" href=\"https:\/\/research.reading.ac.uk\/ecologyofcrusading\/wp-content\/uploads\/sites\/21\/DSC7462.jpg\" data-width=\"1029\" data-height=\"683\"><img loading=\"lazy\" decoding=\"async\" width=\"1029\" height=\"683\" src=\"https:\/\/research.reading.ac.uk\/ecologyofcrusading\/wp-content\/uploads\/sites\/21\/DSC7462.jpg\" class=\"attachment-full size-full\" alt=\"\" srcset=\"https:\/\/research.reading.ac.uk\/ecologyofcrusading\/wp-content\/uploads\/sites\/21\/DSC7462.jpg 1029w, https:\/\/research.reading.ac.uk\/ecologyofcrusading\/wp-content\/uploads\/sites\/21\/DSC7462-300x199.jpg 300w, https:\/\/research.reading.ac.uk\/ecologyofcrusading\/wp-content\/uploads\/sites\/21\/DSC7462-768x510.jpg 768w, https:\/\/research.reading.ac.uk\/ecologyofcrusading\/wp-content\/uploads\/sites\/21\/DSC7462-1024x680.jpg 1024w\" sizes=\"auto, (max-width: 1029px) 100vw, 1029px\" \/><\/a><\/div>\n\n<div class=\"carousel-slider__item\">\n\t<a class=\"magnific-popup\" href=\"https:\/\/research.reading.ac.uk\/ecologyofcrusading\/wp-content\/uploads\/sites\/21\/DSC7855a.jpg\" data-width=\"1029\" data-height=\"683\"><img loading=\"lazy\" decoding=\"async\" width=\"1029\" height=\"683\" src=\"https:\/\/research.reading.ac.uk\/ecologyofcrusading\/wp-content\/uploads\/sites\/21\/DSC7855a.jpg\" class=\"attachment-full size-full\" alt=\"\" srcset=\"https:\/\/research.reading.ac.uk\/ecologyofcrusading\/wp-content\/uploads\/sites\/21\/DSC7855a.jpg 1029w, https:\/\/research.reading.ac.uk\/ecologyofcrusading\/wp-content\/uploads\/sites\/21\/DSC7855a-300x199.jpg 300w, https:\/\/research.reading.ac.uk\/ecologyofcrusading\/wp-content\/uploads\/sites\/21\/DSC7855a-768x510.jpg 768w, https:\/\/research.reading.ac.uk\/ecologyofcrusading\/wp-content\/uploads\/sites\/21\/DSC7855a-1024x680.jpg 1024w\" sizes=\"auto, (max-width: 1029px) 100vw, 1029px\" \/><\/a><\/div>\n\n<div class=\"carousel-slider__item\">\n\t<a class=\"magnific-popup\" href=\"https:\/\/research.reading.ac.uk\/ecologyofcrusading\/wp-content\/uploads\/sites\/21\/DSC1121.jpg\" data-width=\"1029\" data-height=\"683\"><img loading=\"lazy\" decoding=\"async\" width=\"1029\" height=\"683\" src=\"https:\/\/research.reading.ac.uk\/ecologyofcrusading\/wp-content\/uploads\/sites\/21\/DSC1121.jpg\" class=\"attachment-full size-full\" alt=\"\" srcset=\"https:\/\/research.reading.ac.uk\/ecologyofcrusading\/wp-content\/uploads\/sites\/21\/DSC1121.jpg 1029w, https:\/\/research.reading.ac.uk\/ecologyofcrusading\/wp-content\/uploads\/sites\/21\/DSC1121-300x199.jpg 300w, https:\/\/research.reading.ac.uk\/ecologyofcrusading\/wp-content\/uploads\/sites\/21\/DSC1121-768x510.jpg 768w, https:\/\/research.reading.ac.uk\/ecologyofcrusading\/wp-content\/uploads\/sites\/21\/DSC1121-1024x680.jpg 1024w\" sizes=\"auto, (max-width: 1029px) 100vw, 1029px\" \/><\/a><\/div>\n\n<\/div><!-- .carousel-slider-113 -->\n<\/div><!-- .carousel-slider-outer-113 -->\n\n<p>&nbsp;<\/p>\n<h2>Publications produced by the team<\/h2>\n<p>Pluskowski, A. G., Makowiecki, D., Maltby, M., Rannam\u00e4e, E., L\u00f5ugas, L., Maldre, L. Daugnora, L., Black, S., M\u00fcldner, G., Seetah, K. 2018. &#8216;<a href=\"https:\/\/www.sciencedirect.com\/science\/article\/abs\/pii\/S1040618218309285?via%3Dihub\">The Baltic Crusades and ecological transformation: The zooarchaeology of conquest and cultural change in the Eastern Baltic in the second millennium AD&#8217;<\/a>, <em>Quaternary International<\/em>, 10: 28-43.<\/p>\n<p>Pluskowski, A. G., Seetah, K., Maltby, M., Banerjea, R., Black, S., and Kalni\u0146\u0161, G. 2018. <a href=\"https:\/\/www.tandfonline.com\/doi\/abs\/10.1080\/00766097.2018.1535385\">\u2018Late medieval horse remains at C\u0113sis Castle (Latvia) and the Teutonic Order\u2019s equestrian resources in Livonia\u2019<\/a>, <em>Medieval Archaeology<\/em> 62\/2: 351\u2013379.<\/p>\n<p>Seetah, K., Pluskowski, A. G., Makowiecki, D., and Daugnora, L. 2014. \u2018<a href=\"http:\/\/briai.ku.lt\/en\/publications\/archaeologia-baltica\/volumes\/volume-20\/\">New technology or adaptation at the frontier? Butchery as a signifier of cultural transitions in the medieval eastern Baltic\u2019<\/a>, <em>Archaeologia Baltica<\/em>, 20: 59-76<\/p>\n<p>Pluskowski, A. G., Seetah, K., and Maltby, M. 2010. &#8216;<a href=\"http:\/\/onlinelibrary.wiley.com\/doi\/10.1002\/oa.1048\/abstract\">Potential osteoarchaeological evidence for riding and the military use of horses at the castle in Malbork, Poland<\/a>&#8216;, <em>International Journal of Osteoarchaeology<\/em>, 20\/3:235-343.<\/p>\n<p>Maltby, M., Pluskowski, A. G., and Seetah, K. 2009. \u2018Animal Bones from an Industrial Quarter at Malbork, Poland: towards an ecology of a castle built in Prussia by the Teutonic Order\u2019, <em>Crusades<\/em>, 8:191-212.<\/p>\n","protected":false},"excerpt":{"rendered":"<p>Animal bone fragments, deriving from mammals, birds and fish, represent one of the most substantial archaeological datasets from sites in the eastern Baltic on either side of the crusading period&#8230;.<a class=\"read-more\" href=\"&#104;&#116;&#116;&#112;&#115;&#58;&#47;&#47;&#114;&#101;&#115;&#101;&#97;&#114;&#99;&#104;&#46;&#114;&#101;&#97;&#100;&#105;&#110;&#103;&#46;&#97;&#99;&#46;&#117;&#107;&#47;&#101;&#99;&#111;&#108;&#111;&#103;&#121;&#111;&#102;&#99;&#114;&#117;&#115;&#97;&#100;&#105;&#110;&#103;&#47;&#97;&#110;&#105;&#109;&#97;&#108;&#115;&#47;\">Read More ><\/a><\/p>\n","protected":false},"author":8,"featured_media":116,"parent":0,"menu_order":0,"comment_status":"closed","ping_status":"closed","template":"","meta":{"_acf_changed":false,"_monsterinsights_skip_tracking":false,"_monsterinsights_sitenote_active":false,"_monsterinsights_sitenote_note":"","_monsterinsights_sitenote_category":0,"__cvm_playback_settings":[],"__cvm_video_id":"","footnotes":"","_links_to":"","_links_to_target":""},"class_list":["post-58","page","type-page","status-publish","has-post-thumbnail","hentry"],"acf":[],"yoast_head":"<!-- This site is optimized with the Yoast SEO plugin v21.8.1 - https:\/\/yoast.com\/wordpress\/plugins\/seo\/ -->\n<title>Animals - Ecology of Crusading<\/title>\n<meta name=\"robots\" content=\"index, follow, max-snippet:-1, max-image-preview:large, max-video-preview:-1\" \/>\n<link rel=\"canonical\" href=\"https:\/\/research.reading.ac.uk\/ecologyofcrusading\/animals\/\" \/>\n<meta property=\"og:locale\" content=\"en_GB\" \/>\n<meta property=\"og:type\" content=\"article\" \/>\n<meta property=\"og:title\" content=\"Animals - Ecology of Crusading\" \/>\n<meta property=\"og:description\" content=\"Animal bone fragments, deriving from mammals, birds and fish, represent one of the most substantial archaeological datasets from sites in the eastern Baltic on either side of the crusading period....Read More &gt;\" \/>\n<meta property=\"og:url\" content=\"https:\/\/research.reading.ac.uk\/ecologyofcrusading\/animals\/\" \/>\n<meta property=\"og:site_name\" content=\"Ecology of Crusading\" \/>\n<meta property=\"article:modified_time\" content=\"2020-05-13T15:19:16+00:00\" \/>\n<meta property=\"og:image\" content=\"https:\/\/research.reading.ac.uk\/ecologyofcrusading\/wp-content\/uploads\/sites\/21\/DSC1082.jpg\" \/>\n\t<meta property=\"og:image:width\" content=\"683\" \/>\n\t<meta property=\"og:image:height\" content=\"850\" \/>\n\t<meta property=\"og:image:type\" content=\"image\/jpeg\" \/>\n<meta name=\"twitter:card\" content=\"summary_large_image\" \/>\n<meta name=\"twitter:label1\" content=\"Estimated reading time\" \/>\n\t<meta name=\"twitter:data1\" content=\"2 minutes\" \/>\n<script type=\"application\/ld+json\" class=\"yoast-schema-graph\">{\"@context\":\"https:\/\/schema.org\",\"@graph\":[{\"@type\":\"WebPage\",\"@id\":\"https:\/\/research.reading.ac.uk\/ecologyofcrusading\/animals\/\",\"url\":\"https:\/\/research.reading.ac.uk\/ecologyofcrusading\/animals\/\",\"name\":\"Animals - Ecology of Crusading\",\"isPartOf\":{\"@id\":\"https:\/\/research.reading.ac.uk\/ecologyofcrusading\/#website\"},\"datePublished\":\"2018-01-03T15:06:31+00:00\",\"dateModified\":\"2020-05-13T15:19:16+00:00\",\"breadcrumb\":{\"@id\":\"https:\/\/research.reading.ac.uk\/ecologyofcrusading\/animals\/#breadcrumb\"},\"inLanguage\":\"en-GB\",\"potentialAction\":[{\"@type\":\"ReadAction\",\"target\":[\"https:\/\/research.reading.ac.uk\/ecologyofcrusading\/animals\/\"]}]},{\"@type\":\"BreadcrumbList\",\"@id\":\"https:\/\/research.reading.ac.uk\/ecologyofcrusading\/animals\/#breadcrumb\",\"itemListElement\":[{\"@type\":\"ListItem\",\"position\":1,\"name\":\"Home\",\"item\":\"https:\/\/research.reading.ac.uk\/ecologyofcrusading\/\"},{\"@type\":\"ListItem\",\"position\":2,\"name\":\"Animals\"}]},{\"@type\":\"WebSite\",\"@id\":\"https:\/\/research.reading.ac.uk\/ecologyofcrusading\/#website\",\"url\":\"https:\/\/research.reading.ac.uk\/ecologyofcrusading\/\",\"name\":\"Ecology of Crusading\",\"description\":\"\",\"potentialAction\":[{\"@type\":\"SearchAction\",\"target\":{\"@type\":\"EntryPoint\",\"urlTemplate\":\"https:\/\/research.reading.ac.uk\/ecologyofcrusading\/?s={search_term_string}\"},\"query-input\":\"required name=search_term_string\"}],\"inLanguage\":\"en-GB\"}]}<\/script>\n<!-- \/ Yoast SEO plugin. -->","yoast_head_json":{"title":"Animals - Ecology of Crusading","robots":{"index":"index","follow":"follow","max-snippet":"max-snippet:-1","max-image-preview":"max-image-preview:large","max-video-preview":"max-video-preview:-1"},"canonical":"https:\/\/research.reading.ac.uk\/ecologyofcrusading\/animals\/","og_locale":"en_GB","og_type":"article","og_title":"Animals - Ecology of Crusading","og_description":"Animal bone fragments, deriving from mammals, birds and fish, represent one of the most substantial archaeological datasets from sites in the eastern Baltic on either side of the crusading period....Read More >","og_url":"https:\/\/research.reading.ac.uk\/ecologyofcrusading\/animals\/","og_site_name":"Ecology of Crusading","article_modified_time":"2020-05-13T15:19:16+00:00","og_image":[{"width":683,"height":850,"url":"https:\/\/research.reading.ac.uk\/ecologyofcrusading\/wp-content\/uploads\/sites\/21\/DSC1082.jpg","type":"image\/jpeg"}],"twitter_card":"summary_large_image","twitter_misc":{"Estimated reading time":"2 minutes"},"schema":{"@context":"https:\/\/schema.org","@graph":[{"@type":"WebPage","@id":"https:\/\/research.reading.ac.uk\/ecologyofcrusading\/animals\/","url":"https:\/\/research.reading.ac.uk\/ecologyofcrusading\/animals\/","name":"Animals - Ecology of Crusading","isPartOf":{"@id":"https:\/\/research.reading.ac.uk\/ecologyofcrusading\/#website"},"datePublished":"2018-01-03T15:06:31+00:00","dateModified":"2020-05-13T15:19:16+00:00","breadcrumb":{"@id":"https:\/\/research.reading.ac.uk\/ecologyofcrusading\/animals\/#breadcrumb"},"inLanguage":"en-GB","potentialAction":[{"@type":"ReadAction","target":["https:\/\/research.reading.ac.uk\/ecologyofcrusading\/animals\/"]}]},{"@type":"BreadcrumbList","@id":"https:\/\/research.reading.ac.uk\/ecologyofcrusading\/animals\/#breadcrumb","itemListElement":[{"@type":"ListItem","position":1,"name":"Home","item":"https:\/\/research.reading.ac.uk\/ecologyofcrusading\/"},{"@type":"ListItem","position":2,"name":"Animals"}]},{"@type":"WebSite","@id":"https:\/\/research.reading.ac.uk\/ecologyofcrusading\/#website","url":"https:\/\/research.reading.ac.uk\/ecologyofcrusading\/","name":"Ecology of Crusading","description":"","potentialAction":[{"@type":"SearchAction","target":{"@type":"EntryPoint","urlTemplate":"https:\/\/research.reading.ac.uk\/ecologyofcrusading\/?s={search_term_string}"},"query-input":"required name=search_term_string"}],"inLanguage":"en-GB"}]}},"_links":{"self":[{"href":"https:\/\/research.reading.ac.uk\/ecologyofcrusading\/wp-json\/wp\/v2\/pages\/58","targetHints":{"allow":["GET"]}}],"collection":[{"href":"https:\/\/research.reading.ac.uk\/ecologyofcrusading\/wp-json\/wp\/v2\/pages"}],"about":[{"href":"https:\/\/research.reading.ac.uk\/ecologyofcrusading\/wp-json\/wp\/v2\/types\/page"}],"author":[{"embeddable":true,"href":"https:\/\/research.reading.ac.uk\/ecologyofcrusading\/wp-json\/wp\/v2\/users\/8"}],"replies":[{"embeddable":true,"href":"https:\/\/research.reading.ac.uk\/ecologyofcrusading\/wp-json\/wp\/v2\/comments?post=58"}],"version-history":[{"count":6,"href":"https:\/\/research.reading.ac.uk\/ecologyofcrusading\/wp-json\/wp\/v2\/pages\/58\/revisions"}],"predecessor-version":[{"id":195,"href":"https:\/\/research.reading.ac.uk\/ecologyofcrusading\/wp-json\/wp\/v2\/pages\/58\/revisions\/195"}],"wp:featuredmedia":[{"embeddable":true,"href":"https:\/\/research.reading.ac.uk\/ecologyofcrusading\/wp-json\/wp\/v2\/media\/116"}],"wp:attachment":[{"href":"https:\/\/research.reading.ac.uk\/ecologyofcrusading\/wp-json\/wp\/v2\/media?parent=58"}],"curies":[{"name":"wp","href":"https:\/\/api.w.org\/{rel}","templated":true}]}}