{"id":4140,"date":"2024-12-12T13:38:59","date_gmt":"2024-12-12T13:38:59","guid":{"rendered":"https:\/\/research.reading.ac.uk\/economics\/?page_id=4140"},"modified":"2026-02-12T08:04:11","modified_gmt":"2026-02-12T08:04:11","slug":"climate-and-environmental-economics","status":"publish","type":"page","link":"https:\/\/research.reading.ac.uk\/economics\/research\/climate-and-environmental-economics\/","title":{"rendered":"Climate and Environmental Economics"},"content":{"rendered":"<p><strong>Background<\/strong>:<\/p>\n<p>The research cluster of <em>Climate and Environmental Economics\u00a0<\/em>is recently established in Nov 2024. Our members are doing research on economics a number of climate-related topics.<\/p>\n<div class=\"responsive-tabs\">\n<h2 class=\"tabtitle\"><strong>Our Members<\/strong><\/h2>\n<div class=\"tabcontent\">\n\n<p><strong>Academics at Reading<\/strong>:<\/p>\n<ul>\n<li><a href=\"https:\/\/www.reading.ac.uk\/economics\/our-staff\/dr-diya-abraham\">Diya Abraham<\/a><\/li>\n<li><a href=\"https:\/\/www.reading.ac.uk\/economics\/about\/staff\/s-lovo.aspx\" target=\"_blank\" rel=\"noopener noreferrer\">Stefania Lovo<\/a><\/li>\n<li><a href=\"https:\/\/www.reading.ac.uk\/economics\/our-staff\/dr-scott-mahadeo\">Scott Mahadeo<\/a><\/li>\n<li><a href=\"https:\/\/www.reading.ac.uk\/economics\/about\/staff\/a-Mihailov.aspx\" target=\"_blank\" rel=\"noopener noreferrer\">Alexander Mihailov<\/a><\/li>\n<li><a href=\"https:\/\/www.reading.ac.uk\/economics\/our-staff\/dr-carolyn-st-aubyn\">Carolyn Molesworth-St Aubyn<\/a><\/li>\n<li><a href=\"https:\/\/www.reading.ac.uk\/economics\/about\/staff\/Shixuan-Wang.aspx\" target=\"_blank\" rel=\"noopener noreferrer\">Shixuan Wang<\/a><\/li>\n<li><a href=\"https:\/\/www.reading.ac.uk\/economics\/our-staff\/fangya-xu\">Fangya Xu<\/a><\/li>\n<li><a href=\"https:\/\/www.reading.ac.uk\/economics\/our-staff\/dr-sophie-zhou\">Sophie Zhou<\/a><\/li>\n<\/ul>\n<p><strong>Doctoral Researchers<\/strong>:<\/p>\n<ul>\n<li><span class=\"TextRun SCXW114831868 BCX0\" lang=\"EN-US\" xml:lang=\"EN-US\" data-contrast=\"none\"><span class=\"NormalTextRun SCXW114831868 BCX0\">Albert Chongo<\/span><\/span><span class=\"EOP SCXW114831868 BCX0\" data-ccp-props=\"{}\">\u00a0<\/span><\/li>\n<li><span class=\"TextRun SCXW64617108 BCX0\" lang=\"EN-US\" xml:lang=\"EN-US\" data-contrast=\"none\"><span class=\"NormalTextRun SCXW64617108 BCX0\">Sonia Jan Alam<\/span><\/span><\/li>\n<li><span class=\"TextRun SCXW226945216 BCX0\" lang=\"EN-US\" xml:lang=\"EN-US\" data-contrast=\"none\"><span class=\"NormalTextRun SCXW226945216 BCX0\">Okiemua<\/span> <span class=\"NormalTextRun SCXW226945216 BCX0\">Okoror<\/span><\/span><span class=\"EOP SCXW226945216 BCX0\" data-ccp-props=\"{}\">\u00a0<\/span><\/li>\n<li><span class=\"TextRun SCXW262066534 BCX0\" lang=\"EN-US\" xml:lang=\"EN-US\" data-contrast=\"none\"><span class=\"NormalTextRun SCXW262066534 BCX0\">Lena-Katharina Gerdes<\/span><\/span><span class=\"EOP SCXW262066534 BCX0\" data-ccp-props=\"{}\">\u00a0<\/span><\/li>\n<li><span class=\"TextRun SCXW96908689 BCX0\" lang=\"EN-US\" xml:lang=\"EN-US\" data-contrast=\"none\"><span class=\"NormalTextRun SCXW96908689 BCX0\">Akbar N Dachlan<\/span><\/span><span class=\"EOP SCXW96908689 BCX0\" data-ccp-props=\"{}\">\u00a0<\/span><\/li>\n<li><span class=\"TextRun SCXW206410415 BCX0\" lang=\"EN-US\" xml:lang=\"EN-US\" data-contrast=\"none\"><span class=\"NormalTextRun SpellingErrorV2Themed SCXW206410415 BCX0\">Weeam<\/span><span class=\"NormalTextRun SCXW206410415 BCX0\"> Amira<\/span><\/span><span class=\"EOP SCXW206410415 BCX0\" data-ccp-props=\"{}\">\u00a0<\/span><\/li>\n<\/ul>\n\n<\/div><h2 class=\"tabtitle\"><strong>Publications<\/strong><\/h2>\n<div class=\"tabcontent\">\n\n<ul>\n<li>Mahadeo, S<b>.<\/b>, Seenath, A. (2026). <a id=\"OWAc56371c4-bd5f-a9b1-3309-487e2ba08230\" class=\"x_x_x_OWAAutoLink\" title=\"https:\/\/doi.org\/10.1016\/j.socscimed.2025.118921\" href=\"https:\/\/doi.org\/10.1016\/j.socscimed.2025.118921\" data-linkindex=\"10\" data-auth=\"NotApplicable\">Macro-level indicators of household and ambient air pollution mortality risk: global evidence<\/a>. <i>Social Science and Medicine,<\/i><b><i>\u00a0<\/i><\/b>391: 118921<\/li>\n<li><span data-contrast=\"none\">Abraham, D., Glejtkov\u00e1, K., &amp; Kr\u010d\u00e1l, O. (2025). The hidden costs of imposing minimum contributions to a global public good. Ecological Economics, 227, 108346. <\/span><a href=\"https:\/\/doi.org\/10.1016\/j.ecolecon.2024.108346\"><span data-contrast=\"none\">https:\/\/doi.org\/10.1016\/j.ecolecon.2024.108346<\/span><\/a><\/li>\n<li data-olk-copy-source=\"MailCompose\">Seenath, A.\u00a0,\u00a0Mahadeo, S.,\u00a0Catterson, J.\u00a0(2025) <a id=\"OWA8a52adf6-d7b6-27dd-ff88-c3ad59800bdc\" class=\"OWAAutoLink\" href=\"http:\/\/centaur.reading.ac.uk\/124454\" data-auth=\"NotApplicable\">Public perceptions of nature-based coastal solutions in the UK.<\/a>\u00a0Journal of Environmental Management\u00a0, 373\u00a0ISSN:\u00a00301-4797\u00a0|\u00a0doi: <a id=\"OWA3e1ea556-7a60-f4ff-192c-83140ed522c8\" class=\"OWAAutoLink\" href=\"https:\/\/dx.doi.org\/10.1016\/j.jenvman.2024.123413\" data-auth=\"NotApplicable\">https:\/\/dx.doi.org\/10.1016\/j.jenvman.2024.123413<\/a><\/li>\n<li>\n<div role=\"presentation\">Seenath, A.\u00a0,\u00a0Mahadeo, S. <a id=\"OWAc840af2a-1f8b-09bb-9838-57e9e63d011c\" class=\"orcid OWAAutoLink\" href=\"https:\/\/orcid.org\/0000-0001-8576-5755\" data-auth=\"NotApplicable\">\u00a0<\/a>, Blackett, M. (2025) <a id=\"OWAe1f23577-9bf9-aa52-d79e-f1dee66e4b71\" class=\"OWAAutoLink\" href=\"http:\/\/centaur.reading.ac.uk\/124453\" data-auth=\"NotApplicable\">Decision-making under flood predictions: a risk perception study of coastal real estate.<\/a>\u00a0Risk Analysis\u00a0, 45\u00a0(7).\u00a0pp.\u00a01899-1925.\u00a0ISSN:\u00a01539-6924\u00a0|\u00a0doi: <a id=\"OWAcffd225d-3d9d-7242-2274-cebab90b03b7\" class=\"OWAAutoLink\" href=\"https:\/\/dx.doi.org\/10.1111\/risa.17706\" data-auth=\"NotApplicable\">https:\/\/dx.doi.org\/10.1111\/risa.17706<\/a><span data-contrast=\"none\">\u00a0\u00a0\u00a0\u00a0<\/span><span data-ccp-props=\"{&quot;335559685&quot;:360}\">\u00a0<\/span><\/div>\n<\/li>\n<li><span data-contrast=\"none\">Lazar, E., Pan, J., &amp; Wang, S. (2024). Measuring climate-related and environmental risks for equities.\u00a0Journal of Environmental Management.<\/span><span data-ccp-props=\"{&quot;335559685&quot;:360}\">\u00a0<\/span><\/li>\n<li><span data-contrast=\"none\">Hu, H., Lazar, E., Pan, J., &amp; Wang, S. (2024). Environmental performance and credit ratings: a transatlantic study.\u00a0<\/span><i><span data-contrast=\"none\">International Review of Financial Analysis<\/span><\/i><span data-contrast=\"none\">,\u00a0<\/span><i><span data-contrast=\"none\">96<\/span><\/i><span data-contrast=\"none\">, 103635.<\/span><span data-ccp-props=\"{&quot;335559685&quot;:360}\">\u00a0<\/span><\/li>\n<li><span data-contrast=\"none\">Lovo, S. and Rawlings, S. (2024) The health burden of e-waste: the impact of e-waste dumping sites on child mortality. The World Bank Economic Review ISSN: 1564-698X<\/span><span data-ccp-props=\"{&quot;335559685&quot;:360}\">\u00a0<\/span><\/li>\n<li><a id=\"OWA69acb923-998f-1285-d7f3-f19536513f55\" class=\"OWAAutoLink\" href=\"http:\/\/centaur.reading.ac.uk\/view\/creators\/90013490.html\" data-auth=\"NotApplicable\" data-olk-copy-source=\"MailCompose\">Mahadeo, S.<\/a>\u00a0(2024) <a id=\"OWA33cb5044-2f57-747b-5365-68ba09665695\" class=\"OWAAutoLink\" href=\"http:\/\/centaur.reading.ac.uk\/124457\" data-auth=\"NotApplicable\">Environmentally clean and dirty energy equities during extraordinary global conditions.<\/a>\u00a0Journal of Environmental Management\u00a0, 368\u00a0ISSN:\u00a00301-4797\u00a0|\u00a0doi: <a id=\"OWAa6751cab-7807-3d63-7f73-9d7c4330b5a2\" class=\"OWAAutoLink\" href=\"https:\/\/dx.doi.org\/10.1016\/j.jenvman.2024.122227\" data-auth=\"NotApplicable\">https:\/\/dx.doi.org\/10.1016\/j.jenvman.2024.122227<\/a><\/li>\n<li><span data-ccp-props=\"{&quot;335559685&quot;:360}\">\u00a0<\/span><span data-contrast=\"none\">Rampa, A. and Lovo, S.\u00a0 (2023) Revisiting the effects of the Ethiopian land tenure reform using satellite data. A focus on agricultural productivity, climate change mitigation and adaptation. World Development, 171 ISSN: 1873-5991 | doi: <\/span><a href=\"https:\/\/dx.doi.org\/10.1016\/j.worlddev.2023.106364\"><span data-contrast=\"none\">https:\/\/dx.doi.org\/10.1016\/j.worlddev.2023.106364<\/span><\/a><span data-ccp-props=\"{&quot;335559685&quot;:360}\">\u00a0<\/span><\/li>\n<li><span data-ccp-props=\"{&quot;335559685&quot;:360}\">\u00a0<\/span><span data-contrast=\"none\">He, P.,Lovo, S., Veronesi, M. (2022) Social networks and renewable energy technology adoption: empirical evidence from biogas adoption in China. Energy Economics, 106 ISSN: 0140-9883 | doi: https:\/\/dx.doi.org\/10.1016\/j.eneco.2021.105789<\/span><span data-ccp-props=\"{&quot;335559685&quot;:360}\">\u00a0<\/span><\/li>\n<li><span data-ccp-props=\"{&quot;335559685&quot;:360}\">\u00a0<\/span><span data-contrast=\"none\">Alesina, A., Gennaioli, C., Lovo, S.\u00a0 (2019) Public goods and ethnic diversity: evidence from deforestation in Indonesia. Economica, 86 (341). pp. 32-66. ISSN: 1468-0335 | doi: https:\/\/dx.doi.org\/10.1111\/ecca.12285<\/span><span data-ccp-props=\"{&quot;335559685&quot;:360}\">\u00a0<\/span><\/li>\n<li><span data-ccp-props=\"{&quot;335559685&quot;:360}\">\u00a0<\/span><span data-contrast=\"none\">Kattumuri, R. and Lovo, S.\u00a0 (2018) Decentralization of environmental regulation in India. Economic and Political Weekly, 53 (43). pp. 33-38. ISSN: 2349-8846<\/span><span data-ccp-props=\"{&quot;335559685&quot;:360}\">\u00a0<\/span><\/li>\n<li><span data-ccp-props=\"{&quot;335559685&quot;:360}\">\u00a0<\/span><span data-contrast=\"none\">Sato, M., Singer, G., Dussaux, D., Lovo, S.\u00a0 (2018) International and sectoral variation in industrial energy prices 1995-2015. Energy Economics, 78 pp. 235-258. ISSN: 0140-9883 | doi: <\/span><a href=\"https:\/\/dx.doi.org\/10.1016\/j.eneco.2018.11.008\"><span data-contrast=\"none\">https:\/\/dx.doi.org\/10.1016\/j.eneco.2018.11.008<\/span><\/a><span data-ccp-props=\"{&quot;335559685&quot;:360}\">\u00a0<\/span><\/li>\n<li><span data-ccp-props=\"{&quot;335559685&quot;:360}\">\u00a0<\/span><span data-contrast=\"none\">Lovo, S.\u00a0 (2018) The effect of environmental decentralization on polluting firms in India. Economic Development and Cultural Change, 67 (1). pp. 55-94. ISSN: 1539-2988 | doi: <\/span><a href=\"https:\/\/dx.doi.org\/10.1086\/697558\"><span data-contrast=\"none\">https:\/\/dx.doi.org\/10.1086\/697558<\/span><\/a><span data-ccp-props=\"{&quot;335559685&quot;:360}\">\u00a0<\/span><\/li>\n<li><span data-ccp-props=\"{&quot;335559685&quot;:360}\">\u00a0<\/span><span data-contrast=\"none\">Bezabih, M. , Lovo, S.\u00a0 , Singer, G. , McLaren, C. (2016) Climate-resilient development in agrarian economies. In: Fankhauser, S. and McDermott, T. , (eds.) The Economics of Climate-Resilient Development. Edward Elgar publishing ISBN: 9781785360305 doi: <\/span><a href=\"https:\/\/dx.doi.org\/10.4337\/9781785360312\"><span data-contrast=\"none\">https:\/\/dx.doi.org\/10.4337\/9781785360312<\/span><\/a><span data-ccp-props=\"{&quot;335559685&quot;:360}\">\u00a0<\/span><\/li>\n<li><span data-ccp-props=\"{&quot;335559685&quot;:360}\">\u00a0<\/span><span data-contrast=\"none\">Lovo, S.\u00a0 (2016) Tenure insecurity and investment in soil conservation: evidence from Malawi. World Development , 78 pp. 219-229. ISSN: 0305-750X | doi: https:\/\/dx.doi.org\/10.1016\/j.worlddev.2015.10.023<\/span><span data-ccp-props=\"{&quot;335559685&quot;:360}\">\u00a0<\/span><\/li>\n<\/ul>\n\n<\/div><h2 class=\"tabtitle\"><strong>News<\/strong><\/h2>\n<div class=\"tabcontent\">\n\n<ul>\n<li><span class=\"TextRun SCXW68987398 BCX0\" lang=\"EN-US\" xml:lang=\"EN-US\" data-contrast=\"none\"><span class=\"NormalTextRun SCXW68987398 BCX0\">Two round tables with Ministry of the Environment \u2013 Department of Climate change of Nigeria to discuss Climate change and gender issues, see details <a href=\"https:\/\/research.reading.ac.uk\/global-development\/climate-change\/\">here<\/a>.<\/span><\/span><\/li>\n<li><span class=\"TextRun SCXW16880644 BCX0\" lang=\"EN-US\" xml:lang=\"EN-US\" data-contrast=\"none\"><span class=\"NormalTextRun SCXW16880644 BCX0\">Workshop on food system dependencies: Stefania Lovo co-<\/span><span class=\"NormalTextRun SpellingErrorV2Themed SCXW16880644 BCX0\">organised<\/span><span class=\"NormalTextRun SCXW16880644 BCX0\"> a workshop in collaboration with WWF\u2013UK and LSE Consulting <\/span><span class=\"NormalTextRun ContextualSpellingAndGrammarErrorV2Themed SCXW16880644 BCX0\">on\u00a0 \u201c<\/span><span class=\"NormalTextRun SCXW16880644 BCX0\">Dependencies of Food System Transformation in the Wider Economy and Society\u201d on 2nd December 2019. The workshop featured Prof Sam Fankhauser (GRI, LSE), Dr Max Parra (ODI) and Dr Jeremy Brice (Sociology, LSE) as expert panelists.<\/span><\/span><span class=\"EOP SCXW16880644 BCX0\" data-ccp-props=\"{}\">\u00a0<\/span><\/li>\n<\/ul>\n\n<\/div><h2 class=\"tabtitle\"><strong>Research Led Teaching<\/strong><\/h2>\n<div class=\"tabcontent\">\n\n<ul>\n<li><a href=\"https:\/\/www.reading.ac.uk\/modules\/documents?acyear=2025%252f6&amp;modcode=EC142&amp;schoolcode=PPE%20ECO%7CPPE%20PHIL%7CPPE%20POL\">EC142: Applied Economics and Policy<\/a><\/li>\n<li><a href=\"https:\/\/www.reading.ac.uk\/modules\/documents?acyear=2024%252f5&amp;modcode=EC145#:~:text=It%20will%20provide%20an%20introduction,control%20measures%2C%20taxation%20and%20subsidies.\"><span class=\"TextRun SCXW46202998 BCX0\" lang=\"EN-US\" xml:lang=\"EN-US\" data-contrast=\"none\"><span class=\"NormalTextRun SCXW46202998 BCX0\">EC145: Economics of Climate Change<\/span><\/span><\/a><\/li>\n<li><a href=\"https:\/\/www.reading.ac.uk\/modules\/documents?acyear=2024%252f5&amp;modcode=EC334\"><span class=\"TextRun SCXW81361762 BCX0\" lang=\"EN-US\" xml:lang=\"EN-US\" data-contrast=\"none\"><span class=\"NormalTextRun SCXW81361762 BCX0\">EC334: Environmental Economics<\/span><\/span><\/a><span class=\"EOP SCXW81361762 BCX0\" data-ccp-props=\"{}\">\u00a0<\/span><\/li>\n<\/ul>\n<\/div><\/div>\n","protected":false},"excerpt":{"rendered":"<p>Background: The research cluster of Climate and Environmental Economics\u00a0is recently established in Nov 2024. Our members are doing research on economics a number of climate-related topics. Academics at Reading: Diya&#8230;<a class=\"read-more\" href=\"&#104;&#116;&#116;&#112;&#115;&#58;&#47;&#47;&#114;&#101;&#115;&#101;&#97;&#114;&#99;&#104;&#46;&#114;&#101;&#97;&#100;&#105;&#110;&#103;&#46;&#97;&#99;&#46;&#117;&#107;&#47;&#101;&#99;&#111;&#110;&#111;&#109;&#105;&#99;&#115;&#47;&#114;&#101;&#115;&#101;&#97;&#114;&#99;&#104;&#47;&#99;&#108;&#105;&#109;&#97;&#116;&#101;&#45;&#97;&#110;&#100;&#45;&#101;&#110;&#118;&#105;&#114;&#111;&#110;&#109;&#101;&#110;&#116;&#97;&#108;&#45;&#101;&#99;&#111;&#110;&#111;&#109;&#105;&#99;&#115;&#47;\">Read More ><\/a><\/p>\n","protected":false},"author":173,"featured_media":0,"parent":23,"menu_order":0,"comment_status":"closed","ping_status":"closed","template":"","meta":{"_acf_changed":false,"ub_ctt_via":"","om_disable_all_campaigns":false,"_monsterinsights_skip_tracking":false,"_monsterinsights_sitenote_active":false,"_monsterinsights_sitenote_note":"","_monsterinsights_sitenote_category":0,"_uf_show_specific_survey":0,"_uf_disable_surveys":false,"__cvm_playback_settings":[],"__cvm_video_id":"","footnotes":""},"coauthors":[20],"class_list":["post-4140","page","type-page","status-publish","hentry"],"acf":[],"featured_image_src":null,"aioseo_notices":[],"yoast_head":"<!-- This site is optimized with the Yoast SEO plugin v21.8.1 - https:\/\/yoast.com\/wordpress\/plugins\/seo\/ -->\n<title>Climate and Environmental Economics - Economics Research<\/title>\n<meta name=\"robots\" content=\"index, follow, max-snippet:-1, max-image-preview:large, max-video-preview:-1\" \/>\n<link rel=\"canonical\" href=\"https:\/\/research.reading.ac.uk\/economics\/research\/climate-and-environmental-economics\/\" \/>\n<meta property=\"og:locale\" content=\"en_GB\" \/>\n<meta property=\"og:type\" content=\"article\" \/>\n<meta property=\"og:title\" content=\"Climate and Environmental Economics - Economics Research\" \/>\n<meta property=\"og:description\" content=\"Background: The research cluster of Climate and Environmental Economics\u00a0is recently established in Nov 2024. Our members are doing research on economics a number of climate-related topics. Academics at Reading: Diya...Read More &gt;\" \/>\n<meta property=\"og:url\" content=\"https:\/\/research.reading.ac.uk\/economics\/research\/climate-and-environmental-economics\/\" \/>\n<meta property=\"og:site_name\" content=\"Economics Research\" \/>\n<meta property=\"article:modified_time\" content=\"2026-02-12T08:04:11+00:00\" \/>\n<meta name=\"twitter:card\" content=\"summary_large_image\" \/>\n<meta name=\"twitter:label1\" content=\"Estimated reading time\" \/>\n\t<meta name=\"twitter:data1\" content=\"3 minutes\" \/>\n\t<meta name=\"twitter:label2\" content=\"Written by\" \/>\n\t<meta name=\"twitter:data2\" content=\"Shixuan Wang\" \/>\n<script type=\"application\/ld+json\" class=\"yoast-schema-graph\">{\"@context\":\"https:\/\/schema.org\",\"@graph\":[{\"@type\":\"WebPage\",\"@id\":\"https:\/\/research.reading.ac.uk\/economics\/research\/climate-and-environmental-economics\/\",\"url\":\"https:\/\/research.reading.ac.uk\/economics\/research\/climate-and-environmental-economics\/\",\"name\":\"Climate and Environmental Economics - Economics Research\",\"isPartOf\":{\"@id\":\"https:\/\/research.reading.ac.uk\/economics\/#website\"},\"datePublished\":\"2024-12-12T13:38:59+00:00\",\"dateModified\":\"2026-02-12T08:04:11+00:00\",\"breadcrumb\":{\"@id\":\"https:\/\/research.reading.ac.uk\/economics\/research\/climate-and-environmental-economics\/#breadcrumb\"},\"inLanguage\":\"en-GB\",\"potentialAction\":[{\"@type\":\"ReadAction\",\"target\":[\"https:\/\/research.reading.ac.uk\/economics\/research\/climate-and-environmental-economics\/\"]}]},{\"@type\":\"BreadcrumbList\",\"@id\":\"https:\/\/research.reading.ac.uk\/economics\/research\/climate-and-environmental-economics\/#breadcrumb\",\"itemListElement\":[{\"@type\":\"ListItem\",\"position\":1,\"name\":\"Home\",\"item\":\"https:\/\/research.reading.ac.uk\/economics\/\"},{\"@type\":\"ListItem\",\"position\":2,\"name\":\"Our Research\",\"item\":\"https:\/\/research.reading.ac.uk\/economics\/research\/\"},{\"@type\":\"ListItem\",\"position\":3,\"name\":\"Climate and Environmental Economics\"}]},{\"@type\":\"WebSite\",\"@id\":\"https:\/\/research.reading.ac.uk\/economics\/#website\",\"url\":\"https:\/\/research.reading.ac.uk\/economics\/\",\"name\":\"Economics Research\",\"description\":\"A hub of news, events, publications &amp; research clusters \",\"potentialAction\":[{\"@type\":\"SearchAction\",\"target\":{\"@type\":\"EntryPoint\",\"urlTemplate\":\"https:\/\/research.reading.ac.uk\/economics\/?s={search_term_string}\"},\"query-input\":\"required name=search_term_string\"}],\"inLanguage\":\"en-GB\"}]}<\/script>\n<!-- \/ Yoast SEO plugin. -->","yoast_head_json":{"title":"Climate and Environmental Economics - Economics Research","robots":{"index":"index","follow":"follow","max-snippet":"max-snippet:-1","max-image-preview":"max-image-preview:large","max-video-preview":"max-video-preview:-1"},"canonical":"https:\/\/research.reading.ac.uk\/economics\/research\/climate-and-environmental-economics\/","og_locale":"en_GB","og_type":"article","og_title":"Climate and Environmental Economics - Economics Research","og_description":"Background: The research cluster of Climate and Environmental Economics\u00a0is recently established in Nov 2024. Our members are doing research on economics a number of climate-related topics. Academics at Reading: Diya...Read More >","og_url":"https:\/\/research.reading.ac.uk\/economics\/research\/climate-and-environmental-economics\/","og_site_name":"Economics Research","article_modified_time":"2026-02-12T08:04:11+00:00","twitter_card":"summary_large_image","twitter_misc":{"Estimated reading time":"3 minutes","Written by":"Shixuan Wang"},"schema":{"@context":"https:\/\/schema.org","@graph":[{"@type":"WebPage","@id":"https:\/\/research.reading.ac.uk\/economics\/research\/climate-and-environmental-economics\/","url":"https:\/\/research.reading.ac.uk\/economics\/research\/climate-and-environmental-economics\/","name":"Climate and Environmental Economics - Economics Research","isPartOf":{"@id":"https:\/\/research.reading.ac.uk\/economics\/#website"},"datePublished":"2024-12-12T13:38:59+00:00","dateModified":"2026-02-12T08:04:11+00:00","breadcrumb":{"@id":"https:\/\/research.reading.ac.uk\/economics\/research\/climate-and-environmental-economics\/#breadcrumb"},"inLanguage":"en-GB","potentialAction":[{"@type":"ReadAction","target":["https:\/\/research.reading.ac.uk\/economics\/research\/climate-and-environmental-economics\/"]}]},{"@type":"BreadcrumbList","@id":"https:\/\/research.reading.ac.uk\/economics\/research\/climate-and-environmental-economics\/#breadcrumb","itemListElement":[{"@type":"ListItem","position":1,"name":"Home","item":"https:\/\/research.reading.ac.uk\/economics\/"},{"@type":"ListItem","position":2,"name":"Our Research","item":"https:\/\/research.reading.ac.uk\/economics\/research\/"},{"@type":"ListItem","position":3,"name":"Climate and Environmental Economics"}]},{"@type":"WebSite","@id":"https:\/\/research.reading.ac.uk\/economics\/#website","url":"https:\/\/research.reading.ac.uk\/economics\/","name":"Economics Research","description":"A hub of news, events, publications &amp; research clusters ","potentialAction":[{"@type":"SearchAction","target":{"@type":"EntryPoint","urlTemplate":"https:\/\/research.reading.ac.uk\/economics\/?s={search_term_string}"},"query-input":"required name=search_term_string"}],"inLanguage":"en-GB"}]}},"_links":{"self":[{"href":"https:\/\/research.reading.ac.uk\/economics\/wp-json\/wp\/v2\/pages\/4140","targetHints":{"allow":["GET"]}}],"collection":[{"href":"https:\/\/research.reading.ac.uk\/economics\/wp-json\/wp\/v2\/pages"}],"about":[{"href":"https:\/\/research.reading.ac.uk\/economics\/wp-json\/wp\/v2\/types\/page"}],"author":[{"embeddable":true,"href":"https:\/\/research.reading.ac.uk\/economics\/wp-json\/wp\/v2\/users\/173"}],"replies":[{"embeddable":true,"href":"https:\/\/research.reading.ac.uk\/economics\/wp-json\/wp\/v2\/comments?post=4140"}],"version-history":[{"count":10,"href":"https:\/\/research.reading.ac.uk\/economics\/wp-json\/wp\/v2\/pages\/4140\/revisions"}],"predecessor-version":[{"id":4549,"href":"https:\/\/research.reading.ac.uk\/economics\/wp-json\/wp\/v2\/pages\/4140\/revisions\/4549"}],"up":[{"embeddable":true,"href":"https:\/\/research.reading.ac.uk\/economics\/wp-json\/wp\/v2\/pages\/23"}],"wp:attachment":[{"href":"https:\/\/research.reading.ac.uk\/economics\/wp-json\/wp\/v2\/media?parent=4140"}],"wp:term":[{"taxonomy":"author","embeddable":true,"href":"https:\/\/research.reading.ac.uk\/economics\/wp-json\/wp\/v2\/coauthors?post=4140"}],"curies":[{"name":"wp","href":"https:\/\/api.w.org\/{rel}","templated":true}]}}