{"id":567,"date":"2021-10-22T11:22:32","date_gmt":"2021-10-22T10:22:32","guid":{"rendered":"https:\/\/research.reading.ac.uk\/food-system-equality\/?page_id=567"},"modified":"2021-10-22T11:22:32","modified_gmt":"2021-10-22T10:22:32","slug":"lisa-methven","status":"publish","type":"page","link":"https:\/\/research.reading.ac.uk\/food-systems-equality\/lisa-methven\/","title":{"rendered":"Lisa Methven"},"content":{"rendered":"<p><span style=\"color: #000000\"><img loading=\"lazy\" decoding=\"async\" class=\"alignnone size-full wp-image-568\" src=\"https:\/\/research.reading.ac.uk\/food-system-equality\/wp-content\/uploads\/sites\/186\/2021\/10\/lisa-methven.jpeg\" alt=\"\" width=\"148\" height=\"220\" \/><\/span><\/p>\n<p><span style=\"color: #000000\">Dr Lisa Methven is a Director (FaBS) of Sensory Science Centre at University of Reading and Programme Director for BSc Food Science with Business. <\/span><span style=\"color: #000000\">Lisa\u2019s areas of expertise are in sensory and consumer science as well as flavour and taste chemistry. She currently pursues three\u00a0main research themes; investigating causes and influences of individual differences in sensory perception; investigating consumer acceptability and bioactivity of vegetables and improving the palatability of foods for older people.<\/span><\/p>\n<p><span style=\"text-decoration: underline\"><span style=\"color: #000000;text-decoration: underline\">Her most recent publications:<\/span><\/span><\/p>\n<p><span style=\"color: #000000\">Norton, V., Lignou, S., Faka, M., Rodriguez-Garcia, J., Methven, L.\u00a0(2021)\u00a0<a style=\"color: #000000\" href=\"http:\/\/centaur.reading.ac.uk\/100027\" target=\"_blank\" rel=\"noopener\">Investigating methods to mitigate whey protein derived mouthdrying.<\/a>\u00a0Foods\u00a0, 10\u00a0(9).\u00a0pp\u00a00.\u00a0ISSN:\u00a02304-8158\u00a0|\u00a0doi:\u00a0<a style=\"color: #000000\" href=\"https:\/\/dx.doi.org\/10.3390\/foods10092066\">https:\/\/dx.doi.org\/10.3390\/foods10092066<\/a><\/span><\/p>\n<p><span style=\"color: #000000\">Mu\u00f1oz-Labrador, A., Azcarate, S., Lebr\u00f3n-Aguilar, R., Quintanilla-L\u00f3pez, J., Galindo-Iranzo, P., Kolida, S., Methven, L., Rastall, R., Moreno, F., Hernandez-Hernandez, O.\u00a0(2021)\u00a0<a style=\"color: #000000\" href=\"http:\/\/centaur.reading.ac.uk\/98840\" target=\"_blank\" rel=\"noopener\">High-yield synthesis of transglycosylated mogrosides improves the flavor profile of monk fruit extract sweeteners.<\/a>\u00a0Journal of Agricultural and Food Chemistry\u00a0, 69\u00a0(3).\u00a0pp.\u00a01011-1019.\u00a0ISSN:\u00a00021-8561\u00a0|\u00a0doi:\u00a0<a style=\"color: #000000\" href=\"https:\/\/dx.doi.org\/10.1021\/acs.jafc.0c07267\">https:\/\/dx.doi.org\/10.1021\/acs.jafc.0c07267<\/a><\/span><\/p>\n<p><span style=\"color: #000000\">Tsatsaragkou, K.,\u00a0Methven, L.,\u00a0Chatzifragkou, A.,\u00a0Rodriguez-Garcia, J.\u00a0(2021)\u00a0<a style=\"color: #000000\" href=\"http:\/\/centaur.reading.ac.uk\/97689\" target=\"_blank\" rel=\"noopener\">The functionality of inulin as a sugar replacer in cakes and biscuits; highlighting the influence of differences in degree of polymerisation on the properties of cake batter and product.<\/a>\u00a0Foods\u00a0, 10\u00a0(5).\u00a0ISSN:\u00a02304-8158\u00a0|\u00a0doi:\u00a0<a style=\"color: #000000\" href=\"https:\/\/dx.doi.org\/10.3390\/foods10050951\">https:\/\/dx.doi.org\/10.3390\/foods10050951<\/a><\/span><\/p>\n<p><span style=\"color: #000000\">H\u00f6rmann-Wallner, M., Krause, R., Alfaro, B., Jilani, H., Laureati, M., Almli, V., Sandell, M., Sandvik, P., Zeinstra, G., Methven, L.\u00a0(2021)\u00a0<a style=\"color: #000000\" href=\"http:\/\/centaur.reading.ac.uk\/96804\" target=\"_blank\" rel=\"noopener\">Intake of fibre-associated foods and texture preferences in relation to weight status among 9\u201312 years old children in 6 European countries.<\/a>\u00a0Frontiers in Nutrition\u00a0, 8\u00a0ISSN:\u00a02296-861X\u00a0|\u00a0doi:\u00a0<a style=\"color: #000000\" href=\"https:\/\/dx.doi.org\/10.3389\/fnut.2021.633807\">https:\/\/dx.doi.org\/10.3389\/fnut.2021.633807<\/a><\/span><\/p>\n","protected":false},"excerpt":{"rendered":"<p>Dr Lisa Methven is a Director (FaBS) of Sensory Science Centre at University of Reading and Programme Director for BSc Food Science with Business. Lisa\u2019s areas of expertise are in&#8230;<a class=\"read-more\" href=\"&#104;&#116;&#116;&#112;&#115;&#58;&#47;&#47;&#114;&#101;&#115;&#101;&#97;&#114;&#99;&#104;&#46;&#114;&#101;&#97;&#100;&#105;&#110;&#103;&#46;&#97;&#99;&#46;&#117;&#107;&#47;&#102;&#111;&#111;&#100;&#45;&#115;&#121;&#115;&#116;&#101;&#109;&#115;&#45;&#101;&#113;&#117;&#97;&#108;&#105;&#116;&#121;&#47;&#108;&#105;&#115;&#97;&#45;&#109;&#101;&#116;&#104;&#118;&#101;&#110;&#47;\">Read More ><\/a><\/p>\n","protected":false},"author":548,"featured_media":0,"parent":0,"menu_order":0,"comment_status":"closed","ping_status":"closed","template":"","meta":{"_acf_changed":false,"om_disable_all_campaigns":false,"_monsterinsights_skip_tracking":false,"_monsterinsights_sitenote_active":false,"_monsterinsights_sitenote_note":"","_monsterinsights_sitenote_category":0,"_uf_show_specific_survey":0,"_uf_disable_surveys":false,"__cvm_playback_settings":[],"__cvm_video_id":"","footnotes":""},"coauthors":[11],"class_list":["post-567","page","type-page","status-publish","hentry"],"acf":[],"aioseo_notices":[],"yoast_head":"<!-- This site is optimized with the Yoast SEO plugin v21.8.1 - https:\/\/yoast.com\/wordpress\/plugins\/seo\/ -->\n<title>Lisa Methven - Food Systems Equality<\/title>\n<meta name=\"description\" content=\"Dr Lisa Methven is a Director (FaBS) of Sensory Science Centre at University of Reading and Programme Director for BSc Food Science with Business\" \/>\n<meta name=\"robots\" content=\"index, follow, max-snippet:-1, max-image-preview:large, max-video-preview:-1\" \/>\n<link rel=\"canonical\" href=\"https:\/\/research.reading.ac.uk\/food-systems-equality\/lisa-methven\/\" \/>\n<meta property=\"og:locale\" content=\"en_GB\" \/>\n<meta property=\"og:type\" content=\"article\" \/>\n<meta property=\"og:title\" content=\"Lisa Methven - Food Systems Equality\" \/>\n<meta property=\"og:description\" content=\"Dr Lisa Methven is a Director (FaBS) of Sensory Science Centre at University of Reading and Programme Director for BSc Food Science with Business\" \/>\n<meta property=\"og:url\" content=\"https:\/\/research.reading.ac.uk\/food-systems-equality\/lisa-methven\/\" \/>\n<meta property=\"og:site_name\" content=\"Food Systems Equality\" \/>\n<meta property=\"og:image\" content=\"https:\/\/research.reading.ac.uk\/food-system-equality\/wp-content\/uploads\/sites\/186\/2021\/10\/lisa-methven.jpeg\" \/>\n<meta name=\"twitter:card\" content=\"summary_large_image\" \/>\n<meta name=\"twitter:label1\" content=\"Estimated reading time\" \/>\n\t<meta name=\"twitter:data1\" content=\"2 minutes\" \/>\n\t<meta name=\"twitter:label2\" content=\"Written by\" \/>\n\t<meta name=\"twitter:data2\" content=\"Magda Gonczaruk\" \/>\n<script type=\"application\/ld+json\" class=\"yoast-schema-graph\">{\"@context\":\"https:\/\/schema.org\",\"@graph\":[{\"@type\":\"WebPage\",\"@id\":\"https:\/\/research.reading.ac.uk\/food-systems-equality\/lisa-methven\/\",\"url\":\"https:\/\/research.reading.ac.uk\/food-systems-equality\/lisa-methven\/\",\"name\":\"Lisa Methven - Food Systems Equality\",\"isPartOf\":{\"@id\":\"https:\/\/research.reading.ac.uk\/food-systems-equality\/#website\"},\"datePublished\":\"2021-10-22T10:22:32+00:00\",\"dateModified\":\"2021-10-22T10:22:32+00:00\",\"description\":\"Dr Lisa Methven is a Director (FaBS) of Sensory Science Centre at University of Reading and Programme Director for BSc Food Science with Business\",\"breadcrumb\":{\"@id\":\"https:\/\/research.reading.ac.uk\/food-systems-equality\/lisa-methven\/#breadcrumb\"},\"inLanguage\":\"en-GB\",\"potentialAction\":[{\"@type\":\"ReadAction\",\"target\":[\"https:\/\/research.reading.ac.uk\/food-systems-equality\/lisa-methven\/\"]}]},{\"@type\":\"BreadcrumbList\",\"@id\":\"https:\/\/research.reading.ac.uk\/food-systems-equality\/lisa-methven\/#breadcrumb\",\"itemListElement\":[{\"@type\":\"ListItem\",\"position\":1,\"name\":\"Home\",\"item\":\"https:\/\/research.reading.ac.uk\/food-systems-equality\/\"},{\"@type\":\"ListItem\",\"position\":2,\"name\":\"Lisa Methven\"}]},{\"@type\":\"WebSite\",\"@id\":\"https:\/\/research.reading.ac.uk\/food-systems-equality\/#website\",\"url\":\"https:\/\/research.reading.ac.uk\/food-systems-equality\/\",\"name\":\"Food Systems Equality\",\"description\":\"Co-production of healthy, sustainable food systems for disadvantaged communities\",\"potentialAction\":[{\"@type\":\"SearchAction\",\"target\":{\"@type\":\"EntryPoint\",\"urlTemplate\":\"https:\/\/research.reading.ac.uk\/food-systems-equality\/?s={search_term_string}\"},\"query-input\":\"required name=search_term_string\"}],\"inLanguage\":\"en-GB\"}]}<\/script>\n<!-- \/ Yoast SEO plugin. -->","yoast_head_json":{"title":"Lisa Methven - Food Systems Equality","description":"Dr Lisa Methven is a Director (FaBS) of Sensory Science Centre at University of Reading and Programme Director for BSc Food Science with Business","robots":{"index":"index","follow":"follow","max-snippet":"max-snippet:-1","max-image-preview":"max-image-preview:large","max-video-preview":"max-video-preview:-1"},"canonical":"https:\/\/research.reading.ac.uk\/food-systems-equality\/lisa-methven\/","og_locale":"en_GB","og_type":"article","og_title":"Lisa Methven - Food Systems Equality","og_description":"Dr Lisa Methven is a Director (FaBS) of Sensory Science Centre at University of Reading and Programme Director for BSc Food Science with Business","og_url":"https:\/\/research.reading.ac.uk\/food-systems-equality\/lisa-methven\/","og_site_name":"Food Systems Equality","og_image":[{"url":"https:\/\/research.reading.ac.uk\/food-system-equality\/wp-content\/uploads\/sites\/186\/2021\/10\/lisa-methven.jpeg"}],"twitter_card":"summary_large_image","twitter_misc":{"Estimated reading time":"2 minutes","Written by":"Magda Gonczaruk"},"schema":{"@context":"https:\/\/schema.org","@graph":[{"@type":"WebPage","@id":"https:\/\/research.reading.ac.uk\/food-systems-equality\/lisa-methven\/","url":"https:\/\/research.reading.ac.uk\/food-systems-equality\/lisa-methven\/","name":"Lisa Methven - Food Systems Equality","isPartOf":{"@id":"https:\/\/research.reading.ac.uk\/food-systems-equality\/#website"},"datePublished":"2021-10-22T10:22:32+00:00","dateModified":"2021-10-22T10:22:32+00:00","description":"Dr Lisa Methven is a Director (FaBS) of Sensory Science Centre at University of Reading and Programme Director for BSc Food Science with Business","breadcrumb":{"@id":"https:\/\/research.reading.ac.uk\/food-systems-equality\/lisa-methven\/#breadcrumb"},"inLanguage":"en-GB","potentialAction":[{"@type":"ReadAction","target":["https:\/\/research.reading.ac.uk\/food-systems-equality\/lisa-methven\/"]}]},{"@type":"BreadcrumbList","@id":"https:\/\/research.reading.ac.uk\/food-systems-equality\/lisa-methven\/#breadcrumb","itemListElement":[{"@type":"ListItem","position":1,"name":"Home","item":"https:\/\/research.reading.ac.uk\/food-systems-equality\/"},{"@type":"ListItem","position":2,"name":"Lisa Methven"}]},{"@type":"WebSite","@id":"https:\/\/research.reading.ac.uk\/food-systems-equality\/#website","url":"https:\/\/research.reading.ac.uk\/food-systems-equality\/","name":"Food Systems Equality","description":"Co-production of healthy, sustainable food systems for disadvantaged communities","potentialAction":[{"@type":"SearchAction","target":{"@type":"EntryPoint","urlTemplate":"https:\/\/research.reading.ac.uk\/food-systems-equality\/?s={search_term_string}"},"query-input":"required name=search_term_string"}],"inLanguage":"en-GB"}]}},"_links":{"self":[{"href":"https:\/\/research.reading.ac.uk\/food-systems-equality\/wp-json\/wp\/v2\/pages\/567","targetHints":{"allow":["GET"]}}],"collection":[{"href":"https:\/\/research.reading.ac.uk\/food-systems-equality\/wp-json\/wp\/v2\/pages"}],"about":[{"href":"https:\/\/research.reading.ac.uk\/food-systems-equality\/wp-json\/wp\/v2\/types\/page"}],"author":[{"embeddable":true,"href":"https:\/\/research.reading.ac.uk\/food-systems-equality\/wp-json\/wp\/v2\/users\/548"}],"replies":[{"embeddable":true,"href":"https:\/\/research.reading.ac.uk\/food-systems-equality\/wp-json\/wp\/v2\/comments?post=567"}],"version-history":[{"count":1,"href":"https:\/\/research.reading.ac.uk\/food-systems-equality\/wp-json\/wp\/v2\/pages\/567\/revisions"}],"predecessor-version":[{"id":569,"href":"https:\/\/research.reading.ac.uk\/food-systems-equality\/wp-json\/wp\/v2\/pages\/567\/revisions\/569"}],"wp:attachment":[{"href":"https:\/\/research.reading.ac.uk\/food-systems-equality\/wp-json\/wp\/v2\/media?parent=567"}],"wp:term":[{"taxonomy":"author","embeddable":true,"href":"https:\/\/research.reading.ac.uk\/food-systems-equality\/wp-json\/wp\/v2\/coauthors?post=567"}],"curies":[{"name":"wp","href":"https:\/\/api.w.org\/{rel}","templated":true}]}}