{"id":599,"date":"2023-06-21T17:27:06","date_gmt":"2023-06-21T16:27:06","guid":{"rendered":"https:\/\/research.reading.ac.uk\/huracan\/?page_id=599"},"modified":"2025-08-28T12:53:34","modified_gmt":"2025-08-28T11:53:34","slug":"tools-analysis","status":"publish","type":"page","link":"https:\/\/research.reading.ac.uk\/huracan\/science\/tools-analysis\/","title":{"rendered":"Tools &amp; analysis"},"content":{"rendered":"<h3>Hurac\u00e1n &#8216;Big Doc&#8217;<\/h3>\n<p><span style=\"font-family: terminal, monaco, monospace\"><strong><a href=\"https:\/\/docs.google.com\/document\/d\/1eUCpGk3eFAAgE4iaIy29K_vxMaqZI4kc\/edit?usp=share_link&amp;ouid=113705075503443217391&amp;rtpof=true&amp;sd=true\" target=\"_blank\" rel=\"noopener\">Hurac\u00e1n Documentation<\/a><br \/>\n<\/strong>An overall summary of definitions, datasets, software and other important information.<\/span><\/p>\n<p>&nbsp;<\/p>\n<h3>Cyclone-tracking algorithms<\/h3>\n<p><strong><a href=\"https:\/\/zenodo.org\/record\/7890852\" target=\"_blank\" rel=\"noopener\"><span style=\"font-family: terminal, monaco, monospace\">TRACK<\/span><\/a><br \/>\n<\/strong><span style=\"font-family: terminal, monaco, monospace\">Feature tracking based on spectrally filtered fields as well as various analysis utilities, such as cyclone-centred sampling, cyclone phase-space computation, and density calculations (<a href=\"https:\/\/journals.ametsoc.org\/view\/journals\/mwre\/123\/12\/1520-0493_1995_123_3458_ftotus_2_0_co_2.xml\" target=\"_blank\" rel=\"noopener\">Hodges et al., 1995<\/a>; <a href=\"https:\/\/journals.ametsoc.org\/view\/journals\/mwre\/127\/6\/1520-0493_1999_127_1362_acfft_2.0.co_2.xml\" target=\"_blank\" rel=\"noopener\">Hodges et al., 1999<\/a>).<\/span><\/p>\n<p><strong><a href=\"https:\/\/climate.ucdavis.edu\/tempestextremes.php\" target=\"_blank\" rel=\"noopener\"><span style=\"font-family: terminal, monaco, monospace\">TempestExtremes<\/span><\/a><br \/>\n<\/strong><span style=\"font-family: terminal, monaco, monospace\">Software package for nodal and areal feature tracking, including support for unstructured grids, as well as various analysis utilities, such as cyclone-centred sampling and compositing (<a href=\"https:\/\/gmd.copernicus.org\/articles\/10\/1069\/2017\/\" target=\"_blank\" rel=\"noopener\">Ullrich et al., 2017<\/a>; <a href=\"https:\/\/gmd.copernicus.org\/articles\/14\/5023\/2021\/\" target=\"_blank\" rel=\"noopener\">Ullrich et al., 2021<\/a>).<\/span><\/p>\n<p><a href=\"https:\/\/rmets.onlinelibrary.wiley.com\/doi\/full\/10.1002\/asl.1303\" target=\"_blank\" rel=\"noopener\"><strong>WiTRACK<\/strong><\/a><br \/>\n<span style=\"font-family: terminal, monaco, monospace\">Windstorm identification algorithm based on a given wind-speed threshold to determine storm footprints and surface impacts (<a href=\"https:\/\/research.birmingham.ac.uk\/en\/publications\/development-and-application-of-an-objective-storm-severity-measur\" target=\"_blank\" rel=\"noopener\">Leckebusch et al., 2008<\/a>).<\/span><\/p>\n<p>&nbsp;<\/p>\n<h3>Cyclone-focussed data analysis in Python<\/h3>\n<p><span style=\"font-family: terminal, monaco, monospace\"><strong><a href=\"https:\/\/github.com\/Huracan-project\/huracanpy\" target=\"_blank\" rel=\"noopener\">huracanpy<\/a><\/strong> (<em>Hurac\u00e1n<\/em> development)<strong><br \/>\n<\/strong>Package for reading, analysing and visualising cyclone track data in most formats.<\/span><\/p>\n<p><span style=\"font-family: terminal, monaco, monospace\"><strong><a href=\"https:\/\/github.com\/stella-bourdin\/CPyS\" target=\"_blank\" rel=\"noopener\">CPyS<\/a><br \/>\n<\/strong>Package for computing cyclone phase-space parameters.<\/span><\/p>\n<p><span style=\"font-family: terminal, monaco, monospace\"><strong><a href=\"https:\/\/research.reading.ac.uk\/huracan\/science\/tools-analysis\/storm_assess\/\">storm_assess<\/a><br \/>\n<\/strong>Package for reading TRACK and TempestExtremes output (superseded by <em>huracanpy<\/em>).<\/span><\/p>\n<p><strong><a href=\"https:\/\/tropycal.github.io\/tropycal\/\" target=\"_blank\" rel=\"noopener\"><span style=\"font-family: terminal, monaco, monospace\">TroPYcal<\/span><\/a><br \/>\n<\/strong><span style=\"font-family: terminal, monaco, monospace\">Package for visualisation of IBTrACS and forecast datasets.<\/span><\/p>\n<p>&nbsp;<\/p>\n<h3>Accessing and using CEDA JASMIN<\/h3>\n<p><strong><span style=\"font-family: terminal, monaco, monospace\"><a href=\"https:\/\/help.jasmin.ac.uk\/article\/189-get-started-with-jasmin\" target=\"_blank\" rel=\"noopener\">Setting up a JASMIN account<\/a><\/span><\/strong><\/p>\n<p><strong><span style=\"font-family: terminal, monaco, monospace\"><a href=\"https:\/\/help.jasmin.ac.uk\/category\/270-software-on-jasmin\" target=\"_blank\" rel=\"noopener\">Software and setting up a Python environment<\/a><\/span><\/strong><\/p>\n<p><strong><span style=\"font-family: terminal, monaco, monospace\"><a href=\"https:\/\/cmip6moap.github.io\/resources\/\" target=\"_blank\" rel=\"noopener\">CMIP6 data tools on JASMIN<\/a><\/span><\/strong><\/p>\n<p>&nbsp;<\/p>\n","protected":false},"excerpt":{"rendered":"<p>Hurac\u00e1n &#8216;Big Doc&#8217; Hurac\u00e1n Documentation An overall summary of definitions, datasets, software and other important information. &nbsp; Cyclone-tracking algorithms TRACK Feature tracking based on spectrally filtered fields as well as&#8230;<a class=\"read-more\" href=\"&#104;&#116;&#116;&#112;&#115;&#58;&#47;&#47;&#114;&#101;&#115;&#101;&#97;&#114;&#99;&#104;&#46;&#114;&#101;&#97;&#100;&#105;&#110;&#103;&#46;&#97;&#99;&#46;&#117;&#107;&#47;&#104;&#117;&#114;&#97;&#99;&#97;&#110;&#47;&#115;&#99;&#105;&#101;&#110;&#99;&#101;&#47;&#116;&#111;&#111;&#108;&#115;&#45;&#97;&#110;&#97;&#108;&#121;&#115;&#105;&#115;&#47;\">Read More ><\/a><\/p>\n","protected":false},"author":518,"featured_media":0,"parent":278,"menu_order":0,"comment_status":"closed","ping_status":"closed","template":"","meta":{"_acf_changed":false,"_monsterinsights_skip_tracking":false,"_monsterinsights_sitenote_active":false,"_monsterinsights_sitenote_note":"","_monsterinsights_sitenote_category":0,"__cvm_playback_settings":[],"__cvm_video_id":"","footnotes":""},"coauthors":[11],"class_list":["post-599","page","type-page","status-publish","hentry"],"acf":[],"yoast_head":"<!-- This site is optimized with the Yoast SEO plugin v21.8.1 - https:\/\/yoast.com\/wordpress\/plugins\/seo\/ -->\n<title>Tools &amp; analysis - Hurac\u00e1n<\/title>\n<meta name=\"robots\" content=\"index, follow, max-snippet:-1, max-image-preview:large, max-video-preview:-1\" \/>\n<link rel=\"canonical\" href=\"https:\/\/research.reading.ac.uk\/huracan\/science\/tools-analysis\/\" \/>\n<meta property=\"og:locale\" content=\"en_GB\" \/>\n<meta property=\"og:type\" content=\"article\" \/>\n<meta property=\"og:title\" content=\"Tools &amp; analysis - Hurac\u00e1n\" \/>\n<meta property=\"og:description\" content=\"Hurac\u00e1n &#8216;Big Doc&#8217; Hurac\u00e1n Documentation An overall summary of definitions, datasets, software and other important information. &nbsp; Cyclone-tracking algorithms TRACK Feature tracking based on spectrally filtered fields as well as...Read More &gt;\" \/>\n<meta property=\"og:url\" content=\"https:\/\/research.reading.ac.uk\/huracan\/science\/tools-analysis\/\" \/>\n<meta property=\"og:site_name\" content=\"Hurac\u00e1n\" \/>\n<meta property=\"article:modified_time\" content=\"2025-08-28T11:53:34+00:00\" \/>\n<meta name=\"twitter:card\" content=\"summary_large_image\" \/>\n<meta name=\"twitter:label1\" content=\"Estimated reading time\" \/>\n\t<meta name=\"twitter:data1\" content=\"1 minute\" \/>\n\t<meta name=\"twitter:label2\" content=\"Written by\" \/>\n\t<meta name=\"twitter:data2\" content=\"Alex Baker\" \/>\n<script type=\"application\/ld+json\" class=\"yoast-schema-graph\">{\"@context\":\"https:\/\/schema.org\",\"@graph\":[{\"@type\":\"WebPage\",\"@id\":\"https:\/\/research.reading.ac.uk\/huracan\/science\/tools-analysis\/\",\"url\":\"https:\/\/research.reading.ac.uk\/huracan\/science\/tools-analysis\/\",\"name\":\"Tools &amp; analysis - Hurac\u00e1n\",\"isPartOf\":{\"@id\":\"https:\/\/research.reading.ac.uk\/huracan\/#website\"},\"datePublished\":\"2023-06-21T16:27:06+00:00\",\"dateModified\":\"2025-08-28T11:53:34+00:00\",\"breadcrumb\":{\"@id\":\"https:\/\/research.reading.ac.uk\/huracan\/science\/tools-analysis\/#breadcrumb\"},\"inLanguage\":\"en-GB\",\"potentialAction\":[{\"@type\":\"ReadAction\",\"target\":[\"https:\/\/research.reading.ac.uk\/huracan\/science\/tools-analysis\/\"]}]},{\"@type\":\"BreadcrumbList\",\"@id\":\"https:\/\/research.reading.ac.uk\/huracan\/science\/tools-analysis\/#breadcrumb\",\"itemListElement\":[{\"@type\":\"ListItem\",\"position\":1,\"name\":\"Home\",\"item\":\"https:\/\/research.reading.ac.uk\/huracan\/\"},{\"@type\":\"ListItem\",\"position\":2,\"name\":\"Science\",\"item\":\"https:\/\/research.reading.ac.uk\/huracan\/science\/\"},{\"@type\":\"ListItem\",\"position\":3,\"name\":\"Tools &amp; analysis\"}]},{\"@type\":\"WebSite\",\"@id\":\"https:\/\/research.reading.ac.uk\/huracan\/#website\",\"url\":\"https:\/\/research.reading.ac.uk\/huracan\/\",\"name\":\"Hurac\u00e1n\",\"description\":\"Hurricane Risk Amplification and Changing North Atlantic Natural Disasters\",\"potentialAction\":[{\"@type\":\"SearchAction\",\"target\":{\"@type\":\"EntryPoint\",\"urlTemplate\":\"https:\/\/research.reading.ac.uk\/huracan\/?s={search_term_string}\"},\"query-input\":\"required name=search_term_string\"}],\"inLanguage\":\"en-GB\"}]}<\/script>\n<!-- \/ Yoast SEO plugin. -->","yoast_head_json":{"title":"Tools &amp; analysis - Hurac\u00e1n","robots":{"index":"index","follow":"follow","max-snippet":"max-snippet:-1","max-image-preview":"max-image-preview:large","max-video-preview":"max-video-preview:-1"},"canonical":"https:\/\/research.reading.ac.uk\/huracan\/science\/tools-analysis\/","og_locale":"en_GB","og_type":"article","og_title":"Tools &amp; analysis - Hurac\u00e1n","og_description":"Hurac\u00e1n &#8216;Big Doc&#8217; Hurac\u00e1n Documentation An overall summary of definitions, datasets, software and other important information. &nbsp; Cyclone-tracking algorithms TRACK Feature tracking based on spectrally filtered fields as well as...Read More >","og_url":"https:\/\/research.reading.ac.uk\/huracan\/science\/tools-analysis\/","og_site_name":"Hurac\u00e1n","article_modified_time":"2025-08-28T11:53:34+00:00","twitter_card":"summary_large_image","twitter_misc":{"Estimated reading time":"1 minute","Written by":"Alex Baker"},"schema":{"@context":"https:\/\/schema.org","@graph":[{"@type":"WebPage","@id":"https:\/\/research.reading.ac.uk\/huracan\/science\/tools-analysis\/","url":"https:\/\/research.reading.ac.uk\/huracan\/science\/tools-analysis\/","name":"Tools &amp; analysis - Hurac\u00e1n","isPartOf":{"@id":"https:\/\/research.reading.ac.uk\/huracan\/#website"},"datePublished":"2023-06-21T16:27:06+00:00","dateModified":"2025-08-28T11:53:34+00:00","breadcrumb":{"@id":"https:\/\/research.reading.ac.uk\/huracan\/science\/tools-analysis\/#breadcrumb"},"inLanguage":"en-GB","potentialAction":[{"@type":"ReadAction","target":["https:\/\/research.reading.ac.uk\/huracan\/science\/tools-analysis\/"]}]},{"@type":"BreadcrumbList","@id":"https:\/\/research.reading.ac.uk\/huracan\/science\/tools-analysis\/#breadcrumb","itemListElement":[{"@type":"ListItem","position":1,"name":"Home","item":"https:\/\/research.reading.ac.uk\/huracan\/"},{"@type":"ListItem","position":2,"name":"Science","item":"https:\/\/research.reading.ac.uk\/huracan\/science\/"},{"@type":"ListItem","position":3,"name":"Tools &amp; analysis"}]},{"@type":"WebSite","@id":"https:\/\/research.reading.ac.uk\/huracan\/#website","url":"https:\/\/research.reading.ac.uk\/huracan\/","name":"Hurac\u00e1n","description":"Hurricane Risk Amplification and Changing North Atlantic Natural Disasters","potentialAction":[{"@type":"SearchAction","target":{"@type":"EntryPoint","urlTemplate":"https:\/\/research.reading.ac.uk\/huracan\/?s={search_term_string}"},"query-input":"required name=search_term_string"}],"inLanguage":"en-GB"}]}},"_links":{"self":[{"href":"https:\/\/research.reading.ac.uk\/huracan\/wp-json\/wp\/v2\/pages\/599","targetHints":{"allow":["GET"]}}],"collection":[{"href":"https:\/\/research.reading.ac.uk\/huracan\/wp-json\/wp\/v2\/pages"}],"about":[{"href":"https:\/\/research.reading.ac.uk\/huracan\/wp-json\/wp\/v2\/types\/page"}],"author":[{"embeddable":true,"href":"https:\/\/research.reading.ac.uk\/huracan\/wp-json\/wp\/v2\/users\/518"}],"replies":[{"embeddable":true,"href":"https:\/\/research.reading.ac.uk\/huracan\/wp-json\/wp\/v2\/comments?post=599"}],"version-history":[{"count":10,"href":"https:\/\/research.reading.ac.uk\/huracan\/wp-json\/wp\/v2\/pages\/599\/revisions"}],"predecessor-version":[{"id":906,"href":"https:\/\/research.reading.ac.uk\/huracan\/wp-json\/wp\/v2\/pages\/599\/revisions\/906"}],"up":[{"embeddable":true,"href":"https:\/\/research.reading.ac.uk\/huracan\/wp-json\/wp\/v2\/pages\/278"}],"wp:attachment":[{"href":"https:\/\/research.reading.ac.uk\/huracan\/wp-json\/wp\/v2\/media?parent=599"}],"wp:term":[{"taxonomy":"author","embeddable":true,"href":"https:\/\/research.reading.ac.uk\/huracan\/wp-json\/wp\/v2\/coauthors?post=599"}],"curies":[{"name":"wp","href":"https:\/\/api.w.org\/{rel}","templated":true}]}}