{"id":1338,"date":"2018-05-22T11:30:04","date_gmt":"2018-05-22T10:30:04","guid":{"rendered":"https:\/\/research.reading.ac.uk\/intermidia\/?page_id=1338"},"modified":"2018-09-25T15:28:27","modified_gmt":"2018-09-25T14:28:27","slug":"prologues","status":"publish","type":"page","link":"https:\/\/research.reading.ac.uk\/intermidia\/prologues\/","title":{"rendered":"Silent Movie Prologues in Brazil"},"content":{"rendered":"<h1>Silent Movie Prologues in Brazil<\/h1>\n<p>With the Silent Movie Prologues event in Brazil now complete, see below a video summary and photos of the event.<\/p>\n<p><iframe loading=\"lazy\" title=\"Silent Movie Prologues in Brazil - A Summary featuring Audience Impressions\" width=\"640\" height=\"360\" src=\"https:\/\/www.youtube.com\/embed\/OEqxdS_brRM?feature=oembed\" frameborder=\"0\" allow=\"accelerometer; autoplay; clipboard-write; encrypted-media; gyroscope; picture-in-picture; web-share\" referrerpolicy=\"strict-origin-when-cross-origin\" allowfullscreen><\/iframe><\/p>\n<div class=\"n2-has-copy n2-code n2-ss-slider-shortcode-id\"><\/div>\n<p class=\"\">\n<p>Brazil: 30th June 2018, Museu da Imagem e do Som (MIS-SP), S\u00e3o Paulo, Brazil<br \/>\nUK: December 2018, University of Reading, further details to be confirmed.<\/p>\n<p><strong>Silent <\/strong><strong>Movie Prologues in Brazil<\/strong> will bring together theatre and film, by restaging the comedic movie prologues which used to precede the screening of silent Hollywood films. \u00a0In 1926, film exhibitor Francisco Serrador introduced the movie prologues, a novelty intended to attract audiences to the luxurious cinemas he had built at Cinel\u00e2ndia, in the centre of Rio de Janeiro. Movie prologues were stage presentations based on themes, characters and scenes of the foreign films they preceded. Usually accompanied by dance and musical numbers, they drew inspiration on the popular <em>teatro de revista<\/em>, the Brazilian vaudeville-style theatre.<\/p>\n<p>Because the movie prologues had to be submitted to censorship, many of their scripts were preserved and are available at the Arquivo Nacional in Rio. Restaging these prologues will allow us to share with the wider public some key intermedial relations in Brazilian cinema under a historical perspective, which is the focus of the AHRC-FAPESP funded <strong>IntermIdia Project<\/strong>.<\/p>\n<p>The first restaging of the Brazilian movie prologues will take place on 30 June 2018 at Museu da Imagem e do Som (MIS-SP), by the theatre troupe Companhia Antropof\u00e1gica. \u00a0In December, the programme will travel to the UK, and will involve staff and students of the Department of Film, Theatre &amp; Television, University of Reading.<\/p>\n<p>In S\u00e3o Paulo, the session will open with a panel discussion with the event organisers, Luciana Corr\u00eaa de Ara\u00fajo (UFSCar), Margarida Maria Adamatti (UFSCar), L\u00facia Nagib (UoR), John Gibbs (UoR) and Lucy Tyler (UoR), as well as Thiago Reis Vasconcelos, Director of Companhia Antropof\u00e1gica. Historical topics regarding the movie prologues phenomenon will be addressed, as well as details of the stage re-enactment and its adaptation to the current context.<\/p>\n<p>In their performances, Companhia Antropof\u00e1gica often explores intermedial dialogues between theatre, cinema, music and visual arts.<\/p>\n<p><img loading=\"lazy\" decoding=\"async\" class=\"alignnone wp-image-1393\" src=\"https:\/\/research.reading.ac.uk\/intermidia\/wp-content\/uploads\/sites\/6\/2018\/06\/Companhia-Antropofa\u0301gica-Cre\u0301dito-Clayton-Lima-1-682x1024.jpg\" alt=\"\" width=\"230\" height=\"346\" srcset=\"https:\/\/research.reading.ac.uk\/intermidia\/wp-content\/uploads\/sites\/6\/2018\/06\/Companhia-Antropofa\u0301gica-Cre\u0301dito-Clayton-Lima-1-682x1024.jpg 682w, https:\/\/research.reading.ac.uk\/intermidia\/wp-content\/uploads\/sites\/6\/2018\/06\/Companhia-Antropofa\u0301gica-Cre\u0301dito-Clayton-Lima-1-200x300.jpg 200w, https:\/\/research.reading.ac.uk\/intermidia\/wp-content\/uploads\/sites\/6\/2018\/06\/Companhia-Antropofa\u0301gica-Cre\u0301dito-Clayton-Lima-1-768x1153.jpg 768w, https:\/\/research.reading.ac.uk\/intermidia\/wp-content\/uploads\/sites\/6\/2018\/06\/Companhia-Antropofa\u0301gica-Cre\u0301dito-Clayton-Lima-1.jpg 1240w\" sizes=\"auto, (max-width: 230px) 100vw, 230px\" \/> <img loading=\"lazy\" decoding=\"async\" class=\"alignnone wp-image-1395\" src=\"https:\/\/research.reading.ac.uk\/intermidia\/wp-content\/uploads\/sites\/6\/2018\/06\/Companhia-Antropofa\u0301gica-Cre\u0301dito-Alan-Siqueira-2-1024x683.jpg\" alt=\"\" width=\"518\" height=\"346\" srcset=\"https:\/\/research.reading.ac.uk\/intermidia\/wp-content\/uploads\/sites\/6\/2018\/06\/Companhia-Antropofa\u0301gica-Cre\u0301dito-Alan-Siqueira-2-1024x683.jpg 1024w, https:\/\/research.reading.ac.uk\/intermidia\/wp-content\/uploads\/sites\/6\/2018\/06\/Companhia-Antropofa\u0301gica-Cre\u0301dito-Alan-Siqueira-2-300x200.jpg 300w, https:\/\/research.reading.ac.uk\/intermidia\/wp-content\/uploads\/sites\/6\/2018\/06\/Companhia-Antropofa\u0301gica-Cre\u0301dito-Alan-Siqueira-2-768x512.jpg 768w, https:\/\/research.reading.ac.uk\/intermidia\/wp-content\/uploads\/sites\/6\/2018\/06\/Companhia-Antropofa\u0301gica-Cre\u0301dito-Alan-Siqueira-2-272x182.jpg 272w, https:\/\/research.reading.ac.uk\/intermidia\/wp-content\/uploads\/sites\/6\/2018\/06\/Companhia-Antropofa\u0301gica-Cre\u0301dito-Alan-Siqueira-2.jpg 1368w\" sizes=\"auto, (max-width: 518px) 100vw, 518px\" \/><\/p>\n<p style=\"text-align: center\">Companhia Antropof\u00e1gica in action<\/p>\n<p>They will start by restaging the prologue \u201cDoing it the Pirandello way\u2026\u201d, before the screening of the preserved fragment of <em>Beggar on Horseback<\/em> (James Cruze, 1925). The film focuses on the crisis of a musical composer who is in love with a woman but considers marrying someone else, a rich woman, in order to solve his financial problems. The preserved film fragment shows the protagonist\u2019s surreal nightmare.<\/p>\n<p><img loading=\"lazy\" decoding=\"async\" class=\"alignnone size-full wp-image-1385\" src=\"https:\/\/research.reading.ac.uk\/intermidia\/wp-content\/uploads\/sites\/6\/2018\/06\/Beggar-on-Horseback-James-Cruze-1925.png\" alt=\"\" width=\"337\" height=\"281\" srcset=\"https:\/\/research.reading.ac.uk\/intermidia\/wp-content\/uploads\/sites\/6\/2018\/06\/Beggar-on-Horseback-James-Cruze-1925.png 337w, https:\/\/research.reading.ac.uk\/intermidia\/wp-content\/uploads\/sites\/6\/2018\/06\/Beggar-on-Horseback-James-Cruze-1925-300x250.png 300w\" sizes=\"auto, (max-width: 337px) 100vw, 337px\" \/> <img loading=\"lazy\" decoding=\"async\" class=\"alignnone size-full wp-image-1384\" src=\"https:\/\/research.reading.ac.uk\/intermidia\/wp-content\/uploads\/sites\/6\/2018\/06\/Beggar-on-Horseback-James-Cruze-1925-2.png\" alt=\"\" width=\"408\" height=\"281\" srcset=\"https:\/\/research.reading.ac.uk\/intermidia\/wp-content\/uploads\/sites\/6\/2018\/06\/Beggar-on-Horseback-James-Cruze-1925-2.png 408w, https:\/\/research.reading.ac.uk\/intermidia\/wp-content\/uploads\/sites\/6\/2018\/06\/Beggar-on-Horseback-James-Cruze-1925-2-300x207.png 300w\" sizes=\"auto, (max-width: 408px) 100vw, 408px\" \/><\/p>\n<p style=\"text-align: center\"><em>Beggar on Horseback<\/em> (James Cruze, 1925).<\/p>\n<p>The second part of the show presents the prologue \u201cThe stylised cowboy\u201d and the film <em>Go West <\/em>(Buster Keaton, 1925). While the Brazilian prologue creates parodic, ambiguous dialogues involving famous Hollywood stars, such as Rudolph Valentino and Buster Keaton, the film tells the story of a cowboy, who gets involved in several mishaps to protect his pet, a cow called Brown Eyes.<\/p>\n<p><img loading=\"lazy\" decoding=\"async\" class=\"size-full wp-image-1387 aligncenter\" src=\"https:\/\/research.reading.ac.uk\/intermidia\/wp-content\/uploads\/sites\/6\/2018\/06\/Go-West-Buster-keaton-1925.png\" alt=\"\" width=\"370\" height=\"535\" srcset=\"https:\/\/research.reading.ac.uk\/intermidia\/wp-content\/uploads\/sites\/6\/2018\/06\/Go-West-Buster-keaton-1925.png 370w, https:\/\/research.reading.ac.uk\/intermidia\/wp-content\/uploads\/sites\/6\/2018\/06\/Go-West-Buster-keaton-1925-207x300.png 207w\" sizes=\"auto, (max-width: 370px) 100vw, 370px\" \/><\/p>\n<p style=\"text-align: center\"><em>Go West <\/em>(Buster Keaton, 1925)<\/p>\n<p><strong>Programme:<\/strong><\/p>\n<p><span style=\"text-decoration: underline\">Brazil<\/span><\/p>\n<p><strong>Official Opening<br \/>\n<\/strong><em>Saturday, 30 June, <\/em>Museu da Imagem e do Som (MIS\/SP)<br \/>\nL\u00facia Nagib, Luciana Corr\u00eaa de Araujo, John Gibbs, Margarida Maria Adamatti, Lucy Tyler, Thiago Reis Vasconcelos<\/p>\n<p><strong>Prologue <\/strong><strong>\u201cDoing it the Pirandello Way\u2026\u201d by Companhia Antropof\u00e1gica<br \/>\n<\/strong>The Modern Spirit explains to the audience that the stage play was cancelled because no actor wanted to be the protagonist of a futurist prologue. A sudden change happens when two volunteers go on stage.<\/p>\n<p><strong>Film <em>Beggar on Horseback <\/em>(James Cruze, 1925)<br \/>\n<\/strong>A musical composer, with financial problems, has the opportunity to become rich through marriage . When he falls asleep, a revealing dream about his destiny takes the form of a nightmare.<\/p>\n<p><strong>Prologue \u201cThe Stylised Cowboy\u201d by Companhia Antropof\u00e1gica<br \/>\n<\/strong>A milk seller and a woman talk in the street about Hollywood\u2019s stars, until an unexpected meeting upsets the couple.<\/p>\n<p><strong>Film <em>Go West <\/em>(Buster Keaton, 1925)<br \/>\n<\/strong>Buster Keaton plays a cowboy who gets involved in different problems to save his pet cow, Brown Eyes, when the animal is sent to the slaughterhouse.<\/p>\n<p><span style=\"text-decoration: underline\">UK<\/span><\/p>\n<p>December 2018, further details to be confirmed.<\/p>\n<p>&nbsp;<\/p>\n<p><strong>Related reading:<\/strong><\/p>\n<p><a href=\"http:\/\/amsacta.unibo.it\/3826\/\">Ara\u00fajo, Luciana Corr\u00eaa. \u201cMovie Prologues: Cinema, Theater and Female Types on Stage at Cinel\u00e2ndia, Rio de Janeiro\u201d, originally printed In: Dall\u2019Asta, Monica; Duckett, Victoria; Tralli, Lucia (ed.). <em>Researching women in silent cinema &#8211; New findings and perspectives<\/em>. Bologna: Universti\u00e1 di Bologna\/University of Melbourne\/Women and Film History International, 2013, p.424-436.<\/a><\/p>\n<p>&nbsp;<\/p>\n<p><strong>Antropof\u00e1gica Team<\/strong><\/p>\n<p><strong>Director<br \/>\n<\/strong>Thiago Reis Vasconcelos<\/p>\n<p><strong>Cast<br \/>\n<\/strong>Adonis Rossato I Alessandra Queiroz\u00a0|\u00a0Danilo Santos\u00a0|\u00a0Deborah Hathner\u00a0|\u00a0Fabi Ribeiro\u00a0|\u00a0Fl\u00e1via Ulh\u00f4a\u00a0| Jaques Cardeal\u00a0|\u00a0Martha Guijarro\u00a0| Mauro Britto\u00a0| Rafael Frederico\u00a0|\u00a0Rafael Graciola\u00a0| Renata Adrianna\u00a0|\u00a0Ruth Melchior\u00a0|\u00a0Suelen Moreira\u00a0<strong>\u00a0<\/strong><\/p>\n<p><strong>Musical Direction<br \/>\n<\/strong>Lucas Vasconcelos<\/p>\n<p><strong>Musicians<br \/>\n<\/strong>Bruno Miotto\u00a0|\u00a0Bruno Mota\u00a0|\u00a0Lucas Vasconcelos<\/p>\n<p><strong>Set Design<br \/>\n<\/strong>Companhia Antropof\u00e1gica<\/p>\n<p><strong>Costume<br \/>\n<\/strong>Ruth Melchior<\/p>\n<p><strong>Lighting<br \/>\n<\/strong>Rafael Frederico |\u00a0Renata Adrianna<\/p>\n<p><strong>Production<br \/>\n<\/strong>Maria Tereza Urias<\/p>\n<p><strong>Graphic Design<br \/>\n<\/strong>Rafael Frederico<\/p>\n<p><strong>Audio-visual and Photographic Record<br \/>\n<\/strong>Alan Siqueira<\/p>\n<p>&nbsp;<\/p>\n<p><strong>With additional support from<\/strong>:<\/p>\n<p><img loading=\"lazy\" decoding=\"async\" class=\"size-medium wp-image-1400 aligncenter\" src=\"https:\/\/research.reading.ac.uk\/intermidia\/wp-content\/uploads\/sites\/6\/LogoUFSCar-300x219.jpg\" alt=\"\" width=\"300\" height=\"219\" srcset=\"https:\/\/research.reading.ac.uk\/intermidia\/wp-content\/uploads\/sites\/6\/LogoUFSCar-300x219.jpg 300w, https:\/\/research.reading.ac.uk\/intermidia\/wp-content\/uploads\/sites\/6\/LogoUFSCar-768x560.jpg 768w, https:\/\/research.reading.ac.uk\/intermidia\/wp-content\/uploads\/sites\/6\/LogoUFSCar-1024x746.jpg 1024w\" sizes=\"auto, (max-width: 300px) 100vw, 300px\" \/><\/p>\n<p><strong>Universidade Federal de S\u00e3o Carlos (ufscar)<\/strong><\/p>\n<p><img loading=\"lazy\" decoding=\"async\" class=\"size-full wp-image-1397 aligncenter\" src=\"https:\/\/research.reading.ac.uk\/intermidia\/wp-content\/uploads\/sites\/6\/Antropofa\u0301gica.jpg\" alt=\"\" width=\"920\" height=\"200\" srcset=\"https:\/\/research.reading.ac.uk\/intermidia\/wp-content\/uploads\/sites\/6\/Antropofa\u0301gica.jpg 920w, https:\/\/research.reading.ac.uk\/intermidia\/wp-content\/uploads\/sites\/6\/Antropofa\u0301gica-300x65.jpg 300w, https:\/\/research.reading.ac.uk\/intermidia\/wp-content\/uploads\/sites\/6\/Antropofa\u0301gica-768x167.jpg 768w\" sizes=\"auto, (max-width: 920px) 100vw, 920px\" \/><\/p>\n<p><strong>Companhia Antropof\u00e1gica<\/strong><img loading=\"lazy\" decoding=\"async\" class=\"size-full wp-image-1396 aligncenter\" src=\"https:\/\/research.reading.ac.uk\/intermidia\/wp-content\/uploads\/sites\/6\/MIS_082011_baixa_rec.jpg\" alt=\"\" width=\"740\" height=\"162\" srcset=\"https:\/\/research.reading.ac.uk\/intermidia\/wp-content\/uploads\/sites\/6\/MIS_082011_baixa_rec.jpg 740w, https:\/\/research.reading.ac.uk\/intermidia\/wp-content\/uploads\/sites\/6\/MIS_082011_baixa_rec-300x66.jpg 300w\" sizes=\"auto, (max-width: 740px) 100vw, 740px\" \/><\/p>\n<p><strong>Museu da Imagem e do Som (MIS-SP)<\/strong><\/p>\n","protected":false},"excerpt":{"rendered":"<p>Silent Movie Prologues in Brazil With the Silent Movie Prologues event in Brazil now complete, see below a video summary and photos of the event. Brazil: 30th June 2018, Museu&#8230;<a class=\"read-more\" href=\"&#104;&#116;&#116;&#112;&#115;&#58;&#47;&#47;&#114;&#101;&#115;&#101;&#97;&#114;&#99;&#104;&#46;&#114;&#101;&#97;&#100;&#105;&#110;&#103;&#46;&#97;&#99;&#46;&#117;&#107;&#47;&#105;&#110;&#116;&#101;&#114;&#109;&#105;&#100;&#105;&#97;&#47;&#112;&#114;&#111;&#108;&#111;&#103;&#117;&#101;&#115;&#47;\">Read More ><\/a><\/p>\n","protected":false},"author":10,"featured_media":0,"parent":0,"menu_order":0,"comment_status":"closed","ping_status":"closed","template":"","meta":{"_acf_changed":false,"_monsterinsights_skip_tracking":false,"_monsterinsights_sitenote_active":false,"_monsterinsights_sitenote_note":"","_monsterinsights_sitenote_category":0,"__cvm_playback_settings":[],"__cvm_video_id":"","footnotes":"","_links_to":"","_links_to_target":""},"class_list":["post-1338","page","type-page","status-publish","hentry"],"acf":[],"yoast_head":"<!-- This site is optimized with the Yoast SEO plugin v21.8.1 - https:\/\/yoast.com\/wordpress\/plugins\/seo\/ -->\n<title>Silent Movie Prologues in Brazil - Intermidia<\/title>\n<meta name=\"robots\" content=\"index, follow, max-snippet:-1, max-image-preview:large, max-video-preview:-1\" \/>\n<link rel=\"canonical\" href=\"https:\/\/research.reading.ac.uk\/intermidia\/prologues\/\" \/>\n<meta property=\"og:locale\" content=\"en_GB\" \/>\n<meta property=\"og:type\" content=\"article\" \/>\n<meta property=\"og:title\" content=\"Silent Movie Prologues in Brazil - Intermidia\" \/>\n<meta property=\"og:description\" content=\"Silent Movie Prologues in Brazil With the Silent Movie Prologues event in Brazil now complete, see below a video summary and photos of the event. Brazil: 30th June 2018, Museu...Read More &gt;\" \/>\n<meta property=\"og:url\" content=\"https:\/\/research.reading.ac.uk\/intermidia\/prologues\/\" \/>\n<meta property=\"og:site_name\" content=\"Intermidia\" \/>\n<meta property=\"article:modified_time\" content=\"2018-09-25T14:28:27+00:00\" \/>\n<meta property=\"og:image\" content=\"https:\/\/research.reading.ac.uk\/intermidia\/wp-content\/uploads\/sites\/6\/2018\/06\/Companhia-Antropofa\u0301gica-Cre\u0301dito-Clayton-Lima-1-682x1024.jpg\" \/>\n<meta name=\"twitter:card\" content=\"summary_large_image\" \/>\n<meta name=\"twitter:label1\" content=\"Estimated reading time\" \/>\n\t<meta name=\"twitter:data1\" content=\"4 minutes\" \/>\n<script type=\"application\/ld+json\" class=\"yoast-schema-graph\">{\"@context\":\"https:\/\/schema.org\",\"@graph\":[{\"@type\":\"WebPage\",\"@id\":\"https:\/\/research.reading.ac.uk\/intermidia\/prologues\/\",\"url\":\"https:\/\/research.reading.ac.uk\/intermidia\/prologues\/\",\"name\":\"Silent Movie Prologues in Brazil - Intermidia\",\"isPartOf\":{\"@id\":\"https:\/\/research.reading.ac.uk\/intermidia\/#website\"},\"datePublished\":\"2018-05-22T10:30:04+00:00\",\"dateModified\":\"2018-09-25T14:28:27+00:00\",\"breadcrumb\":{\"@id\":\"https:\/\/research.reading.ac.uk\/intermidia\/prologues\/#breadcrumb\"},\"inLanguage\":\"en-GB\",\"potentialAction\":[{\"@type\":\"ReadAction\",\"target\":[\"https:\/\/research.reading.ac.uk\/intermidia\/prologues\/\"]}]},{\"@type\":\"BreadcrumbList\",\"@id\":\"https:\/\/research.reading.ac.uk\/intermidia\/prologues\/#breadcrumb\",\"itemListElement\":[{\"@type\":\"ListItem\",\"position\":1,\"name\":\"Home\",\"item\":\"https:\/\/research.reading.ac.uk\/intermidia\/\"},{\"@type\":\"ListItem\",\"position\":2,\"name\":\"Silent Movie Prologues in Brazil\"}]},{\"@type\":\"WebSite\",\"@id\":\"https:\/\/research.reading.ac.uk\/intermidia\/#website\",\"url\":\"https:\/\/research.reading.ac.uk\/intermidia\/\",\"name\":\"Intermidia\",\"description\":\"AHRC-FAPESP Collaborative Project\",\"potentialAction\":[{\"@type\":\"SearchAction\",\"target\":{\"@type\":\"EntryPoint\",\"urlTemplate\":\"https:\/\/research.reading.ac.uk\/intermidia\/?s={search_term_string}\"},\"query-input\":\"required name=search_term_string\"}],\"inLanguage\":\"en-GB\"}]}<\/script>\n<!-- \/ Yoast SEO plugin. -->","yoast_head_json":{"title":"Silent Movie Prologues in Brazil - Intermidia","robots":{"index":"index","follow":"follow","max-snippet":"max-snippet:-1","max-image-preview":"max-image-preview:large","max-video-preview":"max-video-preview:-1"},"canonical":"https:\/\/research.reading.ac.uk\/intermidia\/prologues\/","og_locale":"en_GB","og_type":"article","og_title":"Silent Movie Prologues in Brazil - Intermidia","og_description":"Silent Movie Prologues in Brazil With the Silent Movie Prologues event in Brazil now complete, see below a video summary and photos of the event. Brazil: 30th June 2018, Museu...Read More >","og_url":"https:\/\/research.reading.ac.uk\/intermidia\/prologues\/","og_site_name":"Intermidia","article_modified_time":"2018-09-25T14:28:27+00:00","og_image":[{"url":"https:\/\/research.reading.ac.uk\/intermidia\/wp-content\/uploads\/sites\/6\/2018\/06\/Companhia-Antropofa\u0301gica-Cre\u0301dito-Clayton-Lima-1-682x1024.jpg"}],"twitter_card":"summary_large_image","twitter_misc":{"Estimated reading time":"4 minutes"},"schema":{"@context":"https:\/\/schema.org","@graph":[{"@type":"WebPage","@id":"https:\/\/research.reading.ac.uk\/intermidia\/prologues\/","url":"https:\/\/research.reading.ac.uk\/intermidia\/prologues\/","name":"Silent Movie Prologues in Brazil - Intermidia","isPartOf":{"@id":"https:\/\/research.reading.ac.uk\/intermidia\/#website"},"datePublished":"2018-05-22T10:30:04+00:00","dateModified":"2018-09-25T14:28:27+00:00","breadcrumb":{"@id":"https:\/\/research.reading.ac.uk\/intermidia\/prologues\/#breadcrumb"},"inLanguage":"en-GB","potentialAction":[{"@type":"ReadAction","target":["https:\/\/research.reading.ac.uk\/intermidia\/prologues\/"]}]},{"@type":"BreadcrumbList","@id":"https:\/\/research.reading.ac.uk\/intermidia\/prologues\/#breadcrumb","itemListElement":[{"@type":"ListItem","position":1,"name":"Home","item":"https:\/\/research.reading.ac.uk\/intermidia\/"},{"@type":"ListItem","position":2,"name":"Silent Movie Prologues in Brazil"}]},{"@type":"WebSite","@id":"https:\/\/research.reading.ac.uk\/intermidia\/#website","url":"https:\/\/research.reading.ac.uk\/intermidia\/","name":"Intermidia","description":"AHRC-FAPESP Collaborative Project","potentialAction":[{"@type":"SearchAction","target":{"@type":"EntryPoint","urlTemplate":"https:\/\/research.reading.ac.uk\/intermidia\/?s={search_term_string}"},"query-input":"required name=search_term_string"}],"inLanguage":"en-GB"}]}},"_links":{"self":[{"href":"https:\/\/research.reading.ac.uk\/intermidia\/wp-json\/wp\/v2\/pages\/1338","targetHints":{"allow":["GET"]}}],"collection":[{"href":"https:\/\/research.reading.ac.uk\/intermidia\/wp-json\/wp\/v2\/pages"}],"about":[{"href":"https:\/\/research.reading.ac.uk\/intermidia\/wp-json\/wp\/v2\/types\/page"}],"author":[{"embeddable":true,"href":"https:\/\/research.reading.ac.uk\/intermidia\/wp-json\/wp\/v2\/users\/10"}],"replies":[{"embeddable":true,"href":"https:\/\/research.reading.ac.uk\/intermidia\/wp-json\/wp\/v2\/comments?post=1338"}],"version-history":[{"count":5,"href":"https:\/\/research.reading.ac.uk\/intermidia\/wp-json\/wp\/v2\/pages\/1338\/revisions"}],"predecessor-version":[{"id":1620,"href":"https:\/\/research.reading.ac.uk\/intermidia\/wp-json\/wp\/v2\/pages\/1338\/revisions\/1620"}],"wp:attachment":[{"href":"https:\/\/research.reading.ac.uk\/intermidia\/wp-json\/wp\/v2\/media?parent=1338"}],"curies":[{"name":"wp","href":"https:\/\/api.w.org\/{rel}","templated":true}]}}