{"id":256,"date":"2021-12-01T23:48:30","date_gmt":"2021-12-01T23:48:30","guid":{"rendered":"https:\/\/research.reading.ac.uk\/justurbantransitions\/?page_id=256"},"modified":"2022-05-05T10:04:46","modified_gmt":"2022-05-05T09:04:46","slug":"papers","status":"publish","type":"page","link":"https:\/\/research.reading.ac.uk\/justurbantransitions\/section-2\/papers\/","title":{"rendered":"Published Works"},"content":{"rendered":"<p><span style=\"font-family: verdana, geneva, sans-serif\"><strong><span style=\"font-size: 10pt\">2022<\/span><\/strong><\/span><\/p>\n<p><span style=\"font-family: verdana, geneva, sans-serif;font-size: 10pt\">Nunes, R. and <span style=\"text-decoration: underline\">Fielmua, N<\/span>. (2022). Institutional bricolage in community-based water management: Some insights from non-representational theory. <span style=\"text-decoration: underline\"><em>International Journal of <\/em><\/span><em><u>Water Resources Development<\/u> (In Press).<\/em><\/span><\/p>\n<p><span style=\"font-family: verdana, geneva, sans-serif;font-size: 10pt\"><u>Dornelles, A.<\/u>, Boonstra, W., Delabra, I., Denney, J., Nunes, R., Jentsch, A., Nicholas, K., Schr\u00f6ter, M., Seppelt, R., Settele, J., Shackelford, N., Rachel J., Standish, R., Oliver, T. (2022, in press) Transformation archetypes in global food systems, <em><u>Sustainability Science<\/u>.<\/em><\/span><\/p>\n<p><span style=\"font-family: verdana, geneva, sans-serif;font-size: 10pt\"><strong>2021<\/strong><\/span><br \/>\n<span style=\"font-family: verdana, geneva, sans-serif;font-size: 10pt\">Nunes, R. and Gavin, P. (2021) Institutional liminality, ideological pluralism, and the pragmatic behaviours of a \u2018transition entrepreneur\u2019, <em><u>Geoforum<\/u><\/em>, 126: 215-223<\/span><\/p>\n<p><span style=\"font-family: verdana, geneva, sans-serif;font-size: 10pt\"><span style=\"text-decoration: underline\">Burnett, A<\/span>. and Nunes, R. (2021) Flatpack Democracy: power and politics at the boundaries of transition. <em><u>Environmental Policy and Governance<\/u><\/em>, 31(3):223-36<\/span><\/p>\n<p><span style=\"font-family: verdana, geneva, sans-serif;font-size: 10pt\"><span style=\"text-decoration: underline\">Surma, M.J.<\/span>, Nunes, R., Rook, C. and Loder, A. (2021) Assessing Employee Engagement in a Post-COVID-19 Workplace Ecosystem.\u00a0<em><u>Sustainability<\/u><\/em>,\u00a013(20): 11443.<\/span><\/p>\n<p><span style=\"font-family: verdana, geneva, sans-serif;font-size: 10pt\"><strong>2020<\/strong><\/span><br \/>\n<span style=\"font-family: verdana, geneva, sans-serif;font-size: 10pt\"><span style=\"text-decoration: underline\">Dornelles, A. Z<\/span>., Boyd, E., Nunes, R., Asquith, M., Boonstra, W. J., Delabre, I., Denney, J. M., Grimm, V., Jentsch, A., Nicholas, K. A., Schr\u00f6ter, M., Seppelt, R., Settele, J., Shackelford, N., Standish, R. J., Yengoh, G. T. and Oliver, T. H. (2020) Towards a bridging concept for undesirable resilience in social-ecological systems. <em><u>Global Sustainability<\/u><\/em>, 3.<\/span><\/p>\n<p><span style=\"font-family: tahoma, arial, helvetica, sans-serif;font-size: 10pt\"><span style=\"text-decoration: underline\">Wylie, A.<\/span>, 2020. \u00bf Cocinas profesionales con conciencia clim\u00e1tica? Analizando el sector alimentario escoc\u00e9s a trav\u00e9s de una lente feminista.\u00a0<i>Feminismo\/s<\/i>, (35), pp.95-125.<\/span><\/p>\n<p><span style=\"font-family: verdana, geneva, sans-serif;font-size: 10pt\"><strong>2017<\/strong><\/span><br \/>\n<span style=\"font-family: verdana, geneva, sans-serif;font-size: 10pt\">Nunes, R. (2017) Rethinking justice in city-regional food systems planning. <em><u>Built Environment<\/u><\/em>, 43 (3). pp. 447-459.<\/span><\/p>\n<p><span style=\"font-family: verdana, geneva, sans-serif;font-size: 10pt\"><strong>2014<\/strong><\/span><br \/>\n<span style=\"font-family: verdana, geneva, sans-serif;font-size: 10pt\">Feola, G. and Nunes, R. (2014) up Success and failure of grassroots innovations for addressing climate change: the case of the Transition Movement. <em><u>Global Environmental Change<\/u><\/em>, 24. pp. 232-250.<\/span><\/p>\n<p><span style=\"font-family: verdana, geneva, sans-serif;font-size: 10pt\"><em>[underlined author denotes <span style=\"text-decoration: underline\">postgraduate<\/span><u> or PhD student<\/u> at University of Reading]<\/em><\/span><\/p>\n<p><span style=\"font-size: 14pt;font-family: verdana, geneva, sans-serif\"><strong>Working Papers<\/strong><\/span><\/p>\n<p><span style=\"font-family: verdana, geneva, sans-serif;font-size: 10pt\"><span style=\"text-decoration: underline\">Surma, M.J.<\/span>, Rook, C. and Nunes, R. Employee engagement in a post-COVID workplace ecosystem.<\/span><\/p>\n<p><span style=\"font-family: verdana, geneva, sans-serif;font-size: 10pt\"><span style=\"text-decoration: underline\">Azeez, T<\/span>. and Nunes, R. Spatial variation in household energy-relevant practices in Lagos, Nigeria.<\/span><\/p>\n<p><span style=\"font-family: verdana, geneva, sans-serif;font-size: 10pt\"><span style=\"text-decoration: underline\">Azeez, T<\/span>. and Nunes, R. Connecting the dots: Neighbourhood attributes and household energy-relevant practice.<\/span><\/p>\n<p><span style=\"font-family: verdana, geneva, sans-serif;font-size: 10pt\"><span style=\"text-decoration: underline\">Burnett, A<\/span>. and Nunes, R., Burningham, K. The politics of autonomy: place affect and independent placemaking identities.<\/span><\/p>\n<p><span style=\"font-family: verdana, geneva, sans-serif;font-size: 10pt\"><span style=\"text-decoration: underline\">Burnett, A<\/span>. and Nunes, R., Burningham, K. Kindred spirits: homophily and friendship in sustainable placemaking identity politics.<\/span><\/p>\n","protected":false},"excerpt":{"rendered":"<p>2022 Nunes, R. and Fielmua, N. (2022). Institutional bricolage in community-based water management: Some insights from non-representational theory. International Journal of Water Resources Development (In Press). Dornelles, A., Boonstra, W.,&#8230;<a class=\"read-more\" href=\"&#104;&#116;&#116;&#112;&#115;&#58;&#47;&#47;&#114;&#101;&#115;&#101;&#97;&#114;&#99;&#104;&#46;&#114;&#101;&#97;&#100;&#105;&#110;&#103;&#46;&#97;&#99;&#46;&#117;&#107;&#47;&#106;&#117;&#115;&#116;&#117;&#114;&#98;&#97;&#110;&#116;&#114;&#97;&#110;&#115;&#105;&#116;&#105;&#111;&#110;&#115;&#47;&#115;&#101;&#99;&#116;&#105;&#111;&#110;&#45;&#50;&#47;&#112;&#97;&#112;&#101;&#114;&#115;&#47;\">Read More ><\/a><\/p>\n","protected":false},"author":606,"featured_media":0,"parent":23,"menu_order":3,"comment_status":"closed","ping_status":"closed","template":"","meta":{"_acf_changed":false,"om_disable_all_campaigns":false,"_monsterinsights_skip_tracking":false,"_monsterinsights_sitenote_active":false,"_monsterinsights_sitenote_note":"","_monsterinsights_sitenote_category":0,"_uf_show_specific_survey":0,"_uf_disable_surveys":false,"__cvm_playback_settings":[],"__cvm_video_id":"","footnotes":""},"coauthors":[11],"class_list":["post-256","page","type-page","status-publish","hentry"],"acf":[],"aioseo_notices":[],"yoast_head":"<!-- This site is optimized with the Yoast SEO plugin v21.8.1 - https:\/\/yoast.com\/wordpress\/plugins\/seo\/ -->\n<title>Published Works - JUST TRANSITIONS ACTION RESEARCH LAB<\/title>\n<meta name=\"robots\" content=\"index, follow, max-snippet:-1, max-image-preview:large, max-video-preview:-1\" \/>\n<link rel=\"canonical\" href=\"https:\/\/research.reading.ac.uk\/justurbantransitions\/section-2\/papers\/\" \/>\n<meta property=\"og:locale\" content=\"en_GB\" \/>\n<meta property=\"og:type\" content=\"article\" \/>\n<meta property=\"og:title\" content=\"Published Works - JUST TRANSITIONS ACTION RESEARCH LAB\" \/>\n<meta property=\"og:description\" content=\"2022 Nunes, R. and Fielmua, N. (2022). Institutional bricolage in community-based water management: Some insights from non-representational theory. International Journal of Water Resources Development (In Press). Dornelles, A., Boonstra, W.,...Read More &gt;\" \/>\n<meta property=\"og:url\" content=\"https:\/\/research.reading.ac.uk\/justurbantransitions\/section-2\/papers\/\" \/>\n<meta property=\"og:site_name\" content=\"JUST TRANSITIONS ACTION RESEARCH LAB\" \/>\n<meta property=\"article:modified_time\" content=\"2022-05-05T09:04:46+00:00\" \/>\n<meta name=\"twitter:card\" content=\"summary_large_image\" \/>\n<meta name=\"twitter:label1\" content=\"Estimated reading time\" \/>\n\t<meta name=\"twitter:data1\" content=\"2 minutes\" \/>\n\t<meta name=\"twitter:label2\" content=\"Written by\" \/>\n\t<meta name=\"twitter:data2\" content=\"Richard Nunes\" \/>\n<script type=\"application\/ld+json\" class=\"yoast-schema-graph\">{\"@context\":\"https:\/\/schema.org\",\"@graph\":[{\"@type\":\"WebPage\",\"@id\":\"https:\/\/research.reading.ac.uk\/justurbantransitions\/section-2\/papers\/\",\"url\":\"https:\/\/research.reading.ac.uk\/justurbantransitions\/section-2\/papers\/\",\"name\":\"Published Works - JUST TRANSITIONS ACTION RESEARCH LAB\",\"isPartOf\":{\"@id\":\"https:\/\/research.reading.ac.uk\/justurbantransitions\/#website\"},\"datePublished\":\"2021-12-01T23:48:30+00:00\",\"dateModified\":\"2022-05-05T09:04:46+00:00\",\"breadcrumb\":{\"@id\":\"https:\/\/research.reading.ac.uk\/justurbantransitions\/section-2\/papers\/#breadcrumb\"},\"inLanguage\":\"en-GB\",\"potentialAction\":[{\"@type\":\"ReadAction\",\"target\":[\"https:\/\/research.reading.ac.uk\/justurbantransitions\/section-2\/papers\/\"]}]},{\"@type\":\"BreadcrumbList\",\"@id\":\"https:\/\/research.reading.ac.uk\/justurbantransitions\/section-2\/papers\/#breadcrumb\",\"itemListElement\":[{\"@type\":\"ListItem\",\"position\":1,\"name\":\"Home\",\"item\":\"https:\/\/research.reading.ac.uk\/justurbantransitions\/\"},{\"@type\":\"ListItem\",\"position\":2,\"name\":\"Our Research\",\"item\":\"https:\/\/research.reading.ac.uk\/justurbantransitions\/section-2\/\"},{\"@type\":\"ListItem\",\"position\":3,\"name\":\"Published Works\"}]},{\"@type\":\"WebSite\",\"@id\":\"https:\/\/research.reading.ac.uk\/justurbantransitions\/#website\",\"url\":\"https:\/\/research.reading.ac.uk\/justurbantransitions\/\",\"name\":\"JUST TRANSITIONS ACTION RESEARCH LAB\",\"description\":\"Exploring both human and non-human relations associated with the socio-cultural and environmental challenges facing cities globally\",\"potentialAction\":[{\"@type\":\"SearchAction\",\"target\":{\"@type\":\"EntryPoint\",\"urlTemplate\":\"https:\/\/research.reading.ac.uk\/justurbantransitions\/?s={search_term_string}\"},\"query-input\":\"required name=search_term_string\"}],\"inLanguage\":\"en-GB\"}]}<\/script>\n<!-- \/ Yoast SEO plugin. -->","yoast_head_json":{"title":"Published Works - JUST TRANSITIONS ACTION RESEARCH LAB","robots":{"index":"index","follow":"follow","max-snippet":"max-snippet:-1","max-image-preview":"max-image-preview:large","max-video-preview":"max-video-preview:-1"},"canonical":"https:\/\/research.reading.ac.uk\/justurbantransitions\/section-2\/papers\/","og_locale":"en_GB","og_type":"article","og_title":"Published Works - JUST TRANSITIONS ACTION RESEARCH LAB","og_description":"2022 Nunes, R. and Fielmua, N. (2022). Institutional bricolage in community-based water management: Some insights from non-representational theory. International Journal of Water Resources Development (In Press). Dornelles, A., Boonstra, W.,...Read More >","og_url":"https:\/\/research.reading.ac.uk\/justurbantransitions\/section-2\/papers\/","og_site_name":"JUST TRANSITIONS ACTION RESEARCH LAB","article_modified_time":"2022-05-05T09:04:46+00:00","twitter_card":"summary_large_image","twitter_misc":{"Estimated reading time":"2 minutes","Written by":"Richard Nunes"},"schema":{"@context":"https:\/\/schema.org","@graph":[{"@type":"WebPage","@id":"https:\/\/research.reading.ac.uk\/justurbantransitions\/section-2\/papers\/","url":"https:\/\/research.reading.ac.uk\/justurbantransitions\/section-2\/papers\/","name":"Published Works - JUST TRANSITIONS ACTION RESEARCH LAB","isPartOf":{"@id":"https:\/\/research.reading.ac.uk\/justurbantransitions\/#website"},"datePublished":"2021-12-01T23:48:30+00:00","dateModified":"2022-05-05T09:04:46+00:00","breadcrumb":{"@id":"https:\/\/research.reading.ac.uk\/justurbantransitions\/section-2\/papers\/#breadcrumb"},"inLanguage":"en-GB","potentialAction":[{"@type":"ReadAction","target":["https:\/\/research.reading.ac.uk\/justurbantransitions\/section-2\/papers\/"]}]},{"@type":"BreadcrumbList","@id":"https:\/\/research.reading.ac.uk\/justurbantransitions\/section-2\/papers\/#breadcrumb","itemListElement":[{"@type":"ListItem","position":1,"name":"Home","item":"https:\/\/research.reading.ac.uk\/justurbantransitions\/"},{"@type":"ListItem","position":2,"name":"Our Research","item":"https:\/\/research.reading.ac.uk\/justurbantransitions\/section-2\/"},{"@type":"ListItem","position":3,"name":"Published Works"}]},{"@type":"WebSite","@id":"https:\/\/research.reading.ac.uk\/justurbantransitions\/#website","url":"https:\/\/research.reading.ac.uk\/justurbantransitions\/","name":"JUST TRANSITIONS ACTION RESEARCH LAB","description":"Exploring both human and non-human relations associated with the socio-cultural and environmental challenges facing cities globally","potentialAction":[{"@type":"SearchAction","target":{"@type":"EntryPoint","urlTemplate":"https:\/\/research.reading.ac.uk\/justurbantransitions\/?s={search_term_string}"},"query-input":"required name=search_term_string"}],"inLanguage":"en-GB"}]}},"_links":{"self":[{"href":"https:\/\/research.reading.ac.uk\/justurbantransitions\/wp-json\/wp\/v2\/pages\/256","targetHints":{"allow":["GET"]}}],"collection":[{"href":"https:\/\/research.reading.ac.uk\/justurbantransitions\/wp-json\/wp\/v2\/pages"}],"about":[{"href":"https:\/\/research.reading.ac.uk\/justurbantransitions\/wp-json\/wp\/v2\/types\/page"}],"author":[{"embeddable":true,"href":"https:\/\/research.reading.ac.uk\/justurbantransitions\/wp-json\/wp\/v2\/users\/606"}],"replies":[{"embeddable":true,"href":"https:\/\/research.reading.ac.uk\/justurbantransitions\/wp-json\/wp\/v2\/comments?post=256"}],"version-history":[{"count":10,"href":"https:\/\/research.reading.ac.uk\/justurbantransitions\/wp-json\/wp\/v2\/pages\/256\/revisions"}],"predecessor-version":[{"id":456,"href":"https:\/\/research.reading.ac.uk\/justurbantransitions\/wp-json\/wp\/v2\/pages\/256\/revisions\/456"}],"up":[{"embeddable":true,"href":"https:\/\/research.reading.ac.uk\/justurbantransitions\/wp-json\/wp\/v2\/pages\/23"}],"wp:attachment":[{"href":"https:\/\/research.reading.ac.uk\/justurbantransitions\/wp-json\/wp\/v2\/media?parent=256"}],"wp:term":[{"taxonomy":"author","embeddable":true,"href":"https:\/\/research.reading.ac.uk\/justurbantransitions\/wp-json\/wp\/v2\/coauthors?post=256"}],"curies":[{"name":"wp","href":"https:\/\/api.w.org\/{rel}","templated":true}]}}