{"id":1255,"date":"2024-03-11T09:27:19","date_gmt":"2024-03-11T09:27:19","guid":{"rendered":"https:\/\/research.reading.ac.uk\/madagascar-hybricon\/?page_id=1255"},"modified":"2024-06-27T17:52:46","modified_gmt":"2024-06-27T16:52:46","slug":"hybritoon","status":"publish","type":"page","link":"https:\/\/research.reading.ac.uk\/madagascar-hybricon\/hybritoon\/","title":{"rendered":"Hybritoon"},"content":{"rendered":"<p>[vc_row][vc_column][vc_column_text css_animation=&#8221;left-to-right&#8221;]<\/p>\n<p style=\"text-align: center\"><span style=\"font-size: 14pt\"><strong>Brought to you by:<\/strong><\/span><\/p>\n<p>[\/vc_column_text][\/vc_column][\/vc_row][vc_row][vc_column][\/vc_column][\/vc_row][vc_row][vc_column][\/vc_column][\/vc_row][vc_row][vc_column][vc_images_carousel images=&#8221;865,864,866,874&#8243; img_size=&#8221;medium&#8221; speed=&#8221;2000&#8243; autoplay=&#8221;yes&#8221; wrap=&#8221;yes&#8221; css=&#8221;.vc_custom_1710148930437{margin-left: 210px !important;}&#8221;][\/vc_column][\/vc_row][vc_row][vc_column][vc_column_text css_animation=&#8221;zoomIn&#8221;]<\/p>\n<p style=\"text-align: center\"><span style=\"font-size: 36pt\"><strong><span style=\"font-family: tahoma, arial, helvetica, sans-serif;color: #800080\">Hybritoon<\/span><\/strong><\/span><\/p>\n<p>[\/vc_column_text][\/vc_column][\/vc_row][vc_row][vc_column][vc_column_text]To make our research data accessible to the public, we are working with local artists and the local NGO ARAKE to create cartoons aimed at reaching younger generations.[\/vc_column_text][vc_images_carousel images=&#8221;1359,1358&#8243; img_size=&#8221;full&#8221; onclick=&#8221;link_no&#8221; autoplay=&#8221;yes&#8221; css=&#8221;.vc_custom_1719507050407{margin-left: 100px !important;}&#8221;][\/vc_column][\/vc_row][vc_row][vc_column][vc_tta_tabs color=&#8221;turquoise&#8221; spacing=&#8221;10&#8243; gap=&#8221;10&#8243; alignment=&#8221;center&#8221; active_section=&#8221;1&#8243;][vc_tta_section title=&#8221;\ud83d\udca1 Malagasy&#8221; tab_id=&#8221;1710151210270-aecaf6f7-b94d&#8221;][vc_column_text]<span style=\"font-family: 'book antiqua', palatino, serif;font-size: 12pt\"><em>Andao hiaraka hiroboka<\/em><em> ao anatin&#8217;ity tontolo manohina ity izay mirakitra ny tena fototry ny fahasorenana eo amin&#8217;ny vahoaka malagasy maharitra. Aseho amin&#8217;ny sary manaitra<\/em><em> ity<\/em><em> ny sarin&#8217;ny olom-pirenena malagasy mitazona sora-baventy maneho ny feony, maneho ny tsy fahafaliany amin&#8217;ireo governemanta nifandimby. <\/em><em>Ity<\/em><em> asa <\/em><em>ity <\/em><em>dia manasongadina amin&#8217;ny fomba mampihetsi-po ny tsy fahombiazan&#8217;ny governemanta <\/em><em>nifandimby <\/em><em>amin&#8217;ny fanomezana ny tena ilain&#8217;ny sokajin&#8217;olona isan-karazany, anisan&#8217;izany ny tantsaha miady amin&#8217;ny lalana tsy azo aleha izay manakana ny fahafahany mivarotra ny vokatra sy mivelona. Miitatra amin\u2019ny fanamby midadasika kokoa atrehin\u2019ny Malagasy <\/em><em>izany<\/em><em>, <\/em><em>ohatra <\/em><em>ahitana ny fahasimban\u2019ny tontolo iainana, ny kolikoly miparitaka, ny hanoanana ary ny tsy fahampian\u2019ny asa. Ity fitantarana hita maso ity dia fanehoan-kevitra maharesy lahatra momba ireo olana ara-tsosialy sy ara-toekarena mamely ny firenena, mandrisika ny mpijery hisaintsaina ny fil<\/em><em>\u00e0<\/em><em>na maika <\/em><em>an\u2019ny vahoaka sy <\/em><em>ny vahaolana feno sy maharitra.<\/em><\/span>[\/vc_column_text][\/vc_tta_section][vc_tta_section title=&#8221;\ud83d\udca1 English&#8221; tab_id=&#8221;1710151210270-d4a73fb3-6b29&#8243;][vc_column_text]<span style=\"font-family: 'book antiqua', palatino, serif\"><em>Step into the poignant world of this cartoon capturing the essence of frustration among the resilient Malagasy people. Illustrated with striking imagery, the cartoon depicts Malagasy citizens holding signs symbolizing their collective voice in expressing discontent with successive governments. The artwork poignantly highlights the government&#8217;s historical inability to address the genuine needs of diverse population segments, including farmers grappling with impassable roads hindering their ability to sell produce and earn a livelihood. The depiction extends to the broader challenges faced by the Malagasy, encompassing environmental degradation, pervasive corruption, hunger, and a scarcity of job opportunities. This visual narrative serves as a compelling commentary on the complex socio-economic issues plaguing the nation, urging viewers to reflect on the urgent need for comprehensive and durable solutions.\u00a0<\/em><\/span>[\/vc_column_text][\/vc_tta_section][vc_tta_section title=&#8221;\ud83d\udca1 French&#8221; tab_id=&#8221;1710151234142-32803625-58b9&#8243;][vc_column_text]<span style=\"font-family: 'book antiqua', palatino, serif\"><em>Plongez au c\u0153ur de ce monde poignant qui saisit l&#8217;essence de la frustration parmi les r\u00e9silients Malgaches. Illustr\u00e9 avec des images frappantes, cet ensemble repr\u00e9sente des citoyens malgaches tenant des pancartes symbolisant leur voix collective, exprimant ainsi leur m\u00e9contentement envers les gouvernements successifs.\u00a0<span lang=\"FR\">L&#8217;\u0153uvre met en lumi\u00e8re de mani\u00e8re poignante l&#8217;incapacit\u00e9 historique du gouvernement \u00e0 r\u00e9pondre aux besoins authentiques de divers segments de la population, notamment les agriculteurs luttant avec des routes impraticables entravant leur capacit\u00e9 \u00e0 vendre leurs produits et \u00e0 gagner leur vie. La repr\u00e9sentation s&#8217;\u00e9tend aux d\u00e9fis plus vastes auxquels sont confront\u00e9s les Malgaches, englobant la d\u00e9gradation de l&#8217;environnement, la corruption g\u00e9n\u00e9ralis\u00e9e, la faim et la raret\u00e9 des opportunit\u00e9s d&#8217;emploi.\u00a0<\/span>Ce r\u00e9cit visuel sert de commentaire convaincant sur les probl\u00e8mes socio-\u00e9conomiques complexes qui affligent la nation, exhortant les\u00a0<span lang=\"FR\">spectateurs \u00e0 r\u00e9fl\u00e9chir sur la n\u00e9cessit\u00e9 urgente de solutions globales et durables.\u00a0<\/span><\/em><\/span>[\/vc_column_text][\/vc_tta_section][\/vc_tta_tabs][vc_single_image image=&#8221;1258&#8243; img_size=&#8221;full&#8221; alignment=&#8221;center&#8221;][vc_tta_tabs color=&#8221;turquoise&#8221; spacing=&#8221;10&#8243; gap=&#8221;10&#8243; alignment=&#8221;center&#8221; active_section=&#8221;1&#8243;][vc_tta_section title=&#8221;\ud83d\udca1 Malagasy&#8221; tab_id=&#8221;1710151432398-1d6baa40-f669&#8243;][vc_column_text]<span style=\"font-family: 'book antiqua', palatino, serif;font-size: 12pt\"><em>Ity fitantarana ny tantara nangoninay teto Madagasikara ity dia manazava ny fifandraisan&#8217;i Madagasikara sy Frantsa. Amin&#8217;ity fikarohana velona ity dia mibanjina ny saro-takarina ara-tantara sy ny fomba fijery ankehitriny izay mamolavola ny maha-izy azy ny <\/em><em>Malagasy izahay<\/em><em>. Antsoina matetika hoe \u201cReny malala\u201d<\/em><em> I LaFrantsa<\/em><em>, manana toerana manan-danja eo amin\u2019ny tantaran\u2019ny Malagasy i<\/em><em>zany<\/em><em>, ary maro no mahatsapa ny heriny <\/em><em>sy ny fisiany foana <\/em><em>amin\u2019ireo disadisa samihafa nanamarika ny dian\u2019ny firenena. Mampiseho fahasahiranana izany, izay heverin\u2019ny Malagasy sasany fa mila fanomezan-dalana <\/em><em>foana <\/em><em>avy amin\u2019i Frantsa <\/em><em>hono <\/em><em>ny hetsika rehetra<\/em> <em>sy ny fanapahan-kevitra eto Madagasikara<\/em><em>.<\/em><em> Izany dia miteraka <\/em><em>disadisa anatiny eo amin\u2019ny samy Malagasy, satria heverina fa <\/em><em>misy tokoa ny Malagasy sasany manohy hatrany miaro<\/em><em> ny tombontsoan\u2019ny Frantsay <\/em><em>na efa natao hoe efa nivoaka izany vanim-potoana fanjanahan-tany izany ary ny Malagasy<\/em><em>.<\/em><\/span>[\/vc_column_text][\/vc_tta_section][vc_tta_section title=&#8221;\ud83d\udca1 English&#8221; tab_id=&#8221;1710151432399-e198ca3c-fc8f&#8221;][vc_column_text]<em><span style=\"font-family: 'book antiqua', palatino, serif\">In this captive account from the narratives we collected in Madagascar, this unique cartoon sheds light on the complex relationship between Madagascar and France. In this vivid exploration, we delve into the historical nuances and contemporary perceptions that shape the island&#8217;s identity. Often referred to as the &#8220;Reny malala&#8221; or beloved mother, France holds a significant place in Malagasy history, with many feeling its influence in the various conflicts that have marked the nation&#8217;s journey. Our cartoon portrays a thought-provoking perspective, where some Malagasy individuals believe that every action requires the authorization of France, reflecting the intricate dynamics at play. As tensions rise, internal conflicts arise among the Malagasy people, as it is believed that some unwittingly serve French vested interests. \u00a0<\/span><\/em>[\/vc_column_text][\/vc_tta_section][vc_tta_section title=&#8221;\ud83d\udca1 French&#8221; tab_id=&#8221;1710151432399-0da8df40-f6eb&#8221;][vc_column_text]<em><span style=\"font-family: 'book antiqua', palatino, serif\">Ce compte-rendu des r\u00e9cits que nous avons recueillis \u00e0 Madagascar \u00e9claire la relation complexe entre Madagascar et la France. Dans cette exploration vivante, nous plongeons dans les subtilit\u00e9s historiques et les perceptions contemporaines qui fa\u00e7onnent l&#8217;identit\u00e9 de l&#8217;\u00eele. Souvent d\u00e9sign\u00e9e sous le nom de &#8220;Reny malala&#8221; ou m\u00e8re bien-aim\u00e9e, la France occupe une place significative dans l&#8217;histoire malgache, avec de nombreux ressentant son influence dans les diff\u00e9rents conflits qui ont marqu\u00e9 le parcours de la nation. Ceci pr\u00e9sente une perspective stimulante, o\u00f9 certains Malgaches estiment que chaque action n\u00e9cessite l&#8217;autorisation de la France, refl\u00e9tant les dynamiques complexes en jeu. \u00c0 mesure que les tensions s&#8217;intensifient, des conflits internes surgissent parmi le peuple malgache, car il est estim\u00e9 que certains servent involontairement les int\u00e9r\u00eats fran\u00e7ais.\u00a0<\/span><\/em>[\/vc_column_text][\/vc_tta_section][\/vc_tta_tabs][\/vc_column][\/vc_row][vc_row][vc_column][vc_single_image image=&#8221;1259&#8243; img_size=&#8221;full&#8221; alignment=&#8221;center&#8221;][\/vc_column][\/vc_row][vc_row][vc_column][vc_column_text css_animation=&#8221;fadeInDown&#8221;]<\/p>\n<p style=\"text-align: center\"><span style=\"color: #0000ff;font-size: 24pt\"><strong><span style=\"font-family: 'comic sans ms', sans-serif\">MIKAJY<\/span><\/strong><\/span><\/p>\n<p>[\/vc_column_text][\/vc_column][\/vc_row][vc_row][vc_column][vc_column_text]MG: Andeha arahantsika i Mikajy, tovovavy iray manomana ny famelabelarany momba ny hybridation.<\/p>\n<p>ENG: Let&#8217;s follow the adventures of Mikajy, a young girl preparing her presentation on hybridization.<\/p>\n<p>FR: Suivons les aventures de Mikajy, une jeune fille pr\u00e9parant son expos\u00e9 sur l&#8217;hybridation.[\/vc_column_text][\/vc_column][\/vc_row][vc_row][vc_column][vc_column_text]<\/p>\n<p style=\"text-align: center\"><strong><span style=\"color: #800080\">Toko 1 ~ Chapitre 1 ~ Chapter 1<\/span><\/strong><\/p>\n<p>[\/vc_column_text][\/vc_column][\/vc_row][vc_row][vc_column][vc_images_carousel images=&#8221;1315,1316,1317,1318,1319,1320,1321,1322,1323,1324,1325,1326&#8243; img_size=&#8221;full&#8221; speed=&#8221;7000&#8243;][\/vc_column][\/vc_row][vc_row][vc_column][\/vc_column][\/vc_row]<\/p>\n","protected":false},"excerpt":{"rendered":"<p>[vc_row][vc_column][vc_column_text css_animation=&#8221;left-to-right&#8221;] Brought to you by: [\/vc_column_text][\/vc_column][\/vc_row][vc_row][vc_column][\/vc_column][\/vc_row][vc_row][vc_column][\/vc_column][\/vc_row][vc_row][vc_column][vc_images_carousel images=&#8221;865,864,866,874&#8243; img_size=&#8221;medium&#8221; speed=&#8221;2000&#8243; autoplay=&#8221;yes&#8221; wrap=&#8221;yes&#8221; css=&#8221;.vc_custom_1710148930437{margin-left: 210px !important;}&#8221;][\/vc_column][\/vc_row][vc_row][vc_column][vc_column_text css_animation=&#8221;zoomIn&#8221;] Hybritoon [\/vc_column_text][\/vc_column][\/vc_row][vc_row][vc_column][vc_column_text]To make our research data accessible to the public, we are working with&#8230;<a class=\"read-more\" href=\"&#104;&#116;&#116;&#112;&#115;&#58;&#47;&#47;&#114;&#101;&#115;&#101;&#97;&#114;&#99;&#104;&#46;&#114;&#101;&#97;&#100;&#105;&#110;&#103;&#46;&#97;&#99;&#46;&#117;&#107;&#47;&#109;&#97;&#100;&#97;&#103;&#97;&#115;&#99;&#97;&#114;&#45;&#104;&#121;&#98;&#114;&#105;&#99;&#111;&#110;&#47;&#104;&#121;&#98;&#114;&#105;&#116;&#111;&#111;&#110;&#47;\">Read More ><\/a><\/p>\n","protected":false},"author":593,"featured_media":0,"parent":0,"menu_order":0,"comment_status":"closed","ping_status":"closed","template":"","meta":{"_acf_changed":false,"om_disable_all_campaigns":false,"_monsterinsights_skip_tracking":false,"_monsterinsights_sitenote_active":false,"_monsterinsights_sitenote_note":"","_monsterinsights_sitenote_category":0,"_uf_show_specific_survey":0,"_uf_disable_surveys":false,"__cvm_playback_settings":[],"__cvm_video_id":"","footnotes":""},"coauthors":[11],"class_list":["post-1255","page","type-page","status-publish","hentry"],"acf":[],"aioseo_notices":[],"yoast_head":"<!-- This site is optimized with the Yoast SEO plugin v21.8.1 - https:\/\/yoast.com\/wordpress\/plugins\/seo\/ -->\n<title>Hybritoon - madagascar-Hybricon<\/title>\n<meta name=\"robots\" content=\"index, follow, max-snippet:-1, max-image-preview:large, max-video-preview:-1\" \/>\n<link rel=\"canonical\" href=\"https:\/\/research.reading.ac.uk\/madagascar-hybricon\/hybritoon\/\" \/>\n<meta property=\"og:locale\" content=\"en_GB\" \/>\n<meta property=\"og:type\" content=\"article\" \/>\n<meta property=\"og:title\" content=\"Hybritoon - madagascar-Hybricon\" \/>\n<meta property=\"og:description\" content=\"[vc_row][vc_column][vc_column_text css_animation=&#8221;left-to-right&#8221;] Brought to you by: [\/vc_column_text][\/vc_column][\/vc_row][vc_row][vc_column][\/vc_column][\/vc_row][vc_row][vc_column][\/vc_column][\/vc_row][vc_row][vc_column][vc_images_carousel images=&#8221;865,864,866,874&#8243; img_size=&#8221;medium&#8221; speed=&#8221;2000&#8243; autoplay=&#8221;yes&#8221; wrap=&#8221;yes&#8221; css=&#8221;.vc_custom_1710148930437{margin-left: 210px !important;}&#8221;][\/vc_column][\/vc_row][vc_row][vc_column][vc_column_text css_animation=&#8221;zoomIn&#8221;] Hybritoon [\/vc_column_text][\/vc_column][\/vc_row][vc_row][vc_column][vc_column_text]To make our research data accessible to the public, we are working with...Read More &gt;\" \/>\n<meta property=\"og:url\" content=\"https:\/\/research.reading.ac.uk\/madagascar-hybricon\/hybritoon\/\" \/>\n<meta property=\"og:site_name\" content=\"madagascar-Hybricon\" \/>\n<meta property=\"article:modified_time\" content=\"2024-06-27T16:52:46+00:00\" \/>\n<meta name=\"twitter:card\" content=\"summary_large_image\" \/>\n<meta name=\"twitter:label1\" content=\"Estimated reading time\" \/>\n\t<meta name=\"twitter:data1\" content=\"6 minutes\" \/>\n\t<meta name=\"twitter:label2\" content=\"Written by\" \/>\n\t<meta name=\"twitter:data2\" content=\"Velomahanina Razakamaharavo\" \/>\n<script type=\"application\/ld+json\" class=\"yoast-schema-graph\">{\"@context\":\"https:\/\/schema.org\",\"@graph\":[{\"@type\":\"WebPage\",\"@id\":\"https:\/\/research.reading.ac.uk\/madagascar-hybricon\/hybritoon\/\",\"url\":\"https:\/\/research.reading.ac.uk\/madagascar-hybricon\/hybritoon\/\",\"name\":\"Hybritoon - madagascar-Hybricon\",\"isPartOf\":{\"@id\":\"https:\/\/research.reading.ac.uk\/madagascar-hybricon\/#website\"},\"datePublished\":\"2024-03-11T09:27:19+00:00\",\"dateModified\":\"2024-06-27T16:52:46+00:00\",\"breadcrumb\":{\"@id\":\"https:\/\/research.reading.ac.uk\/madagascar-hybricon\/hybritoon\/#breadcrumb\"},\"inLanguage\":\"en-GB\",\"potentialAction\":[{\"@type\":\"ReadAction\",\"target\":[\"https:\/\/research.reading.ac.uk\/madagascar-hybricon\/hybritoon\/\"]}]},{\"@type\":\"BreadcrumbList\",\"@id\":\"https:\/\/research.reading.ac.uk\/madagascar-hybricon\/hybritoon\/#breadcrumb\",\"itemListElement\":[{\"@type\":\"ListItem\",\"position\":1,\"name\":\"Home\",\"item\":\"https:\/\/research.reading.ac.uk\/madagascar-hybricon\/\"},{\"@type\":\"ListItem\",\"position\":2,\"name\":\"Hybritoon\"}]},{\"@type\":\"WebSite\",\"@id\":\"https:\/\/research.reading.ac.uk\/madagascar-hybricon\/#website\",\"url\":\"https:\/\/research.reading.ac.uk\/madagascar-hybricon\/\",\"name\":\"madagascar-Hybricon\",\"description\":\"Ny fihavananay: miara-manorina anaty filaminana.\",\"potentialAction\":[{\"@type\":\"SearchAction\",\"target\":{\"@type\":\"EntryPoint\",\"urlTemplate\":\"https:\/\/research.reading.ac.uk\/madagascar-hybricon\/?s={search_term_string}\"},\"query-input\":\"required name=search_term_string\"}],\"inLanguage\":\"en-GB\"}]}<\/script>\n<!-- \/ Yoast SEO plugin. -->","yoast_head_json":{"title":"Hybritoon - madagascar-Hybricon","robots":{"index":"index","follow":"follow","max-snippet":"max-snippet:-1","max-image-preview":"max-image-preview:large","max-video-preview":"max-video-preview:-1"},"canonical":"https:\/\/research.reading.ac.uk\/madagascar-hybricon\/hybritoon\/","og_locale":"en_GB","og_type":"article","og_title":"Hybritoon - madagascar-Hybricon","og_description":"[vc_row][vc_column][vc_column_text css_animation=&#8221;left-to-right&#8221;] Brought to you by: [\/vc_column_text][\/vc_column][\/vc_row][vc_row][vc_column][\/vc_column][\/vc_row][vc_row][vc_column][\/vc_column][\/vc_row][vc_row][vc_column][vc_images_carousel images=&#8221;865,864,866,874&#8243; img_size=&#8221;medium&#8221; speed=&#8221;2000&#8243; autoplay=&#8221;yes&#8221; wrap=&#8221;yes&#8221; css=&#8221;.vc_custom_1710148930437{margin-left: 210px !important;}&#8221;][\/vc_column][\/vc_row][vc_row][vc_column][vc_column_text css_animation=&#8221;zoomIn&#8221;] Hybritoon [\/vc_column_text][\/vc_column][\/vc_row][vc_row][vc_column][vc_column_text]To make our research data accessible to the public, we are working with...Read More >","og_url":"https:\/\/research.reading.ac.uk\/madagascar-hybricon\/hybritoon\/","og_site_name":"madagascar-Hybricon","article_modified_time":"2024-06-27T16:52:46+00:00","twitter_card":"summary_large_image","twitter_misc":{"Estimated reading time":"6 minutes","Written by":"Velomahanina Razakamaharavo"},"schema":{"@context":"https:\/\/schema.org","@graph":[{"@type":"WebPage","@id":"https:\/\/research.reading.ac.uk\/madagascar-hybricon\/hybritoon\/","url":"https:\/\/research.reading.ac.uk\/madagascar-hybricon\/hybritoon\/","name":"Hybritoon - madagascar-Hybricon","isPartOf":{"@id":"https:\/\/research.reading.ac.uk\/madagascar-hybricon\/#website"},"datePublished":"2024-03-11T09:27:19+00:00","dateModified":"2024-06-27T16:52:46+00:00","breadcrumb":{"@id":"https:\/\/research.reading.ac.uk\/madagascar-hybricon\/hybritoon\/#breadcrumb"},"inLanguage":"en-GB","potentialAction":[{"@type":"ReadAction","target":["https:\/\/research.reading.ac.uk\/madagascar-hybricon\/hybritoon\/"]}]},{"@type":"BreadcrumbList","@id":"https:\/\/research.reading.ac.uk\/madagascar-hybricon\/hybritoon\/#breadcrumb","itemListElement":[{"@type":"ListItem","position":1,"name":"Home","item":"https:\/\/research.reading.ac.uk\/madagascar-hybricon\/"},{"@type":"ListItem","position":2,"name":"Hybritoon"}]},{"@type":"WebSite","@id":"https:\/\/research.reading.ac.uk\/madagascar-hybricon\/#website","url":"https:\/\/research.reading.ac.uk\/madagascar-hybricon\/","name":"madagascar-Hybricon","description":"Ny fihavananay: miara-manorina anaty filaminana.","potentialAction":[{"@type":"SearchAction","target":{"@type":"EntryPoint","urlTemplate":"https:\/\/research.reading.ac.uk\/madagascar-hybricon\/?s={search_term_string}"},"query-input":"required name=search_term_string"}],"inLanguage":"en-GB"}]}},"_links":{"self":[{"href":"https:\/\/research.reading.ac.uk\/madagascar-hybricon\/wp-json\/wp\/v2\/pages\/1255","targetHints":{"allow":["GET"]}}],"collection":[{"href":"https:\/\/research.reading.ac.uk\/madagascar-hybricon\/wp-json\/wp\/v2\/pages"}],"about":[{"href":"https:\/\/research.reading.ac.uk\/madagascar-hybricon\/wp-json\/wp\/v2\/types\/page"}],"author":[{"embeddable":true,"href":"https:\/\/research.reading.ac.uk\/madagascar-hybricon\/wp-json\/wp\/v2\/users\/593"}],"replies":[{"embeddable":true,"href":"https:\/\/research.reading.ac.uk\/madagascar-hybricon\/wp-json\/wp\/v2\/comments?post=1255"}],"version-history":[{"count":10,"href":"https:\/\/research.reading.ac.uk\/madagascar-hybricon\/wp-json\/wp\/v2\/pages\/1255\/revisions"}],"predecessor-version":[{"id":1360,"href":"https:\/\/research.reading.ac.uk\/madagascar-hybricon\/wp-json\/wp\/v2\/pages\/1255\/revisions\/1360"}],"wp:attachment":[{"href":"https:\/\/research.reading.ac.uk\/madagascar-hybricon\/wp-json\/wp\/v2\/media?parent=1255"}],"wp:term":[{"taxonomy":"author","embeddable":true,"href":"https:\/\/research.reading.ac.uk\/madagascar-hybricon\/wp-json\/wp\/v2\/coauthors?post=1255"}],"curies":[{"name":"wp","href":"https:\/\/api.w.org\/{rel}","templated":true}]}}