{"id":1262,"date":"2024-03-11T11:01:20","date_gmt":"2024-03-11T11:01:20","guid":{"rendered":"https:\/\/research.reading.ac.uk\/madagascar-hybricon\/?page_id=1262"},"modified":"2024-03-11T12:21:16","modified_gmt":"2024-03-11T12:21:16","slug":"hybriconference-outputs","status":"publish","type":"page","link":"https:\/\/research.reading.ac.uk\/madagascar-hybricon\/hybriconference-outputs\/","title":{"rendered":"Hybriconference outputs"},"content":{"rendered":"<p>[vc_row][vc_column][vc_column_text]<\/p>\n<p style=\"text-align: center;\"><span style=\"color: #ff00ff;\"><strong><span style=\"font-size: 24pt; font-family: 'comic sans ms', sans-serif;\">HYBRICONFERENCE: &#8220;Piecing the peace together: hybridization processes and the local&#8221;<\/span><\/strong><\/span><\/p>\n<p>[\/vc_column_text][\/vc_column][\/vc_row][vc_row][vc_column][vc_column_text css_animation=&#8221;zoomIn&#8221; css=&#8221;.vc_custom_1710159675171{margin-bottom: 10px !important;}&#8221;]<\/p>\n<p style=\"text-align: center;\"><span style=\"font-size: 36pt; color: #800080;\"><strong><span style=\"font-family: 'andale mono', monospace;\">OUTPUTS<\/span><\/strong><\/span><\/p>\n<p>[\/vc_column_text][\/vc_column][\/vc_row][vc_row gap=&#8221;10&#8243;][vc_column][vc_tta_tabs color=&#8221;turquoise&#8221; alignment=&#8221;center&#8221; active_section=&#8221;1&#8243;][vc_tta_section title=&#8221;Malagasy&#8221; tab_id=&#8221;1710154555854-51c8de21-b154&#8243;][vc_column_text]<span style=\"font-size: 14pt;\">Namory mpandray anjara sy mpanatrika mihoatra ny maherin&#8217;ny 200 isa ny Hybriconference, na mivantana izany na tamin\u2019ny alalan\u2019ny aterineto, anisan&#8217;izany ireo mpianatra, mpikaroka, mpanao politikan\u2019asa ary koa mpitarika hevitra maro. Azo lazaina fa ity hetsika ity no nanamarika ny fihaonambe hybrida voalohany teto Madagasikara, nahitana mpandahateny mahay teny malagasy, anglisy ary frantsay miaraka. Avy amin&#8217;ny toerana isan-karazany ny mpandray anjara, anisan&#8217;izany avy ao Madagasikara, Angletera, Alemaina, Frantsa, Kanada, sy ny sisa. Niaraka amin&#8217;ny tolotra fandikan-teny ny fotoam-pivoriana sasany tamin\u2019izany.<\/span><\/p>\n<p><span style=\"font-size: 14pt;\">Nifantoka tamin&#8217;ny fandraisana anjara maro mifandraika amin&#8217;ny lohahevitry ny &#8220;eo an-toerana&#8221;, ny Hybriconference ary nandrisika ny fiaraha-miasa eo amin&#8217;ny mpandray anjara sy ny mpikarakara izany. Mamolavola famoahana lahatsoratra akademika manokana amin\u2019izao fotoana izao ny ekipa Hybriconference, ny ONG ARAKE any an-toerana ary ny mpikaroka Malagasy, vokatry ny fiaraha-miasa eo amin\u2019ny rehetra ity hetsika iombonana ity. Fanampin&#8217;izany, ny fihaonambe dia nahitana atrikasa momba ny famoaham-boky sy lahatsoratra akademika, hamahana ireo banga lehibe eo amin&#8217;ny tontolon&#8217;ny famoahana izany eo amin&#8217;ny any atsimo sy ny avaratra izany . Ity atrikasa ity dia nitarika ny famoahana lahatsoratra fohy avy amin&#8217;ny \u00a0Mpitarika ny tetikasa Hybricon ao amin&#8217;ny Politikon, mitondra ny lohateny hoe \u201cIncrementally changing the academic publishing ecosystem\u201d (<a href=\"https:\/\/politikon.iapss.org\/index.php\/politikon\/article\/view\/400\">https:\/\/politikon.iapss.org\/index.php\/politikon\/article\/view\/ 400<\/a>).<\/span><\/p>\n<p><span style=\"font-size: 14pt;\">Andrasana fatratra noho\u00a0 izany ny famoahana izany lahatsoratra akademika izany izay vokatry ny fifanakalozan-kevitra sy fiaraha-miasa miavaka tamin&#8217;ny Hybriconference. Araho hatrany ny fahafantarana sy ny fivoarana bebe kokoa amin&#8217;ity sehatra akademika mavitrika ity.<\/span>[\/vc_column_text][\/vc_tta_section][vc_tta_section title=&#8221;English&#8221; tab_id=&#8221;1710154555854-0d3a9e38-08f2&#8243;][vc_column_text]<span style=\"font-size: 14pt;\">Hybriconference successfully brought together over 200 participants and attendees, both in person and online, comprising students, researchers, policymakers, and decision-makers. This event marked the first-ever hybrid conference in Madagascar, featuring speakers fluent in Malagasy, English, and French simultaneously. Attendees joined from diverse locations, including Madagascar, the UK, Germany, France, Canada, and beyond, with translation services provided for select sessions.\u00a0<\/span><\/p>\n<p><span style=\"font-size: 14pt;\">Centered around the theme of local interdisciplinary contributions, Hybriconference fostered a collaborative effort between participants and organizers. This collective initiative is currently shaping a special issue, a joint effort by the Hybricon team, the local NGO ARAKE, and Malagasy scholars. Additionally, the conference included a workshop on academic publishing, addressing crucial gaps in the publishing landscape between the global south and north. This workshop resulted in the publication of a short article by Hybricon&#8217;s Principal Investigator (PI) in Politikon, titled &#8220;Changing Incrementally the Academic Publishing Ecosystem&#8221; (<a href=\"https:\/\/politikon.iapss.org\/index.php\/politikon\/article\/view\/400\" target=\"_blank\" rel=\"noopener noreferrer\" data-auth=\"NotApplicable\" data-linkindex=\"0\">https:\/\/politikon.iapss.org\/index.php\/politikon\/article\/view\/400<\/a>).\u00a0<\/span><\/p>\n<p><span style=\"font-size: 14pt;\">Anticipate the upcoming release of the special issue derived from the impactful discussions and collaborations at Hybriconference. Stay tuned for further insights and developments in this dynamic academic<\/span> space.[\/vc_column_text][\/vc_tta_section][vc_tta_section title=&#8221;French&#8221; tab_id=&#8221;1710154589732-00f68152-58cd&#8221;][vc_column_text]<span style=\"font-size: 14pt;\"><span lang=\"FR\">Hybriconf\u00e9rence a r\u00e9uni avec succ\u00e8s plus de 200 participants, tant en personne qu&#8217;en ligne, comprenant des \u00e9tudiants, des chercheurs, des d\u00e9cideurs politiques et des leaders d&#8217;opinion.\u00a0<\/span>Cet \u00e9v\u00e9nement a marqu\u00e9 la premi\u00e8re conf\u00e9rence hybride \u00e0 Madagascar, mettant en avant des intervenants parlant couramment le malgache, l&#8217;anglais et le fran\u00e7ais simultan\u00e9ment. Les participants venaient de divers endroits, dont Madagascar, le Royaume-Uni, l&#8217;Allemagne, la France, le Canada, et au-del\u00e0, avec des services de traduction disponibles pour certaines sessions.\u00a0<\/span><\/p>\n<p><span style=\"font-size: 14pt;\">Ax\u00e9e sur des contributions interdisciplinaires li\u00e9 au th\u00e8me du \u00ab local \u00bb, Hybriconf\u00e9rence a favoris\u00e9 un effort collaboratif entre les participants et les organisateurs. Cette initiative collective fa\u00e7onne actuellement un num\u00e9ro sp\u00e9cial, fruit d&#8217;une collaboration entre l&#8217;\u00e9quipe de la Hybriconf\u00e9rence, l&#8217;ONG locale ARAKE et les chercheurs malgaches. De plus, la conf\u00e9rence a inclus un atelier sur la publication acad\u00e9mique, abordant des lacunes cruciales dans le paysage \u00e9ditorial entre le Sud et le Nord global. Cet atelier a conduit \u00e0 la publication d&#8217;un court article par l&#8217;Investigateur Principal (IP) de la Hybricon dans Politikon, intitul\u00e9 &#8220;Changer de mani\u00e8re progressive l&#8217;\u00e9cosyst\u00e8me de la publication acad\u00e9mique&#8221; (<a href=\"https:\/\/politikon.iapss.org\/index.php\/politikon\/article\/view\/400\" target=\"_blank\" rel=\"noopener noreferrer\" data-auth=\"NotApplicable\" data-linkindex=\"1\">https:\/\/politikon.iapss.org\/index.php\/politikon\/article\/view\/400<\/a>).\u00a0<\/span><\/p>\n<p><span style=\"font-size: 14pt;\">Anticipez la prochaine sortie du num\u00e9ro sp\u00e9cial d\u00e9coulant des discussions et collaborations marquantes \u00e0 la Hybriconf\u00e9rence. Restez \u00e0 l&#8217;\u00e9coute pour de plus amples aper\u00e7us et d\u00e9veloppements dans cet espace acad\u00e9mique dynamique.\u00a0<\/span>[\/vc_column_text][\/vc_tta_section][\/vc_tta_tabs][\/vc_column][\/vc_row]<\/p>\n","protected":false},"excerpt":{"rendered":"<p>[vc_row][vc_column][vc_column_text] HYBRICONFERENCE: &#8220;Piecing the peace together: hybridization processes and the local&#8221; [\/vc_column_text][\/vc_column][\/vc_row][vc_row][vc_column][vc_column_text css_animation=&#8221;zoomIn&#8221; css=&#8221;.vc_custom_1710159675171{margin-bottom: 10px !important;}&#8221;] OUTPUTS [\/vc_column_text][\/vc_column][\/vc_row][vc_row gap=&#8221;10&#8243;][vc_column][vc_tta_tabs color=&#8221;turquoise&#8221; alignment=&#8221;center&#8221; active_section=&#8221;1&#8243;][vc_tta_section title=&#8221;Malagasy&#8221; tab_id=&#8221;1710154555854-51c8de21-b154&#8243;][vc_column_text]Namory mpandray anjara sy mpanatrika mihoatra ny&#8230;<a class=\"read-more\" href=\"&#104;&#116;&#116;&#112;&#115;&#58;&#47;&#47;&#114;&#101;&#115;&#101;&#97;&#114;&#99;&#104;&#46;&#114;&#101;&#97;&#100;&#105;&#110;&#103;&#46;&#97;&#99;&#46;&#117;&#107;&#47;&#109;&#97;&#100;&#97;&#103;&#97;&#115;&#99;&#97;&#114;&#45;&#104;&#121;&#98;&#114;&#105;&#99;&#111;&#110;&#47;&#104;&#121;&#98;&#114;&#105;&#99;&#111;&#110;&#102;&#101;&#114;&#101;&#110;&#99;&#101;&#45;&#111;&#117;&#116;&#112;&#117;&#116;&#115;&#47;\">Read More ><\/a><\/p>\n","protected":false},"author":593,"featured_media":0,"parent":0,"menu_order":0,"comment_status":"closed","ping_status":"closed","template":"","meta":{"_acf_changed":false,"om_disable_all_campaigns":false,"_monsterinsights_skip_tracking":false,"_monsterinsights_sitenote_active":false,"_monsterinsights_sitenote_note":"","_monsterinsights_sitenote_category":0,"_uf_show_specific_survey":0,"_uf_disable_surveys":false,"__cvm_playback_settings":[],"__cvm_video_id":"","footnotes":""},"coauthors":[],"class_list":["post-1262","page","type-page","status-publish","hentry"],"acf":[],"aioseo_notices":[],"yoast_head":"<!-- This site is optimized with the Yoast SEO plugin v21.8.1 - https:\/\/yoast.com\/wordpress\/plugins\/seo\/ -->\n<title>Hybriconference outputs - madagascar-Hybricon<\/title>\n<meta name=\"robots\" content=\"index, follow, max-snippet:-1, max-image-preview:large, max-video-preview:-1\" \/>\n<link rel=\"canonical\" href=\"https:\/\/research.reading.ac.uk\/madagascar-hybricon\/hybriconference-outputs\/\" \/>\n<meta property=\"og:locale\" content=\"en_GB\" \/>\n<meta property=\"og:type\" content=\"article\" \/>\n<meta property=\"og:title\" content=\"Hybriconference outputs - madagascar-Hybricon\" \/>\n<meta property=\"og:description\" content=\"[vc_row][vc_column][vc_column_text] HYBRICONFERENCE: &#8220;Piecing the peace together: hybridization processes and the local&#8221; [\/vc_column_text][\/vc_column][\/vc_row][vc_row][vc_column][vc_column_text css_animation=&#8221;zoomIn&#8221; css=&#8221;.vc_custom_1710159675171{margin-bottom: 10px !important;}&#8221;] OUTPUTS [\/vc_column_text][\/vc_column][\/vc_row][vc_row gap=&#8221;10&#8243;][vc_column][vc_tta_tabs color=&#8221;turquoise&#8221; alignment=&#8221;center&#8221; active_section=&#8221;1&#8243;][vc_tta_section title=&#8221;Malagasy&#8221; tab_id=&#8221;1710154555854-51c8de21-b154&#8243;][vc_column_text]Namory mpandray anjara sy mpanatrika mihoatra ny...Read More &gt;\" \/>\n<meta property=\"og:url\" content=\"https:\/\/research.reading.ac.uk\/madagascar-hybricon\/hybriconference-outputs\/\" \/>\n<meta property=\"og:site_name\" content=\"madagascar-Hybricon\" \/>\n<meta property=\"article:modified_time\" content=\"2024-03-11T12:21:16+00:00\" \/>\n<meta name=\"twitter:card\" content=\"summary_large_image\" \/>\n<meta name=\"twitter:label1\" content=\"Estimated reading time\" \/>\n\t<meta name=\"twitter:data1\" content=\"4 minutes\" \/>\n\t<meta name=\"twitter:label2\" content=\"Written by\" \/>\n\t<meta name=\"twitter:data2\" content=\"Velomahanina Razakamaharavo\" \/>\n<script type=\"application\/ld+json\" class=\"yoast-schema-graph\">{\"@context\":\"https:\/\/schema.org\",\"@graph\":[{\"@type\":\"WebPage\",\"@id\":\"https:\/\/research.reading.ac.uk\/madagascar-hybricon\/hybriconference-outputs\/\",\"url\":\"https:\/\/research.reading.ac.uk\/madagascar-hybricon\/hybriconference-outputs\/\",\"name\":\"Hybriconference outputs - madagascar-Hybricon\",\"isPartOf\":{\"@id\":\"https:\/\/research.reading.ac.uk\/madagascar-hybricon\/#website\"},\"datePublished\":\"2024-03-11T11:01:20+00:00\",\"dateModified\":\"2024-03-11T12:21:16+00:00\",\"breadcrumb\":{\"@id\":\"https:\/\/research.reading.ac.uk\/madagascar-hybricon\/hybriconference-outputs\/#breadcrumb\"},\"inLanguage\":\"en-GB\",\"potentialAction\":[{\"@type\":\"ReadAction\",\"target\":[\"https:\/\/research.reading.ac.uk\/madagascar-hybricon\/hybriconference-outputs\/\"]}]},{\"@type\":\"BreadcrumbList\",\"@id\":\"https:\/\/research.reading.ac.uk\/madagascar-hybricon\/hybriconference-outputs\/#breadcrumb\",\"itemListElement\":[{\"@type\":\"ListItem\",\"position\":1,\"name\":\"Home\",\"item\":\"https:\/\/research.reading.ac.uk\/madagascar-hybricon\/\"},{\"@type\":\"ListItem\",\"position\":2,\"name\":\"Hybriconference outputs\"}]},{\"@type\":\"WebSite\",\"@id\":\"https:\/\/research.reading.ac.uk\/madagascar-hybricon\/#website\",\"url\":\"https:\/\/research.reading.ac.uk\/madagascar-hybricon\/\",\"name\":\"madagascar-Hybricon\",\"description\":\"Ny fihavananay: miara-manorina anaty filaminana.\",\"potentialAction\":[{\"@type\":\"SearchAction\",\"target\":{\"@type\":\"EntryPoint\",\"urlTemplate\":\"https:\/\/research.reading.ac.uk\/madagascar-hybricon\/?s={search_term_string}\"},\"query-input\":\"required name=search_term_string\"}],\"inLanguage\":\"en-GB\"}]}<\/script>\n<!-- \/ Yoast SEO plugin. -->","yoast_head_json":{"title":"Hybriconference outputs - madagascar-Hybricon","robots":{"index":"index","follow":"follow","max-snippet":"max-snippet:-1","max-image-preview":"max-image-preview:large","max-video-preview":"max-video-preview:-1"},"canonical":"https:\/\/research.reading.ac.uk\/madagascar-hybricon\/hybriconference-outputs\/","og_locale":"en_GB","og_type":"article","og_title":"Hybriconference outputs - madagascar-Hybricon","og_description":"[vc_row][vc_column][vc_column_text] HYBRICONFERENCE: &#8220;Piecing the peace together: hybridization processes and the local&#8221; [\/vc_column_text][\/vc_column][\/vc_row][vc_row][vc_column][vc_column_text css_animation=&#8221;zoomIn&#8221; css=&#8221;.vc_custom_1710159675171{margin-bottom: 10px !important;}&#8221;] OUTPUTS [\/vc_column_text][\/vc_column][\/vc_row][vc_row gap=&#8221;10&#8243;][vc_column][vc_tta_tabs color=&#8221;turquoise&#8221; alignment=&#8221;center&#8221; active_section=&#8221;1&#8243;][vc_tta_section title=&#8221;Malagasy&#8221; tab_id=&#8221;1710154555854-51c8de21-b154&#8243;][vc_column_text]Namory mpandray anjara sy mpanatrika mihoatra ny...Read More >","og_url":"https:\/\/research.reading.ac.uk\/madagascar-hybricon\/hybriconference-outputs\/","og_site_name":"madagascar-Hybricon","article_modified_time":"2024-03-11T12:21:16+00:00","twitter_card":"summary_large_image","twitter_misc":{"Estimated reading time":"4 minutes","Written by":"Velomahanina Razakamaharavo"},"schema":{"@context":"https:\/\/schema.org","@graph":[{"@type":"WebPage","@id":"https:\/\/research.reading.ac.uk\/madagascar-hybricon\/hybriconference-outputs\/","url":"https:\/\/research.reading.ac.uk\/madagascar-hybricon\/hybriconference-outputs\/","name":"Hybriconference outputs - madagascar-Hybricon","isPartOf":{"@id":"https:\/\/research.reading.ac.uk\/madagascar-hybricon\/#website"},"datePublished":"2024-03-11T11:01:20+00:00","dateModified":"2024-03-11T12:21:16+00:00","breadcrumb":{"@id":"https:\/\/research.reading.ac.uk\/madagascar-hybricon\/hybriconference-outputs\/#breadcrumb"},"inLanguage":"en-GB","potentialAction":[{"@type":"ReadAction","target":["https:\/\/research.reading.ac.uk\/madagascar-hybricon\/hybriconference-outputs\/"]}]},{"@type":"BreadcrumbList","@id":"https:\/\/research.reading.ac.uk\/madagascar-hybricon\/hybriconference-outputs\/#breadcrumb","itemListElement":[{"@type":"ListItem","position":1,"name":"Home","item":"https:\/\/research.reading.ac.uk\/madagascar-hybricon\/"},{"@type":"ListItem","position":2,"name":"Hybriconference outputs"}]},{"@type":"WebSite","@id":"https:\/\/research.reading.ac.uk\/madagascar-hybricon\/#website","url":"https:\/\/research.reading.ac.uk\/madagascar-hybricon\/","name":"madagascar-Hybricon","description":"Ny fihavananay: miara-manorina anaty filaminana.","potentialAction":[{"@type":"SearchAction","target":{"@type":"EntryPoint","urlTemplate":"https:\/\/research.reading.ac.uk\/madagascar-hybricon\/?s={search_term_string}"},"query-input":"required name=search_term_string"}],"inLanguage":"en-GB"}]}},"_links":{"self":[{"href":"https:\/\/research.reading.ac.uk\/madagascar-hybricon\/wp-json\/wp\/v2\/pages\/1262","targetHints":{"allow":["GET"]}}],"collection":[{"href":"https:\/\/research.reading.ac.uk\/madagascar-hybricon\/wp-json\/wp\/v2\/pages"}],"about":[{"href":"https:\/\/research.reading.ac.uk\/madagascar-hybricon\/wp-json\/wp\/v2\/types\/page"}],"author":[{"embeddable":true,"href":"https:\/\/research.reading.ac.uk\/madagascar-hybricon\/wp-json\/wp\/v2\/users\/593"}],"replies":[{"embeddable":true,"href":"https:\/\/research.reading.ac.uk\/madagascar-hybricon\/wp-json\/wp\/v2\/comments?post=1262"}],"version-history":[{"count":7,"href":"https:\/\/research.reading.ac.uk\/madagascar-hybricon\/wp-json\/wp\/v2\/pages\/1262\/revisions"}],"predecessor-version":[{"id":1278,"href":"https:\/\/research.reading.ac.uk\/madagascar-hybricon\/wp-json\/wp\/v2\/pages\/1262\/revisions\/1278"}],"wp:attachment":[{"href":"https:\/\/research.reading.ac.uk\/madagascar-hybricon\/wp-json\/wp\/v2\/media?parent=1262"}],"wp:term":[{"taxonomy":"author","embeddable":true,"href":"https:\/\/research.reading.ac.uk\/madagascar-hybricon\/wp-json\/wp\/v2\/coauthors?post=1262"}],"curies":[{"name":"wp","href":"https:\/\/api.w.org\/{rel}","templated":true}]}}