{"id":1268,"date":"2024-03-11T11:37:13","date_gmt":"2024-03-11T11:37:13","guid":{"rendered":"https:\/\/research.reading.ac.uk\/madagascar-hybricon\/?page_id=1268"},"modified":"2024-03-11T11:40:09","modified_gmt":"2024-03-11T11:40:09","slug":"hybripolicy-participants","status":"publish","type":"page","link":"https:\/\/research.reading.ac.uk\/madagascar-hybricon\/hybripolicy-participants\/","title":{"rendered":"Hybripolicy participants"},"content":{"rendered":"<p>[vc_row][vc_column][vc_column_text css_animation=&#8221;left-to-right&#8221;]<\/p>\n<p style=\"text-align: center;\"><span style=\"font-size: 14pt;\"><strong>Brought to you by:<\/strong><\/span><\/p>\n<p>[\/vc_column_text][\/vc_column][\/vc_row][vc_row][vc_column][vc_images_carousel images=&#8221;865,864,866,874&#8243; img_size=&#8221;medium&#8221; speed=&#8221;2000&#8243; autoplay=&#8221;yes&#8221; wrap=&#8221;yes&#8221; css=&#8221;.vc_custom_1710155287739{margin-left: 200px !important;}&#8221;][\/vc_column][\/vc_row][vc_row][vc_column][vc_tta_tabs color=&#8221;turquoise&#8221; spacing=&#8221;10&#8243; gap=&#8221;10&#8243; alignment=&#8221;center&#8221; active_section=&#8221;1&#8243;][vc_tta_section title=&#8221;Malagasy&#8221; tab_id=&#8221;1710156182474-5d366bca-cce2&#8243;][vc_column_text]<span style=\"font-size: 14pt;\">Voninahitra ho anay no maneho fisaorana sy fankasitrahana ireo vahiny manan-kaja izay nandray anjara tamin\u2019ny atrikasa Hybripolicy natao tany amin\u2019ny faritra Analanjirofo (Fenoarivo Atsinanana\/Fenerive Est) sy faritra Analamanga (Antananarivo). Ny vahiny\u00a0 Hybricon tamin\u2019ireo fotoana ireo dia avy amin&#8217;ny sehatra maro ary dia mitondra fahaiza-manao lehibe amin&#8217;ny sehatra misy azy avy. Maneho fisaorana feno ho an&#8217;ireto olona ireto izahay tamin&#8217;ny fotoanany sy ny fandraisany anjara tamin&#8217;ny fikarohana sy ny hetsika momba ny politikan\u2019asa eto Madagasikara izahay.\u00a0<\/span>[\/vc_column_text][\/vc_tta_section][vc_tta_section title=&#8221;English&#8221; tab_id=&#8221;1710156182475-c9d5d85e-62a7&#8243;][vc_column_text]<span style=\"font-size: 14pt;\">We are deeply humbled and exceedingly honored to extend our warmest thanks to our esteemed guests participating in the Hybripolicy workshops, taking place in the Analanjirofo region (Fenoarivo Atsinanana\/Fenerive Est) and in Antananarivo (in the Analamanga region). Our guests, coming from diverse backgrounds, bring with them a wealth of expertise in their respective fields. We express our sincere gratitude to the following individuals for their invaluable time and generous contributions to our research and policy initiatives in Madagascar.\u00a0<\/span><\/p>\n<p aria-hidden=\"true\">\n<p>[\/vc_column_text][\/vc_tta_section][vc_tta_section title=&#8221;French&#8221; tab_id=&#8221;1710156206233-97aff11a-0419&#8243;][vc_column_text]<span style=\"font-size: 14pt;\"><span lang=\"FR\">Nous sommes profond\u00e9ment honor\u00e9s de t\u00e9moigner notre gratitude la plus sinc\u00e8re \u00e0 nos \u00e9minents invit\u00e9s ayant pris part aux ateliers Hybripolicy, qui se sont d\u00e9roul\u00e9s dans la r\u00e9gion d&#8217;Analanjirofo (Fenoarivo Atsinanana\/Fenerive Est) et \u00e0 Antananarivo (dans la r\u00e9gion d&#8217;Analamanga).\u00a0<\/span>Nos invit\u00e9s, aux origines diverses, apportent avec eux une grande expertise dans leurs domaines respectifs.\u00a0<span lang=\"FR\">Nous tenons \u00e0 exprimer nos sinc\u00e8res remerciements aux individus suivants pour le temps qu&#8217;ils nous ont consacr\u00e9 et pour leurs contributions g\u00e9n\u00e9reuses \u00e0 nos initiatives de recherche et de politiques publiques \u00e0 Madagascar<\/span>.\u00a0<\/span>[\/vc_column_text][\/vc_tta_section][\/vc_tta_tabs][\/vc_column][\/vc_row][vc_row][vc_column][vc_column_text]<span style=\"color: #800080;\"><strong><em><span style=\"font-size: 24pt; font-family: 'book antiqua', palatino, serif;\">Fenoarivo Atsinanana (Analanjirofo)<\/span><\/em><\/strong><\/span><\/p>\n<ul>\n<li>Albert<\/li>\n<li>Nicolas DEDY<\/li>\n<li>Jean de la Croix IPIRINA<\/li>\n<li>Claras NOROSOA<\/li>\n<li>RAJAONARIFENO<\/li>\n<li>Fifie RAZAFINDRATANDRA<\/li>\n<li>Jeannette RAZAFINDRAVONY<\/li>\n<li>Olga RAZAMANY<\/li>\n<li>Franceline SABOTSY<\/li>\n<li>Euphrasie SATAINA<\/li>\n<li>Claude TOBE<\/li>\n<li>ZAFITODY Conscient<\/li>\n<\/ul>\n<p><span style=\"font-family: 'book antiqua', palatino, serif; font-size: 24pt; color: #800080;\"><strong><em>Antananarivo (Analamanga region)<\/em><\/strong><\/span><\/p>\n<ul>\n<li>Laurent\u00a0 E. ANDRIATAHINA<\/li>\n<li>Denis Alexandre LAHINIRIKO<\/li>\n<li>Nour NANDRASANA<\/li>\n<li>Charlotte RABESAHALA<\/li>\n<li>Nathan RAHERIVELO<\/li>\n<li>Andry RAKOTOARISOA<\/li>\n<li>Andriamahohary RAKOTONIAINA<\/li>\n<li>Tantely RANDRIAMBOLOLONA<\/li>\n<li>Jonathan RANDRIANARY<\/li>\n<li>Marie Marcelline RASOLOARISOA<\/li>\n<li>L\u00e9a RATSIAZO<\/li>\n<li>Fanja RAZA-SOLOFONANAHARY<\/li>\n<li>Blanche Nirina RICHARD<\/li>\n<li>Ludonie VELOTRASINA<\/li>\n<\/ul>\n<p>[\/vc_column_text][\/vc_column][\/vc_row]<\/p>\n","protected":false},"excerpt":{"rendered":"<p>[vc_row][vc_column][vc_column_text css_animation=&#8221;left-to-right&#8221;] Brought to you by: [\/vc_column_text][\/vc_column][\/vc_row][vc_row][vc_column][vc_images_carousel images=&#8221;865,864,866,874&#8243; img_size=&#8221;medium&#8221; speed=&#8221;2000&#8243; autoplay=&#8221;yes&#8221; wrap=&#8221;yes&#8221; css=&#8221;.vc_custom_1710155287739{margin-left: 200px !important;}&#8221;][\/vc_column][\/vc_row][vc_row][vc_column][vc_tta_tabs color=&#8221;turquoise&#8221; spacing=&#8221;10&#8243; gap=&#8221;10&#8243; alignment=&#8221;center&#8221; active_section=&#8221;1&#8243;][vc_tta_section title=&#8221;Malagasy&#8221; tab_id=&#8221;1710156182474-5d366bca-cce2&#8243;][vc_column_text]Voninahitra ho anay no maneho fisaorana sy fankasitrahana ireo&#8230;<a class=\"read-more\" href=\"&#104;&#116;&#116;&#112;&#115;&#58;&#47;&#47;&#114;&#101;&#115;&#101;&#97;&#114;&#99;&#104;&#46;&#114;&#101;&#97;&#100;&#105;&#110;&#103;&#46;&#97;&#99;&#46;&#117;&#107;&#47;&#109;&#97;&#100;&#97;&#103;&#97;&#115;&#99;&#97;&#114;&#45;&#104;&#121;&#98;&#114;&#105;&#99;&#111;&#110;&#47;&#104;&#121;&#98;&#114;&#105;&#112;&#111;&#108;&#105;&#99;&#121;&#45;&#112;&#97;&#114;&#116;&#105;&#99;&#105;&#112;&#97;&#110;&#116;&#115;&#47;\">Read More ><\/a><\/p>\n","protected":false},"author":593,"featured_media":0,"parent":0,"menu_order":0,"comment_status":"closed","ping_status":"closed","template":"","meta":{"_acf_changed":false,"om_disable_all_campaigns":false,"_monsterinsights_skip_tracking":false,"_monsterinsights_sitenote_active":false,"_monsterinsights_sitenote_note":"","_monsterinsights_sitenote_category":0,"_uf_show_specific_survey":0,"_uf_disable_surveys":false,"__cvm_playback_settings":[],"__cvm_video_id":"","footnotes":""},"coauthors":[],"class_list":["post-1268","page","type-page","status-publish","hentry"],"acf":[],"aioseo_notices":[],"yoast_head":"<!-- This site is optimized with the Yoast SEO plugin v21.8.1 - https:\/\/yoast.com\/wordpress\/plugins\/seo\/ -->\n<title>Hybripolicy participants - madagascar-Hybricon<\/title>\n<meta name=\"robots\" content=\"index, follow, max-snippet:-1, max-image-preview:large, max-video-preview:-1\" \/>\n<link rel=\"canonical\" href=\"https:\/\/research.reading.ac.uk\/madagascar-hybricon\/hybripolicy-participants\/\" \/>\n<meta property=\"og:locale\" content=\"en_GB\" \/>\n<meta property=\"og:type\" content=\"article\" \/>\n<meta property=\"og:title\" content=\"Hybripolicy participants - madagascar-Hybricon\" \/>\n<meta property=\"og:description\" content=\"[vc_row][vc_column][vc_column_text css_animation=&#8221;left-to-right&#8221;] Brought to you by: [\/vc_column_text][\/vc_column][\/vc_row][vc_row][vc_column][vc_images_carousel images=&#8221;865,864,866,874&#8243; img_size=&#8221;medium&#8221; speed=&#8221;2000&#8243; autoplay=&#8221;yes&#8221; wrap=&#8221;yes&#8221; css=&#8221;.vc_custom_1710155287739{margin-left: 200px !important;}&#8221;][\/vc_column][\/vc_row][vc_row][vc_column][vc_tta_tabs color=&#8221;turquoise&#8221; spacing=&#8221;10&#8243; gap=&#8221;10&#8243; alignment=&#8221;center&#8221; active_section=&#8221;1&#8243;][vc_tta_section title=&#8221;Malagasy&#8221; tab_id=&#8221;1710156182474-5d366bca-cce2&#8243;][vc_column_text]Voninahitra ho anay no maneho fisaorana sy fankasitrahana ireo...Read More &gt;\" \/>\n<meta property=\"og:url\" content=\"https:\/\/research.reading.ac.uk\/madagascar-hybricon\/hybripolicy-participants\/\" \/>\n<meta property=\"og:site_name\" content=\"madagascar-Hybricon\" \/>\n<meta property=\"article:modified_time\" content=\"2024-03-11T11:40:09+00:00\" \/>\n<meta name=\"twitter:card\" content=\"summary_large_image\" \/>\n<meta name=\"twitter:label1\" content=\"Estimated reading time\" \/>\n\t<meta name=\"twitter:data1\" content=\"2 minutes\" \/>\n\t<meta name=\"twitter:label2\" content=\"Written by\" \/>\n\t<meta name=\"twitter:data2\" content=\"Velomahanina Razakamaharavo\" \/>\n<script type=\"application\/ld+json\" class=\"yoast-schema-graph\">{\"@context\":\"https:\/\/schema.org\",\"@graph\":[{\"@type\":\"WebPage\",\"@id\":\"https:\/\/research.reading.ac.uk\/madagascar-hybricon\/hybripolicy-participants\/\",\"url\":\"https:\/\/research.reading.ac.uk\/madagascar-hybricon\/hybripolicy-participants\/\",\"name\":\"Hybripolicy participants - madagascar-Hybricon\",\"isPartOf\":{\"@id\":\"https:\/\/research.reading.ac.uk\/madagascar-hybricon\/#website\"},\"datePublished\":\"2024-03-11T11:37:13+00:00\",\"dateModified\":\"2024-03-11T11:40:09+00:00\",\"breadcrumb\":{\"@id\":\"https:\/\/research.reading.ac.uk\/madagascar-hybricon\/hybripolicy-participants\/#breadcrumb\"},\"inLanguage\":\"en-GB\",\"potentialAction\":[{\"@type\":\"ReadAction\",\"target\":[\"https:\/\/research.reading.ac.uk\/madagascar-hybricon\/hybripolicy-participants\/\"]}]},{\"@type\":\"BreadcrumbList\",\"@id\":\"https:\/\/research.reading.ac.uk\/madagascar-hybricon\/hybripolicy-participants\/#breadcrumb\",\"itemListElement\":[{\"@type\":\"ListItem\",\"position\":1,\"name\":\"Home\",\"item\":\"https:\/\/research.reading.ac.uk\/madagascar-hybricon\/\"},{\"@type\":\"ListItem\",\"position\":2,\"name\":\"Hybripolicy participants\"}]},{\"@type\":\"WebSite\",\"@id\":\"https:\/\/research.reading.ac.uk\/madagascar-hybricon\/#website\",\"url\":\"https:\/\/research.reading.ac.uk\/madagascar-hybricon\/\",\"name\":\"madagascar-Hybricon\",\"description\":\"Ny fihavananay: miara-manorina anaty filaminana.\",\"potentialAction\":[{\"@type\":\"SearchAction\",\"target\":{\"@type\":\"EntryPoint\",\"urlTemplate\":\"https:\/\/research.reading.ac.uk\/madagascar-hybricon\/?s={search_term_string}\"},\"query-input\":\"required name=search_term_string\"}],\"inLanguage\":\"en-GB\"}]}<\/script>\n<!-- \/ Yoast SEO plugin. -->","yoast_head_json":{"title":"Hybripolicy participants - madagascar-Hybricon","robots":{"index":"index","follow":"follow","max-snippet":"max-snippet:-1","max-image-preview":"max-image-preview:large","max-video-preview":"max-video-preview:-1"},"canonical":"https:\/\/research.reading.ac.uk\/madagascar-hybricon\/hybripolicy-participants\/","og_locale":"en_GB","og_type":"article","og_title":"Hybripolicy participants - madagascar-Hybricon","og_description":"[vc_row][vc_column][vc_column_text css_animation=&#8221;left-to-right&#8221;] Brought to you by: [\/vc_column_text][\/vc_column][\/vc_row][vc_row][vc_column][vc_images_carousel images=&#8221;865,864,866,874&#8243; img_size=&#8221;medium&#8221; speed=&#8221;2000&#8243; autoplay=&#8221;yes&#8221; wrap=&#8221;yes&#8221; css=&#8221;.vc_custom_1710155287739{margin-left: 200px !important;}&#8221;][\/vc_column][\/vc_row][vc_row][vc_column][vc_tta_tabs color=&#8221;turquoise&#8221; spacing=&#8221;10&#8243; gap=&#8221;10&#8243; alignment=&#8221;center&#8221; active_section=&#8221;1&#8243;][vc_tta_section title=&#8221;Malagasy&#8221; tab_id=&#8221;1710156182474-5d366bca-cce2&#8243;][vc_column_text]Voninahitra ho anay no maneho fisaorana sy fankasitrahana ireo...Read More >","og_url":"https:\/\/research.reading.ac.uk\/madagascar-hybricon\/hybripolicy-participants\/","og_site_name":"madagascar-Hybricon","article_modified_time":"2024-03-11T11:40:09+00:00","twitter_card":"summary_large_image","twitter_misc":{"Estimated reading time":"2 minutes","Written by":"Velomahanina Razakamaharavo"},"schema":{"@context":"https:\/\/schema.org","@graph":[{"@type":"WebPage","@id":"https:\/\/research.reading.ac.uk\/madagascar-hybricon\/hybripolicy-participants\/","url":"https:\/\/research.reading.ac.uk\/madagascar-hybricon\/hybripolicy-participants\/","name":"Hybripolicy participants - madagascar-Hybricon","isPartOf":{"@id":"https:\/\/research.reading.ac.uk\/madagascar-hybricon\/#website"},"datePublished":"2024-03-11T11:37:13+00:00","dateModified":"2024-03-11T11:40:09+00:00","breadcrumb":{"@id":"https:\/\/research.reading.ac.uk\/madagascar-hybricon\/hybripolicy-participants\/#breadcrumb"},"inLanguage":"en-GB","potentialAction":[{"@type":"ReadAction","target":["https:\/\/research.reading.ac.uk\/madagascar-hybricon\/hybripolicy-participants\/"]}]},{"@type":"BreadcrumbList","@id":"https:\/\/research.reading.ac.uk\/madagascar-hybricon\/hybripolicy-participants\/#breadcrumb","itemListElement":[{"@type":"ListItem","position":1,"name":"Home","item":"https:\/\/research.reading.ac.uk\/madagascar-hybricon\/"},{"@type":"ListItem","position":2,"name":"Hybripolicy participants"}]},{"@type":"WebSite","@id":"https:\/\/research.reading.ac.uk\/madagascar-hybricon\/#website","url":"https:\/\/research.reading.ac.uk\/madagascar-hybricon\/","name":"madagascar-Hybricon","description":"Ny fihavananay: miara-manorina anaty filaminana.","potentialAction":[{"@type":"SearchAction","target":{"@type":"EntryPoint","urlTemplate":"https:\/\/research.reading.ac.uk\/madagascar-hybricon\/?s={search_term_string}"},"query-input":"required name=search_term_string"}],"inLanguage":"en-GB"}]}},"_links":{"self":[{"href":"https:\/\/research.reading.ac.uk\/madagascar-hybricon\/wp-json\/wp\/v2\/pages\/1268","targetHints":{"allow":["GET"]}}],"collection":[{"href":"https:\/\/research.reading.ac.uk\/madagascar-hybricon\/wp-json\/wp\/v2\/pages"}],"about":[{"href":"https:\/\/research.reading.ac.uk\/madagascar-hybricon\/wp-json\/wp\/v2\/types\/page"}],"author":[{"embeddable":true,"href":"https:\/\/research.reading.ac.uk\/madagascar-hybricon\/wp-json\/wp\/v2\/users\/593"}],"replies":[{"embeddable":true,"href":"https:\/\/research.reading.ac.uk\/madagascar-hybricon\/wp-json\/wp\/v2\/comments?post=1268"}],"version-history":[{"count":1,"href":"https:\/\/research.reading.ac.uk\/madagascar-hybricon\/wp-json\/wp\/v2\/pages\/1268\/revisions"}],"predecessor-version":[{"id":1269,"href":"https:\/\/research.reading.ac.uk\/madagascar-hybricon\/wp-json\/wp\/v2\/pages\/1268\/revisions\/1269"}],"wp:attachment":[{"href":"https:\/\/research.reading.ac.uk\/madagascar-hybricon\/wp-json\/wp\/v2\/media?parent=1268"}],"wp:term":[{"taxonomy":"author","embeddable":true,"href":"https:\/\/research.reading.ac.uk\/madagascar-hybricon\/wp-json\/wp\/v2\/coauthors?post=1268"}],"curies":[{"name":"wp","href":"https:\/\/api.w.org\/{rel}","templated":true}]}}