{"id":1350,"date":"2024-05-08T12:14:42","date_gmt":"2024-05-08T11:14:42","guid":{"rendered":"https:\/\/research.reading.ac.uk\/madagascar-hybricon\/?page_id=1350"},"modified":"2024-05-09T11:11:58","modified_gmt":"2024-05-09T10:11:58","slug":"thank-you-note","status":"publish","type":"page","link":"https:\/\/research.reading.ac.uk\/madagascar-hybricon\/thank-you-note\/","title":{"rendered":"Thank you note"},"content":{"rendered":"<p>[vc_row][vc_column][vc_column_text css_animation=&#8221;slideInLeft&#8221;]<\/p>\n<p style=\"text-align: center;\"><span style=\"font-family: 'comic sans ms', sans-serif;\"><strong><span style=\"color: #800080;\">Fisaorana ho an&#8217;ireo mpiara-mifarimbona aminay ~ Thank you note to our collaborators ~\u00a0Notes de remerciement \u00e0 nos collaborateurs.\u00a0<\/span><\/strong><\/span><\/p>\n<p>[\/vc_column_text][\/vc_column][\/vc_row][vc_row][vc_column][vc_tta_tabs color=&#8221;turquoise&#8221; spacing=&#8221;10&#8243; gap=&#8221;10&#8243; alignment=&#8221;center&#8221; active_section=&#8221;1&#8243;][vc_tta_section title=&#8221;Malagasy&#8221; tab_id=&#8221;1715166178443-e81731eb-9ece&#8221;][vc_column_text]Te-hisaotra manokana ireto olona manaraka ireto ny ekipan&#8217;i Hybricon sy ireo mpiara-miasa aminay noho ny fandraisan&#8217;izy ireo anjara tamin&#8217;ny hetsika isan-karazany tato amin&#8217;ny tetikasa:<\/p>\n<p style=\"padding-left: 80px;\"><strong><u>Ny vondrom-piarahamonina eo an-toerana ao amin&#8217;ireto faritra sy faritra manaraka ireto::<\/u><\/strong> Atsinanana (Toamasina), Analanjirofo (Fenoarivo Atsinanana), Boeny (Marovoay and Mahajanga), Diana (Antsiranana)<\/p>\n<p style=\"padding-left: 80px;\"><strong style=\"letter-spacing: 0.08px;\"><u>Ny mpikaroka eo an-toerana\u00a0<\/u><\/strong><span style=\"letter-spacing: 0.08px;\"> izay nandray anjara tamin&#8217;ny famokarana ny angon-drakitra manontolo na ny ampahany: Lalatiana Rakotondranaivo, Tommy Jocelyno Solofoniaina, Minohery Mahatoky, Manda Bienvenu Rasolofonjatovo, Carole Rabemanantsoa, Gabriel Aliasse sy Manoa Faliarivola.<\/span><\/p>\n<p style=\"padding-left: 80px;\"><strong style=\"letter-spacing: 0.08px;\"><u>Ny mpikaroka, ny mpanapa-kevitra, ny mpiasam-panjakana, ny fiarahamonim-pirenena avy any ivelany sy eo an-toerana <\/u><\/strong><span style=\"letter-spacing: 0.08px;\">\u00a0izay niara-niasa taminay\u00a0 teo aloha, nandritra ary taorian&#8217;ny fanatanterahana ny tetikasa.<\/span><\/p>\n<p style=\"padding-left: 80px;\"><strong style=\"letter-spacing: 0.08px;\"><u>Ny zokiolona, ny Tangalamena sy ny Ampanjaka tany amin&#8217;ny faritra rehetra nalehanay,<\/u><\/strong><span style=\"letter-spacing: 0.08px;\"> misaotra tompoko amin&#8217;ny fahendrenareo ary mankasitraka amin&#8217;ny nanokafanareo ny varavaranareo sy nampidiranareo anay ao amin&#8217;ny fiaraha-monina misy anareo. <\/span><\/p>\n<p style=\"padding-left: 80px;\"><span style=\"letter-spacing: 0.08px;\"><strong style=\"letter-spacing: 0.08px;\"><u>Ny mpilatsaka antsitrapo avy ao amin&#8217;ny ONG ARAKE,<\/u><\/strong> mankasitraka hatrany amin&#8217;ny fahavitrihanareo sy ny asa mafy nataonareo niaraka taminay.\u00a0<\/span><\/p>\n<p>&nbsp;[\/vc_column_text][\/vc_tta_section][vc_tta_section title=&#8221;English&#8221; tab_id=&#8221;1715166178443-1b4ebb8a-1a8d&#8221;][vc_column_text]The Hybricon team and our collaborators would like to give thanks to the following for their contribution to our various activities:<\/p>\n<p style=\"padding-left: 80px;\"><strong><u>The local communities in the following regions and localities:<\/u><\/strong> Atsinanana (Toamasina), Analanjirofo (Fenoarivo Atsinanana), Boeny (Marovoay and Mahajanga), Diana (Antsiranana)<\/p>\n<p style=\"padding-left: 80px;\"><strong style=\"letter-spacing: 0.08px;\"><u>The local researchers<\/u><\/strong><span style=\"letter-spacing: 0.08px;\"> who fully or party contributed to the generation of the data: Lalatiana Rakotondranaivo, Tommy Jocelyno Solofoniaina, Minohery Mahatoky, Manda Bienvenu Rasolofonjatovo, Carole Rabemanantsoa, Gabriel Aliasse, and Manoa Faliarivola.<\/span><\/p>\n<p style=\"padding-left: 80px;\"><strong style=\"letter-spacing: 0.08px;\"><u>The Malagasy and international scholars, policy-makers and civil servants <\/u><\/strong><span style=\"letter-spacing: 0.08px;\">\u00a0who collaborated with us prior, during, and after the implementation of the project.<\/span><\/p>\n<p style=\"padding-left: 80px;\"><strong style=\"letter-spacing: 0.08px;\"><u>The elders, the kings and queens in all localities we visited<\/u><\/strong><span style=\"letter-spacing: 0.08px;\">\u00a0who have been of enormous support to us. Thank you very much for your wisdom and for kindly opening up the doors of your communities to us.<\/span><\/p>\n<p style=\"padding-left: 80px;\"><span style=\"letter-spacing: 0.08px;\"><strong style=\"letter-spacing: 0.08px;\"><u>The volunteers from the NGO ARAKE,<\/u><\/strong> we are highly grateful for your dynamism and your hard work when collaborating with us.\u00a0<\/span><\/p>\n<p>[\/vc_column_text][\/vc_tta_section][vc_tta_section title=&#8221;Fran\u00e7ais&#8221; tab_id=&#8221;1715166203186-8c45cfba-f253&#8243;][vc_column_text]<\/p>\n<p style=\"padding-left: 80px;\">L\u2019\u00e9quipe d\u2019Hybricon et nos collaborateurs tiennent \u00e0 remercier les personnes suivantes pour leur contribution \u00e0 nos diff\u00e9rentes activit\u00e9s :<\/p>\n<p style=\"padding-left: 80px;\"><strong><u>Les communaut\u00e9s locales dans les r\u00e9gions et localit\u00e9s suivantes :<\/u><\/strong> Atsinanana (Toamasina), Analanjirofo (Fenoarivo Atsinanana), Boeny (Marovoay and Mahajanga), Diana (Antsiranana)<\/p>\n<p style=\"padding-left: 80px;\"><strong style=\"letter-spacing: 0.08px;\"><u>Les chercheurs locaux:\u00a0<\/u><\/strong><span style=\"letter-spacing: 0.08px;\"> qui ont contribu\u00e9 enti\u00e8rement ou en partie \u00e0 la production des donn\u00e9es: Lalatiana Rakotondranaivo, Tommy Jocelyno Solofoniaina, Minohery Mahatoky, Manda Bienvenu Rasolofonjatovo, Carole Rabemanantsoa, Gabriel Aliasse, and Manoa Faliarivola.<\/span><\/p>\n<p style=\"padding-left: 80px;\"><strong style=\"letter-spacing: 0.08px;\"><u>Les chercheurs, les d\u00e9cideurs politiques, les fonctionnaires malgaches et internationaux, et la soci\u00e9t\u00e9 civile\u00a0<\/u><\/strong><span style=\"letter-spacing: 0.08px;\"> qui ont collabor\u00e9 avec nous avant, pendant et apr\u00e8s la mise en \u0153uvre du projet.<\/span><\/p>\n<p style=\"padding-left: 80px;\"><strong style=\"letter-spacing: 0.08px;\"><u>Les anciens, les rois et les reines de toutes les localit\u00e9s que nous avons rendu visite,<\/u><\/strong><span style=\"letter-spacing: 0.08px;\"> merci beaucoup pour votre sagesse et pour avoir bien voulu nous ouvrir les portes de vos communaut\u00e9s.<\/span><\/p>\n<p style=\"padding-left: 80px;\"><span style=\"letter-spacing: 0.08px;\"><strong style=\"letter-spacing: 0.08px;\"><u>Les volontaires de l&#8217;ONG ARAKE,<\/u><\/strong> Nous vous sommes tr\u00e8s reconnaissants pour vos dynamismes et vos travaux acharn\u00e9s au cours de nos collaborations.<\/span><\/p>\n<p>[\/vc_column_text][\/vc_tta_section][\/vc_tta_tabs][\/vc_column][\/vc_row]<\/p>\n","protected":false},"excerpt":{"rendered":"<p>[vc_row][vc_column][vc_column_text css_animation=&#8221;slideInLeft&#8221;] Fisaorana ho an&#8217;ireo mpiara-mifarimbona aminay ~ Thank you note to our collaborators ~\u00a0Notes de remerciement \u00e0 nos collaborateurs.\u00a0 [\/vc_column_text][\/vc_column][\/vc_row][vc_row][vc_column][vc_tta_tabs color=&#8221;turquoise&#8221; spacing=&#8221;10&#8243; gap=&#8221;10&#8243; alignment=&#8221;center&#8221; active_section=&#8221;1&#8243;][vc_tta_section title=&#8221;Malagasy&#8221; tab_id=&#8221;1715166178443-e81731eb-9ece&#8221;][vc_column_text]Te-hisaotra manokana ireto&#8230;<a class=\"read-more\" href=\"&#104;&#116;&#116;&#112;&#115;&#58;&#47;&#47;&#114;&#101;&#115;&#101;&#97;&#114;&#99;&#104;&#46;&#114;&#101;&#97;&#100;&#105;&#110;&#103;&#46;&#97;&#99;&#46;&#117;&#107;&#47;&#109;&#97;&#100;&#97;&#103;&#97;&#115;&#99;&#97;&#114;&#45;&#104;&#121;&#98;&#114;&#105;&#99;&#111;&#110;&#47;&#116;&#104;&#97;&#110;&#107;&#45;&#121;&#111;&#117;&#45;&#110;&#111;&#116;&#101;&#47;\">Read More ><\/a><\/p>\n","protected":false},"author":593,"featured_media":382,"parent":0,"menu_order":0,"comment_status":"closed","ping_status":"closed","template":"","meta":{"_acf_changed":false,"om_disable_all_campaigns":false,"_monsterinsights_skip_tracking":false,"_monsterinsights_sitenote_active":false,"_monsterinsights_sitenote_note":"","_monsterinsights_sitenote_category":0,"_uf_show_specific_survey":0,"_uf_disable_surveys":false,"__cvm_playback_settings":[],"__cvm_video_id":"","footnotes":""},"coauthors":[11],"class_list":["post-1350","page","type-page","status-publish","has-post-thumbnail","hentry"],"acf":[],"aioseo_notices":[],"yoast_head":"<!-- This site is optimized with the Yoast SEO plugin v21.8.1 - https:\/\/yoast.com\/wordpress\/plugins\/seo\/ -->\n<title>Thank you note - madagascar-Hybricon<\/title>\n<meta name=\"description\" content=\"HYBRICON BRIDGES RESEARCH AND POLICY. We are making our outputs available to the public. Our contents are free to download.\" \/>\n<meta name=\"robots\" content=\"index, follow, max-snippet:-1, max-image-preview:large, max-video-preview:-1\" \/>\n<link rel=\"canonical\" href=\"https:\/\/research.reading.ac.uk\/madagascar-hybricon\/thank-you-note\/\" \/>\n<meta property=\"og:locale\" content=\"en_GB\" \/>\n<meta property=\"og:type\" content=\"article\" \/>\n<meta property=\"og:title\" content=\"Thank you note - madagascar-Hybricon\" \/>\n<meta property=\"og:description\" content=\"HYBRICON BRIDGES RESEARCH AND POLICY. We are making our outputs available to the public. Our contents are free to download.\" \/>\n<meta property=\"og:url\" content=\"https:\/\/research.reading.ac.uk\/madagascar-hybricon\/thank-you-note\/\" \/>\n<meta property=\"og:site_name\" content=\"madagascar-Hybricon\" \/>\n<meta property=\"article:modified_time\" content=\"2024-05-09T10:11:58+00:00\" \/>\n<meta property=\"og:image\" content=\"https:\/\/research.reading.ac.uk\/madagascar-hybricon\/wp-content\/uploads\/sites\/258\/2022\/01\/startup-gb8a23d73b_1920.jpg\" \/>\n\t<meta property=\"og:image:width\" content=\"1920\" \/>\n\t<meta property=\"og:image:height\" content=\"1280\" \/>\n\t<meta property=\"og:image:type\" content=\"image\/jpeg\" \/>\n<meta name=\"twitter:card\" content=\"summary_large_image\" \/>\n<meta name=\"twitter:label1\" content=\"Estimated reading time\" \/>\n\t<meta name=\"twitter:data1\" content=\"2 minutes\" \/>\n\t<meta name=\"twitter:label2\" content=\"Written by\" \/>\n\t<meta name=\"twitter:data2\" content=\"Velomahanina Razakamaharavo\" \/>\n<script type=\"application\/ld+json\" class=\"yoast-schema-graph\">{\"@context\":\"https:\/\/schema.org\",\"@graph\":[{\"@type\":\"WebPage\",\"@id\":\"https:\/\/research.reading.ac.uk\/madagascar-hybricon\/thank-you-note\/\",\"url\":\"https:\/\/research.reading.ac.uk\/madagascar-hybricon\/thank-you-note\/\",\"name\":\"Thank you note - madagascar-Hybricon\",\"isPartOf\":{\"@id\":\"https:\/\/research.reading.ac.uk\/madagascar-hybricon\/#website\"},\"datePublished\":\"2024-05-08T11:14:42+00:00\",\"dateModified\":\"2024-05-09T10:11:58+00:00\",\"description\":\"HYBRICON BRIDGES RESEARCH AND POLICY. We are making our outputs available to the public. Our contents are free to download.\",\"breadcrumb\":{\"@id\":\"https:\/\/research.reading.ac.uk\/madagascar-hybricon\/thank-you-note\/#breadcrumb\"},\"inLanguage\":\"en-GB\",\"potentialAction\":[{\"@type\":\"ReadAction\",\"target\":[\"https:\/\/research.reading.ac.uk\/madagascar-hybricon\/thank-you-note\/\"]}]},{\"@type\":\"BreadcrumbList\",\"@id\":\"https:\/\/research.reading.ac.uk\/madagascar-hybricon\/thank-you-note\/#breadcrumb\",\"itemListElement\":[{\"@type\":\"ListItem\",\"position\":1,\"name\":\"Home\",\"item\":\"https:\/\/research.reading.ac.uk\/madagascar-hybricon\/\"},{\"@type\":\"ListItem\",\"position\":2,\"name\":\"Thank you note\"}]},{\"@type\":\"WebSite\",\"@id\":\"https:\/\/research.reading.ac.uk\/madagascar-hybricon\/#website\",\"url\":\"https:\/\/research.reading.ac.uk\/madagascar-hybricon\/\",\"name\":\"madagascar-Hybricon\",\"description\":\"Ny fihavananay: miara-manorina anaty filaminana.\",\"potentialAction\":[{\"@type\":\"SearchAction\",\"target\":{\"@type\":\"EntryPoint\",\"urlTemplate\":\"https:\/\/research.reading.ac.uk\/madagascar-hybricon\/?s={search_term_string}\"},\"query-input\":\"required name=search_term_string\"}],\"inLanguage\":\"en-GB\"}]}<\/script>\n<!-- \/ Yoast SEO plugin. -->","yoast_head_json":{"title":"Thank you note - madagascar-Hybricon","description":"HYBRICON BRIDGES RESEARCH AND POLICY. We are making our outputs available to the public. Our contents are free to download.","robots":{"index":"index","follow":"follow","max-snippet":"max-snippet:-1","max-image-preview":"max-image-preview:large","max-video-preview":"max-video-preview:-1"},"canonical":"https:\/\/research.reading.ac.uk\/madagascar-hybricon\/thank-you-note\/","og_locale":"en_GB","og_type":"article","og_title":"Thank you note - madagascar-Hybricon","og_description":"HYBRICON BRIDGES RESEARCH AND POLICY. We are making our outputs available to the public. Our contents are free to download.","og_url":"https:\/\/research.reading.ac.uk\/madagascar-hybricon\/thank-you-note\/","og_site_name":"madagascar-Hybricon","article_modified_time":"2024-05-09T10:11:58+00:00","og_image":[{"width":1920,"height":1280,"url":"https:\/\/research.reading.ac.uk\/madagascar-hybricon\/wp-content\/uploads\/sites\/258\/2022\/01\/startup-gb8a23d73b_1920.jpg","type":"image\/jpeg"}],"twitter_card":"summary_large_image","twitter_misc":{"Estimated reading time":"2 minutes","Written by":"Velomahanina Razakamaharavo"},"schema":{"@context":"https:\/\/schema.org","@graph":[{"@type":"WebPage","@id":"https:\/\/research.reading.ac.uk\/madagascar-hybricon\/thank-you-note\/","url":"https:\/\/research.reading.ac.uk\/madagascar-hybricon\/thank-you-note\/","name":"Thank you note - madagascar-Hybricon","isPartOf":{"@id":"https:\/\/research.reading.ac.uk\/madagascar-hybricon\/#website"},"datePublished":"2024-05-08T11:14:42+00:00","dateModified":"2024-05-09T10:11:58+00:00","description":"HYBRICON BRIDGES RESEARCH AND POLICY. We are making our outputs available to the public. Our contents are free to download.","breadcrumb":{"@id":"https:\/\/research.reading.ac.uk\/madagascar-hybricon\/thank-you-note\/#breadcrumb"},"inLanguage":"en-GB","potentialAction":[{"@type":"ReadAction","target":["https:\/\/research.reading.ac.uk\/madagascar-hybricon\/thank-you-note\/"]}]},{"@type":"BreadcrumbList","@id":"https:\/\/research.reading.ac.uk\/madagascar-hybricon\/thank-you-note\/#breadcrumb","itemListElement":[{"@type":"ListItem","position":1,"name":"Home","item":"https:\/\/research.reading.ac.uk\/madagascar-hybricon\/"},{"@type":"ListItem","position":2,"name":"Thank you note"}]},{"@type":"WebSite","@id":"https:\/\/research.reading.ac.uk\/madagascar-hybricon\/#website","url":"https:\/\/research.reading.ac.uk\/madagascar-hybricon\/","name":"madagascar-Hybricon","description":"Ny fihavananay: miara-manorina anaty filaminana.","potentialAction":[{"@type":"SearchAction","target":{"@type":"EntryPoint","urlTemplate":"https:\/\/research.reading.ac.uk\/madagascar-hybricon\/?s={search_term_string}"},"query-input":"required name=search_term_string"}],"inLanguage":"en-GB"}]}},"_links":{"self":[{"href":"https:\/\/research.reading.ac.uk\/madagascar-hybricon\/wp-json\/wp\/v2\/pages\/1350","targetHints":{"allow":["GET"]}}],"collection":[{"href":"https:\/\/research.reading.ac.uk\/madagascar-hybricon\/wp-json\/wp\/v2\/pages"}],"about":[{"href":"https:\/\/research.reading.ac.uk\/madagascar-hybricon\/wp-json\/wp\/v2\/types\/page"}],"author":[{"embeddable":true,"href":"https:\/\/research.reading.ac.uk\/madagascar-hybricon\/wp-json\/wp\/v2\/users\/593"}],"replies":[{"embeddable":true,"href":"https:\/\/research.reading.ac.uk\/madagascar-hybricon\/wp-json\/wp\/v2\/comments?post=1350"}],"version-history":[{"count":5,"href":"https:\/\/research.reading.ac.uk\/madagascar-hybricon\/wp-json\/wp\/v2\/pages\/1350\/revisions"}],"predecessor-version":[{"id":1356,"href":"https:\/\/research.reading.ac.uk\/madagascar-hybricon\/wp-json\/wp\/v2\/pages\/1350\/revisions\/1356"}],"wp:featuredmedia":[{"embeddable":true,"href":"https:\/\/research.reading.ac.uk\/madagascar-hybricon\/wp-json\/wp\/v2\/media\/382"}],"wp:attachment":[{"href":"https:\/\/research.reading.ac.uk\/madagascar-hybricon\/wp-json\/wp\/v2\/media?parent=1350"}],"wp:term":[{"taxonomy":"author","embeddable":true,"href":"https:\/\/research.reading.ac.uk\/madagascar-hybricon\/wp-json\/wp\/v2\/coauthors?post=1350"}],"curies":[{"name":"wp","href":"https:\/\/api.w.org\/{rel}","templated":true}]}}