{"id":2,"date":"2018-05-25T09:06:47","date_gmt":"2018-05-25T08:06:47","guid":{"rendered":"https:\/\/research.reading.ac.uk\/madagascar-hybricon\/?page_id=2"},"modified":"2022-02-04T17:54:31","modified_gmt":"2022-02-04T17:54:31","slug":"abouthybricon","status":"publish","type":"page","link":"https:\/\/research.reading.ac.uk\/madagascar-hybricon\/abouthybricon\/","title":{"rendered":"HYBRICON: the project"},"content":{"rendered":"<p>[vc_row][vc_column][vc_tta_tabs style=&#8221;modern&#8221; color=&#8221;turquoise&#8221; spacing=&#8221;20&#8243; gap=&#8221;20&#8243; alignment=&#8221;center&#8221; active_section=&#8221;3&#8243; pagination_style=&#8221;flat-rounded&#8221; pagination_color=&#8221;purple&#8221; no_fill_content_area=&#8221;true&#8221; css=&#8221;.vc_custom_1642085063617{border-radius: 25px !important;}&#8221;][vc_tta_section i_type=&#8221;entypo&#8221; i_icon_entypo=&#8221;entypo-icon entypo-icon-lamp&#8221; add_icon=&#8221;true&#8221; title=&#8221;Malagasy&#8221; tab_id=&#8221;1641821029782-cabba549-e1a1&#8243;][vc_column_text]HYBRICON dia tetik\u2019asa fikarohana mandalina ny fiantraikan&#8217;nyfifandraisan ny any ivelany (ohatra ny hevitra voizin\u2019ny liberalisma, ny sosialisma) sy ny eto an-toerana (ohatra ny fitsipika, ny lamina na ny andrim-panjakana misy) eo amin\u2019ny fivoaran\u2019ny fifandirana.\u00a0 Izany fifandraisana avy any ivelany sy ny eto an-toerana izany eto Madagasikara dia miseho amin\u2019ny endrika maro mety ho hita amin\u2019ny fomba fanao sy \u00a0ny hevitra ary ny soatoavina.<\/p>\n<p><img loading=\"lazy\" decoding=\"async\" class=\"wp-image-324 size-thumbnail aligncenter\" src=\"https:\/\/research.reading.ac.uk\/madagascar-hybricon\/wp-content\/uploads\/sites\/258\/2022\/01\/20211214_142717400-1-150x150.jpg\" alt=\"Landscape Hybricon\" width=\"150\" height=\"150\" \/><\/p>\n<p style=\"text-align: center\">\u00a9 Hybricon<\/p>\n<p>Nisedra tsy fifankahazoana na fifanandrinana miaty fahasamihafana Madagasikara hatramin\u2019ny vanim-potoanan\u2019ny fanjanahan-tany (ohatra: amin\u2019ny fotoana fisian\u2019ny fifanoherana ara-pirehan-kevitra dia iray na roa no maty; rehefa misy fifanandrinana mivantana kosa anefa dia eo amin\u2019ny olona 100 hatramin\u2019ny 1000 no maty)\u00a0 Hatramin\u2019izao aloha dia tsy afaka nanazava ny antony mahatonga ireo\u00a0 tsy fitovian\u2019ny vokatry ny fisehon\u2019ny fifandirana ireo araka ny toerana sy ny fotoana isehoany isika. Ny fisokafan\u2019ny firenena malagasy amin\u2019ny firenen-kafa dia hita soritra eo amin\u2019ny kolon-tsainy, sy ny firehan-keviny ary koa ny fomba fitantanany. Io fifandraisana amin\u2019ny any ivelany io dia miteraka trangam-piarahamonina samihafa ahitana fiaraha-miasa, fifanekena, fanilihana, fanoherana an-dalam-be izay mety miafara amin\u2019ny herisetra. Na dia eo aza ny fandrosoan\u2019ny voka-pikarohana maro tato ho ato \u00a0avy amin&#8217;ny fandalinana ny \u00a0any ivelany sy ny eto an-toerana toy ny fananganana andrimpanjakana, ny fomba fanao, ny soatoavina (izay mampiseho endrika fifangaroan\u2019ny avy any ivelany sy ny eto an-toerana), kely dia kely no fantatra mahakasika ny fiantraikan&#8217;izany amin\u2019ny zotra raisin\u2019ny fivoaran\u2019ny fifandirana ao an-toerana.<\/p>\n<p>Hamaly ireto fanontaniana manaraka ireto ny mpiara-miasa ao amin\u2019ny HYBRICON:<\/p>\n<ol>\n<li><strong>Inona avy ireo tranga ao ambadiky ny fifandraisan\u2019ny avy any ivelany sy ny eto an-toerana, (ny fiforonan\u2019ny rafitra, ny andrim-panjakana, ny fomba fanao ary ny soatoavina eto Madagasikara)<\/strong><\/li>\n<li><strong>Inona no fiantraikan&#8217;ireo fifandraisana\u00a0 ireo eo amin&#8217;ny fivoaran\u2019ny\u00a0 fifanandrinana eto an-toerana toy ny fihombony, ny fihenany, ary koa ny faharetan\u2019ny trangam-pifanandrinana izay miseho eo amin&#8217;ny firenena?<\/strong><\/li>\n<\/ol>\n<p>Ity tetikasa fikarohana ity\u00a0 dia hanohanana ny hevitra mahakasika ny fiovaovana sy ny fahasamihafan\u2019&#8217;ny dingan&#8217;ny fifandirana eo amin\u2019ny faritra roa samihafa eto an-toerana (Ohatra hoe ny eto afovoan-tany sy any amin\u2019ny sisiny). Misy akony ary\u00a0 mifehy ny fironan\u2019ny fifanandrinana eto an-toerana izany.<\/p>\n<p>Ny mpiara-miasa eto anivon\u2019ny Hybricon dia hiantsoroka sehatr\u2019asa roa: ny iray ara-kevitra (hitrandraka ny hevitra fonosin\u2019ny fifandraisan\u2019ny avy any ivelany sy ny eto an-toerana\u00a0 ary\u00a0 ny endrika maro isehoan\u2019izany) izay mitaky fikirakirana tahiry avy amin\u2019ny arsiva. Ny iray fijerena sy fanadihadiana ifotony (manombana ny fiantraikan\u2019ny fifandraisana eo amin\u2019ny fivoaran\u2019ny fifampiandaniana) \u00a0hamoahana tahirin-kevitra vaovao sy fehin-kevitra miainga avy any ifotony amin\u2019ny alalan\u2019ny fikarakarana fifanankalozan-kevitra sy\u00a0 \u201catrik\u2019asa fitantarana\u201d hanasana ireo mpisehatra eto an-toerana izahay. Izany dia mba hanehoany ny heviny sy hitantarany amin\u2019ny fombany manokana ny mahakasika ny fandriampahalemana sy fifanandrinana eto an-toerana, anisan\u2019ireo ny solon-tenan\u2019ny fokonolona.<\/p>\n<p>Voalohany, misy fiantraikany lehibe eo amin&#8217;ny fikarohana ny teoria ao ambadiky ny fifampikasohan\u2019ny any ivelany sy ny eto an-toerana ity tetikasa ity amin&#8217;ny alalan&#8217;ny fanolorana tolo-kevitra mikasika ny any ivelany izay tsy mijanona amin\u2019ny fahatakarana fotsiny ihany mahakasika ny lamina liberaly irery. Faharoa, ny fitantarana azo avy amin\u2019ny mpandray anjara dia hanampy betsaka amin&#8217;ny fahazoana ny ao ambadik\u2019ireo fifandirana nifanesy teto amin&#8217;ity firenena ity. Hanome porofo avy any ifotony ity fikarohana ity ary hanampy ireo mpiantsehatra izay misahana ny fametrahana ny fandriampahalemana ary koa ireo mamolavola vahaolana momba ny fifandirana.<\/p>\n<p>Ity tetikasa ity dia hanampy ny any ifotony ary hanome lanja ny fahafahan&#8217;ny vondrom-piarahamonina eto an-toerana hiasa, hahaleo tena fa tsy hoe mpandray fotsiny ihany. Ambonin\u2019izany, hanome fitenenana ny olona eo antoerana amin\u2019ny alalanny fitantarana koa ity tetikasa ity. Fomba iray hanomezana fahefana ireo mpiantsehatra ao an-toerana izany mba hahafahan&#8217;izy ireo mandray an-tanana ny fandriampahalemana ao an-toerana. Hitondra tombontsoa ho an&#8217;ny fiarahamonina Malagasy izany ary hisy fiantraikany mahomby eo amin&#8217;izao tontolo izao.[\/vc_column_text][\/vc_tta_section][vc_tta_section i_type=&#8221;typicons&#8221; i_icon_typicons=&#8221;typcn typcn-lightbulb&#8221; add_icon=&#8221;true&#8221; title=&#8221;English&#8221; tab_id=&#8221;1641821029792-a49bf540-0bb1&#8243;][vc_column_text]HYBRICON is a project studying the impacts of hybridisation processes on conflict trajectories in Madagascar. Hybridisation processes involve a formation of international (liberal\/ illiberal) and local institutions, practices and values.<\/p>\n<p><img loading=\"lazy\" decoding=\"async\" class=\"wp-image-324 size-thumbnail aligncenter\" src=\"https:\/\/research.reading.ac.uk\/madagascar-hybricon\/wp-content\/uploads\/sites\/258\/2022\/01\/20211214_142717400-1-150x150.jpg\" alt=\"Landscape Hybricon\" width=\"150\" height=\"150\" \/><\/p>\n<p style=\"text-align: center\">\u00a9 Hybricon<\/p>\n<p>Madagascar has experienced regular episodes of conflict with various stages since the colonial period. So far, the Malagasy have not been able to explain why the conflict trajectories vary to such a great extent at the national level. This country has been in contact with external actors, their cultures and ideologies, or their modes of governance. These interactions between the local and the international created various situations involving, for example, collaboration, acceptance, rejection, clashes and even high levels of violence. Despite the recent advances in the study of processes of hybridisation involving the formation of &#8220;international\/ liberal and local\/ non-liberal institutions, practices and values, very little is understood regarding the way in which these processes affect local conflict trajectories.<\/p>\n<p>HYBRICON will respond to the following questions:<\/p>\n<ol>\n<li><strong>What are the dynamics behind hybridisation, namely the formation of international (liberal\/ illiberal) and local\/ non-liberal institutions, practices and values in Madagascar?<\/strong><\/li>\n<li><strong style=\"letter-spacing: 0.08px\">How do these dynamics affect the local conflict trajectories such as escalation, de-escalation, and protraction of conflict stages in the country?<\/strong><\/li>\n<\/ol>\n<p>This project argues that the variations in the processes of hybridisation at the local level in two Malagasy localities have led to various conflict outcomes shaping the local conflict trajectories.<\/p>\n<p>HYBRICON will engage in two different types of work: one is conceptual (exploring hybridity and hybridisation) which will require archival research both in Madagascar and in France. And the other is empirical (assessing its impact on conflict trajectories) entailing the generation of new primary and bottom-up data on these processes through the organisation of &#8220;narrative workshops&#8221; during which local stakeholders, including representatives from the communities, will be invited to tell their own narratives about peace and conflict.<\/p>\n<p>On the one hand, this project has important implications for theories of hybridisation by proposing a theoretical and conceptual understanding of the international, going beyond the liberal order. On the other hand, the local narratives that it will generate through a methodology called Delphi technique, allowing the collection of narratives through participatory focus groups, will help to understand the conflict dynamics in this country. The research will provide bottom-up-based evidence that will help actors involved in peace processes to shape solutions as they address conflicts, and in the same vein, help them develop better policy processes at different levels. Its originality also lies in the fact that it recognizes the capacity of the local communities to act as agents of change not as mere recipients while giving voice to these local narratives. This is one way of empowering local actors so that they can appropriate local peace processes. This will benefit Malagasy society and have an impact in the wider world.[\/vc_column_text][\/vc_tta_section][vc_tta_section i_type=&#8221;typicons&#8221; i_icon_typicons=&#8221;typcn typcn-lightbulb&#8221; add_icon=&#8221;true&#8221; title=&#8221;Fran\u00e7ais&#8221; tab_id=&#8221;1641821032297-fa361fbd-9fc7&#8243;][vc_column_text]HYBRICON est un projet qui \u00e9tudie les impacts des processus d\u2019hybridation sur les trajectoires de conflit \u00e0 Madagascar. Les processus d\u2019hybridation impliquent la formation d\u2019institutions, de pratiques ou de valeurs qui combinent des traits venant de l\u2019 \u00ab\u00a0International\u00a0\u00bb (qui peuvent \u00eatre lib\u00e9ral \/ illib\u00e9ral) et du local.<\/p>\n<p><img loading=\"lazy\" decoding=\"async\" class=\"wp-image-324 size-thumbnail aligncenter\" src=\"https:\/\/research.reading.ac.uk\/madagascar-hybricon\/wp-content\/uploads\/sites\/258\/2022\/01\/20211214_142717400-1-150x150.jpg\" alt=\"Landscape Hybricon\" width=\"150\" height=\"150\" \/><\/p>\n<p style=\"text-align: center\">\u00a9 Hybricon<\/p>\n<p>Madagascar a connu des \u00e9pisodes r\u00e9guli\u00e8res de conflits \u00e0 diff\u00e9rents stades depuis la p\u00e9riode coloniale. Jusqu\u2019\u00e0 pr\u00e9sent, les Malgaches n\u2019ont pas \u00e9t\u00e9 en mesure d\u2019expliquer pourquoi les trajectoires du conflit varient autant au niveau national. Ce pays a \u00e9t\u00e9 en contact avec des acteurs ext\u00e9rieurs, leurs cultures et id\u00e9ologies, ou leurs modes de gouvernance. Ces interactions entre le local et l\u2019international ont cr\u00e9\u00e9 diverses situations impliquant des r\u00e9actions telles que la collaboration, l\u2019acceptation, le rejet, des affrontements et m\u00eame des niveaux \u00e9lev\u00e9s de violence. Malgr\u00e9 les progr\u00e8s r\u00e9cents dans l\u2019\u00e9tude des processus d\u2019hybridation impliquant la formation \u00ab d\u2019institutions, de pratiques et de valeurs internationales (lib\u00e9rales\/non lib\u00e9rales) et locales, tr\u00e8s peu de choses sont comprises quant \u00e0 la mani\u00e8re dont ces processus affectent les trajectoires de conflit locaux.<\/p>\n<p>HYBRICON r\u00e9pond aux questions suivantes:<\/p>\n<ol>\n<li><strong>Quelles sont les dynamiques derri\u00e8re l\u2019hybridation, \u00e0 savoir la formation d\u2019institutions, de pratiques et de valeurs combinant des traits venant de l\u2019international (lib\u00e9ral\/ illib\u00e9ral) et du local \u00e0 Madagascar ?<\/strong><\/li>\n<li><strong>Comment ces dynamiques affectent-elles les trajectoires de conflit locaux telles que l\u2019escalade, la d\u00e9sescalade et la protraction des niveaux de conflit dans le pays?<\/strong><\/li>\n<\/ol>\n<p>Ce projet sugg\u00e8re que les variations des processus d\u2019hybridation au niveau local dans deux localit\u00e9s \u00e0 Madagascar (le centre et la p\u00e9riph\u00e9rie ) ont conduit \u00e0 divers impacts fa\u00e7onnant les trajectoires de conflit locaux.<\/p>\n<p>L\u2019\u00e9quipe d\u2019 HYBRICON s\u2019engagera dans deux types de travaux diff\u00e9rents : l\u2019un est conceptuel (exploration de l\u2019hybridit\u00e9 et de l\u2019hybridation) qui n\u00e9cessitera des recherches de documents d\u2019archives. Et l\u2019autre est empirique (\u00e9valuation des impacts des processus d\u2019hybridation sur les trajectoires de conflit) impliquant la g\u00e9n\u00e9ration de nouvelles donn\u00e9es primaires et ascendantes\/ participatives sur ces processus gr\u00e2ce \u00e0 l\u2019organisation d&#8217;\u00ab ateliers narratifs \u00bb au cours desquels les parties prenantes, y compris les repr\u00e9sentants des communaut\u00e9s, seront invit\u00e9es \u00e0 raconter leurs propres r\u00e9cits sur la paix et les conflits.<\/p>\n<p>D\u2019une part, ce projet a des implications importantes pour les th\u00e9ories de l\u2019hybridation en proposant une compr\u00e9hension th\u00e9orique et conceptuelle de l\u2019international allant au-del\u00e0 de l\u2019ordre lib\u00e9ral. D\u2019autre part, les r\u00e9cits locaux qu\u2019il g\u00e9n\u00e9rera gr\u00e2ce \u00e0 une m\u00e9thodologie appel\u00e9e technique Delphi, permettant la collecte de r\u00e9cits par le biais de groupes de discussions participatives, aideront \u00e0 comprendre la dynamique des conflits dans ce pays. La recherche fournira des preuves ascendantes qui aideront les acteurs impliqu\u00e9s dans les processus de paix \u00e0 fa\u00e7onner des solutions \u00e0 r\u00e9soudre les conflits et, dans le m\u00eame ordre d\u2019id\u00e9es, les aideront \u00e0 \u00e9laborer de meilleurs processus de d\u00e9veloppement de politiques publiques. Son originalit\u00e9 r\u00e9side aussi dans le fait qu\u2019il reconna\u00eet la capacit\u00e9 des communaut\u00e9s locales \u00e0 agir en tant qu\u2019agents de changement et non en tant que simples destinataires tout en donnant la parole \u00e0 ces r\u00e9cits locaux. C\u2019est un moyen d\u2019autonomiser les acteurs locaux afin qu\u2019ils puissent s\u2019approprier les processus de paix locaux. Cela profitera \u00e0 la soci\u00e9t\u00e9 malgache et aura un impact dans le monde entier.<\/p>\n<p>.[\/vc_column_text][\/vc_tta_section][\/vc_tta_tabs][\/vc_column][\/vc_row][vc_row][vc_column][vc_video link=&#8221;https:\/\/youtu.be\/mcly1wAEJ0g&#8221; align=&#8221;center&#8221; title=&#8221;Fampahafantarana an&#8217;i Hybricon &#8211; Introducing Hybricon &#8211; A propos de Hybricon&#8221; css=&#8221;.vc_custom_1642084474452{border-radius: 20px !important;}&#8221;][\/vc_column][\/vc_row]<\/p>\n","protected":false},"excerpt":{"rendered":"<p>[vc_row][vc_column][vc_tta_tabs style=&#8221;modern&#8221; color=&#8221;turquoise&#8221; spacing=&#8221;20&#8243; gap=&#8221;20&#8243; alignment=&#8221;center&#8221; active_section=&#8221;3&#8243; pagination_style=&#8221;flat-rounded&#8221; pagination_color=&#8221;purple&#8221; no_fill_content_area=&#8221;true&#8221; css=&#8221;.vc_custom_1642085063617{border-radius: 25px !important;}&#8221;][vc_tta_section i_type=&#8221;entypo&#8221; i_icon_entypo=&#8221;entypo-icon entypo-icon-lamp&#8221; add_icon=&#8221;true&#8221; title=&#8221;Malagasy&#8221; tab_id=&#8221;1641821029782-cabba549-e1a1&#8243;][vc_column_text]HYBRICON dia tetik\u2019asa fikarohana mandalina ny fiantraikan&#8217;nyfifandraisan ny any ivelany (ohatra ny&#8230;<a class=\"read-more\" href=\"&#104;&#116;&#116;&#112;&#115;&#58;&#47;&#47;&#114;&#101;&#115;&#101;&#97;&#114;&#99;&#104;&#46;&#114;&#101;&#97;&#100;&#105;&#110;&#103;&#46;&#97;&#99;&#46;&#117;&#107;&#47;&#109;&#97;&#100;&#97;&#103;&#97;&#115;&#99;&#97;&#114;&#45;&#104;&#121;&#98;&#114;&#105;&#99;&#111;&#110;&#47;&#97;&#98;&#111;&#117;&#116;&#104;&#121;&#98;&#114;&#105;&#99;&#111;&#110;&#47;\">Read More ><\/a><\/p>\n","protected":false},"author":593,"featured_media":220,"parent":0,"menu_order":0,"comment_status":"closed","ping_status":"closed","template":"","meta":{"_acf_changed":false,"om_disable_all_campaigns":false,"_monsterinsights_skip_tracking":false,"_monsterinsights_sitenote_active":false,"_monsterinsights_sitenote_note":"","_monsterinsights_sitenote_category":0,"_uf_show_specific_survey":0,"_uf_disable_surveys":false,"__cvm_playback_settings":[],"__cvm_video_id":"","footnotes":""},"coauthors":[11],"class_list":["post-2","page","type-page","status-publish","has-post-thumbnail","hentry"],"acf":[],"aioseo_notices":[],"yoast_head":"<!-- This site is optimized with the Yoast SEO plugin v21.8.1 - https:\/\/yoast.com\/wordpress\/plugins\/seo\/ -->\n<title>HYBRICON: the project - madagascar-Hybricon<\/title>\n<meta name=\"description\" content=\"Hybricon is a project that examines the effects of hybridization on conflicts trajectories in Madagascar. Hybridization is a phenomenon involving the interactions between the local and the international, creating various situations such as collaboration, acceptance, rejection, clashes and even high levels of violence.\" \/>\n<meta name=\"robots\" content=\"index, follow, max-snippet:-1, max-image-preview:large, max-video-preview:-1\" \/>\n<link rel=\"canonical\" href=\"https:\/\/research.reading.ac.uk\/madagascar-hybricon\/abouthybricon\/\" \/>\n<meta property=\"og:locale\" content=\"en_GB\" \/>\n<meta property=\"og:type\" content=\"article\" \/>\n<meta property=\"og:title\" content=\"HYBRICON: the project - madagascar-Hybricon\" \/>\n<meta property=\"og:description\" content=\"Hybricon is a project that examines the effects of hybridization on conflicts trajectories in Madagascar. Hybridization is a phenomenon involving the interactions between the local and the international, creating various situations such as collaboration, acceptance, rejection, clashes and even high levels of violence.\" \/>\n<meta property=\"og:url\" content=\"https:\/\/research.reading.ac.uk\/madagascar-hybricon\/abouthybricon\/\" \/>\n<meta property=\"og:site_name\" content=\"madagascar-Hybricon\" \/>\n<meta property=\"article:modified_time\" content=\"2022-02-04T17:54:31+00:00\" \/>\n<meta property=\"og:image\" content=\"https:\/\/research.reading.ac.uk\/madagascar-hybricon\/wp-content\/uploads\/sites\/258\/2022\/01\/HYBRICON_Real-scaled.jpg\" \/>\n\t<meta property=\"og:image:width\" content=\"1920\" \/>\n\t<meta property=\"og:image:height\" content=\"2560\" \/>\n\t<meta property=\"og:image:type\" content=\"image\/jpeg\" \/>\n<meta name=\"twitter:card\" content=\"summary_large_image\" \/>\n<meta name=\"twitter:label1\" content=\"Estimated reading time\" \/>\n\t<meta name=\"twitter:data1\" content=\"8 minutes\" \/>\n\t<meta name=\"twitter:label2\" content=\"Written by\" \/>\n\t<meta name=\"twitter:data2\" content=\"Velomahanina Razakamaharavo\" \/>\n<script type=\"application\/ld+json\" class=\"yoast-schema-graph\">{\"@context\":\"https:\/\/schema.org\",\"@graph\":[{\"@type\":\"WebPage\",\"@id\":\"https:\/\/research.reading.ac.uk\/madagascar-hybricon\/abouthybricon\/\",\"url\":\"https:\/\/research.reading.ac.uk\/madagascar-hybricon\/abouthybricon\/\",\"name\":\"HYBRICON: the project - madagascar-Hybricon\",\"isPartOf\":{\"@id\":\"https:\/\/research.reading.ac.uk\/madagascar-hybricon\/#website\"},\"datePublished\":\"2018-05-25T08:06:47+00:00\",\"dateModified\":\"2022-02-04T17:54:31+00:00\",\"description\":\"Hybricon is a project that examines the effects of hybridization on conflicts trajectories in Madagascar. Hybridization is a phenomenon involving the interactions between the local and the international, creating various situations such as collaboration, acceptance, rejection, clashes and even high levels of violence.\",\"breadcrumb\":{\"@id\":\"https:\/\/research.reading.ac.uk\/madagascar-hybricon\/abouthybricon\/#breadcrumb\"},\"inLanguage\":\"en-GB\",\"potentialAction\":[{\"@type\":\"ReadAction\",\"target\":[\"https:\/\/research.reading.ac.uk\/madagascar-hybricon\/abouthybricon\/\"]}]},{\"@type\":\"BreadcrumbList\",\"@id\":\"https:\/\/research.reading.ac.uk\/madagascar-hybricon\/abouthybricon\/#breadcrumb\",\"itemListElement\":[{\"@type\":\"ListItem\",\"position\":1,\"name\":\"Home\",\"item\":\"https:\/\/research.reading.ac.uk\/madagascar-hybricon\/\"},{\"@type\":\"ListItem\",\"position\":2,\"name\":\"HYBRICON: the project\"}]},{\"@type\":\"WebSite\",\"@id\":\"https:\/\/research.reading.ac.uk\/madagascar-hybricon\/#website\",\"url\":\"https:\/\/research.reading.ac.uk\/madagascar-hybricon\/\",\"name\":\"madagascar-Hybricon\",\"description\":\"Ny fihavananay: miara-manorina anaty filaminana.\",\"potentialAction\":[{\"@type\":\"SearchAction\",\"target\":{\"@type\":\"EntryPoint\",\"urlTemplate\":\"https:\/\/research.reading.ac.uk\/madagascar-hybricon\/?s={search_term_string}\"},\"query-input\":\"required name=search_term_string\"}],\"inLanguage\":\"en-GB\"}]}<\/script>\n<!-- \/ Yoast SEO plugin. -->","yoast_head_json":{"title":"HYBRICON: the project - madagascar-Hybricon","description":"Hybricon is a project that examines the effects of hybridization on conflicts trajectories in Madagascar. Hybridization is a phenomenon involving the interactions between the local and the international, creating various situations such as collaboration, acceptance, rejection, clashes and even high levels of violence.","robots":{"index":"index","follow":"follow","max-snippet":"max-snippet:-1","max-image-preview":"max-image-preview:large","max-video-preview":"max-video-preview:-1"},"canonical":"https:\/\/research.reading.ac.uk\/madagascar-hybricon\/abouthybricon\/","og_locale":"en_GB","og_type":"article","og_title":"HYBRICON: the project - madagascar-Hybricon","og_description":"Hybricon is a project that examines the effects of hybridization on conflicts trajectories in Madagascar. Hybridization is a phenomenon involving the interactions between the local and the international, creating various situations such as collaboration, acceptance, rejection, clashes and even high levels of violence.","og_url":"https:\/\/research.reading.ac.uk\/madagascar-hybricon\/abouthybricon\/","og_site_name":"madagascar-Hybricon","article_modified_time":"2022-02-04T17:54:31+00:00","og_image":[{"width":1920,"height":2560,"url":"https:\/\/research.reading.ac.uk\/madagascar-hybricon\/wp-content\/uploads\/sites\/258\/2022\/01\/HYBRICON_Real-scaled.jpg","type":"image\/jpeg"}],"twitter_card":"summary_large_image","twitter_misc":{"Estimated reading time":"8 minutes","Written by":"Velomahanina Razakamaharavo"},"schema":{"@context":"https:\/\/schema.org","@graph":[{"@type":"WebPage","@id":"https:\/\/research.reading.ac.uk\/madagascar-hybricon\/abouthybricon\/","url":"https:\/\/research.reading.ac.uk\/madagascar-hybricon\/abouthybricon\/","name":"HYBRICON: the project - madagascar-Hybricon","isPartOf":{"@id":"https:\/\/research.reading.ac.uk\/madagascar-hybricon\/#website"},"datePublished":"2018-05-25T08:06:47+00:00","dateModified":"2022-02-04T17:54:31+00:00","description":"Hybricon is a project that examines the effects of hybridization on conflicts trajectories in Madagascar. Hybridization is a phenomenon involving the interactions between the local and the international, creating various situations such as collaboration, acceptance, rejection, clashes and even high levels of violence.","breadcrumb":{"@id":"https:\/\/research.reading.ac.uk\/madagascar-hybricon\/abouthybricon\/#breadcrumb"},"inLanguage":"en-GB","potentialAction":[{"@type":"ReadAction","target":["https:\/\/research.reading.ac.uk\/madagascar-hybricon\/abouthybricon\/"]}]},{"@type":"BreadcrumbList","@id":"https:\/\/research.reading.ac.uk\/madagascar-hybricon\/abouthybricon\/#breadcrumb","itemListElement":[{"@type":"ListItem","position":1,"name":"Home","item":"https:\/\/research.reading.ac.uk\/madagascar-hybricon\/"},{"@type":"ListItem","position":2,"name":"HYBRICON: the project"}]},{"@type":"WebSite","@id":"https:\/\/research.reading.ac.uk\/madagascar-hybricon\/#website","url":"https:\/\/research.reading.ac.uk\/madagascar-hybricon\/","name":"madagascar-Hybricon","description":"Ny fihavananay: miara-manorina anaty filaminana.","potentialAction":[{"@type":"SearchAction","target":{"@type":"EntryPoint","urlTemplate":"https:\/\/research.reading.ac.uk\/madagascar-hybricon\/?s={search_term_string}"},"query-input":"required name=search_term_string"}],"inLanguage":"en-GB"}]}},"_links":{"self":[{"href":"https:\/\/research.reading.ac.uk\/madagascar-hybricon\/wp-json\/wp\/v2\/pages\/2","targetHints":{"allow":["GET"]}}],"collection":[{"href":"https:\/\/research.reading.ac.uk\/madagascar-hybricon\/wp-json\/wp\/v2\/pages"}],"about":[{"href":"https:\/\/research.reading.ac.uk\/madagascar-hybricon\/wp-json\/wp\/v2\/types\/page"}],"author":[{"embeddable":true,"href":"https:\/\/research.reading.ac.uk\/madagascar-hybricon\/wp-json\/wp\/v2\/users\/593"}],"replies":[{"embeddable":true,"href":"https:\/\/research.reading.ac.uk\/madagascar-hybricon\/wp-json\/wp\/v2\/comments?post=2"}],"version-history":[{"count":12,"href":"https:\/\/research.reading.ac.uk\/madagascar-hybricon\/wp-json\/wp\/v2\/pages\/2\/revisions"}],"predecessor-version":[{"id":397,"href":"https:\/\/research.reading.ac.uk\/madagascar-hybricon\/wp-json\/wp\/v2\/pages\/2\/revisions\/397"}],"wp:featuredmedia":[{"embeddable":true,"href":"https:\/\/research.reading.ac.uk\/madagascar-hybricon\/wp-json\/wp\/v2\/media\/220"}],"wp:attachment":[{"href":"https:\/\/research.reading.ac.uk\/madagascar-hybricon\/wp-json\/wp\/v2\/media?parent=2"}],"wp:term":[{"taxonomy":"author","embeddable":true,"href":"https:\/\/research.reading.ac.uk\/madagascar-hybricon\/wp-json\/wp\/v2\/coauthors?post=2"}],"curies":[{"name":"wp","href":"https:\/\/api.w.org\/{rel}","templated":true}]}}