{"id":494,"date":"2025-06-06T15:10:32","date_gmt":"2025-06-06T14:10:32","guid":{"rendered":"https:\/\/research.reading.ac.uk\/marine-ecosystem\/?page_id=494"},"modified":"2025-06-07T12:38:24","modified_gmt":"2025-06-07T11:38:24","slug":"media-outreach","status":"publish","type":"page","link":"https:\/\/research.reading.ac.uk\/marine-ecosystem\/media-outreach\/","title":{"rendered":"Media &amp; Outreach"},"content":{"rendered":"<h4><\/h4>\n<h4 class=\"uort-entry-title\">Measuring ocean biological carbon from space &#8211; Dr S. Roy<\/h4>\n<p><iframe loading=\"lazy\" title=\"Measuring ocean biological carbon from space with Shovonlal Roy\" width=\"640\" height=\"360\" src=\"https:\/\/www.youtube.com\/embed\/K8GSqUUrvO0?feature=oembed\" frameborder=\"0\" allow=\"accelerometer; autoplay; clipboard-write; encrypted-media; gyroscope; picture-in-picture; web-share\" referrerpolicy=\"strict-origin-when-cross-origin\" allowfullscreen><\/iframe><\/p>\n<hr \/>\n<p>&nbsp;<\/p>\n<p><strong>Why Animals shrink over time &#8211; Dr S. Roy<\/strong><\/p>\n<p><iframe loading=\"lazy\" title=\"Why animals shrink over time\" width=\"640\" height=\"360\" src=\"https:\/\/www.youtube.com\/embed\/fpciDepbwlc?feature=oembed\" frameborder=\"0\" allow=\"accelerometer; autoplay; clipboard-write; encrypted-media; gyroscope; picture-in-picture; web-share\" referrerpolicy=\"strict-origin-when-cross-origin\" allowfullscreen><\/iframe><\/p>\n<p>&nbsp;<\/p>\n<hr \/>\n<h3>Selected media engagements<\/h3>\n<ul>\n<li>\n<h4>Newstalk Futureproof (2024) interview <a href=\"https:\/\/www.newstalk.com\/podcasts\/futureproof-with-jonathan-mccrea\/extra-why-are-animals-the-size-they-are\">\u201cWhy are animals the size they are?&#8221;<\/a><\/h4>\n<\/li>\n<li>\n<h4>Featured interview in Popular Science (2024)<a href=\"https:\/\/www.popsci.com\/environment\/evolutionary-theory-shrinking-animals\/\"> \u201cA new evolutionary theory could explain the mystery of shrinking animals\u201d<\/a><\/h4>\n<\/li>\n<li>\n<h4>Featured interview in Deutsche Welle (2024) <a href=\"https:\/\/www.dw.com\/en\/why-big-animals-got-smaller-even-before-climate-change\/a-68011736#:~:text=%22Habitat%20destruction%20due%20to%20climate,may%20eventually%20lead%20to%20extinction.\">\u201cWhy big animals are getting smaller\u201d<\/a><\/h4>\n<\/li>\n<li>\n<h4>Featured Interview in Sciences et Avenir (2024) <a href=\"https:\/\/www.sciencesetavenir.fr\/archeo-paleo\/evolution\/une-nouvelle-theorie-de-l-evolution-explique-pourquoi-les-animaux-retrecissent_176410\">\u201cUne nouvelle th\u00e9orie de l\u2019\u00e9volution explique pourquoi les animaux r\u00e9tr\u00e9cissent\u201d<\/a><\/h4>\n<\/li>\n<li>\n<h4>Feature article in Discover Magazine (2024) <a href=\"https:\/\/www.discovermagazine.com\/planet-earth\/island-lizards-shrink-and-horses-get-bigger-because-of-these-evolutionary\">\u201cIsland Lizards Shrink and Horses Get Bigger Because of These Evolutionary Patterns\u201d<\/a><\/h4>\n<\/li>\n<li>\n<h4>Featured article in Neuroscience News (2024) <a href=\"https:\/\/neurosciencenews.com\/evolution-ecology-size-25483\/\">\u201cShrinking Evolution: Ecology Influences Animal Size\u201d<\/a><\/h4>\n<\/li>\n<li>\n<h4>Featured article in Earth Dot Com (2024) <a href=\"https:\/\/www.earth.com\/news\/shrinking-giants-unraveling-the-evolution-of-animal-size\/\">\u201cShrinking giants: Unraveling the evolution of animal size\u201d<\/a><\/h4>\n<\/li>\n<li>\n<h4>Featured article Financial Times (2023) <a href=\"https:\/\/www.ft.com\/content\/98d5ed6e-de66-41e0-8771-1af34bc4334a\">\u201cMissing ice and bleached coral: the sudden warming of the oceans\u201d<\/a><\/h4>\n<\/li>\n<li>\n<h4>UoR Press Release &amp; ScienceDaily (2024) <a href=\"https:\/\/www.sciencedaily.com\/releases\/2024\/01\/240118122207.htm\">\u201cWhy animals shrink over time explained with new evolution theory\u201d<\/a><\/h4>\n<\/li>\n<li>\n<h4>UoR Engagement &amp; Impact Featured article (2022) <a href=\"https:\/\/research.reading.ac.uk\/engagement-and-impact\/measuring-ocean-biological-carbon-from-space\/\">\u201cMeasuring ocean biological carbon from space\u201d<\/a><\/h4>\n<\/li>\n<li>\n<h4>UoR Planet Partner Featured article (2021)<a href=\"https:\/\/www.reading.ac.uk\/news\/2021\/university-news\/pr856763\"> \u201cSustainable underwater ecosystems supported by Reading research\u201d<\/a><\/h4>\n<\/li>\n<li>\n<h4>UoR Press Release and Featured in Phys.org (2018) <a href=\"https:\/\/archive.reading.ac.uk\/news-events\/2018\/February\/pr757063.html#:~:text=Nutrition%20study%20reveals%20instability%20in%20world%27s%20most%20important%20fishing%20regions,-12%20February%202018&amp;text=Ocean%20food%20resources%20are%20most,a%20new%20study%20has%20revealed.\">\u201cNutrition study reveals instability in world\u2019s most important fishing regions\u201d<\/a><\/h4>\n<\/li>\n<li>\n<h4>Featured article in NCEO News (2017) \u201cNew research uses satellite data to measure carbon in oceanic phytoplankton\u201d<\/h4>\n<\/li>\n<\/ul>\n<h4><\/h4>\n<p>&nbsp;<\/p>\n<p>&nbsp;<\/p>\n<p>&nbsp;<\/p>\n<p>&nbsp;<\/p>\n<p>&nbsp;<\/p>\n","protected":false},"excerpt":{"rendered":"<p>Measuring ocean biological carbon from space &#8211; Dr S. Roy &nbsp; Why Animals shrink over time &#8211; Dr S. Roy &nbsp; Selected media engagements Newstalk Futureproof (2024) interview \u201cWhy are&#8230;<a class=\"read-more\" href=\"&#104;&#116;&#116;&#112;&#115;&#58;&#47;&#47;&#114;&#101;&#115;&#101;&#97;&#114;&#99;&#104;&#46;&#114;&#101;&#97;&#100;&#105;&#110;&#103;&#46;&#97;&#99;&#46;&#117;&#107;&#47;&#109;&#97;&#114;&#105;&#110;&#101;&#45;&#101;&#99;&#111;&#115;&#121;&#115;&#116;&#101;&#109;&#47;&#109;&#101;&#100;&#105;&#97;&#45;&#111;&#117;&#116;&#114;&#101;&#97;&#99;&#104;&#47;\">Read More ><\/a><\/p>\n","protected":false},"author":114,"featured_media":0,"parent":0,"menu_order":0,"comment_status":"closed","ping_status":"closed","template":"","meta":{"_acf_changed":false,"_monsterinsights_skip_tracking":false,"_monsterinsights_sitenote_active":false,"_monsterinsights_sitenote_note":"","_monsterinsights_sitenote_category":0,"__cvm_playback_settings":[],"__cvm_video_id":"","footnotes":""},"class_list":["post-494","page","type-page","status-publish","hentry"],"acf":[],"yoast_head":"<!-- This site is optimized with the Yoast SEO plugin v21.8.1 - https:\/\/yoast.com\/wordpress\/plugins\/seo\/ -->\n<title>Media &amp; Outreach - Marine Ecosystem Science Research @Reading<\/title>\n<meta name=\"robots\" content=\"index, follow, max-snippet:-1, max-image-preview:large, max-video-preview:-1\" \/>\n<link rel=\"canonical\" href=\"https:\/\/research.reading.ac.uk\/marine-ecosystem\/media-outreach\/\" \/>\n<meta property=\"og:locale\" content=\"en_GB\" \/>\n<meta property=\"og:type\" content=\"article\" \/>\n<meta property=\"og:title\" content=\"Media &amp; Outreach - Marine Ecosystem Science Research @Reading\" \/>\n<meta property=\"og:description\" content=\"Measuring ocean biological carbon from space &#8211; Dr S. Roy &nbsp; Why Animals shrink over time &#8211; Dr S. Roy &nbsp; Selected media engagements Newstalk Futureproof (2024) interview \u201cWhy are...Read More &gt;\" \/>\n<meta property=\"og:url\" content=\"https:\/\/research.reading.ac.uk\/marine-ecosystem\/media-outreach\/\" \/>\n<meta property=\"og:site_name\" content=\"Marine Ecosystem Science Research @Reading\" \/>\n<meta property=\"article:modified_time\" content=\"2025-06-07T11:38:24+00:00\" \/>\n<meta name=\"twitter:card\" content=\"summary_large_image\" \/>\n<meta name=\"twitter:label1\" content=\"Estimated reading time\" \/>\n\t<meta name=\"twitter:data1\" content=\"1 minute\" \/>\n<script type=\"application\/ld+json\" class=\"yoast-schema-graph\">{\"@context\":\"https:\/\/schema.org\",\"@graph\":[{\"@type\":\"WebPage\",\"@id\":\"https:\/\/research.reading.ac.uk\/marine-ecosystem\/media-outreach\/\",\"url\":\"https:\/\/research.reading.ac.uk\/marine-ecosystem\/media-outreach\/\",\"name\":\"Media &amp; Outreach - Marine Ecosystem Science Research @Reading\",\"isPartOf\":{\"@id\":\"https:\/\/research.reading.ac.uk\/marine-ecosystem\/#website\"},\"datePublished\":\"2025-06-06T14:10:32+00:00\",\"dateModified\":\"2025-06-07T11:38:24+00:00\",\"breadcrumb\":{\"@id\":\"https:\/\/research.reading.ac.uk\/marine-ecosystem\/media-outreach\/#breadcrumb\"},\"inLanguage\":\"en-GB\",\"potentialAction\":[{\"@type\":\"ReadAction\",\"target\":[\"https:\/\/research.reading.ac.uk\/marine-ecosystem\/media-outreach\/\"]}]},{\"@type\":\"BreadcrumbList\",\"@id\":\"https:\/\/research.reading.ac.uk\/marine-ecosystem\/media-outreach\/#breadcrumb\",\"itemListElement\":[{\"@type\":\"ListItem\",\"position\":1,\"name\":\"Home\",\"item\":\"https:\/\/research.reading.ac.uk\/marine-ecosystem\/\"},{\"@type\":\"ListItem\",\"position\":2,\"name\":\"Media &amp; Outreach\"}]},{\"@type\":\"WebSite\",\"@id\":\"https:\/\/research.reading.ac.uk\/marine-ecosystem\/#website\",\"url\":\"https:\/\/research.reading.ac.uk\/marine-ecosystem\/\",\"name\":\"Marine Ecosystem Science Research @Reading\",\"description\":\"\",\"potentialAction\":[{\"@type\":\"SearchAction\",\"target\":{\"@type\":\"EntryPoint\",\"urlTemplate\":\"https:\/\/research.reading.ac.uk\/marine-ecosystem\/?s={search_term_string}\"},\"query-input\":\"required name=search_term_string\"}],\"inLanguage\":\"en-GB\"}]}<\/script>\n<!-- \/ Yoast SEO plugin. -->","yoast_head_json":{"title":"Media &amp; Outreach - Marine Ecosystem Science Research @Reading","robots":{"index":"index","follow":"follow","max-snippet":"max-snippet:-1","max-image-preview":"max-image-preview:large","max-video-preview":"max-video-preview:-1"},"canonical":"https:\/\/research.reading.ac.uk\/marine-ecosystem\/media-outreach\/","og_locale":"en_GB","og_type":"article","og_title":"Media &amp; Outreach - Marine Ecosystem Science Research @Reading","og_description":"Measuring ocean biological carbon from space &#8211; Dr S. Roy &nbsp; Why Animals shrink over time &#8211; Dr S. Roy &nbsp; Selected media engagements Newstalk Futureproof (2024) interview \u201cWhy are...Read More >","og_url":"https:\/\/research.reading.ac.uk\/marine-ecosystem\/media-outreach\/","og_site_name":"Marine Ecosystem Science Research @Reading","article_modified_time":"2025-06-07T11:38:24+00:00","twitter_card":"summary_large_image","twitter_misc":{"Estimated reading time":"1 minute"},"schema":{"@context":"https:\/\/schema.org","@graph":[{"@type":"WebPage","@id":"https:\/\/research.reading.ac.uk\/marine-ecosystem\/media-outreach\/","url":"https:\/\/research.reading.ac.uk\/marine-ecosystem\/media-outreach\/","name":"Media &amp; Outreach - Marine Ecosystem Science Research @Reading","isPartOf":{"@id":"https:\/\/research.reading.ac.uk\/marine-ecosystem\/#website"},"datePublished":"2025-06-06T14:10:32+00:00","dateModified":"2025-06-07T11:38:24+00:00","breadcrumb":{"@id":"https:\/\/research.reading.ac.uk\/marine-ecosystem\/media-outreach\/#breadcrumb"},"inLanguage":"en-GB","potentialAction":[{"@type":"ReadAction","target":["https:\/\/research.reading.ac.uk\/marine-ecosystem\/media-outreach\/"]}]},{"@type":"BreadcrumbList","@id":"https:\/\/research.reading.ac.uk\/marine-ecosystem\/media-outreach\/#breadcrumb","itemListElement":[{"@type":"ListItem","position":1,"name":"Home","item":"https:\/\/research.reading.ac.uk\/marine-ecosystem\/"},{"@type":"ListItem","position":2,"name":"Media &amp; Outreach"}]},{"@type":"WebSite","@id":"https:\/\/research.reading.ac.uk\/marine-ecosystem\/#website","url":"https:\/\/research.reading.ac.uk\/marine-ecosystem\/","name":"Marine Ecosystem Science Research @Reading","description":"","potentialAction":[{"@type":"SearchAction","target":{"@type":"EntryPoint","urlTemplate":"https:\/\/research.reading.ac.uk\/marine-ecosystem\/?s={search_term_string}"},"query-input":"required name=search_term_string"}],"inLanguage":"en-GB"}]}},"_links":{"self":[{"href":"https:\/\/research.reading.ac.uk\/marine-ecosystem\/wp-json\/wp\/v2\/pages\/494","targetHints":{"allow":["GET"]}}],"collection":[{"href":"https:\/\/research.reading.ac.uk\/marine-ecosystem\/wp-json\/wp\/v2\/pages"}],"about":[{"href":"https:\/\/research.reading.ac.uk\/marine-ecosystem\/wp-json\/wp\/v2\/types\/page"}],"author":[{"embeddable":true,"href":"https:\/\/research.reading.ac.uk\/marine-ecosystem\/wp-json\/wp\/v2\/users\/114"}],"replies":[{"embeddable":true,"href":"https:\/\/research.reading.ac.uk\/marine-ecosystem\/wp-json\/wp\/v2\/comments?post=494"}],"version-history":[{"count":6,"href":"https:\/\/research.reading.ac.uk\/marine-ecosystem\/wp-json\/wp\/v2\/pages\/494\/revisions"}],"predecessor-version":[{"id":514,"href":"https:\/\/research.reading.ac.uk\/marine-ecosystem\/wp-json\/wp\/v2\/pages\/494\/revisions\/514"}],"wp:attachment":[{"href":"https:\/\/research.reading.ac.uk\/marine-ecosystem\/wp-json\/wp\/v2\/media?parent=494"}],"curies":[{"name":"wp","href":"https:\/\/api.w.org\/{rel}","templated":true}]}}