{"id":246,"date":"2022-07-13T15:50:02","date_gmt":"2022-07-13T14:50:02","guid":{"rendered":"https:\/\/research.reading.ac.uk\/progression-primary-languages\/?page_id=246"},"modified":"2023-12-12T08:33:39","modified_gmt":"2023-12-12T08:33:39","slug":"rot-gelb-year-3-and-year-4","status":"publish","type":"page","link":"https:\/\/research.reading.ac.uk\/progression-primary-languages\/key-stage-2-german-resources\/rot-gelb-year-3-and-year-4\/","title":{"rendered":"Year 3 and Year 4 German (Rot\/Gelb)"},"content":{"rendered":"<p>Here you can find the termly overview of the contexts for learning, the phonics, vocabulary and structures included in each term. Follow the term links (Autumn, Spring, Summer) to get to the lesson resources.<\/p>\n<p>Links will become &#8216;live&#8217; as the materials become available.<\/p>\n<p><strong>The full scheme of work is available to <a href=\"https:\/\/research.reading.ac.uk\/progression-primary-languages\/wp-content\/uploads\/sites\/275\/2023\/12\/German_KS2_SOW_05.02.24_Website.xlsx\">download here<\/a>.<\/strong> <em>The scheme of work will be updated periodically, therefore, please check back regularly to download the most up-to-date version.<\/em><\/p>\n<p>Please get in touch via email (PiPL@reading.ac.uk) if you have any questions about the resources. We&#8217;d also love to hear from you if you and your school are using the resources!<\/p>\n<table style=\"width: 100%\">\n<tbody>\n<tr>\n<td style=\"border-style: solid;border-color: #000000;width: 32.9857%;text-align: center\">\n<h2><span style=\"font-size: 14pt\"><a href=\"https:\/\/research.reading.ac.uk\/progression-primary-languages\/key-stage-2-german-resources\/rot-gelb-year-3-and-year-4\/year-3-and-year-4-german-rot-gelb-autumn-term\/\">Autumn term<\/a><\/span><\/h2>\n<p>Half-term 1:\u00a0Describing me and others<\/p>\n<p>Half-term 2: Saying what I and others have<\/p>\n<p><strong>Phonics:<\/strong> the SSC (sound-symbol correspondences) taught this term are: long &amp; short forms of [a] [e] [i] [o] [u]; [ei] &amp; [ie]; [w] [z]; soft &amp; hard [ch]<\/p>\n<p><strong>Vocabulary:<\/strong> greetings, personal pronouns, question words, nouns for people, adjectives to describe things, colours, nouns for possessions, &#8216;That is not my&#8230;&#8217; story<\/p>\n<p><strong>Grammar:<\/strong> sein (singular), subject-verb inversion with questions, definite and indefinite articles (singular, nominative), possessive adjective (singular), negation (nicht + adverb \/ definite article \/ possessive adjective), capitalisation of nouns<\/td>\n<td style=\"border-style: solid;border-color: #000000;width: 35.3555%;text-align: center\">\n<h2><a href=\"https:\/\/research.reading.ac.uk\/progression-primary-languages\/key-stage-2-german-resources\/rot-gelb-year-3-and-year-4\/year-3-and-year-4-german-rot-gelb-spring-term\/\"><span style=\"font-size: 14pt\">Spring term<\/span><\/a><\/h2>\n<p>Half-term 1: Talking about things and things to do<\/p>\n<p>Half-term 2: Talking about things and things to do<\/p>\n<p><strong>Phonics:<\/strong> the SSC (sound-symbol correspondences) taught this term are: [\u00e4] [\u00f6] [\u00fc] [au] [eu|\u00e4u] [sch] [sp] [st] [s-] [-s-] [\u00df] [ss] [-s]<\/p>\n<p><strong>Vocabulary:<\/strong> nouns for people and objects, verbs and nouns for activities<\/p>\n<p><strong>Grammar:<\/strong> Negation with &#8216;kein&#8217;, feminine person nouns (+in), &#8216;haben&#8217; (singular), definite and indefinite articles (singular, accusative), compound nouns, present tense weak verbs (singular), plural noun patterns<\/p>\n<p>&nbsp;<\/td>\n<td style=\"border-style: solid;border-color: #000000;width: 30.9005%;text-align: center\">\n<h2><a href=\"https:\/\/research.reading.ac.uk\/progression-primary-languages\/key-stage-2-german-resources\/rot-gelb-year-3-and-year-4\/year-3-and-year-4-german-rot-gelb-summer-term\/\"><span style=\"font-size: 14pt\">Summer term<\/span><\/a><\/h2>\n<p>Half-term 1: Talking about activities and events<\/p>\n<p>Half-term 2: Talking about activities and events<\/p>\n<p><strong>Phonics:<\/strong> the SSC (sound-symbol correspondences) taught this term are: [v] [r] [er-] [-er] [-ig] [-g] [-d] [-b] [-tion] [th]<\/p>\n<p><strong>Vocabulary:<\/strong> days of the week, months of the year, verbs and nouns for activities, describing family members<\/p>\n<p><strong>Grammar:<\/strong> present tense simple versus continuous, negation after verbs with &#8216;nicht&#8217;, two-verb structures with modal verbs, possessive adjectives (accusative)<\/p>\n<p>&nbsp;<\/td>\n<\/tr>\n<\/tbody>\n<\/table>\n<p>When you click on Autumn, Spring, Summer you will get to separate pages, each with the layout of the SOW for that term.<\/p>\n<p>&nbsp;<\/p>\n<p>All resources are licensed as CC BY-NC-SA 4.0.<\/p>\n<p><img loading=\"lazy\" decoding=\"async\" class=\"alignright\" src=\"https:\/\/research.reading.ac.uk\/progression-primary-languages\/wp-content\/uploads\/sites\/275\/2022\/07\/Cc-by-nc-sa_icon.svg_.png\" alt=\"Creative commons license logo\" width=\"271\" height=\"95\" \/>This means that you can:<\/p>\n<ul>\n<li>Share and use the material<\/li>\n<li>Edit and build from the material<\/li>\n<\/ul>\n<p>As long as you:<\/p>\n<ol>\n<li>\u201cBY\u201d Attribute, say who the work is \u201cby\u201d. A proper attribution for an edited resource could look like this: \u201cThis resource is based on Y3_4_rouge_t1_w1_lesson (by Kr\u00fcsemann, Heike; Hawkes, Rachel), licensed under CC BY-NC-SA 4.0.\u201d Note that it links to: (A) the resource (B) the owner and (C) the license.<\/li>\n<li>\u201cNC\u201d Are using it for non-commercial activity, ie do not earn any money from your use of the materials. For example, these resources can be used at free talks with our license, but not in paid talks.<\/li>\n<li>\u201cSA\u201d Assign the same license CC BY-NC-SA 4.0 to anything you create, meaning the material is \u201cshared alike\u201d<\/li>\n<\/ol>\n<p>Artwork is by Steve Clarke. All additional pictures selected are available under a Creative Commons license, no attribution required.<\/p>\n","protected":false},"excerpt":{"rendered":"<p>Here you can find the termly overview of the contexts for learning, the phonics, vocabulary and structures included in each term. Follow the term links (Autumn, Spring, Summer) to get&#8230;<a class=\"read-more\" href=\"&#104;&#116;&#116;&#112;&#115;&#58;&#47;&#47;&#114;&#101;&#115;&#101;&#97;&#114;&#99;&#104;&#46;&#114;&#101;&#97;&#100;&#105;&#110;&#103;&#46;&#97;&#99;&#46;&#117;&#107;&#47;&#112;&#114;&#111;&#103;&#114;&#101;&#115;&#115;&#105;&#111;&#110;&#45;&#112;&#114;&#105;&#109;&#97;&#114;&#121;&#45;&#108;&#97;&#110;&#103;&#117;&#97;&#103;&#101;&#115;&#47;&#107;&#101;&#121;&#45;&#115;&#116;&#97;&#103;&#101;&#45;&#50;&#45;&#103;&#101;&#114;&#109;&#97;&#110;&#45;&#114;&#101;&#115;&#111;&#117;&#114;&#99;&#101;&#115;&#47;&#114;&#111;&#116;&#45;&#103;&#101;&#108;&#98;&#45;&#121;&#101;&#97;&#114;&#45;&#51;&#45;&#97;&#110;&#100;&#45;&#121;&#101;&#97;&#114;&#45;&#52;&#47;\">Read More ><\/a><\/p>\n","protected":false},"author":658,"featured_media":0,"parent":233,"menu_order":0,"comment_status":"closed","ping_status":"closed","template":"","meta":{"_acf_changed":false,"om_disable_all_campaigns":false,"_monsterinsights_skip_tracking":false,"_monsterinsights_sitenote_active":false,"_monsterinsights_sitenote_note":"","_monsterinsights_sitenote_category":0,"_uf_show_specific_survey":0,"_uf_disable_surveys":false,"__cvm_playback_settings":[],"__cvm_video_id":"","footnotes":""},"coauthors":[11],"class_list":["post-246","page","type-page","status-publish","hentry"],"acf":[],"aioseo_notices":[],"yoast_head":"<!-- This site is optimized with the Yoast SEO plugin v21.8.1 - https:\/\/yoast.com\/wordpress\/plugins\/seo\/ -->\n<title>Year 3 and Year 4 German (Rot\/Gelb) - Progression in Primary Languages<\/title>\n<meta name=\"robots\" content=\"index, follow, max-snippet:-1, max-image-preview:large, max-video-preview:-1\" \/>\n<link rel=\"canonical\" href=\"https:\/\/research.reading.ac.uk\/progression-primary-languages\/key-stage-2-german-resources\/rot-gelb-year-3-and-year-4\/\" \/>\n<meta property=\"og:locale\" content=\"en_GB\" \/>\n<meta property=\"og:type\" content=\"article\" \/>\n<meta property=\"og:title\" content=\"Year 3 and Year 4 German (Rot\/Gelb) - Progression in Primary Languages\" \/>\n<meta property=\"og:description\" content=\"Here you can find the termly overview of the contexts for learning, the phonics, vocabulary and structures included in each term. Follow the term links (Autumn, Spring, Summer) to get...Read More &gt;\" \/>\n<meta property=\"og:url\" content=\"https:\/\/research.reading.ac.uk\/progression-primary-languages\/key-stage-2-german-resources\/rot-gelb-year-3-and-year-4\/\" \/>\n<meta property=\"og:site_name\" content=\"Progression in Primary Languages\" \/>\n<meta property=\"article:modified_time\" content=\"2023-12-12T08:33:39+00:00\" \/>\n<meta property=\"og:image\" content=\"https:\/\/research.reading.ac.uk\/progression-primary-languages\/wp-content\/uploads\/sites\/275\/2022\/07\/Cc-by-nc-sa_icon.svg_.png\" \/>\n<meta name=\"twitter:card\" content=\"summary_large_image\" \/>\n<meta name=\"twitter:label1\" content=\"Estimated reading time\" \/>\n\t<meta name=\"twitter:data1\" content=\"3 minutes\" \/>\n\t<meta name=\"twitter:label2\" content=\"Written by\" \/>\n\t<meta name=\"twitter:data2\" content=\"Rowena Kasprowicz\" \/>\n<script type=\"application\/ld+json\" class=\"yoast-schema-graph\">{\"@context\":\"https:\/\/schema.org\",\"@graph\":[{\"@type\":\"WebPage\",\"@id\":\"https:\/\/research.reading.ac.uk\/progression-primary-languages\/key-stage-2-german-resources\/rot-gelb-year-3-and-year-4\/\",\"url\":\"https:\/\/research.reading.ac.uk\/progression-primary-languages\/key-stage-2-german-resources\/rot-gelb-year-3-and-year-4\/\",\"name\":\"Year 3 and Year 4 German (Rot\/Gelb) - Progression in Primary Languages\",\"isPartOf\":{\"@id\":\"https:\/\/research.reading.ac.uk\/progression-primary-languages\/#website\"},\"datePublished\":\"2022-07-13T14:50:02+00:00\",\"dateModified\":\"2023-12-12T08:33:39+00:00\",\"breadcrumb\":{\"@id\":\"https:\/\/research.reading.ac.uk\/progression-primary-languages\/key-stage-2-german-resources\/rot-gelb-year-3-and-year-4\/#breadcrumb\"},\"inLanguage\":\"en-GB\",\"potentialAction\":[{\"@type\":\"ReadAction\",\"target\":[\"https:\/\/research.reading.ac.uk\/progression-primary-languages\/key-stage-2-german-resources\/rot-gelb-year-3-and-year-4\/\"]}]},{\"@type\":\"BreadcrumbList\",\"@id\":\"https:\/\/research.reading.ac.uk\/progression-primary-languages\/key-stage-2-german-resources\/rot-gelb-year-3-and-year-4\/#breadcrumb\",\"itemListElement\":[{\"@type\":\"ListItem\",\"position\":1,\"name\":\"Home\",\"item\":\"https:\/\/research.reading.ac.uk\/progression-primary-languages\/\"},{\"@type\":\"ListItem\",\"position\":2,\"name\":\"Key Stage 2 German Scheme of Work and Resources\",\"item\":\"https:\/\/research.reading.ac.uk\/progression-primary-languages\/key-stage-2-german-resources\/\"},{\"@type\":\"ListItem\",\"position\":3,\"name\":\"Year 3 and Year 4 German (Rot\/Gelb)\"}]},{\"@type\":\"WebSite\",\"@id\":\"https:\/\/research.reading.ac.uk\/progression-primary-languages\/#website\",\"url\":\"https:\/\/research.reading.ac.uk\/progression-primary-languages\/\",\"name\":\"Progression in Primary Languages\",\"description\":\"A longitudinal study of language learning in primary school\",\"potentialAction\":[{\"@type\":\"SearchAction\",\"target\":{\"@type\":\"EntryPoint\",\"urlTemplate\":\"https:\/\/research.reading.ac.uk\/progression-primary-languages\/?s={search_term_string}\"},\"query-input\":\"required name=search_term_string\"}],\"inLanguage\":\"en-GB\"}]}<\/script>\n<!-- \/ Yoast SEO plugin. -->","yoast_head_json":{"title":"Year 3 and Year 4 German (Rot\/Gelb) - Progression in Primary Languages","robots":{"index":"index","follow":"follow","max-snippet":"max-snippet:-1","max-image-preview":"max-image-preview:large","max-video-preview":"max-video-preview:-1"},"canonical":"https:\/\/research.reading.ac.uk\/progression-primary-languages\/key-stage-2-german-resources\/rot-gelb-year-3-and-year-4\/","og_locale":"en_GB","og_type":"article","og_title":"Year 3 and Year 4 German (Rot\/Gelb) - Progression in Primary Languages","og_description":"Here you can find the termly overview of the contexts for learning, the phonics, vocabulary and structures included in each term. Follow the term links (Autumn, Spring, Summer) to get...Read More >","og_url":"https:\/\/research.reading.ac.uk\/progression-primary-languages\/key-stage-2-german-resources\/rot-gelb-year-3-and-year-4\/","og_site_name":"Progression in Primary Languages","article_modified_time":"2023-12-12T08:33:39+00:00","og_image":[{"url":"https:\/\/research.reading.ac.uk\/progression-primary-languages\/wp-content\/uploads\/sites\/275\/2022\/07\/Cc-by-nc-sa_icon.svg_.png"}],"twitter_card":"summary_large_image","twitter_misc":{"Estimated reading time":"3 minutes","Written by":"Rowena Kasprowicz"},"schema":{"@context":"https:\/\/schema.org","@graph":[{"@type":"WebPage","@id":"https:\/\/research.reading.ac.uk\/progression-primary-languages\/key-stage-2-german-resources\/rot-gelb-year-3-and-year-4\/","url":"https:\/\/research.reading.ac.uk\/progression-primary-languages\/key-stage-2-german-resources\/rot-gelb-year-3-and-year-4\/","name":"Year 3 and Year 4 German (Rot\/Gelb) - Progression in Primary Languages","isPartOf":{"@id":"https:\/\/research.reading.ac.uk\/progression-primary-languages\/#website"},"datePublished":"2022-07-13T14:50:02+00:00","dateModified":"2023-12-12T08:33:39+00:00","breadcrumb":{"@id":"https:\/\/research.reading.ac.uk\/progression-primary-languages\/key-stage-2-german-resources\/rot-gelb-year-3-and-year-4\/#breadcrumb"},"inLanguage":"en-GB","potentialAction":[{"@type":"ReadAction","target":["https:\/\/research.reading.ac.uk\/progression-primary-languages\/key-stage-2-german-resources\/rot-gelb-year-3-and-year-4\/"]}]},{"@type":"BreadcrumbList","@id":"https:\/\/research.reading.ac.uk\/progression-primary-languages\/key-stage-2-german-resources\/rot-gelb-year-3-and-year-4\/#breadcrumb","itemListElement":[{"@type":"ListItem","position":1,"name":"Home","item":"https:\/\/research.reading.ac.uk\/progression-primary-languages\/"},{"@type":"ListItem","position":2,"name":"Key Stage 2 German Scheme of Work and Resources","item":"https:\/\/research.reading.ac.uk\/progression-primary-languages\/key-stage-2-german-resources\/"},{"@type":"ListItem","position":3,"name":"Year 3 and Year 4 German (Rot\/Gelb)"}]},{"@type":"WebSite","@id":"https:\/\/research.reading.ac.uk\/progression-primary-languages\/#website","url":"https:\/\/research.reading.ac.uk\/progression-primary-languages\/","name":"Progression in Primary Languages","description":"A longitudinal study of language learning in primary school","potentialAction":[{"@type":"SearchAction","target":{"@type":"EntryPoint","urlTemplate":"https:\/\/research.reading.ac.uk\/progression-primary-languages\/?s={search_term_string}"},"query-input":"required name=search_term_string"}],"inLanguage":"en-GB"}]}},"_links":{"self":[{"href":"https:\/\/research.reading.ac.uk\/progression-primary-languages\/wp-json\/wp\/v2\/pages\/246","targetHints":{"allow":["GET"]}}],"collection":[{"href":"https:\/\/research.reading.ac.uk\/progression-primary-languages\/wp-json\/wp\/v2\/pages"}],"about":[{"href":"https:\/\/research.reading.ac.uk\/progression-primary-languages\/wp-json\/wp\/v2\/types\/page"}],"author":[{"embeddable":true,"href":"https:\/\/research.reading.ac.uk\/progression-primary-languages\/wp-json\/wp\/v2\/users\/658"}],"replies":[{"embeddable":true,"href":"https:\/\/research.reading.ac.uk\/progression-primary-languages\/wp-json\/wp\/v2\/comments?post=246"}],"version-history":[{"count":11,"href":"https:\/\/research.reading.ac.uk\/progression-primary-languages\/wp-json\/wp\/v2\/pages\/246\/revisions"}],"predecessor-version":[{"id":1291,"href":"https:\/\/research.reading.ac.uk\/progression-primary-languages\/wp-json\/wp\/v2\/pages\/246\/revisions\/1291"}],"up":[{"embeddable":true,"href":"https:\/\/research.reading.ac.uk\/progression-primary-languages\/wp-json\/wp\/v2\/pages\/233"}],"wp:attachment":[{"href":"https:\/\/research.reading.ac.uk\/progression-primary-languages\/wp-json\/wp\/v2\/media?parent=246"}],"wp:term":[{"taxonomy":"author","embeddable":true,"href":"https:\/\/research.reading.ac.uk\/progression-primary-languages\/wp-json\/wp\/v2\/coauthors?post=246"}],"curies":[{"name":"wp","href":"https:\/\/api.w.org\/{rel}","templated":true}]}}