{"id":249,"date":"2022-07-13T15:51:23","date_gmt":"2022-07-13T14:51:23","guid":{"rendered":"https:\/\/research.reading.ac.uk\/progression-primary-languages\/?page_id=249"},"modified":"2023-12-12T08:34:15","modified_gmt":"2023-12-12T08:34:15","slug":"year-5-and-year-6-blau-grun","status":"publish","type":"page","link":"https:\/\/research.reading.ac.uk\/progression-primary-languages\/key-stage-2-german-resources\/year-5-and-year-6-blau-grun\/","title":{"rendered":"Year 5 and Year 6 German (Blau\/Gr\u00fcn)"},"content":{"rendered":"<p>Here you can find the termly overview of the contexts for learning, the phonics, vocabulary and structures included in each term. Follow the term links (Autumn, Spring, Summer) to get to the lesson resources.<\/p>\n<p>Links will become &#8216;live&#8217; as the materials become available.<\/p>\n<p><strong>The full scheme of work is available to d<a href=\"https:\/\/research.reading.ac.uk\/progression-primary-languages\/wp-content\/uploads\/sites\/275\/2023\/12\/German_KS2_SOW_05.02.24_Website.xlsx\">ownload here<\/a>.<\/strong> <em>The scheme of work will be updated periodically, therefore, please check back regularly to download the most up-to-date version.<\/em><\/p>\n<p>Please get in touch via email (PiPL@reading.ac.uk) if you have any questions about the resources. We&#8217;d also love to hear from you if you and your school are using the resources!<\/p>\n<table class=\" aligncenter\">\n<tbody>\n<tr>\n<td style=\"text-align: center\">\n<h2><a href=\"https:\/\/research.reading.ac.uk\/progression-primary-languages\/key-stage-2-german-resources\/year-5-and-year-6-blau-grun\/blau-grun-autumn-term\/\"><span style=\"font-size: 14pt\">Autumn term<\/span><\/a><\/h2>\n<p>Half-term 1: Interacting with people in a variety of contexts (e.g. Online-Austausch, Klassenfahrt, birthday party, events, quiz)<\/p>\n<p>Half-term 2: Interacting with people in a variety of contexts (e.g. in different countries, in school, with young children and friends)<\/p>\n<p><strong>Phonics: <\/strong>the SSC (sound-symbol correspondences) taught this term are: long &amp; short forms of [a] [e] [i] [o] [u]; [ei] &amp; [ie]; [w] [z]; soft &amp; hard [ch]<\/p>\n<p><strong>Vocabulary:<\/strong> describing locations, nouns for people, nouns and verbs for activities, nouns for objects<\/p>\n<p><strong>Grammar:\u00a0<\/strong>&#8216;sein&#8217; and &#8216;haben&#8217; (plural), modal verb &#8216;m\u00f6gen&#8217; (singular), present tense weak verbs (plural), present tense strong verbs (singular), preposition &#8216;in&#8217; + location (dative), plural noun patterns, negation with &#8216;keine&#8217; (plural), &#8216;dies-&#8216; (nominative), compounds<\/td>\n<td style=\"text-align: center\">\n<h2 style=\"text-align: center\"><a href=\"https:\/\/research.reading.ac.uk\/progression-primary-languages\/key-stage-2-german-resources\/year-5-and-year-6-blau-grun\/year-5-and-year-6-german-blau-grun-spring-term\/\"><span style=\"font-size: 14pt\">Spring term<\/span><\/a><\/h2>\n<p>Half-term 1: Exploring places, people and ideas (e.g. Germany and Switzerland, class survey, Online-Austausch)<\/p>\n<p>Half-term 2: Exploring places, people and ideas (e.g. , fundraising, sports day, Klassenfahrt, weekend activities)<\/p>\n<p><strong>Phonics:<\/strong> the SSC (sound-symbol correspondences) taught this term are: [\u00e4] [\u00f6] [\u00fc] [au] [eu|\u00e4u] [sch] [sp] [sf] [s-] [-s-] [\u00df] [ss] [-s]<\/p>\n<p><strong>Vocabulary:<\/strong> describing locations\/destinations (e.g. north, south, east, west), verbs and nouns for activities, describing school, places around town<\/p>\n<p><strong>Grammar:<\/strong> word order (verb-second), present tense weak verbs (singular and plural), present tense strong verbs (singular), preposition &#8216;in&#8217; with movement (accusative) and without movement (dative), two-verb structures with &#8216;gehen&#8217;<\/td>\n<td style=\"text-align: center\">&nbsp;<\/p>\n<h2><a href=\"https:\/\/research.reading.ac.uk\/progression-primary-languages\/key-stage-2-german-resources\/year-5-and-year-6-blau-grun\/year-5-and-year-6-german-blau-grun-summer-term\/\"><span style=\"font-size: 14pt\">Summer term<\/span><\/a><\/h2>\n<p>Half-term 1: Experiences at home and away (e.g. Karneval, Fasching, weekend and holiday plans)<\/p>\n<p>Half-term 2: Going on holiday, helping at home, holiday activities<\/p>\n<p><strong>Phonics:<\/strong> the SSC (sound-symbol correspondences) taught this term are:<br \/>\n[v] [r] [er-] [-er] [-ig] [-g] -d] [-b] [-tion] [th]<\/p>\n<p><strong>Vocabulary:<\/strong> Everyday states and feelings, verbs and nouns for activities, describing locations\/destinations (e.g. north, south, east, west)<\/p>\n<p><strong>Grammar:<\/strong> &#8216;haben&#8217; with meaning &#8216;be&#8217;, prepositions &#8216;nach&#8217; and &#8216;zu&#8217;, future meaning with present tense + future time adverbials, possessive adjectives in nominative case (sein, ihr), present tense modal verbs, infinitive clauses with &#8216;zu&#8217;<\/p>\n<p>&nbsp;<\/td>\n<\/tr>\n<\/tbody>\n<\/table>\n<p>When you click on Autumn, Spring, Summer you will get to separate pages, each with the layout of the SOW for that term.<\/p>\n<p>&nbsp;<\/p>\n<p>All resources are licensed as CC BY-NC-SA 4.0.<\/p>\n<p><img loading=\"lazy\" decoding=\"async\" class=\"alignright\" src=\"https:\/\/research.reading.ac.uk\/progression-primary-languages\/wp-content\/uploads\/sites\/275\/2022\/07\/Cc-by-nc-sa_icon.svg_.png\" alt=\"Creative commons license logo\" width=\"271\" height=\"95\" \/>This means that you can:<\/p>\n<ul>\n<li>Share and use the material<\/li>\n<li>Edit and build from the material<\/li>\n<\/ul>\n<p>As long as you:<\/p>\n<ol>\n<li>\u201cBY\u201d Attribute, say who the work is \u201cby\u201d. A proper attribution for an edited resource could look like this: \u201cThis resource is based on Y3_4_rouge_t1_w1_lesson (by Kr\u00fcsemann, Heike; Hawkes, Rachel), licensed under CC BY-NC-SA 4.0.\u201d Note that it links to: (A) the resource (B) the owner and (C) the license.<\/li>\n<li>\u201cNC\u201d Are using it for non-commercial activity, ie do not earn any money from your use of the materials. For example, these resources can be used at free talks with our license, but not in paid talks.<\/li>\n<li>\u201cSA\u201d Assign the same license CC BY-NC-SA 4.0 to anything you create, meaning the material is \u201cshared alike\u201d<\/li>\n<\/ol>\n<p>Artwork is by Steve Clarke. All additional pictures selected are available under a Creative Commons license, no attribution required.<\/p>\n","protected":false},"excerpt":{"rendered":"<p>Here you can find the termly overview of the contexts for learning, the phonics, vocabulary and structures included in each term. Follow the term links (Autumn, Spring, Summer) to get&#8230;<a class=\"read-more\" href=\"&#104;&#116;&#116;&#112;&#115;&#58;&#47;&#47;&#114;&#101;&#115;&#101;&#97;&#114;&#99;&#104;&#46;&#114;&#101;&#97;&#100;&#105;&#110;&#103;&#46;&#97;&#99;&#46;&#117;&#107;&#47;&#112;&#114;&#111;&#103;&#114;&#101;&#115;&#115;&#105;&#111;&#110;&#45;&#112;&#114;&#105;&#109;&#97;&#114;&#121;&#45;&#108;&#97;&#110;&#103;&#117;&#97;&#103;&#101;&#115;&#47;&#107;&#101;&#121;&#45;&#115;&#116;&#97;&#103;&#101;&#45;&#50;&#45;&#103;&#101;&#114;&#109;&#97;&#110;&#45;&#114;&#101;&#115;&#111;&#117;&#114;&#99;&#101;&#115;&#47;&#121;&#101;&#97;&#114;&#45;&#53;&#45;&#97;&#110;&#100;&#45;&#121;&#101;&#97;&#114;&#45;&#54;&#45;&#98;&#108;&#97;&#117;&#45;&#103;&#114;&#117;&#110;&#47;\">Read More ><\/a><\/p>\n","protected":false},"author":658,"featured_media":0,"parent":233,"menu_order":2,"comment_status":"closed","ping_status":"closed","template":"","meta":{"_acf_changed":false,"om_disable_all_campaigns":false,"_monsterinsights_skip_tracking":false,"_monsterinsights_sitenote_active":false,"_monsterinsights_sitenote_note":"","_monsterinsights_sitenote_category":0,"_uf_show_specific_survey":0,"_uf_disable_surveys":false,"__cvm_playback_settings":[],"__cvm_video_id":"","footnotes":""},"coauthors":[11],"class_list":["post-249","page","type-page","status-publish","hentry"],"acf":[],"aioseo_notices":[],"yoast_head":"<!-- This site is optimized with the Yoast SEO plugin v21.8.1 - https:\/\/yoast.com\/wordpress\/plugins\/seo\/ -->\n<title>Year 5 and Year 6 German (Blau\/Gr\u00fcn) - Progression in Primary Languages<\/title>\n<meta name=\"robots\" content=\"index, follow, max-snippet:-1, max-image-preview:large, max-video-preview:-1\" \/>\n<link rel=\"canonical\" href=\"https:\/\/research.reading.ac.uk\/progression-primary-languages\/key-stage-2-german-resources\/year-5-and-year-6-blau-grun\/\" \/>\n<meta property=\"og:locale\" content=\"en_GB\" \/>\n<meta property=\"og:type\" content=\"article\" \/>\n<meta property=\"og:title\" content=\"Year 5 and Year 6 German (Blau\/Gr\u00fcn) - Progression in Primary Languages\" \/>\n<meta property=\"og:description\" content=\"Here you can find the termly overview of the contexts for learning, the phonics, vocabulary and structures included in each term. Follow the term links (Autumn, Spring, Summer) to get...Read More &gt;\" \/>\n<meta property=\"og:url\" content=\"https:\/\/research.reading.ac.uk\/progression-primary-languages\/key-stage-2-german-resources\/year-5-and-year-6-blau-grun\/\" \/>\n<meta property=\"og:site_name\" content=\"Progression in Primary Languages\" \/>\n<meta property=\"article:modified_time\" content=\"2023-12-12T08:34:15+00:00\" \/>\n<meta property=\"og:image\" content=\"https:\/\/research.reading.ac.uk\/progression-primary-languages\/wp-content\/uploads\/sites\/275\/2022\/07\/Cc-by-nc-sa_icon.svg_.png\" \/>\n<meta name=\"twitter:card\" content=\"summary_large_image\" \/>\n<meta name=\"twitter:label1\" content=\"Estimated reading time\" \/>\n\t<meta name=\"twitter:data1\" content=\"3 minutes\" \/>\n\t<meta name=\"twitter:label2\" content=\"Written by\" \/>\n\t<meta name=\"twitter:data2\" content=\"Rowena Kasprowicz\" \/>\n<script type=\"application\/ld+json\" class=\"yoast-schema-graph\">{\"@context\":\"https:\/\/schema.org\",\"@graph\":[{\"@type\":\"WebPage\",\"@id\":\"https:\/\/research.reading.ac.uk\/progression-primary-languages\/key-stage-2-german-resources\/year-5-and-year-6-blau-grun\/\",\"url\":\"https:\/\/research.reading.ac.uk\/progression-primary-languages\/key-stage-2-german-resources\/year-5-and-year-6-blau-grun\/\",\"name\":\"Year 5 and Year 6 German (Blau\/Gr\u00fcn) - Progression in Primary Languages\",\"isPartOf\":{\"@id\":\"https:\/\/research.reading.ac.uk\/progression-primary-languages\/#website\"},\"datePublished\":\"2022-07-13T14:51:23+00:00\",\"dateModified\":\"2023-12-12T08:34:15+00:00\",\"breadcrumb\":{\"@id\":\"https:\/\/research.reading.ac.uk\/progression-primary-languages\/key-stage-2-german-resources\/year-5-and-year-6-blau-grun\/#breadcrumb\"},\"inLanguage\":\"en-GB\",\"potentialAction\":[{\"@type\":\"ReadAction\",\"target\":[\"https:\/\/research.reading.ac.uk\/progression-primary-languages\/key-stage-2-german-resources\/year-5-and-year-6-blau-grun\/\"]}]},{\"@type\":\"BreadcrumbList\",\"@id\":\"https:\/\/research.reading.ac.uk\/progression-primary-languages\/key-stage-2-german-resources\/year-5-and-year-6-blau-grun\/#breadcrumb\",\"itemListElement\":[{\"@type\":\"ListItem\",\"position\":1,\"name\":\"Home\",\"item\":\"https:\/\/research.reading.ac.uk\/progression-primary-languages\/\"},{\"@type\":\"ListItem\",\"position\":2,\"name\":\"Key Stage 2 German Scheme of Work and Resources\",\"item\":\"https:\/\/research.reading.ac.uk\/progression-primary-languages\/key-stage-2-german-resources\/\"},{\"@type\":\"ListItem\",\"position\":3,\"name\":\"Year 5 and Year 6 German (Blau\/Gr\u00fcn)\"}]},{\"@type\":\"WebSite\",\"@id\":\"https:\/\/research.reading.ac.uk\/progression-primary-languages\/#website\",\"url\":\"https:\/\/research.reading.ac.uk\/progression-primary-languages\/\",\"name\":\"Progression in Primary Languages\",\"description\":\"A longitudinal study of language learning in primary school\",\"potentialAction\":[{\"@type\":\"SearchAction\",\"target\":{\"@type\":\"EntryPoint\",\"urlTemplate\":\"https:\/\/research.reading.ac.uk\/progression-primary-languages\/?s={search_term_string}\"},\"query-input\":\"required name=search_term_string\"}],\"inLanguage\":\"en-GB\"}]}<\/script>\n<!-- \/ Yoast SEO plugin. -->","yoast_head_json":{"title":"Year 5 and Year 6 German (Blau\/Gr\u00fcn) - Progression in Primary Languages","robots":{"index":"index","follow":"follow","max-snippet":"max-snippet:-1","max-image-preview":"max-image-preview:large","max-video-preview":"max-video-preview:-1"},"canonical":"https:\/\/research.reading.ac.uk\/progression-primary-languages\/key-stage-2-german-resources\/year-5-and-year-6-blau-grun\/","og_locale":"en_GB","og_type":"article","og_title":"Year 5 and Year 6 German (Blau\/Gr\u00fcn) - Progression in Primary Languages","og_description":"Here you can find the termly overview of the contexts for learning, the phonics, vocabulary and structures included in each term. Follow the term links (Autumn, Spring, Summer) to get...Read More >","og_url":"https:\/\/research.reading.ac.uk\/progression-primary-languages\/key-stage-2-german-resources\/year-5-and-year-6-blau-grun\/","og_site_name":"Progression in Primary Languages","article_modified_time":"2023-12-12T08:34:15+00:00","og_image":[{"url":"https:\/\/research.reading.ac.uk\/progression-primary-languages\/wp-content\/uploads\/sites\/275\/2022\/07\/Cc-by-nc-sa_icon.svg_.png"}],"twitter_card":"summary_large_image","twitter_misc":{"Estimated reading time":"3 minutes","Written by":"Rowena Kasprowicz"},"schema":{"@context":"https:\/\/schema.org","@graph":[{"@type":"WebPage","@id":"https:\/\/research.reading.ac.uk\/progression-primary-languages\/key-stage-2-german-resources\/year-5-and-year-6-blau-grun\/","url":"https:\/\/research.reading.ac.uk\/progression-primary-languages\/key-stage-2-german-resources\/year-5-and-year-6-blau-grun\/","name":"Year 5 and Year 6 German (Blau\/Gr\u00fcn) - Progression in Primary Languages","isPartOf":{"@id":"https:\/\/research.reading.ac.uk\/progression-primary-languages\/#website"},"datePublished":"2022-07-13T14:51:23+00:00","dateModified":"2023-12-12T08:34:15+00:00","breadcrumb":{"@id":"https:\/\/research.reading.ac.uk\/progression-primary-languages\/key-stage-2-german-resources\/year-5-and-year-6-blau-grun\/#breadcrumb"},"inLanguage":"en-GB","potentialAction":[{"@type":"ReadAction","target":["https:\/\/research.reading.ac.uk\/progression-primary-languages\/key-stage-2-german-resources\/year-5-and-year-6-blau-grun\/"]}]},{"@type":"BreadcrumbList","@id":"https:\/\/research.reading.ac.uk\/progression-primary-languages\/key-stage-2-german-resources\/year-5-and-year-6-blau-grun\/#breadcrumb","itemListElement":[{"@type":"ListItem","position":1,"name":"Home","item":"https:\/\/research.reading.ac.uk\/progression-primary-languages\/"},{"@type":"ListItem","position":2,"name":"Key Stage 2 German Scheme of Work and Resources","item":"https:\/\/research.reading.ac.uk\/progression-primary-languages\/key-stage-2-german-resources\/"},{"@type":"ListItem","position":3,"name":"Year 5 and Year 6 German (Blau\/Gr\u00fcn)"}]},{"@type":"WebSite","@id":"https:\/\/research.reading.ac.uk\/progression-primary-languages\/#website","url":"https:\/\/research.reading.ac.uk\/progression-primary-languages\/","name":"Progression in Primary Languages","description":"A longitudinal study of language learning in primary school","potentialAction":[{"@type":"SearchAction","target":{"@type":"EntryPoint","urlTemplate":"https:\/\/research.reading.ac.uk\/progression-primary-languages\/?s={search_term_string}"},"query-input":"required name=search_term_string"}],"inLanguage":"en-GB"}]}},"_links":{"self":[{"href":"https:\/\/research.reading.ac.uk\/progression-primary-languages\/wp-json\/wp\/v2\/pages\/249","targetHints":{"allow":["GET"]}}],"collection":[{"href":"https:\/\/research.reading.ac.uk\/progression-primary-languages\/wp-json\/wp\/v2\/pages"}],"about":[{"href":"https:\/\/research.reading.ac.uk\/progression-primary-languages\/wp-json\/wp\/v2\/types\/page"}],"author":[{"embeddable":true,"href":"https:\/\/research.reading.ac.uk\/progression-primary-languages\/wp-json\/wp\/v2\/users\/658"}],"replies":[{"embeddable":true,"href":"https:\/\/research.reading.ac.uk\/progression-primary-languages\/wp-json\/wp\/v2\/comments?post=249"}],"version-history":[{"count":10,"href":"https:\/\/research.reading.ac.uk\/progression-primary-languages\/wp-json\/wp\/v2\/pages\/249\/revisions"}],"predecessor-version":[{"id":1292,"href":"https:\/\/research.reading.ac.uk\/progression-primary-languages\/wp-json\/wp\/v2\/pages\/249\/revisions\/1292"}],"up":[{"embeddable":true,"href":"https:\/\/research.reading.ac.uk\/progression-primary-languages\/wp-json\/wp\/v2\/pages\/233"}],"wp:attachment":[{"href":"https:\/\/research.reading.ac.uk\/progression-primary-languages\/wp-json\/wp\/v2\/media?parent=249"}],"wp:term":[{"taxonomy":"author","embeddable":true,"href":"https:\/\/research.reading.ac.uk\/progression-primary-languages\/wp-json\/wp\/v2\/coauthors?post=249"}],"curies":[{"name":"wp","href":"https:\/\/api.w.org\/{rel}","templated":true}]}}