{"id":357,"date":"2018-09-12T11:01:50","date_gmt":"2018-09-12T10:01:50","guid":{"rendered":"https:\/\/research.reading.ac.uk\/psylinglab\/?page_id=357"},"modified":"2025-09-15T10:15:48","modified_gmt":"2025-09-15T09:15:48","slug":"cognitive-neuroscience-of-language","status":"publish","type":"page","link":"https:\/\/research.reading.ac.uk\/psylinglab\/ourresearch\/cognitive-neuroscience-of-language\/","title":{"rendered":"Cognitive Neuroscience of Language"},"content":{"rendered":"<p style=\"text-align: justify\"><img loading=\"lazy\" decoding=\"async\" class=\"alignnone size-medium wp-image-625 alignright\" src=\"https:\/\/research.reading.ac.uk\/psylinglab\/wp-content\/uploads\/sites\/25\/Lab-Pictures\/scanner-300x223.jpg\" alt=\"\" width=\"300\" height=\"223\" srcset=\"https:\/\/research.reading.ac.uk\/psylinglab\/wp-content\/uploads\/sites\/25\/Lab-Pictures\/scanner-300x223.jpg 300w, https:\/\/research.reading.ac.uk\/psylinglab\/wp-content\/uploads\/sites\/25\/Lab-Pictures\/scanner.jpg 519w\" sizes=\"auto, (max-width: 300px) 100vw, 300px\" \/>Our research in the cognitive neuroscience of language has two main strands that are both closely linked to our work in\u00a0<a href=\"https:\/\/research.reading.ac.uk\/psylinglab\/ourresearch\/sentence-processing\/\">Sentence Processing<\/a> and <a href=\"https:\/\/research.reading.ac.uk\/psylinglab\/ourresearch\/multilingualism\/\">Bi-\/Multilingualism.<\/a>\u00a0One strand of research in neurolinguistics utilises EEG and MRI to investigate language processing in different populations of speakers, while a second strand utilises MRI to investigate how bi-\/multilingualism influences brain structure and function.<\/p>\n<p style=\"text-align: justify\">The lab has its own\u00a0Brain Products actiCAP EEG system for running ERP experiments. We also have close links to\u00a0the\u00a0<a href=\"http:\/\/www.reading.ac.uk\/cinn\/\" target=\"_blank\" rel=\"noopener noreferrer\">Centre for Integrative Neuroscience and Neurodynamics<\/a>, which houses additional EEG systems along with facilities for TMS and MRI.<\/p>\n<p style=\"text-align: justify\"><strong>Representative Publications<br \/>\n<\/strong>Pliatsikas, C. , Antoniou, M., Du\u00f1abeitia, J. A. &amp; Calabria, M. (2025). <a href=\"https:\/\/doi.org\/10.1016\/j.mex.2025.103343\" target=\"_blank\" rel=\"noopener\">A comprehensive protocol to study the effects of multilingualism on cognition and the brain in patients with progressive neurological diseases.<\/a> <em>MethodsX<\/em>, 14, 103343.<\/p>\n<p style=\"text-align: justify\"><span class=\"person_name\">Li, J.<\/span>,\u00a0<span class=\"person_name\">Sujawal, M.<\/span>,\u00a0<span class=\"person_name\">Bernotaite, Z.<\/span>,\u00a0<span class=\"person orcid-person\"><span class=\"person_name\">Cunnings, I.<\/span> &amp;<\/span>\u00a0<span class=\"person orcid-person\"><span class=\"person_name\">Liu, F.<\/span><\/span> (2025).\u00a0<a href=\"https:\/\/doi.org\/10.1002\/aur.70097\" target=\"_blank\" rel=\"noopener\"><em>Auditory and semantic processing of speech-in-noise in autism: a behavioural and EEG study.<\/em><\/a> <em>Autism Research<\/em>. Available online.<\/p>\n<p style=\"text-align: justify\">Yu, H., Kang, K., Pliatsikas, C. , Zhou, Y. and Zhang, H. (2025). <a href=\"https:\/\/doi.org\/10.1016\/j.neuroimage.2025.121149\" target=\"_blank\" rel=\"noopener\">Age-related differences in speech and gray matter volume: the modulating role of multilingualism.<\/a> <em>NeuroImage<\/em>, 310. 121149.<\/p>\n<p style=\"text-align: justify\">Pliatsikas, C. (2024). <a href=\"https:\/\/doi.org\/10.3389\/flang.2024.1471133\" target=\"_blank\" rel=\"noopener\">Examining functional near-infrared spectroscopy as a tool to study brain function in bilinguals.<\/a> <em>Frontiers in Language Sciences,<\/em> 3, 1471133.<\/p>\n<p style=\"text-align: justify\"><span class=\"person_name\">Yee, J.&#8217;e.<\/span>,\u00a0<span class=\"reading_name_c7a40d76b25d3e3e1757c4694f451152\"><span class=\"person_name\">Ko\u0159en\u00e1\u0159, M.<\/span><\/span>,\u00a0<span class=\"reading_name_374555bc013a0673764376b1c1e96d27\"><span class=\"person_name\">Sheehan, A.<\/span><\/span> &amp;\u00a0<span class=\"person orcid-person\"><span class=\"person_name\">Pliatsikas, C.<\/span><\/span> (2024).\u00a0<a href=\"https:\/\/doi.org\/10.1016\/j.cobeha.2024.101438\" target=\"_blank\" rel=\"noopener\">Subcortical malleability as a result of cognitively challenging experiences: the case of bi-\/multilingualism.<\/a> <em>Current Opinion in Behavioural Sciences, 59<\/em>, 101438.<\/p>\n<p style=\"text-align: justify\">Korenar, M., Treffers-Daller, J. and Pliatsikas, C. (2023). <a href=\"https:\/\/doi.org\/10.1016\/j.amper.2023.100148\" target=\"_blank\" rel=\"noopener\">Brain structure adapts dynamically to highly demanding bilingual experiences: insights from interpreters and translators.<\/a> <em>Ampersand, 11,<\/em> 100148.<\/p>\n<p style=\"text-align: justify\">Korenar, M., Treffers-Daller, J. and Pliatsikas, C. (2023). <a href=\"https:\/\/doi.org\/10.1038\/s41598-023-30326-3\" target=\"_blank\" rel=\"noopener\">Dynamic effects of bilingualism on brain structure map onto general principles of experience-based neuroplasticity.<\/a> <em>Scientific Reports, 13,<\/em> 3428.<\/p>\n<p style=\"text-align: justify\">Marin-Marin, L., Costumero, V., \u00c1vila, C. and Pliatsikas, C. (2022). <a href=\"https:\/\/doi.org\/10.3389\/fpsyg.2022.886222\" target=\"_blank\" rel=\"noopener\">Dynamic Effects of Immersive Bilingualism on Cortical and Subcortical Grey Matter Volumes.<\/a>\u00a0<em>Frontiers in Psychology, 13, <\/em>886222.<\/p>\n<p style=\"text-align: justify\">Voits, T., Robson, H., Rothman, J. and Pliatsikas, C. (2022). <a href=\"https:\/\/doi.org\/10.1007\/s00429-021-02436-z\" target=\"_blank\" rel=\"noopener\">The effects of bilingualism on hippocampal volume in ageing bilinguals.<\/a> <em>Brain Structure and Function,\u00a0227<\/em>, 979\u2013994.<\/p>\n<p style=\"text-align: justify\">Cheng, Y., Cunnings, I., Miller, D. &amp; Rothman, J. (2021). <a href=\"https:\/\/doi.org\/10.1017\/S0272263121000772\" target=\"_blank\" rel=\"noopener\">Double-number marking matters for both L1 and L2 processing of non-local agreement similarly: An ERP investigation.<\/a> <em>Studies in Second Language Acquisition<\/em>.\u00a0<strong><br \/>\n<\/strong><\/p>\n<p style=\"text-align: justify\">Pliatsikas, C. , Ansaldo, A. I. and Voits, T. (2021). <a href=\"https:\/\/doi.org\/10.1075\/lab.00031.int\" target=\"_blank\" rel=\"noopener\">Bilingualism and the declining brain.<\/a> <em>Linguistic Approaches to Bilingualism, 11,<\/em> 453-458.<\/p>\n<p style=\"text-align: justify\">Pliatsikas, C. , Pereira Soares, S. M., Voits, T., DeLuca, V. and Rothman, J. (2021). <a href=\"https:\/\/doi.org\/10.1038\/s41598-021-86443-4\" target=\"_blank\" rel=\"noopener\">Bilingualism is a long-term cognitively challenging experience that modulates metabolite concentrations in the healthy brain.<\/a> <em>Scientific Reports, 11<\/em>. 7090.<\/p>\n<p style=\"text-align: justify\">Pliatsikas, C. (2020). <a href=\"https:\/\/doi.org\/10.1017\/S1366728919000130\" target=\"_blank\" rel=\"noopener noreferrer\">Understanding structural plasticity in the bilingual brain: The Dynamic Restructuring Model.<\/a> <em>Bilingualism: Language and Cognition, 23,\u00a0<\/em>459-471.<\/p>\n<p style=\"text-align: justify\">Pliatsikas, C., DeLuca, V. and Voits, T. (2020). <a href=\"https:\/\/doi.org\/10.1111\/lang.12386\" target=\"_blank\" rel=\"noopener noreferrer\">The many shades of bilingualism: language experiences modulate adaptations in brain structure.<\/a> <em>Language Learning, 70,<\/em> 133-149.<\/p>\n<p style=\"text-align: justify\">Pliatsikas, C. , Meteyard, L. , Ver\u00edssimo, J., DeLuca, V. , Shattuck, K. and Ullman, M. T. (2020). <a href=\"https:\/\/doi.org\/10.1007\/s00429-020-02115-5\" target=\"_blank\" rel=\"noopener\">The effect of bilingualism on brain development from early childhood to young adulthood.<\/a> <em>Brain Structure and Function, 225, 2131-2152.<\/em><\/p>\n<p style=\"text-align: justify\">Voits, T., Pliatsikas, C. , Robson, H. and Rothman, J. (2020). <a href=\"https:\/\/doi.org\/10.1016\/j.neuropsychologia.2020.107593\" target=\"_blank\" rel=\"noopener\">Beyond Alzheimer\u2019s disease: can bilingualism be a more generalized protective factor in neurodegeneration?<\/a> <em>Neuropsychologia, 147,<\/em> 107593.<\/p>\n<p style=\"text-align: justify\">DeLuca, V., Rothman, J., Bialystok, E. and Pliatsikas, C. (2019). <a href=\"https:\/\/doi.org\/10.1073\/pnas.1811513116\" target=\"_blank\" rel=\"noopener noreferrer\">Redefining bilingualism as a spectrum of experiences that differentially affects brain structure and function.<\/a> <em>Proceedings of the National Academy of Sciences of the United States of America, 116<\/em>,\u00a07565-7574.<\/p>\n<p style=\"text-align: justify\">DeLuca, V., Rothman, J. and Pliatsikas, C. (2019). <a href=\"https:\/\/doi.org\/10.1017\/S1366728918000883\" target=\"_blank\" rel=\"noopener noreferrer\">Linguistic immersion and structural effects on the bilingual brain: a longitudinal study.<\/a> <em>Bilingualism: Language and Cognition, 22,\u00a0<\/em>1160-1175.<\/p>\n<p style=\"text-align: justify\">Leminen, A., Smolka, E., Du\u00f1abeitia, J. A. and Pliatsikas, C. (2018). <a href=\"https:\/\/doi.org\/10.1016\/j.cortex.2018.08.016\" target=\"_blank\" rel=\"noopener noreferrer\">Morphological processing in the brain: the good (inflection), the bad (derivation) and the ugly (compounding).<\/a> <em>Cortex<\/em>, 116,\u00a04-44.<\/p>\n<p style=\"text-align: justify\">Roberts, L., Gonz\u00e1lez Alonso, J., Pliatsikas, C. and Rothman, J. (2018). <a href=\"http:\/\/journals.sagepub.com\/doi\/abs\/10.1177\/0267658316644010\" target=\"_blank\" rel=\"noopener noreferrer\">Evidence from neurolinguistic methodologies: can it actually inform linguistic\/ language acquisition theories and translate to evidence-based applications?<\/a> <em>Second Language Research<\/em>, <em>34<\/em>, 125-143.<\/p>\n<p style=\"text-align: justify\">Pliatsikas, C.,\u00a0DeLuca, V.,\u00a0Moschopoulou, E.\u00a0and\u00a0Saddy, J. D.\u00a0(2017). <a href=\"https:\/\/doi.org\/10.1007\/s00429-016-1307-9\" target=\"_blank\" rel=\"noopener noreferrer\">Immersive bilingualism reshapes the core of the brain.<\/a>\u00a0<em>Brain Structure and Function<\/em>, <em>222<\/em>, 1785-1795.<\/p>\n","protected":false},"excerpt":{"rendered":"<p>Our research in the cognitive neuroscience of language has two main strands that are both closely linked to our work in\u00a0Sentence Processing and Bi-\/Multilingualism.\u00a0One strand of research in neurolinguistics utilises&#8230;<a class=\"read-more\" href=\"&#104;&#116;&#116;&#112;&#115;&#58;&#47;&#47;&#114;&#101;&#115;&#101;&#97;&#114;&#99;&#104;&#46;&#114;&#101;&#97;&#100;&#105;&#110;&#103;&#46;&#97;&#99;&#46;&#117;&#107;&#47;&#112;&#115;&#121;&#108;&#105;&#110;&#103;&#108;&#97;&#98;&#47;&#111;&#117;&#114;&#114;&#101;&#115;&#101;&#97;&#114;&#99;&#104;&#47;&#99;&#111;&#103;&#110;&#105;&#116;&#105;&#118;&#101;&#45;&#110;&#101;&#117;&#114;&#111;&#115;&#99;&#105;&#101;&#110;&#99;&#101;&#45;&#111;&#102;&#45;&#108;&#97;&#110;&#103;&#117;&#97;&#103;&#101;&#47;\">Read More ><\/a><\/p>\n","protected":false},"author":24,"featured_media":0,"parent":23,"menu_order":9,"comment_status":"closed","ping_status":"closed","template":"","meta":{"_acf_changed":false,"_monsterinsights_skip_tracking":false,"_monsterinsights_sitenote_active":false,"_monsterinsights_sitenote_note":"","_monsterinsights_sitenote_category":0,"__cvm_playback_settings":[],"__cvm_video_id":"","footnotes":"","_links_to":"","_links_to_target":""},"class_list":["post-357","page","type-page","status-publish","hentry"],"acf":[],"yoast_head":"<!-- This site is optimized with the Yoast SEO plugin v21.8.1 - https:\/\/yoast.com\/wordpress\/plugins\/seo\/ -->\n<title>Cognitive Neuroscience of Language - Psycholinguistics and Neurolinguistics Lab<\/title>\n<meta name=\"robots\" content=\"index, follow, max-snippet:-1, max-image-preview:large, max-video-preview:-1\" \/>\n<link rel=\"canonical\" href=\"https:\/\/research.reading.ac.uk\/psylinglab\/ourresearch\/cognitive-neuroscience-of-language\/\" \/>\n<meta property=\"og:locale\" content=\"en_GB\" \/>\n<meta property=\"og:type\" content=\"article\" \/>\n<meta property=\"og:title\" content=\"Cognitive Neuroscience of Language - Psycholinguistics and Neurolinguistics Lab\" \/>\n<meta property=\"og:description\" content=\"Our research in the cognitive neuroscience of language has two main strands that are both closely linked to our work in\u00a0Sentence Processing and Bi-\/Multilingualism.\u00a0One strand of research in neurolinguistics utilises...Read More &gt;\" \/>\n<meta property=\"og:url\" content=\"https:\/\/research.reading.ac.uk\/psylinglab\/ourresearch\/cognitive-neuroscience-of-language\/\" \/>\n<meta property=\"og:site_name\" content=\"Psycholinguistics and Neurolinguistics Lab\" \/>\n<meta property=\"article:modified_time\" content=\"2025-09-15T09:15:48+00:00\" \/>\n<meta property=\"og:image\" content=\"https:\/\/research.reading.ac.uk\/psylinglab\/wp-content\/uploads\/sites\/25\/Lab-Pictures\/scanner-300x223.jpg\" \/>\n<meta name=\"twitter:card\" content=\"summary_large_image\" \/>\n<meta name=\"twitter:label1\" content=\"Estimated reading time\" \/>\n\t<meta name=\"twitter:data1\" content=\"4 minutes\" \/>\n<script type=\"application\/ld+json\" class=\"yoast-schema-graph\">{\"@context\":\"https:\/\/schema.org\",\"@graph\":[{\"@type\":\"WebPage\",\"@id\":\"https:\/\/research.reading.ac.uk\/psylinglab\/ourresearch\/cognitive-neuroscience-of-language\/\",\"url\":\"https:\/\/research.reading.ac.uk\/psylinglab\/ourresearch\/cognitive-neuroscience-of-language\/\",\"name\":\"Cognitive Neuroscience of Language - Psycholinguistics and Neurolinguistics Lab\",\"isPartOf\":{\"@id\":\"https:\/\/research.reading.ac.uk\/psylinglab\/#website\"},\"datePublished\":\"2018-09-12T10:01:50+00:00\",\"dateModified\":\"2025-09-15T09:15:48+00:00\",\"breadcrumb\":{\"@id\":\"https:\/\/research.reading.ac.uk\/psylinglab\/ourresearch\/cognitive-neuroscience-of-language\/#breadcrumb\"},\"inLanguage\":\"en-GB\",\"potentialAction\":[{\"@type\":\"ReadAction\",\"target\":[\"https:\/\/research.reading.ac.uk\/psylinglab\/ourresearch\/cognitive-neuroscience-of-language\/\"]}]},{\"@type\":\"BreadcrumbList\",\"@id\":\"https:\/\/research.reading.ac.uk\/psylinglab\/ourresearch\/cognitive-neuroscience-of-language\/#breadcrumb\",\"itemListElement\":[{\"@type\":\"ListItem\",\"position\":1,\"name\":\"Home\",\"item\":\"https:\/\/research.reading.ac.uk\/psylinglab\/\"},{\"@type\":\"ListItem\",\"position\":2,\"name\":\"Our Research\",\"item\":\"https:\/\/research.reading.ac.uk\/psylinglab\/ourresearch\/\"},{\"@type\":\"ListItem\",\"position\":3,\"name\":\"Cognitive Neuroscience of Language\"}]},{\"@type\":\"WebSite\",\"@id\":\"https:\/\/research.reading.ac.uk\/psylinglab\/#website\",\"url\":\"https:\/\/research.reading.ac.uk\/psylinglab\/\",\"name\":\"Psycholinguistics and Neurolinguistics Lab\",\"description\":\"University of Reading\",\"potentialAction\":[{\"@type\":\"SearchAction\",\"target\":{\"@type\":\"EntryPoint\",\"urlTemplate\":\"https:\/\/research.reading.ac.uk\/psylinglab\/?s={search_term_string}\"},\"query-input\":\"required name=search_term_string\"}],\"inLanguage\":\"en-GB\"}]}<\/script>\n<!-- \/ Yoast SEO plugin. -->","yoast_head_json":{"title":"Cognitive Neuroscience of Language - Psycholinguistics and Neurolinguistics Lab","robots":{"index":"index","follow":"follow","max-snippet":"max-snippet:-1","max-image-preview":"max-image-preview:large","max-video-preview":"max-video-preview:-1"},"canonical":"https:\/\/research.reading.ac.uk\/psylinglab\/ourresearch\/cognitive-neuroscience-of-language\/","og_locale":"en_GB","og_type":"article","og_title":"Cognitive Neuroscience of Language - Psycholinguistics and Neurolinguistics Lab","og_description":"Our research in the cognitive neuroscience of language has two main strands that are both closely linked to our work in\u00a0Sentence Processing and Bi-\/Multilingualism.\u00a0One strand of research in neurolinguistics utilises...Read More >","og_url":"https:\/\/research.reading.ac.uk\/psylinglab\/ourresearch\/cognitive-neuroscience-of-language\/","og_site_name":"Psycholinguistics and Neurolinguistics Lab","article_modified_time":"2025-09-15T09:15:48+00:00","og_image":[{"url":"https:\/\/research.reading.ac.uk\/psylinglab\/wp-content\/uploads\/sites\/25\/Lab-Pictures\/scanner-300x223.jpg"}],"twitter_card":"summary_large_image","twitter_misc":{"Estimated reading time":"4 minutes"},"schema":{"@context":"https:\/\/schema.org","@graph":[{"@type":"WebPage","@id":"https:\/\/research.reading.ac.uk\/psylinglab\/ourresearch\/cognitive-neuroscience-of-language\/","url":"https:\/\/research.reading.ac.uk\/psylinglab\/ourresearch\/cognitive-neuroscience-of-language\/","name":"Cognitive Neuroscience of Language - Psycholinguistics and Neurolinguistics Lab","isPartOf":{"@id":"https:\/\/research.reading.ac.uk\/psylinglab\/#website"},"datePublished":"2018-09-12T10:01:50+00:00","dateModified":"2025-09-15T09:15:48+00:00","breadcrumb":{"@id":"https:\/\/research.reading.ac.uk\/psylinglab\/ourresearch\/cognitive-neuroscience-of-language\/#breadcrumb"},"inLanguage":"en-GB","potentialAction":[{"@type":"ReadAction","target":["https:\/\/research.reading.ac.uk\/psylinglab\/ourresearch\/cognitive-neuroscience-of-language\/"]}]},{"@type":"BreadcrumbList","@id":"https:\/\/research.reading.ac.uk\/psylinglab\/ourresearch\/cognitive-neuroscience-of-language\/#breadcrumb","itemListElement":[{"@type":"ListItem","position":1,"name":"Home","item":"https:\/\/research.reading.ac.uk\/psylinglab\/"},{"@type":"ListItem","position":2,"name":"Our Research","item":"https:\/\/research.reading.ac.uk\/psylinglab\/ourresearch\/"},{"@type":"ListItem","position":3,"name":"Cognitive Neuroscience of Language"}]},{"@type":"WebSite","@id":"https:\/\/research.reading.ac.uk\/psylinglab\/#website","url":"https:\/\/research.reading.ac.uk\/psylinglab\/","name":"Psycholinguistics and Neurolinguistics Lab","description":"University of Reading","potentialAction":[{"@type":"SearchAction","target":{"@type":"EntryPoint","urlTemplate":"https:\/\/research.reading.ac.uk\/psylinglab\/?s={search_term_string}"},"query-input":"required name=search_term_string"}],"inLanguage":"en-GB"}]}},"_links":{"self":[{"href":"https:\/\/research.reading.ac.uk\/psylinglab\/wp-json\/wp\/v2\/pages\/357","targetHints":{"allow":["GET"]}}],"collection":[{"href":"https:\/\/research.reading.ac.uk\/psylinglab\/wp-json\/wp\/v2\/pages"}],"about":[{"href":"https:\/\/research.reading.ac.uk\/psylinglab\/wp-json\/wp\/v2\/types\/page"}],"author":[{"embeddable":true,"href":"https:\/\/research.reading.ac.uk\/psylinglab\/wp-json\/wp\/v2\/users\/24"}],"replies":[{"embeddable":true,"href":"https:\/\/research.reading.ac.uk\/psylinglab\/wp-json\/wp\/v2\/comments?post=357"}],"version-history":[{"count":10,"href":"https:\/\/research.reading.ac.uk\/psylinglab\/wp-json\/wp\/v2\/pages\/357\/revisions"}],"predecessor-version":[{"id":2232,"href":"https:\/\/research.reading.ac.uk\/psylinglab\/wp-json\/wp\/v2\/pages\/357\/revisions\/2232"}],"up":[{"embeddable":true,"href":"https:\/\/research.reading.ac.uk\/psylinglab\/wp-json\/wp\/v2\/pages\/23"}],"wp:attachment":[{"href":"https:\/\/research.reading.ac.uk\/psylinglab\/wp-json\/wp\/v2\/media?parent=357"}],"curies":[{"name":"wp","href":"https:\/\/api.w.org\/{rel}","templated":true}]}}