{"id":2,"date":"2018-05-25T09:06:47","date_gmt":"2018-05-25T08:06:47","guid":{"rendered":"https:\/\/research.reading.ac.uk\/re-conquest\/?page_id=2"},"modified":"2022-10-18T13:45:49","modified_gmt":"2022-10-18T12:45:49","slug":"sample-page","status":"publish","type":"page","link":"https:\/\/research.reading.ac.uk\/re-conquest\/sample-page\/","title":{"rendered":"About us"},"content":{"rendered":"<p>&nbsp;<\/p>\n<p><em>Core Team<\/em><\/p>\n<p>Dr Aleks Pluskowski, <a href=\"https:\/\/www.reading.ac.uk\/archaeology\/\">Department of Archaeology, University of Reading<\/a> (Principal Investigator)<\/p>\n<p>Dr Michelle Alexander, <a href=\"https:\/\/www.york.ac.uk\/archaeology\/\">Department of Archaeology, University of York<\/a> (Co-Investigator)<\/p>\n<p>Dr Guillermo Garc\u00eda-Contreras Ruiz, <a href=\"http:\/\/hmedieval.ugr.es\/\">Department of Medieval History and Historiographical Sciences and Techniques, University of Granada<\/a> (International Co-Investigator)<\/p>\n<p>Dr Rowena Banerjea, <a href=\"https:\/\/www.reading.ac.uk\/archaeology\/\">Department of Archaeology, University of Reading<\/a> (Post-doctoral Research Associate, Geoarchaeology)<\/p>\n<p>Dr Marcos Garc\u00eda Garc\u00ed\u00e1, <a href=\"https:\/\/www.york.ac.uk\/archaeology\/\">Department of Archaeology, University of York<\/a> (Post-doctoral Research Associate, Zooarchaeology)<\/p>\n<p>Dr Luca Mattei, <a href=\"http:\/\/hmedieval.ugr.es\/\">Department of Medieval History and Historiographical Sciences and Techniques, University of Granada<\/a> (Post-doctoral Research Associate, GIS, Logistics)<\/p>\n<p>Dr Alex Brown, <a href=\"https:\/\/www.wessexarch.co.uk\/\">Wessex Archaeology<\/a> (Palynology and Palaeoenvironmental Reconstruction)<\/p>\n<p>Dr Kevin Hayward, <a href=\"http:\/\/www.pre-construct.com\/\">Pre-Construct Archaeology<\/a> (Building Materials Analysis)<\/p>\n<p>Dr J\u00e9r\u00f4me Ros, <a href=\"http:\/\/www.cnrs.fr\/\">Centre National de la Recherche Scientifique<\/a> (Plant Macrofossils)<\/p>\n<p>Yaiza Hern\u00e1ndez Casas, <a href=\"http:\/\/hmedieval.ugr.es\/\">Department of Medieval History and Historiographical Sciences and Techniques, University of Granada<\/a> (Archaeometallurgy)<\/p>\n<p>Dr Gundula M\u00fcldner,\u00a0<a href=\"https:\/\/www.reading.ac.uk\/archaeology\/\">Department of Archaeology, University of Reading<\/a> (Isotopes)<\/p>\n<p>Dr Stuart Black,\u00a0<a href=\"https:\/\/www.reading.ac.uk\/archaeology\/\">Department of Archaeology, University of Reading<\/a> (Geochemistry)<\/p>\n<p>Dr Robert Fry, <a href=\"https:\/\/www.reading.ac.uk\/archaeology\/\">Department of Archaeology, University of Reading<\/a> (Geophysics)<\/p>\n<p><a href=\"http:\/\/www.magnuselander.com\/\">Magnus Elander<\/a> (Photography)<\/p>\n<p>Jim Kosem, <a href=\"http:\/\/www.halfman.com\/\">Halfman<\/a> (Digital Technologies)<\/p>\n<p>Joel Gethin Lewis, <a href=\"https:\/\/www.arts.ac.uk\/creative-computing-institute\">Creative Computing Institute, University of the Arts, London<\/a>\u00a0(Digital Technologies)<\/p>\n<p><em>Partners<\/em><\/p>\n<p>Prof Helena Kirchner, <a href=\"https:\/\/portalrecerca.uab.cat\/en\/organisations\/department-of-ancient-and-medieval-history\">Departament de Ci\u00e8ncies de l&#8217;Antiguitat I l&#8217;Edat Mitjana, Universitat Aut\u00f2noma de Barcelona<\/a><\/p>\n<p>Prof Alberto Garc\u00eda Porras, <a href=\"http:\/\/hmedieval.ugr.es\/\">Departamento de Historia Medieval y Ciencias y T\u00e9cnicas Historiogr\u00e1ficas<em>,\u00a0<\/em>Universidad de Granada<\/a><\/p>\n<p>Prof Adela F\u00e1bregas,\u00a0<a href=\"http:\/\/hmedieval.ugr.es\/\">Departamento de Historia Medieval y Ciencias y T\u00e9cnicas Historiogr\u00e1ficas<em>,\u00a0<\/em>Universidad de Granada<\/a><\/p>\n<p>Prof\u00a0Antonio Malpica Cuello,\u00a0<a href=\"http:\/\/hmedieval.ugr.es\/\">Departamento de Historia Medieval y Ciencias y T\u00e9cnicas Historiogr\u00e1ficas<em>,\u00a0<\/em>Universidad de Granada<\/a><\/p>\n<p>Dr Quentin Borderie, ArScAn,\u00a0<a href=\"http:\/\/www.univ-paris1.fr\/\">Universit\u00e9 Paris 1 &#8211; Panth\u00e9on-Sorbonne<\/a><\/p>\n<p>Dr Carole Puig, Acter Arch\u00e9ologie<\/p>\n<p><span class=\"\" lang=\"EN-US\">David Maso, operations manager of the Fenouillet site<\/span><\/p>\n<p>Prof Jean-Michel Carozza, La Rochelle University<\/p>\n<p>Dr Marie-Elise Gardel, Secular Amicale de Carcassonne<\/p>\n<p>Dr Joan Negre, director of the <a href=\"http:\/\/maga.gandia.org\/\">Museu Arqueol\u00f2gic de Gandia<\/a><\/p>\n<p><a href=\"http:\/\/www.geoparquemolina.es\/web\/guest;jsessionid=8DBACC8B16FC2A08BBBBF39BB0CA29E2\">UNESCO Geopark of Molina &#8211; Alto Tajo<\/a><\/p>\n<p><a href=\"http:\/\/museumstjohn.org.uk\/\">The Museum of the Order of St. John, London<\/a><\/p>\n<p>&nbsp;<\/p>\n","protected":false},"excerpt":{"rendered":"<p>&nbsp; Core Team Dr Aleks Pluskowski, Department of Archaeology, University of Reading (Principal Investigator) Dr Michelle Alexander, Department of Archaeology, University of York (Co-Investigator) Dr Guillermo Garc\u00eda-Contreras Ruiz, Department of&#8230;<a class=\"read-more\" href=\"&#104;&#116;&#116;&#112;&#115;&#58;&#47;&#47;&#114;&#101;&#115;&#101;&#97;&#114;&#99;&#104;&#46;&#114;&#101;&#97;&#100;&#105;&#110;&#103;&#46;&#97;&#99;&#46;&#117;&#107;&#47;&#114;&#101;&#45;&#99;&#111;&#110;&#113;&#117;&#101;&#115;&#116;&#47;&#115;&#97;&#109;&#112;&#108;&#101;&#45;&#112;&#97;&#103;&#101;&#47;\">Read More ><\/a><\/p>\n","protected":false},"author":166,"featured_media":265,"parent":0,"menu_order":0,"comment_status":"closed","ping_status":"closed","template":"","meta":{"_acf_changed":false,"_monsterinsights_skip_tracking":false,"_monsterinsights_sitenote_active":false,"_monsterinsights_sitenote_note":"","_monsterinsights_sitenote_category":0,"__cvm_playback_settings":[],"__cvm_video_id":"","footnotes":""},"class_list":["post-2","page","type-page","status-publish","has-post-thumbnail","hentry"],"acf":[],"yoast_head":"<!-- This site is optimized with the Yoast SEO plugin v21.8.1 - https:\/\/yoast.com\/wordpress\/plugins\/seo\/ -->\n<title>About us - Landscapes of (Re) Conquest<\/title>\n<meta name=\"robots\" content=\"index, follow, max-snippet:-1, max-image-preview:large, max-video-preview:-1\" \/>\n<link rel=\"canonical\" href=\"https:\/\/research.reading.ac.uk\/re-conquest\/sample-page\/\" \/>\n<meta property=\"og:locale\" content=\"en_GB\" \/>\n<meta property=\"og:type\" content=\"article\" \/>\n<meta property=\"og:title\" content=\"About us - Landscapes of (Re) Conquest\" \/>\n<meta property=\"og:description\" content=\"&nbsp; Core Team Dr Aleks Pluskowski, Department of Archaeology, University of Reading (Principal Investigator) Dr Michelle Alexander, Department of Archaeology, University of York (Co-Investigator) Dr Guillermo Garc\u00eda-Contreras Ruiz, Department of...Read More &gt;\" \/>\n<meta property=\"og:url\" content=\"https:\/\/research.reading.ac.uk\/re-conquest\/sample-page\/\" \/>\n<meta property=\"og:site_name\" content=\"Landscapes of (Re) Conquest\" \/>\n<meta property=\"article:publisher\" content=\"https:\/\/www.facebook.com\/groups\/119218554792603\" \/>\n<meta property=\"article:modified_time\" content=\"2022-10-18T12:45:49+00:00\" \/>\n<meta property=\"og:image\" content=\"https:\/\/research.reading.ac.uk\/re-conquest\/wp-content\/uploads\/sites\/89\/Unorganized\/11337015_10205931018212256_3312535321366549138_o.jpg\" \/>\n\t<meta property=\"og:image:width\" content=\"1558\" \/>\n\t<meta property=\"og:image:height\" content=\"1230\" \/>\n\t<meta property=\"og:image:type\" content=\"image\/jpeg\" \/>\n<meta name=\"twitter:card\" content=\"summary_large_image\" \/>\n<meta name=\"twitter:site\" content=\"@lorproject\" \/>\n<meta name=\"twitter:label1\" content=\"Estimated reading time\" \/>\n\t<meta name=\"twitter:data1\" content=\"2 minutes\" \/>\n<script type=\"application\/ld+json\" class=\"yoast-schema-graph\">{\"@context\":\"https:\/\/schema.org\",\"@graph\":[{\"@type\":\"WebPage\",\"@id\":\"https:\/\/research.reading.ac.uk\/re-conquest\/sample-page\/\",\"url\":\"https:\/\/research.reading.ac.uk\/re-conquest\/sample-page\/\",\"name\":\"About us - Landscapes of (Re) Conquest\",\"isPartOf\":{\"@id\":\"https:\/\/research.reading.ac.uk\/re-conquest\/#website\"},\"datePublished\":\"2018-05-25T08:06:47+00:00\",\"dateModified\":\"2022-10-18T12:45:49+00:00\",\"breadcrumb\":{\"@id\":\"https:\/\/research.reading.ac.uk\/re-conquest\/sample-page\/#breadcrumb\"},\"inLanguage\":\"en-GB\",\"potentialAction\":[{\"@type\":\"ReadAction\",\"target\":[\"https:\/\/research.reading.ac.uk\/re-conquest\/sample-page\/\"]}]},{\"@type\":\"BreadcrumbList\",\"@id\":\"https:\/\/research.reading.ac.uk\/re-conquest\/sample-page\/#breadcrumb\",\"itemListElement\":[{\"@type\":\"ListItem\",\"position\":1,\"name\":\"Home\",\"item\":\"https:\/\/research.reading.ac.uk\/re-conquest\/\"},{\"@type\":\"ListItem\",\"position\":2,\"name\":\"About us\"}]},{\"@type\":\"WebSite\",\"@id\":\"https:\/\/research.reading.ac.uk\/re-conquest\/#website\",\"url\":\"https:\/\/research.reading.ac.uk\/re-conquest\/\",\"name\":\"Landscapes of (Re) Conquest\",\"description\":\"\",\"publisher\":{\"@id\":\"https:\/\/research.reading.ac.uk\/re-conquest\/#organization\"},\"potentialAction\":[{\"@type\":\"SearchAction\",\"target\":{\"@type\":\"EntryPoint\",\"urlTemplate\":\"https:\/\/research.reading.ac.uk\/re-conquest\/?s={search_term_string}\"},\"query-input\":\"required name=search_term_string\"}],\"inLanguage\":\"en-GB\"},{\"@type\":\"Organization\",\"@id\":\"https:\/\/research.reading.ac.uk\/re-conquest\/#organization\",\"name\":\"Landscapes of (Re) Conquest Project\",\"url\":\"https:\/\/research.reading.ac.uk\/re-conquest\/\",\"logo\":{\"@type\":\"ImageObject\",\"inLanguage\":\"en-GB\",\"@id\":\"https:\/\/research.reading.ac.uk\/re-conquest\/#\/schema\/logo\/image\/\",\"url\":\"https:\/\/research.reading.ac.uk\/re-conquest\/wp-content\/uploads\/sites\/89\/Unorganized\/Logo-4-1.gif\",\"contentUrl\":\"https:\/\/research.reading.ac.uk\/re-conquest\/wp-content\/uploads\/sites\/89\/Unorganized\/Logo-4-1.gif\",\"width\":1845,\"height\":1214,\"caption\":\"Landscapes of (Re) Conquest Project\"},\"image\":{\"@id\":\"https:\/\/research.reading.ac.uk\/re-conquest\/#\/schema\/logo\/image\/\"},\"sameAs\":[\"https:\/\/www.facebook.com\/groups\/119218554792603\",\"https:\/\/twitter.com\/lorproject\",\"https:\/\/www.instagram.com\/lorproject\/\"]}]}<\/script>\n<!-- \/ Yoast SEO plugin. -->","yoast_head_json":{"title":"About us - Landscapes of (Re) Conquest","robots":{"index":"index","follow":"follow","max-snippet":"max-snippet:-1","max-image-preview":"max-image-preview:large","max-video-preview":"max-video-preview:-1"},"canonical":"https:\/\/research.reading.ac.uk\/re-conquest\/sample-page\/","og_locale":"en_GB","og_type":"article","og_title":"About us - Landscapes of (Re) Conquest","og_description":"&nbsp; Core Team Dr Aleks Pluskowski, Department of Archaeology, University of Reading (Principal Investigator) Dr Michelle Alexander, Department of Archaeology, University of York (Co-Investigator) Dr Guillermo Garc\u00eda-Contreras Ruiz, Department of...Read More >","og_url":"https:\/\/research.reading.ac.uk\/re-conquest\/sample-page\/","og_site_name":"Landscapes of (Re) Conquest","article_publisher":"https:\/\/www.facebook.com\/groups\/119218554792603","article_modified_time":"2022-10-18T12:45:49+00:00","og_image":[{"width":1558,"height":1230,"url":"https:\/\/research.reading.ac.uk\/re-conquest\/wp-content\/uploads\/sites\/89\/Unorganized\/11337015_10205931018212256_3312535321366549138_o.jpg","type":"image\/jpeg"}],"twitter_card":"summary_large_image","twitter_site":"@lorproject","twitter_misc":{"Estimated reading time":"2 minutes"},"schema":{"@context":"https:\/\/schema.org","@graph":[{"@type":"WebPage","@id":"https:\/\/research.reading.ac.uk\/re-conquest\/sample-page\/","url":"https:\/\/research.reading.ac.uk\/re-conquest\/sample-page\/","name":"About us - Landscapes of (Re) Conquest","isPartOf":{"@id":"https:\/\/research.reading.ac.uk\/re-conquest\/#website"},"datePublished":"2018-05-25T08:06:47+00:00","dateModified":"2022-10-18T12:45:49+00:00","breadcrumb":{"@id":"https:\/\/research.reading.ac.uk\/re-conquest\/sample-page\/#breadcrumb"},"inLanguage":"en-GB","potentialAction":[{"@type":"ReadAction","target":["https:\/\/research.reading.ac.uk\/re-conquest\/sample-page\/"]}]},{"@type":"BreadcrumbList","@id":"https:\/\/research.reading.ac.uk\/re-conquest\/sample-page\/#breadcrumb","itemListElement":[{"@type":"ListItem","position":1,"name":"Home","item":"https:\/\/research.reading.ac.uk\/re-conquest\/"},{"@type":"ListItem","position":2,"name":"About us"}]},{"@type":"WebSite","@id":"https:\/\/research.reading.ac.uk\/re-conquest\/#website","url":"https:\/\/research.reading.ac.uk\/re-conquest\/","name":"Landscapes of (Re) Conquest","description":"","publisher":{"@id":"https:\/\/research.reading.ac.uk\/re-conquest\/#organization"},"potentialAction":[{"@type":"SearchAction","target":{"@type":"EntryPoint","urlTemplate":"https:\/\/research.reading.ac.uk\/re-conquest\/?s={search_term_string}"},"query-input":"required name=search_term_string"}],"inLanguage":"en-GB"},{"@type":"Organization","@id":"https:\/\/research.reading.ac.uk\/re-conquest\/#organization","name":"Landscapes of (Re) Conquest Project","url":"https:\/\/research.reading.ac.uk\/re-conquest\/","logo":{"@type":"ImageObject","inLanguage":"en-GB","@id":"https:\/\/research.reading.ac.uk\/re-conquest\/#\/schema\/logo\/image\/","url":"https:\/\/research.reading.ac.uk\/re-conquest\/wp-content\/uploads\/sites\/89\/Unorganized\/Logo-4-1.gif","contentUrl":"https:\/\/research.reading.ac.uk\/re-conquest\/wp-content\/uploads\/sites\/89\/Unorganized\/Logo-4-1.gif","width":1845,"height":1214,"caption":"Landscapes of (Re) Conquest Project"},"image":{"@id":"https:\/\/research.reading.ac.uk\/re-conquest\/#\/schema\/logo\/image\/"},"sameAs":["https:\/\/www.facebook.com\/groups\/119218554792603","https:\/\/twitter.com\/lorproject","https:\/\/www.instagram.com\/lorproject\/"]}]}},"_links":{"self":[{"href":"https:\/\/research.reading.ac.uk\/re-conquest\/wp-json\/wp\/v2\/pages\/2","targetHints":{"allow":["GET"]}}],"collection":[{"href":"https:\/\/research.reading.ac.uk\/re-conquest\/wp-json\/wp\/v2\/pages"}],"about":[{"href":"https:\/\/research.reading.ac.uk\/re-conquest\/wp-json\/wp\/v2\/types\/page"}],"author":[{"embeddable":true,"href":"https:\/\/research.reading.ac.uk\/re-conquest\/wp-json\/wp\/v2\/users\/166"}],"replies":[{"embeddable":true,"href":"https:\/\/research.reading.ac.uk\/re-conquest\/wp-json\/wp\/v2\/comments?post=2"}],"version-history":[{"count":9,"href":"https:\/\/research.reading.ac.uk\/re-conquest\/wp-json\/wp\/v2\/pages\/2\/revisions"}],"predecessor-version":[{"id":436,"href":"https:\/\/research.reading.ac.uk\/re-conquest\/wp-json\/wp\/v2\/pages\/2\/revisions\/436"}],"wp:featuredmedia":[{"embeddable":true,"href":"https:\/\/research.reading.ac.uk\/re-conquest\/wp-json\/wp\/v2\/media\/265"}],"wp:attachment":[{"href":"https:\/\/research.reading.ac.uk\/re-conquest\/wp-json\/wp\/v2\/media?parent=2"}],"curies":[{"name":"wp","href":"https:\/\/api.w.org\/{rel}","templated":true}]}}