{"id":25,"date":"2018-05-25T09:18:28","date_gmt":"2018-05-25T08:18:28","guid":{"rendered":"https:\/\/research.reading.ac.uk\/re-conquest\/?page_id=25"},"modified":"2021-09-23T09:21:07","modified_gmt":"2021-09-23T08:21:07","slug":"projects","status":"publish","type":"page","link":"https:\/\/research.reading.ac.uk\/re-conquest\/section-2\/projects\/","title":{"rendered":"Our Presentations"},"content":{"rendered":"<p>[vc_row][vc_column][vc_column_text]We will be giving numerous presentations over the course of the project. If you&#8217;d like us to give a presentation on an aspect of our research or an overview of our project then please get in touch!<\/p>\n<p><em>Conferences<\/em><\/p>\n<p>13 April 2019. &#8220;(Re)Conquests: Creating new societies at the frontiers of the medieval western Mediterranean&#8221;, in &#8220;The State of the Art in Medieval European Archaeology: New Discoveries, Future Directions&#8221;, Annual Meeting of the <a href=\"http:\/\/www.saa.org\/\">Society for American Archaeology<\/a>,\u00a0Albuquerque, New Mexico, USA (Pluskowski).<\/p>\n<p>September 2019. Session (#55):&#8221;Forgotten Castle Landscapes: Connecting Research and Heritage, Monuments and Landscapes&#8221;, Annual Meeting of the <a href=\"https:\/\/www.e-a-a.org\/\">European Association of Archaeologists<\/a>, Bern, Switzerland (Pluskowski, Alexander, Garc\u00eda-Contreras, Banerjea, Garc\u00eda-Garc\u00eda).[\/vc_column_text][\/vc_column][\/vc_row]<\/p>\n","protected":false},"excerpt":{"rendered":"<p>[vc_row][vc_column][vc_column_text]We will be giving numerous presentations over the course of the project. If you&#8217;d like us to give a presentation on an aspect of our research or an overview of&#8230;<a class=\"read-more\" href=\"&#104;&#116;&#116;&#112;&#115;&#58;&#47;&#47;&#114;&#101;&#115;&#101;&#97;&#114;&#99;&#104;&#46;&#114;&#101;&#97;&#100;&#105;&#110;&#103;&#46;&#97;&#99;&#46;&#117;&#107;&#47;&#114;&#101;&#45;&#99;&#111;&#110;&#113;&#117;&#101;&#115;&#116;&#47;&#115;&#101;&#99;&#116;&#105;&#111;&#110;&#45;&#50;&#47;&#112;&#114;&#111;&#106;&#101;&#99;&#116;&#115;&#47;\">Read More ><\/a><\/p>\n","protected":false},"author":166,"featured_media":0,"parent":23,"menu_order":0,"comment_status":"closed","ping_status":"closed","template":"","meta":{"_acf_changed":false,"_monsterinsights_skip_tracking":false,"_monsterinsights_sitenote_active":false,"_monsterinsights_sitenote_note":"","_monsterinsights_sitenote_category":0,"__cvm_playback_settings":[],"__cvm_video_id":"","footnotes":""},"class_list":["post-25","page","type-page","status-publish","hentry"],"acf":[],"yoast_head":"<!-- This site is optimized with the Yoast SEO plugin v21.8.1 - https:\/\/yoast.com\/wordpress\/plugins\/seo\/ -->\n<title>Our Presentations - Landscapes of (Re) Conquest<\/title>\n<meta name=\"robots\" content=\"index, follow, max-snippet:-1, max-image-preview:large, max-video-preview:-1\" \/>\n<link rel=\"canonical\" href=\"https:\/\/research.reading.ac.uk\/re-conquest\/section-2\/projects\/\" \/>\n<meta property=\"og:locale\" content=\"en_GB\" \/>\n<meta property=\"og:type\" content=\"article\" \/>\n<meta property=\"og:title\" content=\"Our Presentations - Landscapes of (Re) Conquest\" \/>\n<meta property=\"og:description\" content=\"[vc_row][vc_column][vc_column_text]We will be giving numerous presentations over the course of the project. If you&#8217;d like us to give a presentation on an aspect of our research or an overview of...Read More &gt;\" \/>\n<meta property=\"og:url\" content=\"https:\/\/research.reading.ac.uk\/re-conquest\/section-2\/projects\/\" \/>\n<meta property=\"og:site_name\" content=\"Landscapes of (Re) Conquest\" \/>\n<meta property=\"article:publisher\" content=\"https:\/\/www.facebook.com\/groups\/119218554792603\" \/>\n<meta property=\"article:modified_time\" content=\"2021-09-23T08:21:07+00:00\" \/>\n<meta name=\"twitter:card\" content=\"summary_large_image\" \/>\n<meta name=\"twitter:site\" content=\"@lorproject\" \/>\n<meta name=\"twitter:label1\" content=\"Estimated reading time\" \/>\n\t<meta name=\"twitter:data1\" content=\"1 minute\" \/>\n<script type=\"application\/ld+json\" class=\"yoast-schema-graph\">{\"@context\":\"https:\/\/schema.org\",\"@graph\":[{\"@type\":\"WebPage\",\"@id\":\"https:\/\/research.reading.ac.uk\/re-conquest\/section-2\/projects\/\",\"url\":\"https:\/\/research.reading.ac.uk\/re-conquest\/section-2\/projects\/\",\"name\":\"Our Presentations - Landscapes of (Re) Conquest\",\"isPartOf\":{\"@id\":\"https:\/\/research.reading.ac.uk\/re-conquest\/#website\"},\"datePublished\":\"2018-05-25T08:18:28+00:00\",\"dateModified\":\"2021-09-23T08:21:07+00:00\",\"breadcrumb\":{\"@id\":\"https:\/\/research.reading.ac.uk\/re-conquest\/section-2\/projects\/#breadcrumb\"},\"inLanguage\":\"en-GB\",\"potentialAction\":[{\"@type\":\"ReadAction\",\"target\":[\"https:\/\/research.reading.ac.uk\/re-conquest\/section-2\/projects\/\"]}]},{\"@type\":\"BreadcrumbList\",\"@id\":\"https:\/\/research.reading.ac.uk\/re-conquest\/section-2\/projects\/#breadcrumb\",\"itemListElement\":[{\"@type\":\"ListItem\",\"position\":1,\"name\":\"Home\",\"item\":\"https:\/\/research.reading.ac.uk\/re-conquest\/\"},{\"@type\":\"ListItem\",\"position\":2,\"name\":\"Our Research\",\"item\":\"https:\/\/research.reading.ac.uk\/re-conquest\/section-2\/\"},{\"@type\":\"ListItem\",\"position\":3,\"name\":\"Our Presentations\"}]},{\"@type\":\"WebSite\",\"@id\":\"https:\/\/research.reading.ac.uk\/re-conquest\/#website\",\"url\":\"https:\/\/research.reading.ac.uk\/re-conquest\/\",\"name\":\"Landscapes of (Re) Conquest\",\"description\":\"\",\"publisher\":{\"@id\":\"https:\/\/research.reading.ac.uk\/re-conquest\/#organization\"},\"potentialAction\":[{\"@type\":\"SearchAction\",\"target\":{\"@type\":\"EntryPoint\",\"urlTemplate\":\"https:\/\/research.reading.ac.uk\/re-conquest\/?s={search_term_string}\"},\"query-input\":\"required name=search_term_string\"}],\"inLanguage\":\"en-GB\"},{\"@type\":\"Organization\",\"@id\":\"https:\/\/research.reading.ac.uk\/re-conquest\/#organization\",\"name\":\"Landscapes of (Re) Conquest Project\",\"url\":\"https:\/\/research.reading.ac.uk\/re-conquest\/\",\"logo\":{\"@type\":\"ImageObject\",\"inLanguage\":\"en-GB\",\"@id\":\"https:\/\/research.reading.ac.uk\/re-conquest\/#\/schema\/logo\/image\/\",\"url\":\"https:\/\/research.reading.ac.uk\/re-conquest\/wp-content\/uploads\/sites\/89\/Unorganized\/Logo-4-1.gif\",\"contentUrl\":\"https:\/\/research.reading.ac.uk\/re-conquest\/wp-content\/uploads\/sites\/89\/Unorganized\/Logo-4-1.gif\",\"width\":1845,\"height\":1214,\"caption\":\"Landscapes of (Re) Conquest Project\"},\"image\":{\"@id\":\"https:\/\/research.reading.ac.uk\/re-conquest\/#\/schema\/logo\/image\/\"},\"sameAs\":[\"https:\/\/www.facebook.com\/groups\/119218554792603\",\"https:\/\/twitter.com\/lorproject\",\"https:\/\/www.instagram.com\/lorproject\/\"]}]}<\/script>\n<!-- \/ Yoast SEO plugin. -->","yoast_head_json":{"title":"Our Presentations - Landscapes of (Re) Conquest","robots":{"index":"index","follow":"follow","max-snippet":"max-snippet:-1","max-image-preview":"max-image-preview:large","max-video-preview":"max-video-preview:-1"},"canonical":"https:\/\/research.reading.ac.uk\/re-conquest\/section-2\/projects\/","og_locale":"en_GB","og_type":"article","og_title":"Our Presentations - Landscapes of (Re) Conquest","og_description":"[vc_row][vc_column][vc_column_text]We will be giving numerous presentations over the course of the project. If you&#8217;d like us to give a presentation on an aspect of our research or an overview of...Read More >","og_url":"https:\/\/research.reading.ac.uk\/re-conquest\/section-2\/projects\/","og_site_name":"Landscapes of (Re) Conquest","article_publisher":"https:\/\/www.facebook.com\/groups\/119218554792603","article_modified_time":"2021-09-23T08:21:07+00:00","twitter_card":"summary_large_image","twitter_site":"@lorproject","twitter_misc":{"Estimated reading time":"1 minute"},"schema":{"@context":"https:\/\/schema.org","@graph":[{"@type":"WebPage","@id":"https:\/\/research.reading.ac.uk\/re-conquest\/section-2\/projects\/","url":"https:\/\/research.reading.ac.uk\/re-conquest\/section-2\/projects\/","name":"Our Presentations - Landscapes of (Re) Conquest","isPartOf":{"@id":"https:\/\/research.reading.ac.uk\/re-conquest\/#website"},"datePublished":"2018-05-25T08:18:28+00:00","dateModified":"2021-09-23T08:21:07+00:00","breadcrumb":{"@id":"https:\/\/research.reading.ac.uk\/re-conquest\/section-2\/projects\/#breadcrumb"},"inLanguage":"en-GB","potentialAction":[{"@type":"ReadAction","target":["https:\/\/research.reading.ac.uk\/re-conquest\/section-2\/projects\/"]}]},{"@type":"BreadcrumbList","@id":"https:\/\/research.reading.ac.uk\/re-conquest\/section-2\/projects\/#breadcrumb","itemListElement":[{"@type":"ListItem","position":1,"name":"Home","item":"https:\/\/research.reading.ac.uk\/re-conquest\/"},{"@type":"ListItem","position":2,"name":"Our Research","item":"https:\/\/research.reading.ac.uk\/re-conquest\/section-2\/"},{"@type":"ListItem","position":3,"name":"Our Presentations"}]},{"@type":"WebSite","@id":"https:\/\/research.reading.ac.uk\/re-conquest\/#website","url":"https:\/\/research.reading.ac.uk\/re-conquest\/","name":"Landscapes of (Re) Conquest","description":"","publisher":{"@id":"https:\/\/research.reading.ac.uk\/re-conquest\/#organization"},"potentialAction":[{"@type":"SearchAction","target":{"@type":"EntryPoint","urlTemplate":"https:\/\/research.reading.ac.uk\/re-conquest\/?s={search_term_string}"},"query-input":"required name=search_term_string"}],"inLanguage":"en-GB"},{"@type":"Organization","@id":"https:\/\/research.reading.ac.uk\/re-conquest\/#organization","name":"Landscapes of (Re) Conquest Project","url":"https:\/\/research.reading.ac.uk\/re-conquest\/","logo":{"@type":"ImageObject","inLanguage":"en-GB","@id":"https:\/\/research.reading.ac.uk\/re-conquest\/#\/schema\/logo\/image\/","url":"https:\/\/research.reading.ac.uk\/re-conquest\/wp-content\/uploads\/sites\/89\/Unorganized\/Logo-4-1.gif","contentUrl":"https:\/\/research.reading.ac.uk\/re-conquest\/wp-content\/uploads\/sites\/89\/Unorganized\/Logo-4-1.gif","width":1845,"height":1214,"caption":"Landscapes of (Re) Conquest Project"},"image":{"@id":"https:\/\/research.reading.ac.uk\/re-conquest\/#\/schema\/logo\/image\/"},"sameAs":["https:\/\/www.facebook.com\/groups\/119218554792603","https:\/\/twitter.com\/lorproject","https:\/\/www.instagram.com\/lorproject\/"]}]}},"_links":{"self":[{"href":"https:\/\/research.reading.ac.uk\/re-conquest\/wp-json\/wp\/v2\/pages\/25","targetHints":{"allow":["GET"]}}],"collection":[{"href":"https:\/\/research.reading.ac.uk\/re-conquest\/wp-json\/wp\/v2\/pages"}],"about":[{"href":"https:\/\/research.reading.ac.uk\/re-conquest\/wp-json\/wp\/v2\/types\/page"}],"author":[{"embeddable":true,"href":"https:\/\/research.reading.ac.uk\/re-conquest\/wp-json\/wp\/v2\/users\/166"}],"replies":[{"embeddable":true,"href":"https:\/\/research.reading.ac.uk\/re-conquest\/wp-json\/wp\/v2\/comments?post=25"}],"version-history":[{"count":6,"href":"https:\/\/research.reading.ac.uk\/re-conquest\/wp-json\/wp\/v2\/pages\/25\/revisions"}],"predecessor-version":[{"id":425,"href":"https:\/\/research.reading.ac.uk\/re-conquest\/wp-json\/wp\/v2\/pages\/25\/revisions\/425"}],"up":[{"embeddable":true,"href":"https:\/\/research.reading.ac.uk\/re-conquest\/wp-json\/wp\/v2\/pages\/23"}],"wp:attachment":[{"href":"https:\/\/research.reading.ac.uk\/re-conquest\/wp-json\/wp\/v2\/media?parent=25"}],"curies":[{"name":"wp","href":"https:\/\/api.w.org\/{rel}","templated":true}]}}