{"id":1006,"date":"2023-07-03T00:10:35","date_gmt":"2023-07-02T23:10:35","guid":{"rendered":"https:\/\/research.reading.ac.uk\/s2s-summit2023\/?page_id=1006"},"modified":"2023-07-03T00:10:35","modified_gmt":"2023-07-02T23:10:35","slug":"abstract152","status":"publish","type":"page","link":"https:\/\/research.reading.ac.uk\/s2s-summit2023\/programme\/abstract152\/","title":{"rendered":"Abstract 152"},"content":{"rendered":"<p>[vc_row][vc_column][vc_column_text]<strong>Abstract ID:<\/strong> 152<\/p>\n<h2 style=\"text-align: center\">Using monthly forecast of extreme events in the southwest Indian Ocean for disaster risk management: co-creation of a decision support tool for tropical cyclone risk anticipation<\/h2>\n<p style=\"text-align: center\"><span data-contrast=\"auto\"><strong>Lead Author:<\/strong> H\u00e9l\u00e8ne Veremes<br \/>\nLaboratoire de l&#8217;Atmosph\u00e8re et des Cyclones (LACy), CNRS, Universit\u00e9 de La R\u00e9union, M\u00e9t\u00e9o-France, La R\u00e9union, France<br \/>\n<\/span><\/p>\n<p><strong>Keywords:<\/strong> tropical cyclones, southwest Indian Ocean, decision support tool, co-production<\/p>\n<p><strong>Abstract:<\/strong> The PISSARO project deals with the application of weather and ocean forecasts on a subseasonal scale for disaster risk management in the southwest Indian Ocean. Within the framework of this project, discussions have been established between scientific, operational experts in subseasonal forecasting and potential users in order to provide them with adapted forecasting products. The collaborative work carried out by the scientists from the LACy, the forecasters from the DIROI and the humanitarian stakeholders from the PIROI has thus enabled the development of tools and products to anticipate the cyclone hazard and heavy rainfall in the southwest Indian Ocean region and to support the tropical cyclone disaster risk management (DRM).<br \/>\nThe PIROI runs a large risk management programme in the southwest Indian Ocean. Until recently, the weather forecasting data provided to them did not cover all the needs of the Ready-Set-Go concept and thus limited their anticipatory actions. In order to provide them with a seamless forecast, a user-oriented cartographic product has been developed. The inhabited lands of the southwest Indian Ocean have been divided into several zones. Each zone is assigned a weight between 1 and 8 which takes into account: the level of probability of the occurrence of a storm or tropical cyclone within a 300 km radius, the level of false alarms and associated good detections and the recurrence of a signal over the previous two runs. The PIROI has listed potential actions for each weight. These actions can be separated into three types: enhanced watch, warning and preparedness actions. Information is given on a weekly basis. Each run produces 3 decision support maps for each of the next 3 weeks.<br \/>\nThe PIROI is testing this product under operational conditions for the 2022-2023 cyclone season in the southwest Indian Ocean basin. Each week, these automatically produced decision support maps are sent to the disaster preparedness and response team. Following this communication, expert advice from forecasters can be required in the event that strong actions are suggested by the automatic product. This close collaboration facilitates the appropriation of the product by the users, allows for a real-time feedback between developers and users and may possibly lead to some adjustments of the product during the season.<br \/>\nAt the end of the cyclone season, a debriefing will be organised to assess the contribution of the monthly forecasts for DRM, to co-evaluate the performance of this product and to propose improvement paths. We will present the results of this experimentation.<\/p>\n<p><strong>Co-authors:<br \/>\n<\/strong>Sylvie MALARDEL (Laboratoire de l&#8217;Atmosph\u00e8re et des Cyclones (LACy), UMR8105, CNRS, Universit\u00e9 de La R\u00e9union, M\u00e9t\u00e9o-France, La R\u00e9union, France)<br \/>\nFran\u00e7ois BONNARDOT (Direction InterR\u00e9gionale de M\u00e9t\u00e9o-France dans l\u2019Oc\u00e9an Indien (DIROI), M\u00e9t\u00e9o-France, La R\u00e9union, France)<br \/>\nCamille BLANC (Plateforme d\u2019Intervention R\u00e9gionale de la Croix-Rouge dans l\u2019Oc\u00e9an Indien (PIROI), La R\u00e9union, France)[\/vc_column_text][vc_separator][\/vc_column][\/vc_row][vc_row][vc_column width=&#8221;1\/6&#8243;][vc_single_image image=&#8221;344&#8243; img_size=&#8221;full&#8221; onclick=&#8221;custom_link&#8221; link=&#8221;http:\/\/s2sprediction.net\/&#8221;][\/vc_column][vc_column width=&#8221;1\/6&#8243;][vc_single_image image=&#8221;345&#8243; img_size=&#8221;full&#8221; onclick=&#8221;custom_link&#8221; link=&#8221;https:\/\/public.wmo.int\/en&#8221;][\/vc_column][vc_column width=&#8221;1\/6&#8243;][vc_single_image image=&#8221;346&#8243; img_size=&#8221;full&#8221; onclick=&#8221;custom_link&#8221; link=&#8221;https:\/\/community.wmo.int\/activity-areas\/wwrp&#8221;][\/vc_column][vc_column width=&#8221;1\/6&#8243;][vc_single_image image=&#8221;347&#8243; img_size=&#8221;full&#8221; onclick=&#8221;custom_link&#8221; link=&#8221;https:\/\/www.wcrp-climate.org\/&#8221;][\/vc_column][vc_column width=&#8221;1\/6&#8243;][vc_single_image image=&#8221;348&#8243; img_size=&#8221;full&#8221;][\/vc_column][vc_column width=&#8221;1\/6&#8243;][vc_single_image image=&#8221;349&#8243; img_size=&#8221;full&#8221; onclick=&#8221;custom_link&#8221; link=&#8221;https:\/\/www.reading.ac.uk\/&#8221;][\/vc_column][\/vc_row]<\/p>\n","protected":false},"excerpt":{"rendered":"<p>[vc_row][vc_column][vc_column_text]Abstract ID: 152 Using monthly forecast of extreme events in the southwest Indian Ocean for disaster risk management: co-creation of a decision support tool for tropical cyclone risk anticipation Lead&#8230;<a class=\"read-more\" href=\"&#104;&#116;&#116;&#112;&#115;&#58;&#47;&#47;&#114;&#101;&#115;&#101;&#97;&#114;&#99;&#104;&#46;&#114;&#101;&#97;&#100;&#105;&#110;&#103;&#46;&#97;&#99;&#46;&#117;&#107;&#47;&#115;&#50;&#115;&#45;&#115;&#117;&#109;&#109;&#105;&#116;&#50;&#48;&#50;&#51;&#47;&#112;&#114;&#111;&#103;&#114;&#97;&#109;&#109;&#101;&#47;&#97;&#98;&#115;&#116;&#114;&#97;&#99;&#116;&#49;&#53;&#50;&#47;\">Read More ><\/a><\/p>\n","protected":false},"author":145,"featured_media":0,"parent":528,"menu_order":0,"comment_status":"closed","ping_status":"closed","template":"","meta":{"_acf_changed":false,"_monsterinsights_skip_tracking":false,"_monsterinsights_sitenote_active":false,"_monsterinsights_sitenote_note":"","_monsterinsights_sitenote_category":0,"__cvm_playback_settings":[],"__cvm_video_id":"","footnotes":""},"coauthors":[13],"class_list":["post-1006","page","type-page","status-publish","hentry"],"acf":[],"yoast_head":"<!-- This site is optimized with the Yoast SEO plugin v21.8.1 - https:\/\/yoast.com\/wordpress\/plugins\/seo\/ -->\n<title>Abstract 152 - WWRP\/WCRP S2S Summit 2023<\/title>\n<meta name=\"robots\" content=\"index, follow, max-snippet:-1, max-image-preview:large, max-video-preview:-1\" \/>\n<link rel=\"canonical\" href=\"https:\/\/research.reading.ac.uk\/s2s-summit2023\/programme\/abstract152\/\" \/>\n<meta property=\"og:locale\" content=\"en_GB\" \/>\n<meta property=\"og:type\" content=\"article\" \/>\n<meta property=\"og:title\" content=\"Abstract 152 - WWRP\/WCRP S2S Summit 2023\" \/>\n<meta property=\"og:description\" content=\"[vc_row][vc_column][vc_column_text]Abstract ID: 152 Using monthly forecast of extreme events in the southwest Indian Ocean for disaster risk management: co-creation of a decision support tool for tropical cyclone risk anticipation Lead...Read More &gt;\" \/>\n<meta property=\"og:url\" content=\"https:\/\/research.reading.ac.uk\/s2s-summit2023\/programme\/abstract152\/\" \/>\n<meta property=\"og:site_name\" content=\"WWRP\/WCRP S2S Summit 2023\" \/>\n<meta name=\"twitter:card\" content=\"summary_large_image\" \/>\n<meta name=\"twitter:label1\" content=\"Estimated reading time\" \/>\n\t<meta name=\"twitter:data1\" content=\"3 minutes\" \/>\n\t<meta name=\"twitter:label2\" content=\"Written by\" \/>\n\t<meta name=\"twitter:data2\" content=\"Robert Lee\" \/>\n<script type=\"application\/ld+json\" class=\"yoast-schema-graph\">{\"@context\":\"https:\/\/schema.org\",\"@graph\":[{\"@type\":\"WebPage\",\"@id\":\"https:\/\/research.reading.ac.uk\/s2s-summit2023\/programme\/abstract152\/\",\"url\":\"https:\/\/research.reading.ac.uk\/s2s-summit2023\/programme\/abstract152\/\",\"name\":\"Abstract 152 - WWRP\/WCRP S2S Summit 2023\",\"isPartOf\":{\"@id\":\"https:\/\/research.reading.ac.uk\/s2s-summit2023\/#website\"},\"datePublished\":\"2023-07-02T23:10:35+00:00\",\"dateModified\":\"2023-07-02T23:10:35+00:00\",\"breadcrumb\":{\"@id\":\"https:\/\/research.reading.ac.uk\/s2s-summit2023\/programme\/abstract152\/#breadcrumb\"},\"inLanguage\":\"en-GB\",\"potentialAction\":[{\"@type\":\"ReadAction\",\"target\":[\"https:\/\/research.reading.ac.uk\/s2s-summit2023\/programme\/abstract152\/\"]}]},{\"@type\":\"BreadcrumbList\",\"@id\":\"https:\/\/research.reading.ac.uk\/s2s-summit2023\/programme\/abstract152\/#breadcrumb\",\"itemListElement\":[{\"@type\":\"ListItem\",\"position\":1,\"name\":\"Home\",\"item\":\"https:\/\/research.reading.ac.uk\/s2s-summit2023\/\"},{\"@type\":\"ListItem\",\"position\":2,\"name\":\"Programme\",\"item\":\"https:\/\/research.reading.ac.uk\/s2s-summit2023\/programme\/\"},{\"@type\":\"ListItem\",\"position\":3,\"name\":\"Abstract 152\"}]},{\"@type\":\"WebSite\",\"@id\":\"https:\/\/research.reading.ac.uk\/s2s-summit2023\/#website\",\"url\":\"https:\/\/research.reading.ac.uk\/s2s-summit2023\/\",\"name\":\"WWRP\/WCRP S2S Summit 2023\",\"description\":\"Advancing Sub-seasonal to Seasonal Predictions and their Applications\",\"potentialAction\":[{\"@type\":\"SearchAction\",\"target\":{\"@type\":\"EntryPoint\",\"urlTemplate\":\"https:\/\/research.reading.ac.uk\/s2s-summit2023\/?s={search_term_string}\"},\"query-input\":\"required name=search_term_string\"}],\"inLanguage\":\"en-GB\"}]}<\/script>\n<!-- \/ Yoast SEO plugin. -->","yoast_head_json":{"title":"Abstract 152 - WWRP\/WCRP S2S Summit 2023","robots":{"index":"index","follow":"follow","max-snippet":"max-snippet:-1","max-image-preview":"max-image-preview:large","max-video-preview":"max-video-preview:-1"},"canonical":"https:\/\/research.reading.ac.uk\/s2s-summit2023\/programme\/abstract152\/","og_locale":"en_GB","og_type":"article","og_title":"Abstract 152 - WWRP\/WCRP S2S Summit 2023","og_description":"[vc_row][vc_column][vc_column_text]Abstract ID: 152 Using monthly forecast of extreme events in the southwest Indian Ocean for disaster risk management: co-creation of a decision support tool for tropical cyclone risk anticipation Lead...Read More >","og_url":"https:\/\/research.reading.ac.uk\/s2s-summit2023\/programme\/abstract152\/","og_site_name":"WWRP\/WCRP S2S Summit 2023","twitter_card":"summary_large_image","twitter_misc":{"Estimated reading time":"3 minutes","Written by":"Robert Lee"},"schema":{"@context":"https:\/\/schema.org","@graph":[{"@type":"WebPage","@id":"https:\/\/research.reading.ac.uk\/s2s-summit2023\/programme\/abstract152\/","url":"https:\/\/research.reading.ac.uk\/s2s-summit2023\/programme\/abstract152\/","name":"Abstract 152 - WWRP\/WCRP S2S Summit 2023","isPartOf":{"@id":"https:\/\/research.reading.ac.uk\/s2s-summit2023\/#website"},"datePublished":"2023-07-02T23:10:35+00:00","dateModified":"2023-07-02T23:10:35+00:00","breadcrumb":{"@id":"https:\/\/research.reading.ac.uk\/s2s-summit2023\/programme\/abstract152\/#breadcrumb"},"inLanguage":"en-GB","potentialAction":[{"@type":"ReadAction","target":["https:\/\/research.reading.ac.uk\/s2s-summit2023\/programme\/abstract152\/"]}]},{"@type":"BreadcrumbList","@id":"https:\/\/research.reading.ac.uk\/s2s-summit2023\/programme\/abstract152\/#breadcrumb","itemListElement":[{"@type":"ListItem","position":1,"name":"Home","item":"https:\/\/research.reading.ac.uk\/s2s-summit2023\/"},{"@type":"ListItem","position":2,"name":"Programme","item":"https:\/\/research.reading.ac.uk\/s2s-summit2023\/programme\/"},{"@type":"ListItem","position":3,"name":"Abstract 152"}]},{"@type":"WebSite","@id":"https:\/\/research.reading.ac.uk\/s2s-summit2023\/#website","url":"https:\/\/research.reading.ac.uk\/s2s-summit2023\/","name":"WWRP\/WCRP S2S Summit 2023","description":"Advancing Sub-seasonal to Seasonal Predictions and their Applications","potentialAction":[{"@type":"SearchAction","target":{"@type":"EntryPoint","urlTemplate":"https:\/\/research.reading.ac.uk\/s2s-summit2023\/?s={search_term_string}"},"query-input":"required name=search_term_string"}],"inLanguage":"en-GB"}]}},"_links":{"self":[{"href":"https:\/\/research.reading.ac.uk\/s2s-summit2023\/wp-json\/wp\/v2\/pages\/1006","targetHints":{"allow":["GET"]}}],"collection":[{"href":"https:\/\/research.reading.ac.uk\/s2s-summit2023\/wp-json\/wp\/v2\/pages"}],"about":[{"href":"https:\/\/research.reading.ac.uk\/s2s-summit2023\/wp-json\/wp\/v2\/types\/page"}],"author":[{"embeddable":true,"href":"https:\/\/research.reading.ac.uk\/s2s-summit2023\/wp-json\/wp\/v2\/users\/145"}],"replies":[{"embeddable":true,"href":"https:\/\/research.reading.ac.uk\/s2s-summit2023\/wp-json\/wp\/v2\/comments?post=1006"}],"version-history":[{"count":2,"href":"https:\/\/research.reading.ac.uk\/s2s-summit2023\/wp-json\/wp\/v2\/pages\/1006\/revisions"}],"predecessor-version":[{"id":1019,"href":"https:\/\/research.reading.ac.uk\/s2s-summit2023\/wp-json\/wp\/v2\/pages\/1006\/revisions\/1019"}],"up":[{"embeddable":true,"href":"https:\/\/research.reading.ac.uk\/s2s-summit2023\/wp-json\/wp\/v2\/pages\/528"}],"wp:attachment":[{"href":"https:\/\/research.reading.ac.uk\/s2s-summit2023\/wp-json\/wp\/v2\/media?parent=1006"}],"wp:term":[{"taxonomy":"author","embeddable":true,"href":"https:\/\/research.reading.ac.uk\/s2s-summit2023\/wp-json\/wp\/v2\/coauthors?post=1006"}],"curies":[{"name":"wp","href":"https:\/\/api.w.org\/{rel}","templated":true}]}}