{"id":1030,"date":"2023-07-03T00:28:52","date_gmt":"2023-07-02T23:28:52","guid":{"rendered":"https:\/\/research.reading.ac.uk\/s2s-summit2023\/?page_id=1030"},"modified":"2023-07-03T00:28:52","modified_gmt":"2023-07-02T23:28:52","slug":"abstract164","status":"publish","type":"page","link":"https:\/\/research.reading.ac.uk\/s2s-summit2023\/programme\/abstract164\/","title":{"rendered":"Abstract 164"},"content":{"rendered":"<p>[vc_row][vc_column][vc_column_text]<strong>Abstract ID:<\/strong> 164<\/p>\n<h2 style=\"text-align: center\">Forecast opportunity at subseasonal-to-seasonal timescales in the South Eastern Pacific<\/h2>\n<p style=\"text-align: center\"><span data-contrast=\"auto\"><strong>Lead Author:<\/strong> Boris Dewitte<br \/>\nCEAZA\/CECI, Chile<br \/>\n<\/span><\/p>\n<p><strong>Keywords:<\/strong> South Eastern Pacific, Intraseasonal Kelvin wave, S2S forecasts, ENSO, Coastal El Ni\u00f1o<\/p>\n<p><strong>Abstract:<\/strong> Eastern Boundary Upwelling Systems (EBUS) are amongst the most productive regions of the planet hosting a wealth of marine resources and concentrating economically important activities for the surrounding countries. Owing to their geographical setting they are in general under the direct influence of tropical variability through oceanic and atmospheric teleconnections, and they thus experience extreme climate events in the forms of heat or cold waves. There is currently an urgent need to predict such events sufficiently in advance for managing sensitive fisheries and marine ecosystems. As a basis for the design of an early warning system for the Central Chile region, we conduct a forecast skill assessment of sea level and sea surface temperature anomalies in the south eastern Pacific based on three resources, the S2S\/C3S databases from the ECMWF platform, and a new research tool for performing climate reanalyses and seasonal-to-decadal climate predictions developed at CERFACS-CECI in the frame of the H2020-TRIATLAS project benefiting from 30 members. Considering the efficient equatorial oceanic teleconnection along the west coast of South America at a wide range of frequencies, we first evaluate skill for intraseasonal coastally-trapped Kelvin waves and SST anomalies, as well as for interannual SST variability associated with Eastern Pacific El Ni\u00f1o events, long-lasting La Ni\u00f1a events and coastal events (e.g. Chile El Ni\u00f1o). The systems differ the most in terms of the initialization method considering that the TRIATLAS database provide forecasts initialized using a so-called nudging method that consists in restoring the coupled model to SST observations to produce initial conditions. While this method \u201cconserves\u201d inherent biases of the coupled system at the initialization, it can yield improvement in forecast skill at seasonal timescales. We first illustrate the impact of the nudging method on the forecast skill showing that it is efficient in reducing both the shock at the initialization and the coupled model bias in accounting for the inter-event variability (or ENSO diversity). The analysis further documents the dependence of the sub-seasonal forecast skill in S2S as a function of the magnitude of the intraseasonal equatorial Kelvin wave activity (IEKW), showing that it is significantly improved for periods of high variance of the IEKW. We also document the relationship between the forecast skill at subseasonal timescale and that at interannual timescales in case studies. The mean state bias of the prediction systems is finally contrasted and its relationship with forecast skill is evaluated based on the ensemble forecast runs.<\/p>\n<p><strong>Co-authors:<br \/>\n<\/strong>Lucas Glasner (CEAZA, La Serena, Chile)<br \/>\nEmilia Sanchez (CERFACS\/CECI, Toulouse, France)<br \/>\nCristian Martinez-Villalobos (Universidad Adolfo Iba\u00f1ez, Santiago, Chile)<br \/>\nOrlando Astudillo (CEAZA, La Serena, Chile)[\/vc_column_text][vc_separator][\/vc_column][\/vc_row][vc_row][vc_column width=&#8221;1\/6&#8243;][vc_single_image image=&#8221;344&#8243; img_size=&#8221;full&#8221; onclick=&#8221;custom_link&#8221; link=&#8221;http:\/\/s2sprediction.net\/&#8221;][\/vc_column][vc_column width=&#8221;1\/6&#8243;][vc_single_image image=&#8221;345&#8243; img_size=&#8221;full&#8221; onclick=&#8221;custom_link&#8221; link=&#8221;https:\/\/public.wmo.int\/en&#8221;][\/vc_column][vc_column width=&#8221;1\/6&#8243;][vc_single_image image=&#8221;346&#8243; img_size=&#8221;full&#8221; onclick=&#8221;custom_link&#8221; link=&#8221;https:\/\/community.wmo.int\/activity-areas\/wwrp&#8221;][\/vc_column][vc_column width=&#8221;1\/6&#8243;][vc_single_image image=&#8221;347&#8243; img_size=&#8221;full&#8221; onclick=&#8221;custom_link&#8221; link=&#8221;https:\/\/www.wcrp-climate.org\/&#8221;][\/vc_column][vc_column width=&#8221;1\/6&#8243;][vc_single_image image=&#8221;348&#8243; img_size=&#8221;full&#8221;][\/vc_column][vc_column width=&#8221;1\/6&#8243;][vc_single_image image=&#8221;349&#8243; img_size=&#8221;full&#8221; onclick=&#8221;custom_link&#8221; link=&#8221;https:\/\/www.reading.ac.uk\/&#8221;][\/vc_column][\/vc_row]<\/p>\n","protected":false},"excerpt":{"rendered":"<p>[vc_row][vc_column][vc_column_text]Abstract ID: 164 Forecast opportunity at subseasonal-to-seasonal timescales in the South Eastern Pacific Lead Author: Boris Dewitte CEAZA\/CECI, Chile Keywords: South Eastern Pacific, Intraseasonal Kelvin wave, S2S forecasts, ENSO, Coastal&#8230;<a class=\"read-more\" href=\"&#104;&#116;&#116;&#112;&#115;&#58;&#47;&#47;&#114;&#101;&#115;&#101;&#97;&#114;&#99;&#104;&#46;&#114;&#101;&#97;&#100;&#105;&#110;&#103;&#46;&#97;&#99;&#46;&#117;&#107;&#47;&#115;&#50;&#115;&#45;&#115;&#117;&#109;&#109;&#105;&#116;&#50;&#48;&#50;&#51;&#47;&#112;&#114;&#111;&#103;&#114;&#97;&#109;&#109;&#101;&#47;&#97;&#98;&#115;&#116;&#114;&#97;&#99;&#116;&#49;&#54;&#52;&#47;\">Read More ><\/a><\/p>\n","protected":false},"author":145,"featured_media":0,"parent":528,"menu_order":0,"comment_status":"closed","ping_status":"closed","template":"","meta":{"_acf_changed":false,"_monsterinsights_skip_tracking":false,"_monsterinsights_sitenote_active":false,"_monsterinsights_sitenote_note":"","_monsterinsights_sitenote_category":0,"__cvm_playback_settings":[],"__cvm_video_id":"","footnotes":""},"coauthors":[13],"class_list":["post-1030","page","type-page","status-publish","hentry"],"acf":[],"yoast_head":"<!-- This site is optimized with the Yoast SEO plugin v21.8.1 - https:\/\/yoast.com\/wordpress\/plugins\/seo\/ -->\n<title>Abstract 164 - WWRP\/WCRP S2S Summit 2023<\/title>\n<meta name=\"robots\" content=\"index, follow, max-snippet:-1, max-image-preview:large, max-video-preview:-1\" \/>\n<link rel=\"canonical\" href=\"https:\/\/research.reading.ac.uk\/s2s-summit2023\/programme\/abstract164\/\" \/>\n<meta property=\"og:locale\" content=\"en_GB\" \/>\n<meta property=\"og:type\" content=\"article\" \/>\n<meta property=\"og:title\" content=\"Abstract 164 - WWRP\/WCRP S2S Summit 2023\" \/>\n<meta property=\"og:description\" content=\"[vc_row][vc_column][vc_column_text]Abstract ID: 164 Forecast opportunity at subseasonal-to-seasonal timescales in the South Eastern Pacific Lead Author: Boris Dewitte CEAZA\/CECI, Chile Keywords: South Eastern Pacific, Intraseasonal Kelvin wave, S2S forecasts, ENSO, Coastal...Read More &gt;\" \/>\n<meta property=\"og:url\" content=\"https:\/\/research.reading.ac.uk\/s2s-summit2023\/programme\/abstract164\/\" \/>\n<meta property=\"og:site_name\" content=\"WWRP\/WCRP S2S Summit 2023\" \/>\n<meta name=\"twitter:card\" content=\"summary_large_image\" \/>\n<meta name=\"twitter:label1\" content=\"Estimated reading time\" \/>\n\t<meta name=\"twitter:data1\" content=\"3 minutes\" \/>\n\t<meta name=\"twitter:label2\" content=\"Written by\" \/>\n\t<meta name=\"twitter:data2\" content=\"Robert Lee\" \/>\n<script type=\"application\/ld+json\" class=\"yoast-schema-graph\">{\"@context\":\"https:\/\/schema.org\",\"@graph\":[{\"@type\":\"WebPage\",\"@id\":\"https:\/\/research.reading.ac.uk\/s2s-summit2023\/programme\/abstract164\/\",\"url\":\"https:\/\/research.reading.ac.uk\/s2s-summit2023\/programme\/abstract164\/\",\"name\":\"Abstract 164 - WWRP\/WCRP S2S Summit 2023\",\"isPartOf\":{\"@id\":\"https:\/\/research.reading.ac.uk\/s2s-summit2023\/#website\"},\"datePublished\":\"2023-07-02T23:28:52+00:00\",\"dateModified\":\"2023-07-02T23:28:52+00:00\",\"breadcrumb\":{\"@id\":\"https:\/\/research.reading.ac.uk\/s2s-summit2023\/programme\/abstract164\/#breadcrumb\"},\"inLanguage\":\"en-GB\",\"potentialAction\":[{\"@type\":\"ReadAction\",\"target\":[\"https:\/\/research.reading.ac.uk\/s2s-summit2023\/programme\/abstract164\/\"]}]},{\"@type\":\"BreadcrumbList\",\"@id\":\"https:\/\/research.reading.ac.uk\/s2s-summit2023\/programme\/abstract164\/#breadcrumb\",\"itemListElement\":[{\"@type\":\"ListItem\",\"position\":1,\"name\":\"Home\",\"item\":\"https:\/\/research.reading.ac.uk\/s2s-summit2023\/\"},{\"@type\":\"ListItem\",\"position\":2,\"name\":\"Programme\",\"item\":\"https:\/\/research.reading.ac.uk\/s2s-summit2023\/programme\/\"},{\"@type\":\"ListItem\",\"position\":3,\"name\":\"Abstract 164\"}]},{\"@type\":\"WebSite\",\"@id\":\"https:\/\/research.reading.ac.uk\/s2s-summit2023\/#website\",\"url\":\"https:\/\/research.reading.ac.uk\/s2s-summit2023\/\",\"name\":\"WWRP\/WCRP S2S Summit 2023\",\"description\":\"Advancing Sub-seasonal to Seasonal Predictions and their Applications\",\"potentialAction\":[{\"@type\":\"SearchAction\",\"target\":{\"@type\":\"EntryPoint\",\"urlTemplate\":\"https:\/\/research.reading.ac.uk\/s2s-summit2023\/?s={search_term_string}\"},\"query-input\":\"required name=search_term_string\"}],\"inLanguage\":\"en-GB\"}]}<\/script>\n<!-- \/ Yoast SEO plugin. -->","yoast_head_json":{"title":"Abstract 164 - WWRP\/WCRP S2S Summit 2023","robots":{"index":"index","follow":"follow","max-snippet":"max-snippet:-1","max-image-preview":"max-image-preview:large","max-video-preview":"max-video-preview:-1"},"canonical":"https:\/\/research.reading.ac.uk\/s2s-summit2023\/programme\/abstract164\/","og_locale":"en_GB","og_type":"article","og_title":"Abstract 164 - WWRP\/WCRP S2S Summit 2023","og_description":"[vc_row][vc_column][vc_column_text]Abstract ID: 164 Forecast opportunity at subseasonal-to-seasonal timescales in the South Eastern Pacific Lead Author: Boris Dewitte CEAZA\/CECI, Chile Keywords: South Eastern Pacific, Intraseasonal Kelvin wave, S2S forecasts, ENSO, Coastal...Read More >","og_url":"https:\/\/research.reading.ac.uk\/s2s-summit2023\/programme\/abstract164\/","og_site_name":"WWRP\/WCRP S2S Summit 2023","twitter_card":"summary_large_image","twitter_misc":{"Estimated reading time":"3 minutes","Written by":"Robert Lee"},"schema":{"@context":"https:\/\/schema.org","@graph":[{"@type":"WebPage","@id":"https:\/\/research.reading.ac.uk\/s2s-summit2023\/programme\/abstract164\/","url":"https:\/\/research.reading.ac.uk\/s2s-summit2023\/programme\/abstract164\/","name":"Abstract 164 - WWRP\/WCRP S2S Summit 2023","isPartOf":{"@id":"https:\/\/research.reading.ac.uk\/s2s-summit2023\/#website"},"datePublished":"2023-07-02T23:28:52+00:00","dateModified":"2023-07-02T23:28:52+00:00","breadcrumb":{"@id":"https:\/\/research.reading.ac.uk\/s2s-summit2023\/programme\/abstract164\/#breadcrumb"},"inLanguage":"en-GB","potentialAction":[{"@type":"ReadAction","target":["https:\/\/research.reading.ac.uk\/s2s-summit2023\/programme\/abstract164\/"]}]},{"@type":"BreadcrumbList","@id":"https:\/\/research.reading.ac.uk\/s2s-summit2023\/programme\/abstract164\/#breadcrumb","itemListElement":[{"@type":"ListItem","position":1,"name":"Home","item":"https:\/\/research.reading.ac.uk\/s2s-summit2023\/"},{"@type":"ListItem","position":2,"name":"Programme","item":"https:\/\/research.reading.ac.uk\/s2s-summit2023\/programme\/"},{"@type":"ListItem","position":3,"name":"Abstract 164"}]},{"@type":"WebSite","@id":"https:\/\/research.reading.ac.uk\/s2s-summit2023\/#website","url":"https:\/\/research.reading.ac.uk\/s2s-summit2023\/","name":"WWRP\/WCRP S2S Summit 2023","description":"Advancing Sub-seasonal to Seasonal Predictions and their Applications","potentialAction":[{"@type":"SearchAction","target":{"@type":"EntryPoint","urlTemplate":"https:\/\/research.reading.ac.uk\/s2s-summit2023\/?s={search_term_string}"},"query-input":"required name=search_term_string"}],"inLanguage":"en-GB"}]}},"_links":{"self":[{"href":"https:\/\/research.reading.ac.uk\/s2s-summit2023\/wp-json\/wp\/v2\/pages\/1030","targetHints":{"allow":["GET"]}}],"collection":[{"href":"https:\/\/research.reading.ac.uk\/s2s-summit2023\/wp-json\/wp\/v2\/pages"}],"about":[{"href":"https:\/\/research.reading.ac.uk\/s2s-summit2023\/wp-json\/wp\/v2\/types\/page"}],"author":[{"embeddable":true,"href":"https:\/\/research.reading.ac.uk\/s2s-summit2023\/wp-json\/wp\/v2\/users\/145"}],"replies":[{"embeddable":true,"href":"https:\/\/research.reading.ac.uk\/s2s-summit2023\/wp-json\/wp\/v2\/comments?post=1030"}],"version-history":[{"count":2,"href":"https:\/\/research.reading.ac.uk\/s2s-summit2023\/wp-json\/wp\/v2\/pages\/1030\/revisions"}],"predecessor-version":[{"id":1047,"href":"https:\/\/research.reading.ac.uk\/s2s-summit2023\/wp-json\/wp\/v2\/pages\/1030\/revisions\/1047"}],"up":[{"embeddable":true,"href":"https:\/\/research.reading.ac.uk\/s2s-summit2023\/wp-json\/wp\/v2\/pages\/528"}],"wp:attachment":[{"href":"https:\/\/research.reading.ac.uk\/s2s-summit2023\/wp-json\/wp\/v2\/media?parent=1030"}],"wp:term":[{"taxonomy":"author","embeddable":true,"href":"https:\/\/research.reading.ac.uk\/s2s-summit2023\/wp-json\/wp\/v2\/coauthors?post=1030"}],"curies":[{"name":"wp","href":"https:\/\/api.w.org\/{rel}","templated":true}]}}