{"id":1060,"date":"2023-07-03T01:14:10","date_gmt":"2023-07-03T00:14:10","guid":{"rendered":"https:\/\/research.reading.ac.uk\/s2s-summit2023\/?page_id=1060"},"modified":"2023-07-03T01:14:10","modified_gmt":"2023-07-03T00:14:10","slug":"abstract184","status":"publish","type":"page","link":"https:\/\/research.reading.ac.uk\/s2s-summit2023\/programme\/abstract184\/","title":{"rendered":"Abstract 184"},"content":{"rendered":"<p>[vc_row][vc_column][vc_column_text]<strong>Abstract ID:<\/strong> 184<\/p>\n<h2 style=\"text-align: center\">Monthly forecast exploratory experiment with a convection permitting model for the south-west Indian Ocean basin<\/h2>\n<p style=\"text-align: center\"><span data-contrast=\"auto\"><strong>Lead Author:<\/strong> Sylvie Malardel<br \/>\nLaboratoire de l&#8217;Atmosph\u00e8re et des Cyclones (LACy), France (La R\u00e9union)<br \/>\n<\/span><\/p>\n<p><strong>Keywords:<\/strong> convection permitting model , subseasonal scale, scale interactions<\/p>\n<p><strong>Abstract:<\/strong> One of the objectives of the PISSARO (Pr\u00e9vision Intra-Saisonni\u00e8re \u00e0 Saisonni\u00e8re avec AROme) project is to study the contribution of a model which resolves deep convection for the monthly forecast of extreme weather in the south-west Indian Ocean (SWIO). The idea of such an extended range system is not to focus on the detailed forecast of the convective scale. But we hope that modeling explicitly the interaction between the larger weather patterns such as the MJO and the tropical waves that have some predictability at the subseasonal scale and the resolved convective circulations may improve the subseasonal probabilistic forecast of the extreme weather events (mainly tropical cyclones and heavy tropical precipitation regimes) that is strongly influenced by the large scales in the tropics.<br \/>\nThe convection permitting model AROME already produces operational 48h forecasts with a resolution of 1.3 km, 4 times a day over a large SWIO domain. A prototype of an ensemble of 72h AROME forecasts with 16 members at a resolution of 2.5 km has been tested in near real time during the last 3 tropical cyclone seasons and it should become fully operational in the second half of 2023. In the context of the PISSARO project, this ensemble system has been adapted for extended range forecasts on a larger Indian Ocean domain across the equator.<br \/>\nIn this talk, we will compare the information provided by the extended range AROME ensemble and by the IFS ensemble for a few test cases of tropical cyclones and heavy rainfall events in the ITCZ and analyze the contribution of modeling explicitly the tropical convection for the extended range forecast of such devastating weather phenomena.<\/p>\n<p><strong>Co-authors:<br \/>\n<\/strong>H\u00e9l\u00e8ne V\u00e9r\u00e8mes (LACy)[\/vc_column_text][vc_separator][\/vc_column][\/vc_row][vc_row][vc_column width=&#8221;1\/6&#8243;][vc_single_image image=&#8221;344&#8243; img_size=&#8221;full&#8221; onclick=&#8221;custom_link&#8221; link=&#8221;http:\/\/s2sprediction.net\/&#8221;][\/vc_column][vc_column width=&#8221;1\/6&#8243;][vc_single_image image=&#8221;345&#8243; img_size=&#8221;full&#8221; onclick=&#8221;custom_link&#8221; link=&#8221;https:\/\/public.wmo.int\/en&#8221;][\/vc_column][vc_column width=&#8221;1\/6&#8243;][vc_single_image image=&#8221;346&#8243; img_size=&#8221;full&#8221; onclick=&#8221;custom_link&#8221; link=&#8221;https:\/\/community.wmo.int\/activity-areas\/wwrp&#8221;][\/vc_column][vc_column width=&#8221;1\/6&#8243;][vc_single_image image=&#8221;347&#8243; img_size=&#8221;full&#8221; onclick=&#8221;custom_link&#8221; link=&#8221;https:\/\/www.wcrp-climate.org\/&#8221;][\/vc_column][vc_column width=&#8221;1\/6&#8243;][vc_single_image image=&#8221;348&#8243; img_size=&#8221;full&#8221;][\/vc_column][vc_column width=&#8221;1\/6&#8243;][vc_single_image image=&#8221;349&#8243; img_size=&#8221;full&#8221; onclick=&#8221;custom_link&#8221; link=&#8221;https:\/\/www.reading.ac.uk\/&#8221;][\/vc_column][\/vc_row]<\/p>\n","protected":false},"excerpt":{"rendered":"<p>[vc_row][vc_column][vc_column_text]Abstract ID: 184 Monthly forecast exploratory experiment with a convection permitting model for the south-west Indian Ocean basin Lead Author: Sylvie Malardel Laboratoire de l&#8217;Atmosph\u00e8re et des Cyclones (LACy), France&#8230;<a class=\"read-more\" href=\"&#104;&#116;&#116;&#112;&#115;&#58;&#47;&#47;&#114;&#101;&#115;&#101;&#97;&#114;&#99;&#104;&#46;&#114;&#101;&#97;&#100;&#105;&#110;&#103;&#46;&#97;&#99;&#46;&#117;&#107;&#47;&#115;&#50;&#115;&#45;&#115;&#117;&#109;&#109;&#105;&#116;&#50;&#48;&#50;&#51;&#47;&#112;&#114;&#111;&#103;&#114;&#97;&#109;&#109;&#101;&#47;&#97;&#98;&#115;&#116;&#114;&#97;&#99;&#116;&#49;&#56;&#52;&#47;\">Read More ><\/a><\/p>\n","protected":false},"author":145,"featured_media":0,"parent":528,"menu_order":0,"comment_status":"closed","ping_status":"closed","template":"","meta":{"_acf_changed":false,"_monsterinsights_skip_tracking":false,"_monsterinsights_sitenote_active":false,"_monsterinsights_sitenote_note":"","_monsterinsights_sitenote_category":0,"__cvm_playback_settings":[],"__cvm_video_id":"","footnotes":""},"coauthors":[13],"class_list":["post-1060","page","type-page","status-publish","hentry"],"acf":[],"yoast_head":"<!-- This site is optimized with the Yoast SEO plugin v21.8.1 - https:\/\/yoast.com\/wordpress\/plugins\/seo\/ -->\n<title>Abstract 184 - WWRP\/WCRP S2S Summit 2023<\/title>\n<meta name=\"robots\" content=\"index, follow, max-snippet:-1, max-image-preview:large, max-video-preview:-1\" \/>\n<link rel=\"canonical\" href=\"https:\/\/research.reading.ac.uk\/s2s-summit2023\/programme\/abstract184\/\" \/>\n<meta property=\"og:locale\" content=\"en_GB\" \/>\n<meta property=\"og:type\" content=\"article\" \/>\n<meta property=\"og:title\" content=\"Abstract 184 - WWRP\/WCRP S2S Summit 2023\" \/>\n<meta property=\"og:description\" content=\"[vc_row][vc_column][vc_column_text]Abstract ID: 184 Monthly forecast exploratory experiment with a convection permitting model for the south-west Indian Ocean basin Lead Author: Sylvie Malardel Laboratoire de l&#8217;Atmosph\u00e8re et des Cyclones (LACy), France...Read More &gt;\" \/>\n<meta property=\"og:url\" content=\"https:\/\/research.reading.ac.uk\/s2s-summit2023\/programme\/abstract184\/\" \/>\n<meta property=\"og:site_name\" content=\"WWRP\/WCRP S2S Summit 2023\" \/>\n<meta name=\"twitter:card\" content=\"summary_large_image\" \/>\n<meta name=\"twitter:label1\" content=\"Estimated reading time\" \/>\n\t<meta name=\"twitter:data1\" content=\"2 minutes\" \/>\n\t<meta name=\"twitter:label2\" content=\"Written by\" \/>\n\t<meta name=\"twitter:data2\" content=\"Robert Lee\" \/>\n<script type=\"application\/ld+json\" class=\"yoast-schema-graph\">{\"@context\":\"https:\/\/schema.org\",\"@graph\":[{\"@type\":\"WebPage\",\"@id\":\"https:\/\/research.reading.ac.uk\/s2s-summit2023\/programme\/abstract184\/\",\"url\":\"https:\/\/research.reading.ac.uk\/s2s-summit2023\/programme\/abstract184\/\",\"name\":\"Abstract 184 - WWRP\/WCRP S2S Summit 2023\",\"isPartOf\":{\"@id\":\"https:\/\/research.reading.ac.uk\/s2s-summit2023\/#website\"},\"datePublished\":\"2023-07-03T00:14:10+00:00\",\"dateModified\":\"2023-07-03T00:14:10+00:00\",\"breadcrumb\":{\"@id\":\"https:\/\/research.reading.ac.uk\/s2s-summit2023\/programme\/abstract184\/#breadcrumb\"},\"inLanguage\":\"en-GB\",\"potentialAction\":[{\"@type\":\"ReadAction\",\"target\":[\"https:\/\/research.reading.ac.uk\/s2s-summit2023\/programme\/abstract184\/\"]}]},{\"@type\":\"BreadcrumbList\",\"@id\":\"https:\/\/research.reading.ac.uk\/s2s-summit2023\/programme\/abstract184\/#breadcrumb\",\"itemListElement\":[{\"@type\":\"ListItem\",\"position\":1,\"name\":\"Home\",\"item\":\"https:\/\/research.reading.ac.uk\/s2s-summit2023\/\"},{\"@type\":\"ListItem\",\"position\":2,\"name\":\"Programme\",\"item\":\"https:\/\/research.reading.ac.uk\/s2s-summit2023\/programme\/\"},{\"@type\":\"ListItem\",\"position\":3,\"name\":\"Abstract 184\"}]},{\"@type\":\"WebSite\",\"@id\":\"https:\/\/research.reading.ac.uk\/s2s-summit2023\/#website\",\"url\":\"https:\/\/research.reading.ac.uk\/s2s-summit2023\/\",\"name\":\"WWRP\/WCRP S2S Summit 2023\",\"description\":\"Advancing Sub-seasonal to Seasonal Predictions and their Applications\",\"potentialAction\":[{\"@type\":\"SearchAction\",\"target\":{\"@type\":\"EntryPoint\",\"urlTemplate\":\"https:\/\/research.reading.ac.uk\/s2s-summit2023\/?s={search_term_string}\"},\"query-input\":\"required name=search_term_string\"}],\"inLanguage\":\"en-GB\"}]}<\/script>\n<!-- \/ Yoast SEO plugin. -->","yoast_head_json":{"title":"Abstract 184 - WWRP\/WCRP S2S Summit 2023","robots":{"index":"index","follow":"follow","max-snippet":"max-snippet:-1","max-image-preview":"max-image-preview:large","max-video-preview":"max-video-preview:-1"},"canonical":"https:\/\/research.reading.ac.uk\/s2s-summit2023\/programme\/abstract184\/","og_locale":"en_GB","og_type":"article","og_title":"Abstract 184 - WWRP\/WCRP S2S Summit 2023","og_description":"[vc_row][vc_column][vc_column_text]Abstract ID: 184 Monthly forecast exploratory experiment with a convection permitting model for the south-west Indian Ocean basin Lead Author: Sylvie Malardel Laboratoire de l&#8217;Atmosph\u00e8re et des Cyclones (LACy), France...Read More >","og_url":"https:\/\/research.reading.ac.uk\/s2s-summit2023\/programme\/abstract184\/","og_site_name":"WWRP\/WCRP S2S Summit 2023","twitter_card":"summary_large_image","twitter_misc":{"Estimated reading time":"2 minutes","Written by":"Robert Lee"},"schema":{"@context":"https:\/\/schema.org","@graph":[{"@type":"WebPage","@id":"https:\/\/research.reading.ac.uk\/s2s-summit2023\/programme\/abstract184\/","url":"https:\/\/research.reading.ac.uk\/s2s-summit2023\/programme\/abstract184\/","name":"Abstract 184 - WWRP\/WCRP S2S Summit 2023","isPartOf":{"@id":"https:\/\/research.reading.ac.uk\/s2s-summit2023\/#website"},"datePublished":"2023-07-03T00:14:10+00:00","dateModified":"2023-07-03T00:14:10+00:00","breadcrumb":{"@id":"https:\/\/research.reading.ac.uk\/s2s-summit2023\/programme\/abstract184\/#breadcrumb"},"inLanguage":"en-GB","potentialAction":[{"@type":"ReadAction","target":["https:\/\/research.reading.ac.uk\/s2s-summit2023\/programme\/abstract184\/"]}]},{"@type":"BreadcrumbList","@id":"https:\/\/research.reading.ac.uk\/s2s-summit2023\/programme\/abstract184\/#breadcrumb","itemListElement":[{"@type":"ListItem","position":1,"name":"Home","item":"https:\/\/research.reading.ac.uk\/s2s-summit2023\/"},{"@type":"ListItem","position":2,"name":"Programme","item":"https:\/\/research.reading.ac.uk\/s2s-summit2023\/programme\/"},{"@type":"ListItem","position":3,"name":"Abstract 184"}]},{"@type":"WebSite","@id":"https:\/\/research.reading.ac.uk\/s2s-summit2023\/#website","url":"https:\/\/research.reading.ac.uk\/s2s-summit2023\/","name":"WWRP\/WCRP S2S Summit 2023","description":"Advancing Sub-seasonal to Seasonal Predictions and their Applications","potentialAction":[{"@type":"SearchAction","target":{"@type":"EntryPoint","urlTemplate":"https:\/\/research.reading.ac.uk\/s2s-summit2023\/?s={search_term_string}"},"query-input":"required name=search_term_string"}],"inLanguage":"en-GB"}]}},"_links":{"self":[{"href":"https:\/\/research.reading.ac.uk\/s2s-summit2023\/wp-json\/wp\/v2\/pages\/1060","targetHints":{"allow":["GET"]}}],"collection":[{"href":"https:\/\/research.reading.ac.uk\/s2s-summit2023\/wp-json\/wp\/v2\/pages"}],"about":[{"href":"https:\/\/research.reading.ac.uk\/s2s-summit2023\/wp-json\/wp\/v2\/types\/page"}],"author":[{"embeddable":true,"href":"https:\/\/research.reading.ac.uk\/s2s-summit2023\/wp-json\/wp\/v2\/users\/145"}],"replies":[{"embeddable":true,"href":"https:\/\/research.reading.ac.uk\/s2s-summit2023\/wp-json\/wp\/v2\/comments?post=1060"}],"version-history":[{"count":2,"href":"https:\/\/research.reading.ac.uk\/s2s-summit2023\/wp-json\/wp\/v2\/pages\/1060\/revisions"}],"predecessor-version":[{"id":1087,"href":"https:\/\/research.reading.ac.uk\/s2s-summit2023\/wp-json\/wp\/v2\/pages\/1060\/revisions\/1087"}],"up":[{"embeddable":true,"href":"https:\/\/research.reading.ac.uk\/s2s-summit2023\/wp-json\/wp\/v2\/pages\/528"}],"wp:attachment":[{"href":"https:\/\/research.reading.ac.uk\/s2s-summit2023\/wp-json\/wp\/v2\/media?parent=1060"}],"wp:term":[{"taxonomy":"author","embeddable":true,"href":"https:\/\/research.reading.ac.uk\/s2s-summit2023\/wp-json\/wp\/v2\/coauthors?post=1060"}],"curies":[{"name":"wp","href":"https:\/\/api.w.org\/{rel}","templated":true}]}}