{"id":893,"date":"2023-07-02T21:10:50","date_gmt":"2023-07-02T20:10:50","guid":{"rendered":"https:\/\/research.reading.ac.uk\/s2s-summit2023\/?page_id=893"},"modified":"2023-07-02T21:10:50","modified_gmt":"2023-07-02T20:10:50","slug":"abstract107","status":"publish","type":"page","link":"https:\/\/research.reading.ac.uk\/s2s-summit2023\/programme\/abstract107\/","title":{"rendered":"Abstract 107"},"content":{"rendered":"<p>[vc_row][vc_column][vc_column_text]<strong>Abstract ID:<\/strong> 107<\/p>\n<h2 style=\"text-align: center\">Predicting the leaf area index in a dynamical S2S forecast system<\/h2>\n<p style=\"text-align: center\"><span data-contrast=\"auto\"><strong>Lead Author:<\/strong> Constantin Ardilouze<br \/>\nCNRM, Universit\u00e9 de Toulouse, M\u00e9t\u00e9o France, CNRS, France<br \/>\n<\/span><\/p>\n<p><strong>Keywords:<\/strong> Interactive vegetation, LA, ESM, predictability<\/p>\n<p><strong>Abstract:<\/strong> Processes governing land-atmosphere interactions have a flawed representation in dynamical subseasonal and seasonal forecast systems. In particular, the evolution of vegetation is generally prescribed, following an annual climatology for example. However, vegetation is a key player in the climate mean state and interannual variability, due to the impact on the surface water and energy budgets through the soil evaporation, the canopy transpiration and albedo. Furthermore, the time scale of the evolution of vegetation is slower than atmospheric processes, which could be an asset for atmospheric predictability because of the persistence of anomalous leaf area index initial states.<br \/>\nWhile recent efforts on land sources of subseasonal-to-seasonal predictability have mostly focused on soil moisture and its initialization, the impact of a better representation of the vegetation evolution on S2S forecast skill is yet to be explored.<br \/>\nIn the framework of the European project H2020-CONFESS, we evaluate an ESM-based dynamical subseasonal-to-seasonal reforecast run with an interactive vegetation scheme.<br \/>\nWe primarily focus on the extent to which the leaf area index (LAI) is predictable against a reference observational dataset, delivered during the CONFESS project. To our knowledge, inline predictions of LAI anomalies at the global scale have never been explored, and may provide avenues for innovative climate services such as crop management, or the anticipation of wildfire risk.<br \/>\nThe potential of LAI as a source of atmospheric S2S predictability is also discussed by comparing the skill of screen-level temperature reforecasts run with or without the interactive vegetation scheme.<\/p>\n<p><strong>Co-authors:<br \/>\n<\/strong>Dayon, G. (CNRM)<br \/>\nBatt\u00e9, L. (CNRM)<br \/>\nDecharme, B. (CNRM)[\/vc_column_text][vc_separator][\/vc_column][\/vc_row][vc_row][vc_column width=&#8221;1\/6&#8243;][vc_single_image image=&#8221;344&#8243; img_size=&#8221;full&#8221; onclick=&#8221;custom_link&#8221; link=&#8221;http:\/\/s2sprediction.net\/&#8221;][\/vc_column][vc_column width=&#8221;1\/6&#8243;][vc_single_image image=&#8221;345&#8243; img_size=&#8221;full&#8221; onclick=&#8221;custom_link&#8221; link=&#8221;https:\/\/public.wmo.int\/en&#8221;][\/vc_column][vc_column width=&#8221;1\/6&#8243;][vc_single_image image=&#8221;346&#8243; img_size=&#8221;full&#8221; onclick=&#8221;custom_link&#8221; link=&#8221;https:\/\/community.wmo.int\/activity-areas\/wwrp&#8221;][\/vc_column][vc_column width=&#8221;1\/6&#8243;][vc_single_image image=&#8221;347&#8243; img_size=&#8221;full&#8221; onclick=&#8221;custom_link&#8221; link=&#8221;https:\/\/www.wcrp-climate.org\/&#8221;][\/vc_column][vc_column width=&#8221;1\/6&#8243;][vc_single_image image=&#8221;348&#8243; img_size=&#8221;full&#8221;][\/vc_column][vc_column width=&#8221;1\/6&#8243;][vc_single_image image=&#8221;349&#8243; img_size=&#8221;full&#8221; onclick=&#8221;custom_link&#8221; link=&#8221;https:\/\/www.reading.ac.uk\/&#8221;][\/vc_column][\/vc_row]<\/p>\n","protected":false},"excerpt":{"rendered":"<p>[vc_row][vc_column][vc_column_text]Abstract ID: 107 Predicting the leaf area index in a dynamical S2S forecast system Lead Author: Constantin Ardilouze CNRM, Universit\u00e9 de Toulouse, M\u00e9t\u00e9o France, CNRS, France Keywords: Interactive vegetation, LA,&#8230;<a class=\"read-more\" href=\"&#104;&#116;&#116;&#112;&#115;&#58;&#47;&#47;&#114;&#101;&#115;&#101;&#97;&#114;&#99;&#104;&#46;&#114;&#101;&#97;&#100;&#105;&#110;&#103;&#46;&#97;&#99;&#46;&#117;&#107;&#47;&#115;&#50;&#115;&#45;&#115;&#117;&#109;&#109;&#105;&#116;&#50;&#48;&#50;&#51;&#47;&#112;&#114;&#111;&#103;&#114;&#97;&#109;&#109;&#101;&#47;&#97;&#98;&#115;&#116;&#114;&#97;&#99;&#116;&#49;&#48;&#55;&#47;\">Read More ><\/a><\/p>\n","protected":false},"author":145,"featured_media":0,"parent":528,"menu_order":0,"comment_status":"closed","ping_status":"closed","template":"","meta":{"_acf_changed":false,"_monsterinsights_skip_tracking":false,"_monsterinsights_sitenote_active":false,"_monsterinsights_sitenote_note":"","_monsterinsights_sitenote_category":0,"__cvm_playback_settings":[],"__cvm_video_id":"","footnotes":""},"coauthors":[13],"class_list":["post-893","page","type-page","status-publish","hentry"],"acf":[],"yoast_head":"<!-- This site is optimized with the Yoast SEO plugin v21.8.1 - https:\/\/yoast.com\/wordpress\/plugins\/seo\/ -->\n<title>Abstract 107 - WWRP\/WCRP S2S Summit 2023<\/title>\n<meta name=\"robots\" content=\"index, follow, max-snippet:-1, max-image-preview:large, max-video-preview:-1\" \/>\n<link rel=\"canonical\" href=\"https:\/\/research.reading.ac.uk\/s2s-summit2023\/programme\/abstract107\/\" \/>\n<meta property=\"og:locale\" content=\"en_GB\" \/>\n<meta property=\"og:type\" content=\"article\" \/>\n<meta property=\"og:title\" content=\"Abstract 107 - WWRP\/WCRP S2S Summit 2023\" \/>\n<meta property=\"og:description\" content=\"[vc_row][vc_column][vc_column_text]Abstract ID: 107 Predicting the leaf area index in a dynamical S2S forecast system Lead Author: Constantin Ardilouze CNRM, Universit\u00e9 de Toulouse, M\u00e9t\u00e9o France, CNRS, France Keywords: Interactive vegetation, LA,...Read More &gt;\" \/>\n<meta property=\"og:url\" content=\"https:\/\/research.reading.ac.uk\/s2s-summit2023\/programme\/abstract107\/\" \/>\n<meta property=\"og:site_name\" content=\"WWRP\/WCRP S2S Summit 2023\" \/>\n<meta name=\"twitter:card\" content=\"summary_large_image\" \/>\n<meta name=\"twitter:label1\" content=\"Estimated reading time\" \/>\n\t<meta name=\"twitter:data1\" content=\"2 minutes\" \/>\n\t<meta name=\"twitter:label2\" content=\"Written by\" \/>\n\t<meta name=\"twitter:data2\" content=\"Robert Lee\" \/>\n<script type=\"application\/ld+json\" class=\"yoast-schema-graph\">{\"@context\":\"https:\/\/schema.org\",\"@graph\":[{\"@type\":\"WebPage\",\"@id\":\"https:\/\/research.reading.ac.uk\/s2s-summit2023\/programme\/abstract107\/\",\"url\":\"https:\/\/research.reading.ac.uk\/s2s-summit2023\/programme\/abstract107\/\",\"name\":\"Abstract 107 - WWRP\/WCRP S2S Summit 2023\",\"isPartOf\":{\"@id\":\"https:\/\/research.reading.ac.uk\/s2s-summit2023\/#website\"},\"datePublished\":\"2023-07-02T20:10:50+00:00\",\"dateModified\":\"2023-07-02T20:10:50+00:00\",\"breadcrumb\":{\"@id\":\"https:\/\/research.reading.ac.uk\/s2s-summit2023\/programme\/abstract107\/#breadcrumb\"},\"inLanguage\":\"en-GB\",\"potentialAction\":[{\"@type\":\"ReadAction\",\"target\":[\"https:\/\/research.reading.ac.uk\/s2s-summit2023\/programme\/abstract107\/\"]}]},{\"@type\":\"BreadcrumbList\",\"@id\":\"https:\/\/research.reading.ac.uk\/s2s-summit2023\/programme\/abstract107\/#breadcrumb\",\"itemListElement\":[{\"@type\":\"ListItem\",\"position\":1,\"name\":\"Home\",\"item\":\"https:\/\/research.reading.ac.uk\/s2s-summit2023\/\"},{\"@type\":\"ListItem\",\"position\":2,\"name\":\"Programme\",\"item\":\"https:\/\/research.reading.ac.uk\/s2s-summit2023\/programme\/\"},{\"@type\":\"ListItem\",\"position\":3,\"name\":\"Abstract 107\"}]},{\"@type\":\"WebSite\",\"@id\":\"https:\/\/research.reading.ac.uk\/s2s-summit2023\/#website\",\"url\":\"https:\/\/research.reading.ac.uk\/s2s-summit2023\/\",\"name\":\"WWRP\/WCRP S2S Summit 2023\",\"description\":\"Advancing Sub-seasonal to Seasonal Predictions and their Applications\",\"potentialAction\":[{\"@type\":\"SearchAction\",\"target\":{\"@type\":\"EntryPoint\",\"urlTemplate\":\"https:\/\/research.reading.ac.uk\/s2s-summit2023\/?s={search_term_string}\"},\"query-input\":\"required name=search_term_string\"}],\"inLanguage\":\"en-GB\"}]}<\/script>\n<!-- \/ Yoast SEO plugin. -->","yoast_head_json":{"title":"Abstract 107 - WWRP\/WCRP S2S Summit 2023","robots":{"index":"index","follow":"follow","max-snippet":"max-snippet:-1","max-image-preview":"max-image-preview:large","max-video-preview":"max-video-preview:-1"},"canonical":"https:\/\/research.reading.ac.uk\/s2s-summit2023\/programme\/abstract107\/","og_locale":"en_GB","og_type":"article","og_title":"Abstract 107 - WWRP\/WCRP S2S Summit 2023","og_description":"[vc_row][vc_column][vc_column_text]Abstract ID: 107 Predicting the leaf area index in a dynamical S2S forecast system Lead Author: Constantin Ardilouze CNRM, Universit\u00e9 de Toulouse, M\u00e9t\u00e9o France, CNRS, France Keywords: Interactive vegetation, LA,...Read More >","og_url":"https:\/\/research.reading.ac.uk\/s2s-summit2023\/programme\/abstract107\/","og_site_name":"WWRP\/WCRP S2S Summit 2023","twitter_card":"summary_large_image","twitter_misc":{"Estimated reading time":"2 minutes","Written by":"Robert Lee"},"schema":{"@context":"https:\/\/schema.org","@graph":[{"@type":"WebPage","@id":"https:\/\/research.reading.ac.uk\/s2s-summit2023\/programme\/abstract107\/","url":"https:\/\/research.reading.ac.uk\/s2s-summit2023\/programme\/abstract107\/","name":"Abstract 107 - WWRP\/WCRP S2S Summit 2023","isPartOf":{"@id":"https:\/\/research.reading.ac.uk\/s2s-summit2023\/#website"},"datePublished":"2023-07-02T20:10:50+00:00","dateModified":"2023-07-02T20:10:50+00:00","breadcrumb":{"@id":"https:\/\/research.reading.ac.uk\/s2s-summit2023\/programme\/abstract107\/#breadcrumb"},"inLanguage":"en-GB","potentialAction":[{"@type":"ReadAction","target":["https:\/\/research.reading.ac.uk\/s2s-summit2023\/programme\/abstract107\/"]}]},{"@type":"BreadcrumbList","@id":"https:\/\/research.reading.ac.uk\/s2s-summit2023\/programme\/abstract107\/#breadcrumb","itemListElement":[{"@type":"ListItem","position":1,"name":"Home","item":"https:\/\/research.reading.ac.uk\/s2s-summit2023\/"},{"@type":"ListItem","position":2,"name":"Programme","item":"https:\/\/research.reading.ac.uk\/s2s-summit2023\/programme\/"},{"@type":"ListItem","position":3,"name":"Abstract 107"}]},{"@type":"WebSite","@id":"https:\/\/research.reading.ac.uk\/s2s-summit2023\/#website","url":"https:\/\/research.reading.ac.uk\/s2s-summit2023\/","name":"WWRP\/WCRP S2S Summit 2023","description":"Advancing Sub-seasonal to Seasonal Predictions and their Applications","potentialAction":[{"@type":"SearchAction","target":{"@type":"EntryPoint","urlTemplate":"https:\/\/research.reading.ac.uk\/s2s-summit2023\/?s={search_term_string}"},"query-input":"required name=search_term_string"}],"inLanguage":"en-GB"}]}},"_links":{"self":[{"href":"https:\/\/research.reading.ac.uk\/s2s-summit2023\/wp-json\/wp\/v2\/pages\/893","targetHints":{"allow":["GET"]}}],"collection":[{"href":"https:\/\/research.reading.ac.uk\/s2s-summit2023\/wp-json\/wp\/v2\/pages"}],"about":[{"href":"https:\/\/research.reading.ac.uk\/s2s-summit2023\/wp-json\/wp\/v2\/types\/page"}],"author":[{"embeddable":true,"href":"https:\/\/research.reading.ac.uk\/s2s-summit2023\/wp-json\/wp\/v2\/users\/145"}],"replies":[{"embeddable":true,"href":"https:\/\/research.reading.ac.uk\/s2s-summit2023\/wp-json\/wp\/v2\/comments?post=893"}],"version-history":[{"count":2,"href":"https:\/\/research.reading.ac.uk\/s2s-summit2023\/wp-json\/wp\/v2\/pages\/893\/revisions"}],"predecessor-version":[{"id":902,"href":"https:\/\/research.reading.ac.uk\/s2s-summit2023\/wp-json\/wp\/v2\/pages\/893\/revisions\/902"}],"up":[{"embeddable":true,"href":"https:\/\/research.reading.ac.uk\/s2s-summit2023\/wp-json\/wp\/v2\/pages\/528"}],"wp:attachment":[{"href":"https:\/\/research.reading.ac.uk\/s2s-summit2023\/wp-json\/wp\/v2\/media?parent=893"}],"wp:term":[{"taxonomy":"author","embeddable":true,"href":"https:\/\/research.reading.ac.uk\/s2s-summit2023\/wp-json\/wp\/v2\/coauthors?post=893"}],"curies":[{"name":"wp","href":"https:\/\/api.w.org\/{rel}","templated":true}]}}