{"id":73,"date":"2018-06-01T11:05:47","date_gmt":"2018-06-01T10:05:47","guid":{"rendered":"https:\/\/research.reading.ac.uk\/son-preference-uk\/?page_id=73"},"modified":"2019-10-15T15:09:55","modified_gmt":"2019-10-15T14:09:55","slug":"publications-and-documents","status":"publish","type":"page","link":"https:\/\/research.reading.ac.uk\/son-preference-uk\/publications-and-documents\/","title":{"rendered":"Publications and documents"},"content":{"rendered":"<p>Dubuc S. (2019, forthcoming) Pr\u00e9f\u00e9rence pour les gar\u00e7ons et s\u00e9lection pr\u00e9natale: causes, implications et f\u00e9minisme. Universit\u00e9 des femmes de Bruxelles, <em>Collection: Pens\u00e9es f\u00e9ministes<\/em>.<\/p>\n<p>Dubuc, Sylvie and Sivia, Devinderjit. 2018.<a href=\"https:\/\/gh.bmj.com\/content\/3\/4\/e000675\"> \u00a0\u2018Is sex ratio at birth an appropriate measure of prenatal sex-selection? Findings of a theoretical model and its application to India.\u2019\u00a0<em>BMJ Global Health <\/em><em>3(4).<\/em><\/a><\/p>\n<p>Dubuc, Sylvie. 2018.<a href=\"https:\/\/www.elgaronline.com\/view\/edcoll\/9781785363542\/9781785363542.00007.xml\"> \u2018Son Preference and Fertility: An Overview\u2019. In S. Gietel-Basten, J. Casterline, M.K. Choe (Eds.), <em>Family Demography in Asia.<\/em> Cheltenham: Edward Elgar Publishing Limited.<\/a><\/p>\n<p>Unnithan, Maya\u00a0and\u00a0Dubuc, Sylvie. 2017.<a href=\"https:\/\/www.tandfonline.com\/doi\/full\/10.1080\/17441692.2017.1346694\"> &#8216;Re-visioning evidence: Reflections on the recent controversy around gender selective abortion in the UK.&#8217; <em>Global Public Health.<\/em> ISSN 1744-1692.<\/a><\/p>\n<p>Dubuc, Sylvie. 2017. \u2018Fertility and Education Among British Asian Women: A Success Story of Social Mobility?.\u2019 <em>Vienna Yearbook of Population Research<\/em> (15)269-291.<\/p>\n<p>Dubuc Sylvie. 2015. <em><a href=\"https:\/\/research.reading.ac.uk\/son-preference-uk\/wp-content\/uploads\/sites\/45\/pdfs\/Nuffield-Workshop-programme-Dubuc-2014.pdf\">Son preference and Prenatal sex-selection against females: Evidence, causes and implications<\/a>. <\/em>Workshop report, 3 Oct. 2014, The Nuffield Foundation, London<\/p>\n","protected":false},"excerpt":{"rendered":"<p>Dubuc S. (2019, forthcoming) Pr\u00e9f\u00e9rence pour les gar\u00e7ons et s\u00e9lection pr\u00e9natale: causes, implications et f\u00e9minisme. Universit\u00e9 des femmes de Bruxelles, Collection: Pens\u00e9es f\u00e9ministes. Dubuc, Sylvie and Sivia, Devinderjit. 2018. \u00a0\u2018Is&#8230;<a class=\"read-more\" href=\"&#104;&#116;&#116;&#112;&#115;&#58;&#47;&#47;&#114;&#101;&#115;&#101;&#97;&#114;&#99;&#104;&#46;&#114;&#101;&#97;&#100;&#105;&#110;&#103;&#46;&#97;&#99;&#46;&#117;&#107;&#47;&#115;&#111;&#110;&#45;&#112;&#114;&#101;&#102;&#101;&#114;&#101;&#110;&#99;&#101;&#45;&#117;&#107;&#47;&#112;&#117;&#98;&#108;&#105;&#99;&#97;&#116;&#105;&#111;&#110;&#115;&#45;&#97;&#110;&#100;&#45;&#100;&#111;&#99;&#117;&#109;&#101;&#110;&#116;&#115;&#47;\">Read More ><\/a><\/p>\n","protected":false},"author":8,"featured_media":0,"parent":0,"menu_order":0,"comment_status":"closed","ping_status":"closed","template":"","meta":{"_acf_changed":false,"_monsterinsights_skip_tracking":false,"_monsterinsights_sitenote_active":false,"_monsterinsights_sitenote_note":"","_monsterinsights_sitenote_category":0,"__cvm_playback_settings":[],"__cvm_video_id":"","footnotes":"","_links_to":"","_links_to_target":""},"class_list":["post-73","page","type-page","status-publish","hentry"],"acf":[],"yoast_head":"<!-- This site is optimized with the Yoast SEO plugin v21.8.1 - https:\/\/yoast.com\/wordpress\/plugins\/seo\/ -->\n<title>Publications and documents - Son Preference \u2013 UK<\/title>\n<meta name=\"robots\" content=\"index, follow, max-snippet:-1, max-image-preview:large, max-video-preview:-1\" \/>\n<link rel=\"canonical\" href=\"https:\/\/research.reading.ac.uk\/son-preference-uk\/publications-and-documents\/\" \/>\n<meta property=\"og:locale\" content=\"en_GB\" \/>\n<meta property=\"og:type\" content=\"article\" \/>\n<meta property=\"og:title\" content=\"Publications and documents - Son Preference \u2013 UK\" \/>\n<meta property=\"og:description\" content=\"Dubuc S. (2019, forthcoming) Pr\u00e9f\u00e9rence pour les gar\u00e7ons et s\u00e9lection pr\u00e9natale: causes, implications et f\u00e9minisme. Universit\u00e9 des femmes de Bruxelles, Collection: Pens\u00e9es f\u00e9ministes. Dubuc, Sylvie and Sivia, Devinderjit. 2018. \u00a0\u2018Is...Read More &gt;\" \/>\n<meta property=\"og:url\" content=\"https:\/\/research.reading.ac.uk\/son-preference-uk\/publications-and-documents\/\" \/>\n<meta property=\"og:site_name\" content=\"Son Preference \u2013 UK\" \/>\n<meta property=\"article:modified_time\" content=\"2019-10-15T14:09:55+00:00\" \/>\n<meta name=\"twitter:card\" content=\"summary_large_image\" \/>\n<meta name=\"twitter:label1\" content=\"Estimated reading time\" \/>\n\t<meta name=\"twitter:data1\" content=\"1 minute\" \/>\n<script type=\"application\/ld+json\" class=\"yoast-schema-graph\">{\"@context\":\"https:\/\/schema.org\",\"@graph\":[{\"@type\":\"WebPage\",\"@id\":\"https:\/\/research.reading.ac.uk\/son-preference-uk\/publications-and-documents\/\",\"url\":\"https:\/\/research.reading.ac.uk\/son-preference-uk\/publications-and-documents\/\",\"name\":\"Publications and documents - Son Preference \u2013 UK\",\"isPartOf\":{\"@id\":\"https:\/\/research.reading.ac.uk\/son-preference-uk\/#website\"},\"datePublished\":\"2018-06-01T10:05:47+00:00\",\"dateModified\":\"2019-10-15T14:09:55+00:00\",\"breadcrumb\":{\"@id\":\"https:\/\/research.reading.ac.uk\/son-preference-uk\/publications-and-documents\/#breadcrumb\"},\"inLanguage\":\"en-GB\",\"potentialAction\":[{\"@type\":\"ReadAction\",\"target\":[\"https:\/\/research.reading.ac.uk\/son-preference-uk\/publications-and-documents\/\"]}]},{\"@type\":\"BreadcrumbList\",\"@id\":\"https:\/\/research.reading.ac.uk\/son-preference-uk\/publications-and-documents\/#breadcrumb\",\"itemListElement\":[{\"@type\":\"ListItem\",\"position\":1,\"name\":\"Home\",\"item\":\"https:\/\/research.reading.ac.uk\/son-preference-uk\/\"},{\"@type\":\"ListItem\",\"position\":2,\"name\":\"Publications and documents\"}]},{\"@type\":\"WebSite\",\"@id\":\"https:\/\/research.reading.ac.uk\/son-preference-uk\/#website\",\"url\":\"https:\/\/research.reading.ac.uk\/son-preference-uk\/\",\"name\":\"Son Preference \u2013 UK\",\"description\":\"\",\"potentialAction\":[{\"@type\":\"SearchAction\",\"target\":{\"@type\":\"EntryPoint\",\"urlTemplate\":\"https:\/\/research.reading.ac.uk\/son-preference-uk\/?s={search_term_string}\"},\"query-input\":\"required name=search_term_string\"}],\"inLanguage\":\"en-GB\"}]}<\/script>\n<!-- \/ Yoast SEO plugin. -->","yoast_head_json":{"title":"Publications and documents - Son Preference \u2013 UK","robots":{"index":"index","follow":"follow","max-snippet":"max-snippet:-1","max-image-preview":"max-image-preview:large","max-video-preview":"max-video-preview:-1"},"canonical":"https:\/\/research.reading.ac.uk\/son-preference-uk\/publications-and-documents\/","og_locale":"en_GB","og_type":"article","og_title":"Publications and documents - Son Preference \u2013 UK","og_description":"Dubuc S. (2019, forthcoming) Pr\u00e9f\u00e9rence pour les gar\u00e7ons et s\u00e9lection pr\u00e9natale: causes, implications et f\u00e9minisme. Universit\u00e9 des femmes de Bruxelles, Collection: Pens\u00e9es f\u00e9ministes. Dubuc, Sylvie and Sivia, Devinderjit. 2018. \u00a0\u2018Is...Read More >","og_url":"https:\/\/research.reading.ac.uk\/son-preference-uk\/publications-and-documents\/","og_site_name":"Son Preference \u2013 UK","article_modified_time":"2019-10-15T14:09:55+00:00","twitter_card":"summary_large_image","twitter_misc":{"Estimated reading time":"1 minute"},"schema":{"@context":"https:\/\/schema.org","@graph":[{"@type":"WebPage","@id":"https:\/\/research.reading.ac.uk\/son-preference-uk\/publications-and-documents\/","url":"https:\/\/research.reading.ac.uk\/son-preference-uk\/publications-and-documents\/","name":"Publications and documents - Son Preference \u2013 UK","isPartOf":{"@id":"https:\/\/research.reading.ac.uk\/son-preference-uk\/#website"},"datePublished":"2018-06-01T10:05:47+00:00","dateModified":"2019-10-15T14:09:55+00:00","breadcrumb":{"@id":"https:\/\/research.reading.ac.uk\/son-preference-uk\/publications-and-documents\/#breadcrumb"},"inLanguage":"en-GB","potentialAction":[{"@type":"ReadAction","target":["https:\/\/research.reading.ac.uk\/son-preference-uk\/publications-and-documents\/"]}]},{"@type":"BreadcrumbList","@id":"https:\/\/research.reading.ac.uk\/son-preference-uk\/publications-and-documents\/#breadcrumb","itemListElement":[{"@type":"ListItem","position":1,"name":"Home","item":"https:\/\/research.reading.ac.uk\/son-preference-uk\/"},{"@type":"ListItem","position":2,"name":"Publications and documents"}]},{"@type":"WebSite","@id":"https:\/\/research.reading.ac.uk\/son-preference-uk\/#website","url":"https:\/\/research.reading.ac.uk\/son-preference-uk\/","name":"Son Preference \u2013 UK","description":"","potentialAction":[{"@type":"SearchAction","target":{"@type":"EntryPoint","urlTemplate":"https:\/\/research.reading.ac.uk\/son-preference-uk\/?s={search_term_string}"},"query-input":"required name=search_term_string"}],"inLanguage":"en-GB"}]}},"_links":{"self":[{"href":"https:\/\/research.reading.ac.uk\/son-preference-uk\/wp-json\/wp\/v2\/pages\/73","targetHints":{"allow":["GET"]}}],"collection":[{"href":"https:\/\/research.reading.ac.uk\/son-preference-uk\/wp-json\/wp\/v2\/pages"}],"about":[{"href":"https:\/\/research.reading.ac.uk\/son-preference-uk\/wp-json\/wp\/v2\/types\/page"}],"author":[{"embeddable":true,"href":"https:\/\/research.reading.ac.uk\/son-preference-uk\/wp-json\/wp\/v2\/users\/8"}],"replies":[{"embeddable":true,"href":"https:\/\/research.reading.ac.uk\/son-preference-uk\/wp-json\/wp\/v2\/comments?post=73"}],"version-history":[{"count":5,"href":"https:\/\/research.reading.ac.uk\/son-preference-uk\/wp-json\/wp\/v2\/pages\/73\/revisions"}],"predecessor-version":[{"id":90,"href":"https:\/\/research.reading.ac.uk\/son-preference-uk\/wp-json\/wp\/v2\/pages\/73\/revisions\/90"}],"wp:attachment":[{"href":"https:\/\/research.reading.ac.uk\/son-preference-uk\/wp-json\/wp\/v2\/media?parent=73"}],"curies":[{"name":"wp","href":"https:\/\/api.w.org\/{rel}","templated":true}]}}