{"id":223,"date":"2018-09-19T16:00:52","date_gmt":"2018-09-19T15:00:52","guid":{"rendered":"https:\/\/research.reading.ac.uk\/spectroelectrochemistry\/?page_id=223"},"modified":"2019-04-26T14:18:16","modified_gmt":"2019-04-26T13:18:16","slug":"customer-map","status":"publish","type":"page","link":"https:\/\/research.reading.ac.uk\/spectroelectrochemistry\/customer-map\/","title":{"rendered":"Customer Map &amp; Testimonials"},"content":{"rendered":"<p><img loading=\"lazy\" decoding=\"async\" class=\"alignnone size-full wp-image-341\" src=\"https:\/\/research.reading.ac.uk\/spectroelectrochemistry\/wp-content\/uploads\/sites\/66\/Unorganized\/World-map-customers-01-01-19.jpg\" alt=\"\" width=\"4500\" height=\"2234\" srcset=\"https:\/\/research.reading.ac.uk\/spectroelectrochemistry\/wp-content\/uploads\/sites\/66\/Unorganized\/World-map-customers-01-01-19.jpg 4500w, https:\/\/research.reading.ac.uk\/spectroelectrochemistry\/wp-content\/uploads\/sites\/66\/Unorganized\/World-map-customers-01-01-19-300x149.jpg 300w, https:\/\/research.reading.ac.uk\/spectroelectrochemistry\/wp-content\/uploads\/sites\/66\/Unorganized\/World-map-customers-01-01-19-768x381.jpg 768w, https:\/\/research.reading.ac.uk\/spectroelectrochemistry\/wp-content\/uploads\/sites\/66\/Unorganized\/World-map-customers-01-01-19-1024x508.jpg 1024w\" sizes=\"auto, (max-width: 4500px) 100vw, 4500px\" \/><\/p>\n<p>Employed all over the world, our cells are having a direct impact on ongoing research. See below\u00a0<span style=\"letter-spacing: 0.08px\">the full list of locations you can find our cells in, as well as direct testimonials from our customers.\u00a0<\/span><\/p>\n<p><strong>Argentina\u00a0 \u00a0 \u00a0 \u00a0 \u00a0 \u00a0 \u00a0 \u00a0 \u00a0 \u00a0 \u00a0 \u00a0 \u00a0 \u00a0 \u00a0 \u00a0 \u00a0 \u00a0 \u00a0 \u00a0 \u00a0 \u00a0 \u00a0\u00a0<\/strong><strong style=\"letter-spacing: 0.08px\">Australia\u00a0 \u00a0 \u00a0 \u00a0 \u00a0 \u00a0 \u00a0 \u00a0 \u00a0 \u00a0 \u00a0 \u00a0 \u00a0 \u00a0 \u00a0 \u00a0 \u00a0 \u00a0 \u00a0 \u00a0 \u00a0 \u00a0 \u00a0 \u00a0 \u00a0 \u00a0 \u00a0 \u00a0 \u00a0 \u00a0 \u00a0 \u00a0 \u00a0 \u00a0 \u00a0 \u00a0 \u00a0 \u00a0 \u00a0 \u00a0 \u00a0 \u00a0 \u00a0 \u00a0 \u00a0 \u00a0 \u00a0 \u00a0 \u00a0 \u00a0 \u00a0 \u00a0 \u00a0 \u00a0 \u00a0 \u00a0 \u00a0 \u00a0 \u00a0 \u00a0 \u00a0<\/strong><strong style=\"letter-spacing: 0.08px\">Austria<\/strong><\/p>\n<p>San Miguel de Tucum\u00e1n\u00a0 \u00a0 \u00a0 \u00a0 \u00a0 \u00a0 \u00a0 \u00a0 \u00a0 \u00a0 Canberra (ANU), Perth (NWA Uni (3x)), New South Wales (Woolongong)\u00a0 \u00a0 \u00a0 \u00a0 \u00a0 \u00a0 Linz<\/p>\n<p><strong>Canada<\/strong><\/p>\n<p>Brandon University (Manitoba), Calgary, Otawa, Toronto (Uni Toronto; York University (2x))<\/p>\n<p><strong>China<\/strong><\/p>\n<p>Beijing (BNU, ICCAS), Fuzhou, Guangzhou (Jinan Uni, SCUT), Hong Kong (Uni Hong Kong), Ningbo (Uni Nottingham), Shanghai, Wuhan (CCNU (2x), HUST)<\/p>\n<p><strong>Cyprus\u00a0 \u00a0 \u00a0 \u00a0 \u00a0 \u00a0 \u00a0 \u00a0 \u00a0 \u00a0\u00a0<\/strong><strong style=\"letter-spacing: 0.08px\">Czech Republic<\/strong><\/p>\n<p>Limassol\u00a0 \u00a0 \u00a0 \u00a0 \u00a0 \u00a0 \u00a0 \u00a0 \u00a0<span style=\"letter-spacing: 0.08px\">Brno (Masaryk Uni (2x)), Prague (Heyrovsky Institute of Physical Chemistry &#8211; 6x; Charles University; Metrohm)<\/span><\/p>\n<p><strong>Denmark\u00a0 \u00a0 \u00a0 \u00a0 \u00a0 \u00a0 \u00a0 \u00a0 <\/strong><strong style=\"letter-spacing: 0.08px\">France<\/strong><\/p>\n<p>Copenhagen\u00a0 \u00a0 \u00a0 \u00a0 \u00a0\u00a0<span style=\"letter-spacing: 0.08px\">Bordeaux, Grenoble, Paris (ENS Cachan, Sorbonne, Universite Paris Diderot), Lyon (2x), Rennes (2x), Strasbourg (5x), Toulouse (CMES)<\/span><\/p>\n<p><strong>Germany<\/strong><\/p>\n<p>Berlin (HU, TU, FU), Bielefeld, Bonn, Chemnitz (3x), Cologne (2x), Freiburg, G\u00f6ttingen (3x), Hamburg, Jena (3x), Karlsruhe, Mainz, M\u00fclheim, Munnich, M\u00fcnster (2x), Potsdam, Regensburg (4x), Siegen, Stuttgart (University (2x), GAC), T\u00fcbingen<\/p>\n<p><strong>Great Britain<\/strong><\/p>\n<p>Bath, Belfast, Bristol, Cambridge, Durham (5x), London (QMUL, Imperial College (2x)), Lincoln, Manchester, Newcastle, Nottingham (2x), Oxford, St. Andrews, Sheffield (3x), Sussex, York (3x)<\/p>\n<p><strong>India\u00a0 \u00a0 \u00a0 \u00a0 \u00a0 \u00a0 \u00a0 \u00a0 \u00a0 \u00a0 \u00a0 \u00a0 \u00a0 \u00a0 \u00a0 \u00a0 \u00a0 \u00a0 \u00a0 \u00a0 \u00a0 \u00a0 \u00a0 \u00a0 \u00a0 \u00a0 \u00a0 \u00a0 \u00a0 \u00a0 \u00a0 \u00a0 \u00a0 \u00a0 \u00a0 \u00a0<\/strong><strong style=\"letter-spacing: 0.08px\">Ireland<\/strong><\/p>\n<p>Calcutta, Narendrapur (West Bengal)\u00a0 \u00a0 \u00a0 \u00a0 \u00a0 \u00a0 \u00a0 <span style=\"letter-spacing: 0.08px\">Dublin (UCD (2x), DCU (2x)), Maynooth<\/span><\/p>\n<p><strong>Italy\u00a0 \u00a0 \u00a0 \u00a0 \u00a0 \u00a0 \u00a0 \u00a0 \u00a0 \u00a0 \u00a0 \u00a0 \u00a0 \u00a0 \u00a0 \u00a0 \u00a0 \u00a0 \u00a0 \u00a0 \u00a0 \u00a0 \u00a0 \u00a0 \u00a0 \u00a0 \u00a0 \u00a0 \u00a0 \u00a0 \u00a0 \u00a0 \u00a0 \u00a0 \u00a0 \u00a0 \u00a0 \u00a0 \u00a0 \u00a0 \u00a0 \u00a0 \u00a0 \u00a0 \u00a0 \u00a0 \u00a0 \u00a0 \u00a0 \u00a0 \u00a0 \u00a0 \u00a0 \u00a0 \u00a0 \u00a0 \u00a0 \u00a0 \u00a0 \u00a0 \u00a0 \u00a0 \u00a0 \u00a0 \u00a0<\/strong><strong style=\"letter-spacing: 0.08px\">Japan<\/strong><\/p>\n<p>Bologna, Cagliari, Messina, Padova, Pisa, Salerno, Sassari, Siena, Torino\u00a0 \u00a0 \u00a0 \u00a0 \u00a0 <span style=\"letter-spacing: 0.08px\">Tokyo (Chuo University), Yokohama<\/span><\/p>\n<p><strong>Netherlands<\/strong><\/p>\n<p>Amsterdam (4x), Delft, Groningen (4x), Leiden, Utrecht, Vlaardingen &#8211; Unilever<\/p>\n<p><strong>New Zealand\u00a0 \u00a0 \u00a0 \u00a0 \u00a0 \u00a0 \u00a0 \u00a0 \u00a0 \u00a0 \u00a0 \u00a0 \u00a0 \u00a0 \u00a0 \u00a0 \u00a0 \u00a0 \u00a0 \u00a0 \u00a0<\/strong><strong style=\"letter-spacing: 0.08px\">Norway\u00a0 \u00a0 \u00a0 \u00a0 \u00a0 \u00a0 \u00a0 \u00a0 \u00a0 \u00a0 \u00a0 \u00a0 \u00a0 \u00a0<\/strong><strong style=\"letter-spacing: 0.08px\">Oman (UAE)\u00a0 \u00a0 \u00a0 \u00a0 \u00a0\u00a0<\/strong><strong style=\"letter-spacing: 0.08px\">Portugal<\/strong><\/p>\n<p>Dunedin (University of Otago)\u00a0 \u00a0 \u00a0 \u00a0 \u00a0 \u00a0<span style=\"letter-spacing: 0.08px\">Troms\u00f8\u00a0 \u00a0 \u00a0 \u00a0 \u00a0 \u00a0 \u00a0 \u00a0 \u00a0 \u00a0 \u00a0 \u00a0 \u00a0 \u00a0 <\/span><span style=\"letter-spacing: 0.08px\">Muscat\u00a0 \u00a0 \u00a0 \u00a0 \u00a0 \u00a0 \u00a0 \u00a0 \u00a0 <\/span><span style=\"letter-spacing: 0.08px\">Lisbon<\/span><\/p>\n<p><strong>Quatar (UAE)\u00a0 \u00a0 \u00a0 \u00a0 \u00a0 \u00a0 \u00a0 \u00a0 \u00a0 \u00a0 \u00a0 \u00a0 \u00a0 \u00a0 \u00a0 \u00a0 <\/strong><strong style=\"letter-spacing: 0.08px\">Romania<\/strong><\/p>\n<p>Doha (Texas A&amp;M; QUEERI)\u00a0 \u00a0 \u00a0 \u00a0<span style=\"letter-spacing: 0.08px\">Bucharest<\/span><\/p>\n<p><strong>South Africa<\/strong><\/p>\n<p>Belville, Bloemfontein, Grahamstown, Johannesburg (University of the Free State (3x)) Pietermaritzburg<\/p>\n<p><strong>South Korea\u00a0 \u00a0 \u00a0 \u00a0 \u00a0 \u00a0 \u00a0 \u00a0 \u00a0 \u00a0 \u00a0 \u00a0 \u00a0 \u00a0 \u00a0 \u00a0 \u00a0 \u00a0 \u00a0 \u00a0<\/strong><strong style=\"letter-spacing: 0.08px\">Spain<\/strong><\/p>\n<p>Seoul (Sangmyung University)\u00a0 \u00a0 \u00a0 \u00a0 <span style=\"letter-spacing: 0.08px\">Barcelona, Girona, Malaga (3x), Tarragona (2x)<\/span><\/p>\n<p><strong>Slovak Republic\u00a0 \u00a0 \u00a0 \u00a0 \u00a0 \u00a0 \u00a0 \u00a0 \u00a0 \u00a0 \u00a0 \u00a0 \u00a0 \u00a0 \u00a0 \u00a0 \u00a0<\/strong><strong style=\"letter-spacing: 0.08px\">Sweden<\/strong><\/p>\n<p>Bratislava (Metrohm)\u00a0 \u00a0 \u00a0 \u00a0 \u00a0 \u00a0 \u00a0 \u00a0 \u00a0 \u00a0 \u00a0 \u00a0<span style=\"letter-spacing: 0.08px\">Lund<\/span><\/p>\n<p><strong>Switzerland<\/strong><\/p>\n<p>Basel, Bern, Fribourg, Gen\u00e8ve (2x), Zurich (2x)<\/p>\n<p><strong>United States<\/strong><\/p>\n<p>Arizona (Arizona State Uni Tempe (2x)), California (Davis (UCLA), Los Angeles (UCLA, 4x), Irvine), Colorado (NREL Golden), Illinois (Uni Chicago; DePaul Uni Chicago; Northwestern (3x)), Indiana (Purdue (2x); Bloomington), Michigan, New Mexico (LANL, Albuquerque), New York (Rochester; Upton), North Carolina (Chapel Hill), Ohio (Exciton Dye Tech), Pennsylvania (Pennsylvania State (2x)), Tennessee (Tennessee State Uni Knoxville), Vermont<\/p>\n<p>&nbsp;<\/p>\n<p>&nbsp;<\/p>\n","protected":false},"excerpt":{"rendered":"<p>Our cells are employed in labs all over the world. Have a look for yourself and view our customer&#8217;s testimonials!<\/p>\n","protected":false},"author":125,"featured_media":362,"parent":0,"menu_order":0,"comment_status":"closed","ping_status":"closed","template":"","meta":{"_acf_changed":false,"_monsterinsights_skip_tracking":false,"_monsterinsights_sitenote_active":false,"_monsterinsights_sitenote_note":"","_monsterinsights_sitenote_category":0,"__cvm_playback_settings":[],"__cvm_video_id":"","footnotes":""},"class_list":["post-223","page","type-page","status-publish","has-post-thumbnail","hentry"],"acf":[],"yoast_head":"<!-- This site is optimized with the Yoast SEO plugin v21.8.1 - https:\/\/yoast.com\/wordpress\/plugins\/seo\/ -->\n<title>Customer Map &amp; Testimonials - Spectroelectrochemistry<\/title>\n<meta name=\"robots\" content=\"index, follow, max-snippet:-1, max-image-preview:large, max-video-preview:-1\" \/>\n<link rel=\"canonical\" href=\"https:\/\/research.reading.ac.uk\/spectroelectrochemistry\/customer-map\/\" \/>\n<meta property=\"og:locale\" content=\"en_GB\" \/>\n<meta property=\"og:type\" content=\"article\" \/>\n<meta property=\"og:title\" content=\"Customer Map &amp; Testimonials - Spectroelectrochemistry\" \/>\n<meta property=\"og:description\" content=\"Our cells are employed in labs all over the world. Have a look for yourself and view our customer&#039;s testimonials!\" \/>\n<meta property=\"og:url\" content=\"https:\/\/research.reading.ac.uk\/spectroelectrochemistry\/customer-map\/\" \/>\n<meta property=\"og:site_name\" content=\"Spectroelectrochemistry\" \/>\n<meta property=\"article:modified_time\" content=\"2019-04-26T13:18:16+00:00\" \/>\n<meta property=\"og:image\" content=\"https:\/\/research.reading.ac.uk\/spectroelectrochemistry\/wp-content\/uploads\/sites\/66\/Unorganized\/google-earth.jpg\" \/>\n\t<meta property=\"og:image:width\" content=\"380\" \/>\n\t<meta property=\"og:image:height\" content=\"360\" \/>\n\t<meta property=\"og:image:type\" content=\"image\/jpeg\" \/>\n<meta name=\"twitter:card\" content=\"summary_large_image\" \/>\n<meta name=\"twitter:label1\" content=\"Estimated reading time\" \/>\n\t<meta name=\"twitter:data1\" content=\"2 minutes\" \/>\n<script type=\"application\/ld+json\" class=\"yoast-schema-graph\">{\"@context\":\"https:\/\/schema.org\",\"@graph\":[{\"@type\":\"WebPage\",\"@id\":\"https:\/\/research.reading.ac.uk\/spectroelectrochemistry\/customer-map\/\",\"url\":\"https:\/\/research.reading.ac.uk\/spectroelectrochemistry\/customer-map\/\",\"name\":\"Customer Map &amp; Testimonials - Spectroelectrochemistry\",\"isPartOf\":{\"@id\":\"https:\/\/research.reading.ac.uk\/spectroelectrochemistry\/#website\"},\"datePublished\":\"2018-09-19T15:00:52+00:00\",\"dateModified\":\"2019-04-26T13:18:16+00:00\",\"breadcrumb\":{\"@id\":\"https:\/\/research.reading.ac.uk\/spectroelectrochemistry\/customer-map\/#breadcrumb\"},\"inLanguage\":\"en-GB\",\"potentialAction\":[{\"@type\":\"ReadAction\",\"target\":[\"https:\/\/research.reading.ac.uk\/spectroelectrochemistry\/customer-map\/\"]}]},{\"@type\":\"BreadcrumbList\",\"@id\":\"https:\/\/research.reading.ac.uk\/spectroelectrochemistry\/customer-map\/#breadcrumb\",\"itemListElement\":[{\"@type\":\"ListItem\",\"position\":1,\"name\":\"Home\",\"item\":\"https:\/\/research.reading.ac.uk\/spectroelectrochemistry\/\"},{\"@type\":\"ListItem\",\"position\":2,\"name\":\"Customer Map &amp; Testimonials\"}]},{\"@type\":\"WebSite\",\"@id\":\"https:\/\/research.reading.ac.uk\/spectroelectrochemistry\/#website\",\"url\":\"https:\/\/research.reading.ac.uk\/spectroelectrochemistry\/\",\"name\":\"Spectroelectrochemistry\",\"description\":\"Reliable Optically Transparent Thin-Layer Electrochemical cells for UV-Vis-NIR-IR-FIR, Raman, VCD and 2D-IR spectroelectrochemistry\",\"potentialAction\":[{\"@type\":\"SearchAction\",\"target\":{\"@type\":\"EntryPoint\",\"urlTemplate\":\"https:\/\/research.reading.ac.uk\/spectroelectrochemistry\/?s={search_term_string}\"},\"query-input\":\"required name=search_term_string\"}],\"inLanguage\":\"en-GB\"}]}<\/script>\n<!-- \/ Yoast SEO plugin. -->","yoast_head_json":{"title":"Customer Map &amp; Testimonials - Spectroelectrochemistry","robots":{"index":"index","follow":"follow","max-snippet":"max-snippet:-1","max-image-preview":"max-image-preview:large","max-video-preview":"max-video-preview:-1"},"canonical":"https:\/\/research.reading.ac.uk\/spectroelectrochemistry\/customer-map\/","og_locale":"en_GB","og_type":"article","og_title":"Customer Map &amp; Testimonials - Spectroelectrochemistry","og_description":"Our cells are employed in labs all over the world. Have a look for yourself and view our customer's testimonials!","og_url":"https:\/\/research.reading.ac.uk\/spectroelectrochemistry\/customer-map\/","og_site_name":"Spectroelectrochemistry","article_modified_time":"2019-04-26T13:18:16+00:00","og_image":[{"width":380,"height":360,"url":"https:\/\/research.reading.ac.uk\/spectroelectrochemistry\/wp-content\/uploads\/sites\/66\/Unorganized\/google-earth.jpg","type":"image\/jpeg"}],"twitter_card":"summary_large_image","twitter_misc":{"Estimated reading time":"2 minutes"},"schema":{"@context":"https:\/\/schema.org","@graph":[{"@type":"WebPage","@id":"https:\/\/research.reading.ac.uk\/spectroelectrochemistry\/customer-map\/","url":"https:\/\/research.reading.ac.uk\/spectroelectrochemistry\/customer-map\/","name":"Customer Map &amp; Testimonials - Spectroelectrochemistry","isPartOf":{"@id":"https:\/\/research.reading.ac.uk\/spectroelectrochemistry\/#website"},"datePublished":"2018-09-19T15:00:52+00:00","dateModified":"2019-04-26T13:18:16+00:00","breadcrumb":{"@id":"https:\/\/research.reading.ac.uk\/spectroelectrochemistry\/customer-map\/#breadcrumb"},"inLanguage":"en-GB","potentialAction":[{"@type":"ReadAction","target":["https:\/\/research.reading.ac.uk\/spectroelectrochemistry\/customer-map\/"]}]},{"@type":"BreadcrumbList","@id":"https:\/\/research.reading.ac.uk\/spectroelectrochemistry\/customer-map\/#breadcrumb","itemListElement":[{"@type":"ListItem","position":1,"name":"Home","item":"https:\/\/research.reading.ac.uk\/spectroelectrochemistry\/"},{"@type":"ListItem","position":2,"name":"Customer Map &amp; Testimonials"}]},{"@type":"WebSite","@id":"https:\/\/research.reading.ac.uk\/spectroelectrochemistry\/#website","url":"https:\/\/research.reading.ac.uk\/spectroelectrochemistry\/","name":"Spectroelectrochemistry","description":"Reliable Optically Transparent Thin-Layer Electrochemical cells for UV-Vis-NIR-IR-FIR, Raman, VCD and 2D-IR spectroelectrochemistry","potentialAction":[{"@type":"SearchAction","target":{"@type":"EntryPoint","urlTemplate":"https:\/\/research.reading.ac.uk\/spectroelectrochemistry\/?s={search_term_string}"},"query-input":"required name=search_term_string"}],"inLanguage":"en-GB"}]}},"_links":{"self":[{"href":"https:\/\/research.reading.ac.uk\/spectroelectrochemistry\/wp-json\/wp\/v2\/pages\/223","targetHints":{"allow":["GET"]}}],"collection":[{"href":"https:\/\/research.reading.ac.uk\/spectroelectrochemistry\/wp-json\/wp\/v2\/pages"}],"about":[{"href":"https:\/\/research.reading.ac.uk\/spectroelectrochemistry\/wp-json\/wp\/v2\/types\/page"}],"author":[{"embeddable":true,"href":"https:\/\/research.reading.ac.uk\/spectroelectrochemistry\/wp-json\/wp\/v2\/users\/125"}],"replies":[{"embeddable":true,"href":"https:\/\/research.reading.ac.uk\/spectroelectrochemistry\/wp-json\/wp\/v2\/comments?post=223"}],"version-history":[{"count":5,"href":"https:\/\/research.reading.ac.uk\/spectroelectrochemistry\/wp-json\/wp\/v2\/pages\/223\/revisions"}],"predecessor-version":[{"id":343,"href":"https:\/\/research.reading.ac.uk\/spectroelectrochemistry\/wp-json\/wp\/v2\/pages\/223\/revisions\/343"}],"wp:featuredmedia":[{"embeddable":true,"href":"https:\/\/research.reading.ac.uk\/spectroelectrochemistry\/wp-json\/wp\/v2\/media\/362"}],"wp:attachment":[{"href":"https:\/\/research.reading.ac.uk\/spectroelectrochemistry\/wp-json\/wp\/v2\/media?parent=223"}],"curies":[{"name":"wp","href":"https:\/\/api.w.org\/{rel}","templated":true}]}}