{"id":247,"date":"2023-11-22T21:37:42","date_gmt":"2023-11-22T21:37:42","guid":{"rendered":"https:\/\/research.reading.ac.uk\/tamsat\/?page_id=247"},"modified":"2024-09-16T10:08:59","modified_gmt":"2024-09-16T09:08:59","slug":"capacity-building","status":"publish","type":"page","link":"https:\/\/research.reading.ac.uk\/tamsat\/capacity-building\/","title":{"rendered":"Capacity Building"},"content":{"rendered":"<p>[vc_row][vc_column][vc_column_text]<\/p>\n<h3>TAMSAT&#8217;s long history of capacity building in Africa<\/h3>\n<p>Since its inception in the 1970s, TAMSAT&#8217;s primary aim has been to build capacity in Africa to utilise satellite data. In the past, we worked directly with National Meteorological and Hydrological Services (NMHS) to develop and implement local versions of TAMSAT. Today, our efforts are focused on supporting not only NMHS, but also other sectors where TAMSAT data can add value. In recent years, TAMSAT have held both in-person and virtual training workshops to support a wide range of stakeh, such as the agrometeorological, finance and humanitarian disaster response sectors.<\/p>\n<p>To see what we&#8217;ve been up to, follow our social media account (see <a href=\"https:\/\/twitter.com\/tamsat_reading\">@TAMSAT_Reading<\/a> on X)!<\/p>\n<hr \/>\n<h3>Training events<\/h3>\n<p>The overall aim of TAMSAT capacity building events is to improve capacity in Africa to use satellite-derived data for climate services. Key to our central aim is the development of a community of practitioners, who are confident in the robust application of such data. As well as focusing on technical skills and knowledge, our training events therefore aim to foster a growing community of meteorologists in Africa, enthusiastic about developing new technological solutions for climate services.<\/p>\n<p><em>Currently no training events are scheduled.<\/em><\/p>\n<hr \/>\n<h3>Training materials (\ud83c\uddec\ud83c\udde7 and <b>\ud83c\uddeb\ud83c\uddf7<\/b>)<\/h3>\n<p>\ud83c\uddec\ud83c\udde7\u00a0To support&#8217;s TAMSAT&#8217;s objective\u00a0to\u00a0improve capacity in Africa to use satellite-derived data\u00a0for climate services, we have provided some of our key materials in English and French.<\/p>\n<p><b>\ud83c\uddeb\ud83c\uddf7\u00a0<\/b>Pour soutenir l&#8217;objectif de TAMSAT d&#8217;am\u00e9liorer la capacit\u00e9 en Afrique \u00e0 utiliser les donn\u00e9es d\u00e9riv\u00e9es des satellites pour les services climatiques, nous avons mis \u00e0 disposition certains de nos principaux documents en anglais et en\u00a0fran\u00e7ais.<\/p>\n<ul>\n<li>An overview of TAMSAT (chapter in\u00a0Satellite Precipitation Measurement) <a href=\"https:\/\/gws-access.jasmin.ac.uk\/public\/tamsat\/capacity_building\/workshop_2021-10\/additional_resources\/TAMSAT_chapter_English.pdf\"><strong>ENG<\/strong><\/a> <a href=\"https:\/\/gws-access.jasmin.ac.uk\/public\/tamsat\/capacity_building\/workshop_2021-10\/additional_resources\/TAMSAT_chapter_French.pdf\"><strong>FR<\/strong><\/a><\/li>\n<li>Manuscript<strong>\u00a0<\/strong>on the TAMSAT\u00a0rainfall dataset <strong><a href=\"https:\/\/gws-access.jasmin.ac.uk\/public\/tamsat\/capacity_building\/workshop_2021-10\/additional_resources\/Maidment%20et%20al.%20-%202017%20-%20Data%20Descriptor%20A%20new%20,%20long-term%20daily%20satellite-based%20rainfall%20dataset%20for%20operational%20monitoring%20in%20Africa%20-%20English.pdf\">ENG<\/a> <a href=\"https:\/\/gws-access.jasmin.ac.uk\/public\/tamsat\/capacity_building\/workshop_2021-10\/additional_resources\/Maidment%20et%20al.%20-%202017%20-%20Data%20Descriptor%20A%20new%20,%20long-term%20daily%20satellite-based%20rainfall%20dataset%20for%20operational%20monitoring%20in%20Africa%20-%20French.pdf\">FR<\/a><\/strong><\/li>\n<li>Manuscript on the evaluation of the\u00a0TAMSAT-ALERT platform<b> <a href=\"https:\/\/gws-access.jasmin.ac.uk\/public\/tamsat\/capacity_building\/workshop_2021-10\/additional_resources\/Boult%20et%20al.%202020%20-%20Validation%20of%20TAMSAT-ALERT%20-%20English.pdf\">ENG<\/a> <a href=\"https:\/\/gws-access.jasmin.ac.uk\/public\/tamsat\/capacity_building\/workshop_2021-10\/additional_resources\/Boult%20et%20al.%202020%20-%20Validation%20of%20TAMSAT-ALERT%20-%20French.pdf\">FR<\/a><\/b><\/li>\n<\/ul>\n<hr \/>\n<h3>Python code<\/h3>\n<p>As part of TAMSAT&#8217;s support for users to exploit TAMSAT rainfall estimates, we have developed a range of Python scripts\u00a0(accessible from <a href=\"https:\/\/github.com\/TAMSAT\/capacity_building\">TAMSAT&#8217;s Github page<\/a>)\u00a0which can allows user to accomplish the following:<\/p>\n<ul>\n<li>Produce plots that could be used in a seasonal climate monitoring bulletin<\/li>\n<li>Validate TAMSAT rainfall estimates using the GPCC gridded rain gauge based dataset<\/li>\n<\/ul>\n<p>We will be adding to this list over time. If there is a particular task you&#8217;d like us to provide code for, please get in touch with us\u00a0(tamsat@reading.ac.uk)!<\/p>\n<p>We have also created a Python-based API to allow users to download and extract TAMSAT rainfall estimates. This can be accessed from\u00a0<a href=\"https:\/\/github.com\/TAMSAT\/tamsat_download_extraction_api_beta\">TAMSAT&#8217;s Github page<\/a>. Please note this API\u00a0is still in development, so please check the Github page to ensure you have the latest version. If you have any questions about the\u00a0API, please contact Ross Maidment (r.i.maidment@reading.ac.uk).[\/vc_column_text][\/vc_column][\/vc_row]<\/p>\n","protected":false},"excerpt":{"rendered":"<p>[vc_row][vc_column][vc_column_text] TAMSAT&#8217;s long history of capacity building in Africa Since its inception in the 1970s, TAMSAT&#8217;s primary aim has been to build capacity in Africa to utilise satellite data. In&#8230;<a class=\"read-more\" href=\"&#104;&#116;&#116;&#112;&#115;&#58;&#47;&#47;&#114;&#101;&#115;&#101;&#97;&#114;&#99;&#104;&#46;&#114;&#101;&#97;&#100;&#105;&#110;&#103;&#46;&#97;&#99;&#46;&#117;&#107;&#47;&#116;&#97;&#109;&#115;&#97;&#116;&#47;&#99;&#97;&#112;&#97;&#99;&#105;&#116;&#121;&#45;&#98;&#117;&#105;&#108;&#100;&#105;&#110;&#103;&#47;\">Read More ><\/a><\/p>\n","protected":false},"author":899,"featured_media":0,"parent":0,"menu_order":0,"comment_status":"closed","ping_status":"closed","template":"","meta":{"_acf_changed":false,"_monsterinsights_skip_tracking":false,"_monsterinsights_sitenote_active":false,"_monsterinsights_sitenote_note":"","_monsterinsights_sitenote_category":0,"__cvm_playback_settings":[],"__cvm_video_id":"","footnotes":""},"coauthors":[14],"class_list":["post-247","page","type-page","status-publish","hentry"],"acf":[],"yoast_head":"<!-- This site is optimized with the Yoast SEO plugin v21.8.1 - https:\/\/yoast.com\/wordpress\/plugins\/seo\/ -->\n<title>Capacity Building - TAMSAT<\/title>\n<meta name=\"robots\" content=\"index, follow, max-snippet:-1, max-image-preview:large, max-video-preview:-1\" \/>\n<link rel=\"canonical\" href=\"https:\/\/research.reading.ac.uk\/tamsat\/capacity-building\/\" \/>\n<meta property=\"og:locale\" content=\"en_GB\" \/>\n<meta property=\"og:type\" content=\"article\" \/>\n<meta property=\"og:title\" content=\"Capacity Building - TAMSAT\" \/>\n<meta property=\"og:description\" content=\"[vc_row][vc_column][vc_column_text] TAMSAT&#8217;s long history of capacity building in Africa Since its inception in the 1970s, TAMSAT&#8217;s primary aim has been to build capacity in Africa to utilise satellite data. In...Read More &gt;\" \/>\n<meta property=\"og:url\" content=\"https:\/\/research.reading.ac.uk\/tamsat\/capacity-building\/\" \/>\n<meta property=\"og:site_name\" content=\"TAMSAT\" \/>\n<meta property=\"article:modified_time\" content=\"2024-09-16T09:08:59+00:00\" \/>\n<meta name=\"twitter:card\" content=\"summary_large_image\" \/>\n<meta name=\"twitter:label1\" content=\"Estimated reading time\" \/>\n\t<meta name=\"twitter:data1\" content=\"2 minutes\" \/>\n\t<meta name=\"twitter:label2\" content=\"Written by\" \/>\n\t<meta name=\"twitter:data2\" content=\"Ross Maidment\" \/>\n<script type=\"application\/ld+json\" class=\"yoast-schema-graph\">{\"@context\":\"https:\/\/schema.org\",\"@graph\":[{\"@type\":\"WebPage\",\"@id\":\"https:\/\/research.reading.ac.uk\/tamsat\/capacity-building\/\",\"url\":\"https:\/\/research.reading.ac.uk\/tamsat\/capacity-building\/\",\"name\":\"Capacity Building - TAMSAT\",\"isPartOf\":{\"@id\":\"https:\/\/research.reading.ac.uk\/tamsat\/#website\"},\"datePublished\":\"2023-11-22T21:37:42+00:00\",\"dateModified\":\"2024-09-16T09:08:59+00:00\",\"breadcrumb\":{\"@id\":\"https:\/\/research.reading.ac.uk\/tamsat\/capacity-building\/#breadcrumb\"},\"inLanguage\":\"en-GB\",\"potentialAction\":[{\"@type\":\"ReadAction\",\"target\":[\"https:\/\/research.reading.ac.uk\/tamsat\/capacity-building\/\"]}]},{\"@type\":\"BreadcrumbList\",\"@id\":\"https:\/\/research.reading.ac.uk\/tamsat\/capacity-building\/#breadcrumb\",\"itemListElement\":[{\"@type\":\"ListItem\",\"position\":1,\"name\":\"Home\",\"item\":\"https:\/\/research.reading.ac.uk\/tamsat\/\"},{\"@type\":\"ListItem\",\"position\":2,\"name\":\"Capacity Building\"}]},{\"@type\":\"WebSite\",\"@id\":\"https:\/\/research.reading.ac.uk\/tamsat\/#website\",\"url\":\"https:\/\/research.reading.ac.uk\/tamsat\/\",\"name\":\"TAMSAT\",\"description\":\"Tropical Applications of Meteorology using SATellite and ground-based observations\",\"potentialAction\":[{\"@type\":\"SearchAction\",\"target\":{\"@type\":\"EntryPoint\",\"urlTemplate\":\"https:\/\/research.reading.ac.uk\/tamsat\/?s={search_term_string}\"},\"query-input\":\"required name=search_term_string\"}],\"inLanguage\":\"en-GB\"}]}<\/script>\n<!-- \/ Yoast SEO plugin. -->","yoast_head_json":{"title":"Capacity Building - TAMSAT","robots":{"index":"index","follow":"follow","max-snippet":"max-snippet:-1","max-image-preview":"max-image-preview:large","max-video-preview":"max-video-preview:-1"},"canonical":"https:\/\/research.reading.ac.uk\/tamsat\/capacity-building\/","og_locale":"en_GB","og_type":"article","og_title":"Capacity Building - TAMSAT","og_description":"[vc_row][vc_column][vc_column_text] TAMSAT&#8217;s long history of capacity building in Africa Since its inception in the 1970s, TAMSAT&#8217;s primary aim has been to build capacity in Africa to utilise satellite data. In...Read More >","og_url":"https:\/\/research.reading.ac.uk\/tamsat\/capacity-building\/","og_site_name":"TAMSAT","article_modified_time":"2024-09-16T09:08:59+00:00","twitter_card":"summary_large_image","twitter_misc":{"Estimated reading time":"2 minutes","Written by":"Ross Maidment"},"schema":{"@context":"https:\/\/schema.org","@graph":[{"@type":"WebPage","@id":"https:\/\/research.reading.ac.uk\/tamsat\/capacity-building\/","url":"https:\/\/research.reading.ac.uk\/tamsat\/capacity-building\/","name":"Capacity Building - TAMSAT","isPartOf":{"@id":"https:\/\/research.reading.ac.uk\/tamsat\/#website"},"datePublished":"2023-11-22T21:37:42+00:00","dateModified":"2024-09-16T09:08:59+00:00","breadcrumb":{"@id":"https:\/\/research.reading.ac.uk\/tamsat\/capacity-building\/#breadcrumb"},"inLanguage":"en-GB","potentialAction":[{"@type":"ReadAction","target":["https:\/\/research.reading.ac.uk\/tamsat\/capacity-building\/"]}]},{"@type":"BreadcrumbList","@id":"https:\/\/research.reading.ac.uk\/tamsat\/capacity-building\/#breadcrumb","itemListElement":[{"@type":"ListItem","position":1,"name":"Home","item":"https:\/\/research.reading.ac.uk\/tamsat\/"},{"@type":"ListItem","position":2,"name":"Capacity Building"}]},{"@type":"WebSite","@id":"https:\/\/research.reading.ac.uk\/tamsat\/#website","url":"https:\/\/research.reading.ac.uk\/tamsat\/","name":"TAMSAT","description":"Tropical Applications of Meteorology using SATellite and ground-based observations","potentialAction":[{"@type":"SearchAction","target":{"@type":"EntryPoint","urlTemplate":"https:\/\/research.reading.ac.uk\/tamsat\/?s={search_term_string}"},"query-input":"required name=search_term_string"}],"inLanguage":"en-GB"}]}},"_links":{"self":[{"href":"https:\/\/research.reading.ac.uk\/tamsat\/wp-json\/wp\/v2\/pages\/247","targetHints":{"allow":["GET"]}}],"collection":[{"href":"https:\/\/research.reading.ac.uk\/tamsat\/wp-json\/wp\/v2\/pages"}],"about":[{"href":"https:\/\/research.reading.ac.uk\/tamsat\/wp-json\/wp\/v2\/types\/page"}],"author":[{"embeddable":true,"href":"https:\/\/research.reading.ac.uk\/tamsat\/wp-json\/wp\/v2\/users\/899"}],"replies":[{"embeddable":true,"href":"https:\/\/research.reading.ac.uk\/tamsat\/wp-json\/wp\/v2\/comments?post=247"}],"version-history":[{"count":10,"href":"https:\/\/research.reading.ac.uk\/tamsat\/wp-json\/wp\/v2\/pages\/247\/revisions"}],"predecessor-version":[{"id":878,"href":"https:\/\/research.reading.ac.uk\/tamsat\/wp-json\/wp\/v2\/pages\/247\/revisions\/878"}],"wp:attachment":[{"href":"https:\/\/research.reading.ac.uk\/tamsat\/wp-json\/wp\/v2\/media?parent=247"}],"wp:term":[{"taxonomy":"author","embeddable":true,"href":"https:\/\/research.reading.ac.uk\/tamsat\/wp-json\/wp\/v2\/coauthors?post=247"}],"curies":[{"name":"wp","href":"https:\/\/api.w.org\/{rel}","templated":true}]}}