{"id":97,"date":"2017-11-26T15:38:15","date_gmt":"2017-11-26T15:38:15","guid":{"rendered":"https:\/\/research.reading.ac.uk\/wearables\/?page_id=97"},"modified":"2019-07-25T13:42:33","modified_gmt":"2019-07-25T12:42:33","slug":"smart-home","status":"publish","type":"page","link":"https:\/\/research.reading.ac.uk\/wearables\/research\/smart-home\/","title":{"rendered":"Smart, Healthy Homes and IoT research"},"content":{"rendered":"<p>Currently under construction&#8230;<\/p>\n<p>&nbsp;<\/p>\n<p>Smart Homes:<\/p>\n<p>Hui, T. K. L., Sherratt, R. S. and Diaz Sanchez, D. (2017) <a href=\"http:\/\/www.sciencedirect.com\/science\/article\/pii\/S0167739X16304721\" class=\"broken_link\">Major requirements for building Smart Homes in Smart Cities based on Internet of Things technologies<\/a>. <strong>Future Generation Computer Systems<\/strong>, 76. pp. 358-369. <a href=\"http:\/\/dx.doi.org\/10.1016\/j.future.2016.10.026\">doi: 10.1016\/j.future.2016.10.026<\/a><\/p>\n<p>Chanak, P., Banerjee, I. and Sherratt, R. S. (2015) <a href=\"http:\/\/ieeexplore.ieee.org\/document\/7150572\/\">Simultaneous mobile sink allocation in home environments with applications in mobile consumer robotics<\/a>. <strong>IEEE Transactions on Consumer Electronics<\/strong>, 61 (2). pp. 181-188. <a href=\"http:\/\/dx.doi.org\/10.1109\/TCE.2015.7150572\">doi: 10.1109\/TCE.2015.7150572<\/a><\/p>\n<p>Chanak, P., Banerjee, I., Wang, J. and Sherratt, S. (2014) <a href=\"http:\/\/ieeexplore.ieee.org\/document\/7027292\/\">Obstacle avoidance routing scheme through optimal sink movement for home monitoring and mobile robotic consumer devices<\/a>. <strong>IEEE Transactions on Consumer Electronics<\/strong>, 60 (4). pp. 596-604. <a href=\"http:\/\/dx.doi.org\/10.1109\/TCE.2014.7027292\">doi: 10.1109\/TCE.2014.7027292<\/a><\/p>\n<p>Wang, J., Yin, Y., Zhang, J., Lee, S. and Sherratt, R. S. (2013) <a href=\"http:\/\/ieeexplore.ieee.org\/document\/6490244\/\">Mobility based energy efficient and multi-sink algorithms for consumer home networks<\/a>. <strong>IEEE Transactions on Consumer Electronics<\/strong>, 59 (1). pp. 77-84. <a href=\"http:\/\/dx.doi.org\/10.1109\/TCE.2013.6490244\">doi: 10.1109\/TCE.2013.6490244<\/a><\/p>\n<p>&nbsp;<\/p>\n<p>Healthy Homes:<\/p>\n<p>Dey, N., Ashour, A. S., Shi, F., Fong, S. J. and Sherratt, S. (2017) <a href=\"http:\/\/centaur.reading.ac.uk\/73898\/\">Developing residential wireless sensor networks for ECG healthcare monitoring<\/a>. <strong>IEEE Transactions on Consumer Electronics<\/strong>, 63 (4) (In Press)<\/p>\n<p>Fafoutis, X., Vafeas, A., Janko, B., Sherratt, R. S., Pope, J., Elsts, A., Mellios, E., Hilton, G., Oikonomou, G., Piechocki, R. and Craddock, I. (2017) <a href=\"http:\/\/eudl.eu\/doi\/10.4108\/eai.7-9-2017.153063\">Designing wearable sensing platforms for healthcare in a residential environment<\/a>. <strong>EAI Endorsed Transactions on Pervasive Health and Technology<\/strong>, 3 (12). <a href=\"http:\/\/dx.doi.org\/10.4108\/eai.7-9-2017.153063\">doi: 10.4108\/eai.7-9-2017.153063<\/a><\/p>\n<p>Sherratt, R. S., Janko, B., Hui, T., Harwin, W. and Diaz-Sanchez, D. (2017) <a href=\"http:\/\/ieeexplore.ieee.org\/document\/7889373\/\">Dictionary memory based software architecture for distributed bluetooth low energy host controllers enabling high coverage in consumer residential healthcare environments<\/a>. <strong>In: IEEE International Conference on Consumer Electronics<\/strong>, 8-10 Jan 2017, Las Vegas, USA. <a href=\"http:\/\/dx.doi.org\/10.1109\/ICCE.2017.7889373\">doi: 10.1109\/ICCE.2017.7889373<\/a><\/p>\n<p>Ghamari, A., Janko, B., Sherratt, S., Harwin, W., Piechockic, R. and Soltanpur, C. (2016) <a href=\"http:\/\/www.mdpi.com\/1424-8220\/16\/6\/831\" class=\"broken_link\">A survey on wireless body area networks for eHealthcare systems in residential environments<\/a>. <strong>Sensors<\/strong>, 16 (6). 831. <a href=\"http:\/\/dx.doi.org\/10.3390\/s16060831\" class=\"broken_link\">doi: 10.3390\/s16060831<\/a><\/p>\n<p>Fafoutis, X., Janko, B., Mellios, E., Hilton, G., Sherratt, S., Piechocki, R. and Craddock, I. (2016) <a href=\"https:\/\/link.springer.com\/chapter\/10.1007%2F978-3-319-49655-9_37\">SPW-1: a low-maintenance wearable activity tracker for residential monitoring and healthcare applications<\/a>. <strong>In: EAI International Conference on Wearables in Healthcare<\/strong>, 14-15 June 2016, Budapest, Hungary. <a href=\"http:\/\/dx.doi.org\/10.1007\/978-3-319-49655-9_37\">doi: 10.1007\/978-3-319-49655-9_37<\/a><\/p>\n<p>Wang, J., Zhang, Z., Bin, L., Lee, S. and Sherratt, S. (2014) <a href=\"http:\/\/ieeexplore.ieee.org\/document\/6780921\/\">An enhanced fall detection system for elderly person monitoring using consumer home networks<\/a>. <strong>IEEE Transactions on Consumer Electronics<\/strong>, 60 (1). pp. 20-29. <a href=\"http:\/\/dx.doi.org\/10.1109\/TCE.2014.6780921\">doi: 10.1109\/TCE.2014.6780921<\/a><\/p>\n<p>&nbsp;<\/p>\n<p>IoT:<\/p>\n<p>D\u00edaz-S\u00e1nchez, D., Sherratt, R. S., Almenarez, F., Arias, P. and Mar\u00edn, A. (2017) <a href=\"http:\/\/ieeexplore.ieee.org\/document\/7838091\/\">Secure store and forward proxy for dynamic IoT applications over M2M networks<\/a>. <strong>IEEE Transactions on Consumer Electronics<\/strong>, 62 (4). pp. 389-397. <a href=\"http:\/\/dx.doi.org\/10.1109\/TCE.2016.7838091\">doi: 10.1109\/TCE.2016.7838091<\/a><\/p>\n<p>D\u00edaz-S\u00e1nchez, D., Sherratt, R. S., Arias, P. , Almenares, F. and Mar\u00edn L\u00f3pez, A. M. (2016) <a href=\"http:\/\/ieeexplore.ieee.org\/document\/7430505\/\">Proxy re-encryption schemes for IoT and crowd sensing<\/a>. <strong>In: 2016 IEEE International Conference on Consumer Electronics<\/strong>, 7-11 Jan 2016, Las Vegas, Nevada, USA, pp. 15-16. <a href=\"http:\/\/dx.doi.org\/10.1109\/TCE.2016.7838091\">doi: 10.1109\/TCE.2016.7838091<\/a><\/p>\n<p>D\u00edaz-S\u00e1nchez, D., Sherratt, R. S., Almenares, F., Arias, P. and Mar\u00edn L\u00f3pez, A. (2016) <a href=\"http:\/\/ieeexplore.ieee.org\/document\/7430506\/\">Distributed access control and privacy for the internet of me<\/a>. <strong>In: 2016 IEEE International Conference on Consumer Electronics<\/strong>, 7-11 Jan 2016, Las Vegas, Nevada, USA, pp. 17-18. <a href=\"http:\/\/dx.doi.org\/10.1109\/ICCE.2016.7430506\">doi: 10.1109\/ICCE.2016.7430506<\/a><\/p>\n<p>S\u00e1nchez, D. D., Sherratt, S., Arias, P., Almenarez, F. and Mar\u00edn, A. (2015) <a href=\"http:\/\/ieeexplore.ieee.org\/document\/7177779\/\">Enabling actor model for crowd sensing and IoT<\/a>. <strong>In: 2015 IEEE International Symposium on Consumer Electronics<\/strong>, 24-26 June 2015, Madrid, Spain. <a href=\"http:\/\/dx.doi.org\/10.1109\/ISCE.2015.7177779\">doi: 10.1109\/ISCE.2015.7177779<\/a><\/p>\n<p><span style=\"color: #000000\">\u00a0<\/span><\/p>\n","protected":false},"excerpt":{"rendered":"<p>Currently under construction&#8230; &nbsp; Smart Homes: Hui, T. K. L., Sherratt, R. S. and Diaz Sanchez, D. (2017) Major requirements for building Smart Homes in Smart Cities based on Internet&#8230;<a class=\"read-more\" href=\"&#104;&#116;&#116;&#112;&#115;&#58;&#47;&#47;&#114;&#101;&#115;&#101;&#97;&#114;&#99;&#104;&#46;&#114;&#101;&#97;&#100;&#105;&#110;&#103;&#46;&#97;&#99;&#46;&#117;&#107;&#47;&#119;&#101;&#97;&#114;&#97;&#98;&#108;&#101;&#115;&#47;&#114;&#101;&#115;&#101;&#97;&#114;&#99;&#104;&#47;&#115;&#109;&#97;&#114;&#116;&#45;&#104;&#111;&#109;&#101;&#47;\">Read More ><\/a><\/p>\n","protected":false},"author":32,"featured_media":0,"parent":23,"menu_order":0,"comment_status":"closed","ping_status":"closed","template":"","meta":{"_acf_changed":false,"om_disable_all_campaigns":false,"_monsterinsights_skip_tracking":false,"_monsterinsights_sitenote_active":false,"_monsterinsights_sitenote_note":"","_monsterinsights_sitenote_category":0,"_uf_show_specific_survey":0,"_uf_disable_surveys":false,"__cvm_playback_settings":[],"__cvm_video_id":"","footnotes":"","_links_to":"","_links_to_target":""},"class_list":["post-97","page","type-page","status-publish","hentry"],"acf":[],"aioseo_notices":[],"yoast_head":"<!-- This site is optimized with the Yoast SEO plugin v21.8.1 - https:\/\/yoast.com\/wordpress\/plugins\/seo\/ -->\n<title>Smart, Healthy Homes and IoT research - Wearables<\/title>\n<meta name=\"robots\" content=\"index, follow, max-snippet:-1, max-image-preview:large, max-video-preview:-1\" \/>\n<link rel=\"canonical\" href=\"https:\/\/research.reading.ac.uk\/wearables\/research\/smart-home\/\" \/>\n<meta property=\"og:locale\" content=\"en_GB\" \/>\n<meta property=\"og:type\" content=\"article\" \/>\n<meta property=\"og:title\" content=\"Smart, Healthy Homes and IoT research - Wearables\" \/>\n<meta property=\"og:description\" content=\"Currently under construction&#8230; &nbsp; Smart Homes: Hui, T. K. L., Sherratt, R. S. and Diaz Sanchez, D. (2017) Major requirements for building Smart Homes in Smart Cities based on Internet...Read More &gt;\" \/>\n<meta property=\"og:url\" content=\"https:\/\/research.reading.ac.uk\/wearables\/research\/smart-home\/\" \/>\n<meta property=\"og:site_name\" content=\"Wearables\" \/>\n<meta property=\"article:modified_time\" content=\"2019-07-25T12:42:33+00:00\" \/>\n<meta name=\"twitter:card\" content=\"summary_large_image\" \/>\n<meta name=\"twitter:label1\" content=\"Estimated reading time\" \/>\n\t<meta name=\"twitter:data1\" content=\"3 minutes\" \/>\n<script type=\"application\/ld+json\" class=\"yoast-schema-graph\">{\"@context\":\"https:\/\/schema.org\",\"@graph\":[{\"@type\":\"WebPage\",\"@id\":\"https:\/\/research.reading.ac.uk\/wearables\/research\/smart-home\/\",\"url\":\"https:\/\/research.reading.ac.uk\/wearables\/research\/smart-home\/\",\"name\":\"Smart, Healthy Homes and IoT research - Wearables\",\"isPartOf\":{\"@id\":\"https:\/\/research.reading.ac.uk\/wearables\/#website\"},\"datePublished\":\"2017-11-26T15:38:15+00:00\",\"dateModified\":\"2019-07-25T12:42:33+00:00\",\"breadcrumb\":{\"@id\":\"https:\/\/research.reading.ac.uk\/wearables\/research\/smart-home\/#breadcrumb\"},\"inLanguage\":\"en-GB\",\"potentialAction\":[{\"@type\":\"ReadAction\",\"target\":[\"https:\/\/research.reading.ac.uk\/wearables\/research\/smart-home\/\"]}]},{\"@type\":\"BreadcrumbList\",\"@id\":\"https:\/\/research.reading.ac.uk\/wearables\/research\/smart-home\/#breadcrumb\",\"itemListElement\":[{\"@type\":\"ListItem\",\"position\":1,\"name\":\"Home\",\"item\":\"https:\/\/research.reading.ac.uk\/wearables\/\"},{\"@type\":\"ListItem\",\"position\":2,\"name\":\"Research\",\"item\":\"https:\/\/research.reading.ac.uk\/wearables\/research\/\"},{\"@type\":\"ListItem\",\"position\":3,\"name\":\"Smart, Healthy Homes and IoT research\"}]},{\"@type\":\"WebSite\",\"@id\":\"https:\/\/research.reading.ac.uk\/wearables\/#website\",\"url\":\"https:\/\/research.reading.ac.uk\/wearables\/\",\"name\":\"Wearables\",\"description\":\"Creating the next generation of Wearable devices\",\"potentialAction\":[{\"@type\":\"SearchAction\",\"target\":{\"@type\":\"EntryPoint\",\"urlTemplate\":\"https:\/\/research.reading.ac.uk\/wearables\/?s={search_term_string}\"},\"query-input\":\"required name=search_term_string\"}],\"inLanguage\":\"en-GB\"}]}<\/script>\n<!-- \/ Yoast SEO plugin. -->","yoast_head_json":{"title":"Smart, Healthy Homes and IoT research - Wearables","robots":{"index":"index","follow":"follow","max-snippet":"max-snippet:-1","max-image-preview":"max-image-preview:large","max-video-preview":"max-video-preview:-1"},"canonical":"https:\/\/research.reading.ac.uk\/wearables\/research\/smart-home\/","og_locale":"en_GB","og_type":"article","og_title":"Smart, Healthy Homes and IoT research - Wearables","og_description":"Currently under construction&#8230; &nbsp; Smart Homes: Hui, T. K. L., Sherratt, R. S. and Diaz Sanchez, D. (2017) Major requirements for building Smart Homes in Smart Cities based on Internet...Read More >","og_url":"https:\/\/research.reading.ac.uk\/wearables\/research\/smart-home\/","og_site_name":"Wearables","article_modified_time":"2019-07-25T12:42:33+00:00","twitter_card":"summary_large_image","twitter_misc":{"Estimated reading time":"3 minutes"},"schema":{"@context":"https:\/\/schema.org","@graph":[{"@type":"WebPage","@id":"https:\/\/research.reading.ac.uk\/wearables\/research\/smart-home\/","url":"https:\/\/research.reading.ac.uk\/wearables\/research\/smart-home\/","name":"Smart, Healthy Homes and IoT research - Wearables","isPartOf":{"@id":"https:\/\/research.reading.ac.uk\/wearables\/#website"},"datePublished":"2017-11-26T15:38:15+00:00","dateModified":"2019-07-25T12:42:33+00:00","breadcrumb":{"@id":"https:\/\/research.reading.ac.uk\/wearables\/research\/smart-home\/#breadcrumb"},"inLanguage":"en-GB","potentialAction":[{"@type":"ReadAction","target":["https:\/\/research.reading.ac.uk\/wearables\/research\/smart-home\/"]}]},{"@type":"BreadcrumbList","@id":"https:\/\/research.reading.ac.uk\/wearables\/research\/smart-home\/#breadcrumb","itemListElement":[{"@type":"ListItem","position":1,"name":"Home","item":"https:\/\/research.reading.ac.uk\/wearables\/"},{"@type":"ListItem","position":2,"name":"Research","item":"https:\/\/research.reading.ac.uk\/wearables\/research\/"},{"@type":"ListItem","position":3,"name":"Smart, Healthy Homes and IoT research"}]},{"@type":"WebSite","@id":"https:\/\/research.reading.ac.uk\/wearables\/#website","url":"https:\/\/research.reading.ac.uk\/wearables\/","name":"Wearables","description":"Creating the next generation of Wearable devices","potentialAction":[{"@type":"SearchAction","target":{"@type":"EntryPoint","urlTemplate":"https:\/\/research.reading.ac.uk\/wearables\/?s={search_term_string}"},"query-input":"required name=search_term_string"}],"inLanguage":"en-GB"}]}},"_links":{"self":[{"href":"https:\/\/research.reading.ac.uk\/wearables\/wp-json\/wp\/v2\/pages\/97","targetHints":{"allow":["GET"]}}],"collection":[{"href":"https:\/\/research.reading.ac.uk\/wearables\/wp-json\/wp\/v2\/pages"}],"about":[{"href":"https:\/\/research.reading.ac.uk\/wearables\/wp-json\/wp\/v2\/types\/page"}],"author":[{"embeddable":true,"href":"https:\/\/research.reading.ac.uk\/wearables\/wp-json\/wp\/v2\/users\/32"}],"replies":[{"embeddable":true,"href":"https:\/\/research.reading.ac.uk\/wearables\/wp-json\/wp\/v2\/comments?post=97"}],"version-history":[{"count":30,"href":"https:\/\/research.reading.ac.uk\/wearables\/wp-json\/wp\/v2\/pages\/97\/revisions"}],"predecessor-version":[{"id":198,"href":"https:\/\/research.reading.ac.uk\/wearables\/wp-json\/wp\/v2\/pages\/97\/revisions\/198"}],"up":[{"embeddable":true,"href":"https:\/\/research.reading.ac.uk\/wearables\/wp-json\/wp\/v2\/pages\/23"}],"wp:attachment":[{"href":"https:\/\/research.reading.ac.uk\/wearables\/wp-json\/wp\/v2\/media?parent=97"}],"curies":[{"name":"wp","href":"https:\/\/api.w.org\/{rel}","templated":true}]}}